{"id":2011,"date":"2023-04-28T09:18:09","date_gmt":"2023-04-28T07:18:09","guid":{"rendered":"https:\/\/multisite.mindd.dev\/hap-maastricht\/?page_id=2011"},"modified":"2025-07-10T09:57:12","modified_gmt":"2025-07-10T07:57:12","slug":"procedure","status":"publish","type":"page","link":"https:\/\/hapmaastricht.nl\/da\/procedure\/","title":{"rendered":"Procedure"},"content":{"rendered":"\n\n\n<h2 class=\"wp-block-heading\"><strong>Find f\u00f8rst ud af, om du skal g\u00e5 til l\u00e6gen med det samme med din klage<\/strong><\/h2>\n\n\n\n<p>Det er vigtigt, at du kun ringer til os, hvis din klage haster. For at finde ud af det, anbefaler vi, at du udfylder sp\u00f8rgeskemaet &#8220;Skal jeg g\u00e5 til l\u00e6gen&#8221; p\u00e5 <a href=\"\/\">vores hjemmeside<\/a> . Inden for 1 minut kan du selv vurdere, om din klage haster. Det kan v\u00e6re, at din klage ikke haster, og at du r\u00e5des til at ringe til din egen l\u00e6ge i kontortiden. I visse tilf\u00e6lde vil du f\u00e5 r\u00e5d om, hvad du selv kan g\u00f8re for at mindske dine symptomer.<\/p>\n\n\n\n<p><strong>FORSIGTIGHED!<\/strong> N\u00e5r du kontakter Vagtstationen, skal du opbevare din legitimation med dit BSN p\u00e5, dit forsikringskort og en opdateret oversigt over den medicin, du bruger.<\/p>\n\n\n\n<h2 class=\"wp-block-heading\">P\u00e5 telefonen<\/h2>\n\n\n\n<p>Triagisten, en specialuddannet l\u00e6geassistent, vil sp\u00f8rge dig om disse personoplysninger og arten af dine klager. Dette kaldes triage. P\u00e5 baggrund af denne samtale afg\u00f8r triagisten\/triagisterne, om:<\/p>\n\n\n\n<ul class=\"wp-block-list\">\n<li>du f\u00e5r r\u00e5dgivning om egenomsorg,<\/li>\n\n\n\n<li>du har en konsultation over telefonen,<\/li>\n\n\n\n<li>du skal&nbsp;komme til den praktiserende l\u00e6ges skadestation for at f\u00e5 en aftale,<\/li>\n\n\n\n<li>en praktiserende l\u00e6ge kommer hjem til dig,<\/li>\n\n\n\n<li>Du vil blive henvist til en anden akutl\u00e6ge, f.eks. en tandl\u00e6ge eller en specialist p\u00e5 hospitalet.<\/li>\n<\/ul>\n\n\n\n<p>Det er muligt, at du f\u00f8rst f\u00e5r en sygeplejerske p\u00e5 telefonen. Denne medarbejder foretager en hurtig vurdering af alvoren af din plejeanmodning. Hvis du har brug for hj\u00e6lp hurtigt, vil du straks blive ringet op af en triagist. Hvis hj\u00e6lpen ikke er n\u00f8dvendig med det samme, vil du blive ringet op p\u00e5 et senere tidspunkt. P\u00e5 denne m\u00e5de forbliver den praktiserende l\u00e6ges akutpost let tilg\u00e6ngelig, og alle patienter har hurtig kontakt med en plejeudbyder.<\/p>\n\n\n\n<h2 class=\"wp-block-heading\">Telefonisk konsultation<\/h2>\n\n\n\n<p>I nogle tilf\u00e6lde kan vi yde fjernpleje med indgriben fra en praktiserende l\u00e6ge. Dette foreg\u00e5r telefonisk. Digitalisering af pleje g\u00f8r dette muligt. T\u00e6nk p\u00e5 patienten, der videresender et billede, vurderer det af den praktiserende l\u00e6ge og derefter f\u00e5r behandlingsr\u00e5dgivning. Det er ogs\u00e5 muligt, at du har kontakt via videoopkald. Der beh\u00f8ver ikke altid at v\u00e6re fysisk kontakt med den praktiserende l\u00e6ge. Der opkr\u00e6ves samme <a href=\"\/tarieven\">takst<\/a> for denne &#8216;fjernkonsultation&#8217; som for en konsultation p\u00e5 den praktiserende l\u00e6ges alarmstation.<\/p>\n\n\n\n<h2 class=\"wp-block-heading\">Konsultation p\u00e5 den praktiserende l\u00e6ges akutstation<\/h2>\n\n\n\n<p>Hvis du har en aftale om at komme til den praktiserende l\u00e6ges alarmstation, beder vi dig&nbsp;om at v\u00e6re til stede p\u00e5 det aftalte tidspunkt. Du vil blive hjulpet i et behandlingsrum eller i et konsultationsrum. Dette afh\u00e6nger af, hvilken type anmodning om hj\u00e6lp du har. Begge kamre har separate h\u00f8ringstider. Det kan v\u00e6re, at en patient, der kom ind senere, bliver behandlet tidligere, og du skal vente.<\/p>\n\n\n\n<p>Den vagthavende l\u00e6ge unders\u00f8ger dig og r\u00e5dgiver dig og\/eller behandler og\/eller henviser dig til yderligere unders\u00f8gelse. I dette tilf\u00e6lde vil du blive bedt om at afvente resultaterne af unders\u00f8gelserne. Baseret p\u00e5 resultaterne vil l\u00e6gen afg\u00f8re, hvilke yderligere behandlinger der er n\u00f8dvendige.<\/p>\n\n\n\n<p>Hvis der er ordineret medicin, kan du afhente den p\u00e5 vagtapoteket (se ogs\u00e5 under <a href=\"\/apotheken\/apotheek-maastricht-umc\/\">Apotek<\/a>).<\/p>\n\n\n\n<h2 class=\"wp-block-heading\">Den praktiserende l\u00e6ge kommer hjem til dig p\u00e5 bes\u00f8g<\/h2>\n\n\n\n<p>For at informere den praktiserende l\u00e6ge s\u00e5 godt som muligt under et bes\u00f8g, er det vigtigt, at der er et opdateret overblik over din medicin klar.<\/p>\n\n\n\n<h2 class=\"wp-block-heading\">Efter din kontakt med GP Emergency Station<\/h2>\n\n\n\n<p>En oversigt over kontakten eller bes\u00f8get vil blive sendt til din egen l\u00e6ge. P\u00e5 denne m\u00e5de ved din praktiserende l\u00e6ge pr\u00e6cis, med hvilken anmodning om hj\u00e6lp du har v\u00e6ret i kontakt med den praktiserende l\u00e6ges skadestue, og hvad der er blevet gjort som reaktion p\u00e5 dette. Du kan finde mere information om dette under <a href=\"\/privacy\">privatlivspolitik<\/a>.<\/p>\n","protected":false},"excerpt":{"rendered":"<p>F\u00f8rst skal du finde ud af, om du straks skal g\u00e5 til l\u00e6gen med din klage. Det er vigtigt, at du kun ringer til os, hvis din klage haster. For at finde ud af det anbefaler vi, at du udfylder sp\u00f8rgeskemaet \u201eSkal jeg g\u00e5 til l\u00e6gen\u201c p\u00e5 vores hjemmeside. Inden for 1 minut kan du selv vurdere, om din klage er presserende. Det er muligt, at din klage ikke haster, og at du r\u00e5des til at ringe til din egen l\u00e6ge i kontortiden. I visse tilf\u00e6lde vil du modtage r\u00e5d om, hvad du selv kan g\u00f8re for at reducere dine symptomer.<\/p>\n","protected":false},"author":3,"featured_media":0,"parent":0,"menu_order":187,"comment_status":"closed","ping_status":"closed","template":"","meta":{"_acf_changed":false,"_trash_the_other_posts":false,"editor_notices":[],"footnotes":""},"class_list":["post-2011","page","type-page","status-publish","hentry"],"acf":[],"yoast_head":"<!-- This site is optimized with the Yoast SEO plugin v26.6 - https:\/\/yoast.com\/wordpress\/plugins\/seo\/ -->\n<title>Procedure - Alment praktiserende l\u00e6ges akutpost Maastricht<\/title>\n<meta name=\"robots\" content=\"index, follow, max-snippet:-1, max-image-preview:large, max-video-preview:-1\" \/>\n<link rel=\"canonical\" href=\"https:\/\/hapmaastricht.nl\/da\/proces\/\" \/>\n<meta property=\"og:locale\" content=\"da_DK\" \/>\n<meta property=\"og:type\" content=\"article\" \/>\n<meta property=\"og:title\" content=\"Procedure - Alment praktiserende l\u00e6ges akutpost Maastricht\" \/>\n<meta property=\"og:description\" content=\"F\u00f8rst skal du finde ud af, om du straks skal g\u00e5 til l\u00e6gen med din klage. Det er vigtigt, at du kun ringer til os, hvis din klage haster. For at finde ud af det anbefaler vi, at du udfylder sp\u00f8rgeskemaet \u201eSkal jeg g\u00e5 til l\u00e6gen\u201c p\u00e5 vores hjemmeside. Inden for 1 minut kan du selv vurdere, om din klage er presserende. Det er muligt, at din klage ikke haster, og at du r\u00e5des til at ringe til din egen l\u00e6ge i kontortiden. I visse tilf\u00e6lde vil du modtage r\u00e5d om, hvad du selv kan g\u00f8re for at reducere dine symptomer.\" \/>\n<meta property=\"og:url\" content=\"https:\/\/hapmaastricht.nl\/da\/proces\/\" \/>\n<meta property=\"og:site_name\" content=\"Alment praktiserende l\u00e6ges akutpost Maastricht\" \/>\n<meta property=\"article:modified_time\" content=\"2025-07-10T07:57:12+00:00\" \/>\n<meta name=\"twitter:card\" content=\"summary_large_image\" \/>\n<meta name=\"twitter:label1\" content=\"Estimeret l\u00e6setid\" \/>\n\t<meta name=\"twitter:data1\" content=\"3 minutter\" \/>\n<script type=\"application\/ld+json\" class=\"yoast-schema-graph\">{\"@context\":\"https:\/\/schema.org\",\"@graph\":[{\"@type\":\"WebPage\",\"@id\":\"https:\/\/hapmaastricht.nl\/da\/proces\/\",\"url\":\"https:\/\/hapmaastricht.nl\/da\/proces\/\",\"name\":\"Procedure - Alment praktiserende l\u00e6ges akutpost Maastricht\",\"isPartOf\":{\"@id\":\"https:\/\/hapmaastricht.nl\/da\/#website\"},\"datePublished\":\"2023-04-28T07:18:09+00:00\",\"dateModified\":\"2025-07-10T07:57:12+00:00\",\"breadcrumb\":{\"@id\":\"https:\/\/hapmaastricht.nl\/da\/proces\/#breadcrumb\"},\"inLanguage\":\"da-DK\",\"potentialAction\":[{\"@type\":\"ReadAction\",\"target\":[\"https:\/\/hapmaastricht.nl\/da\/proces\/\"]}]},{\"@type\":\"BreadcrumbList\",\"@id\":\"https:\/\/hapmaastricht.nl\/da\/proces\/#breadcrumb\",\"itemListElement\":[{\"@type\":\"ListItem\",\"position\":1,\"name\":\"Home\",\"item\":\"https:\/\/hapmaastricht.nl\/da\/\"},{\"@type\":\"ListItem\",\"position\":2,\"name\":\"Arbejdsmetode\"}]},{\"@type\":\"WebSite\",\"@id\":\"https:\/\/hapmaastricht.nl\/da\/#website\",\"url\":\"https:\/\/hapmaastricht.nl\/da\/\",\"name\":\"Alment praktiserende l\u00e6ges akutpost Maastricht\",\"description\":\"\",\"potentialAction\":[{\"@type\":\"SearchAction\",\"target\":{\"@type\":\"EntryPoint\",\"urlTemplate\":\"https:\/\/hapmaastricht.nl\/da\/?s={search_term_string}\"},\"query-input\":{\"@type\":\"PropertyValueSpecification\",\"valueRequired\":true,\"valueName\":\"search_term_string\"}}],\"inLanguage\":\"da-DK\"}]}<\/script>\n<!-- \/ Yoast SEO plugin. -->","yoast_head_json":{"title":"Procedure - Alment praktiserende l\u00e6ges akutpost Maastricht","robots":{"index":"index","follow":"follow","max-snippet":"max-snippet:-1","max-image-preview":"max-image-preview:large","max-video-preview":"max-video-preview:-1"},"canonical":"https:\/\/hapmaastricht.nl\/da\/proces\/","og_locale":"da_DK","og_type":"article","og_title":"Procedure - Alment praktiserende l\u00e6ges akutpost Maastricht","og_description":"F\u00f8rst skal du finde ud af, om du straks skal g\u00e5 til l\u00e6gen med din klage. Det er vigtigt, at du kun ringer til os, hvis din klage haster. For at finde ud af det anbefaler vi, at du udfylder sp\u00f8rgeskemaet \u201eSkal jeg g\u00e5 til l\u00e6gen\u201c p\u00e5 vores hjemmeside. Inden for 1 minut kan du selv vurdere, om din klage er presserende. Det er muligt, at din klage ikke haster, og at du r\u00e5des til at ringe til din egen l\u00e6ge i kontortiden. I visse tilf\u00e6lde vil du modtage r\u00e5d om, hvad du selv kan g\u00f8re for at reducere dine symptomer.","og_url":"https:\/\/hapmaastricht.nl\/da\/proces\/","og_site_name":"Alment praktiserende l\u00e6ges akutpost Maastricht","article_modified_time":"2025-07-10T07:57:12+00:00","twitter_card":"summary_large_image","twitter_misc":{"Estimeret l\u00e6setid":"3 minutter"},"schema":{"@context":"https:\/\/schema.org","@graph":[{"@type":"WebPage","@id":"https:\/\/hapmaastricht.nl\/da\/proces\/","url":"https:\/\/hapmaastricht.nl\/da\/proces\/","name":"Procedure - Alment praktiserende l\u00e6ges akutpost Maastricht","isPartOf":{"@id":"https:\/\/hapmaastricht.nl\/da\/#website"},"datePublished":"2023-04-28T07:18:09+00:00","dateModified":"2025-07-10T07:57:12+00:00","breadcrumb":{"@id":"https:\/\/hapmaastricht.nl\/da\/proces\/#breadcrumb"},"inLanguage":"da-DK","potentialAction":[{"@type":"ReadAction","target":["https:\/\/hapmaastricht.nl\/da\/proces\/"]}]},{"@type":"BreadcrumbList","@id":"https:\/\/hapmaastricht.nl\/da\/proces\/#breadcrumb","itemListElement":[{"@type":"ListItem","position":1,"name":"Home","item":"https:\/\/hapmaastricht.nl\/da\/"},{"@type":"ListItem","position":2,"name":"Arbejdsmetode"}]},{"@type":"WebSite","@id":"https:\/\/hapmaastricht.nl\/da\/#website","url":"https:\/\/hapmaastricht.nl\/da\/","name":"Alment praktiserende l\u00e6ges akutpost Maastricht","description":"","potentialAction":[{"@type":"SearchAction","target":{"@type":"EntryPoint","urlTemplate":"https:\/\/hapmaastricht.nl\/da\/?s={search_term_string}"},"query-input":{"@type":"PropertyValueSpecification","valueRequired":true,"valueName":"search_term_string"}}],"inLanguage":"da-DK"}]}},"_links":{"self":[{"href":"https:\/\/hapmaastricht.nl\/da\/wp-json\/wp\/v2\/pages\/2011","targetHints":{"allow":["GET"]}}],"collection":[{"href":"https:\/\/hapmaastricht.nl\/da\/wp-json\/wp\/v2\/pages"}],"about":[{"href":"https:\/\/hapmaastricht.nl\/da\/wp-json\/wp\/v2\/types\/page"}],"author":[{"embeddable":true,"href":"https:\/\/hapmaastricht.nl\/da\/wp-json\/wp\/v2\/users\/3"}],"replies":[{"embeddable":true,"href":"https:\/\/hapmaastricht.nl\/da\/wp-json\/wp\/v2\/comments?post=2011"}],"version-history":[{"count":1,"href":"https:\/\/hapmaastricht.nl\/da\/wp-json\/wp\/v2\/pages\/2011\/revisions"}],"predecessor-version":[{"id":9228,"href":"https:\/\/hapmaastricht.nl\/da\/wp-json\/wp\/v2\/pages\/2011\/revisions\/9228"}],"wp:attachment":[{"href":"https:\/\/hapmaastricht.nl\/da\/wp-json\/wp\/v2\/media?parent=2011"}],"curies":[{"name":"wp","href":"https:\/\/api.w.org\/{rel}","templated":true}]}}