{"id":2029,"date":"2023-04-28T09:42:59","date_gmt":"2023-04-28T07:42:59","guid":{"rendered":"https:\/\/multisite.mindd.dev\/hap-maastricht\/?page_id=2029"},"modified":"2026-02-11T09:58:17","modified_gmt":"2026-02-11T08:58:17","slug":"priser","status":"publish","type":"page","link":"https:\/\/hapmaastricht.nl\/da\/priser\/","title":{"rendered":"Priser"},"content":{"rendered":"\n<p>Almen l\u00e6ge pleje er forsikret gennem basisforsikringen. Omkostninger til l\u00e6gepleje bliver ikke trukket fra din selvrisiko. Det er muligt, at du vil modtage en faktura fra os, fordi vi ikke kan g\u00f8re krav direkte fra dit sundhedsforsikringsselskab. Du skal derefter betale omkostningerne til os og anmode om en refundering fra dit sundhedsforsikringsselskab. Eventuelle yderligere unders\u00f8gelser, som praktiserende l\u00e6ge anmoder om, og ordineret medicin kr\u00e6ves af tredjepart og d\u00e6kkes som regel af selvrisikoen. <\/p>\n\n\n\n<p>I travle perioder arbejder vi sammen med andre akutstationer i Limburgs praktiserende l\u00e6ger. Derfor er det muligt, at du vil modtage en faktura eller en erkl\u00e6ringsoversigt fra en anden Limburg GP Emergency Post. For priserne p\u00e5 dette indl\u00e6g, henvises venligst til hjemmesiden for det p\u00e5g\u00e6ldende indl\u00e6g.<\/p>\n\n\n\n<h2 class=\"wp-block-heading\">Vores priser <\/h2>\n\n\n\n<p><em>Fastsat af den hollandske sundhedsmyndighed i euro:<\/em><\/p>\n\n\n\n<p><\/p>\n\n\n\n<div class=\"wp-block-columns is-layout-flex wp-container-core-columns-is-layout-9d6595d7 wp-block-columns-is-layout-flex\">\n<div class=\"wp-block-column is-layout-flow wp-block-column-is-layout-flow\">\n<h3 class=\"wp-block-heading h4\">Pr. 1. januar 2025<\/h3>\n\n\n\n<p class=\"has-text-align-left\">Konsultation: \u20ac 189,21<\/p>\n\n\n\n<p>Bes\u00f8g: \u20ac 283,82<\/p>\n\n\n\n<p>Triagekonsultation: <br>\u20ac35,00<\/p>\n<\/div>\n\n\n\n<div class=\"wp-block-column is-layout-flow wp-block-column-is-layout-flow\">\n<h3 class=\"wp-block-heading h4\">Pr. 1. november 2025<\/h3>\n\n\n\n<p class=\"has-text-align-left\">Konsultation: \u20ac 172,04<\/p>\n\n\n\n<p>Bes\u00f8g: \u20ac 258,05<\/p>\n\n\n\n<p>Triagekonsultation: <br>\u20ac35,00<\/p>\n<\/div>\n\n\n\n<div class=\"wp-block-column is-layout-flow wp-block-column-is-layout-flow\">\n<h3 class=\"wp-block-heading h4\">Pr. 1. januar 20256<\/h3>\n\n\n\n<p>Konsultation: \u20ac 183,75<\/p>\n\n\n\n<p>Bes\u00f8g: \u20ac 275,62<\/p>\n\n\n\n<p>Triagekonsultation: <br>\u20ac35,00<\/p>\n<\/div>\n<\/div>\n\n\n\n<h2 class=\"wp-block-heading\">Betal via betalingslink<\/h2>\n\n\n\n<p>Hvis vi ikke kan f\u00e5 udbetalt omkostningerne ved dit bes\u00f8g hos GP Emergency Post direkte fra dit forsikringsselskab, sender vi dig en betalingsanmodning via SMS via Sendi. Denne SMS indeholder et link til et betroet betalingsmilj\u00f8. Det g\u00f8r det nemt og sikkert at betale via din mobiltelefon.<\/p>\n\n\n\n<p><\/p>\n\n\n\n<h2 class=\"wp-block-heading\">Undg\u00e5 indsamlingsomkostninger<\/h2>\n\n\n\n<p>Undg\u00e5 inkassoomkostninger og s\u00f8rg for, at du har din korrekte adresse og telefonnummer ved h\u00e5nden, n\u00e5r du kontakter GP Post. Du kan ogs\u00e5 sende os dine korrekte adresseoplysninger via e-mail via&nbsp;<u><span style=\"text-decoration: underline\"><a href=\"mailto:admin@hapmaastricht.nl\">admin@hapmaastricht.nl<\/a><\/span><\/u>. Har du sp\u00f8rgsm\u00e5l om din faktura? Send en mail til&nbsp;<u><a href=\"mailto:admin@hapmaastricht.nl\">admin@hapmaastricht.nl<\/a><\/u>&nbsp;og n\u00e6vn faktura og debitornummer.<\/p>\n\n\n\n<p><strong>Bem\u00e6rk venligst!<\/strong><\/p>\n\n\n\n<p class=\"has-white-color has-vivid-red-background-color has-text-color has-background\">Hvis en patient ikke m\u00f8der op til konsultationen, vil en triagekonsultation blive opkr\u00e6vet.<\/p>\n","protected":false},"excerpt":{"rendered":"<p>Almen pleje er d\u00e6kket af grundforsikringen. Generelle plejeomkostninger b\u00e6res ikke af din egenandel. Det er muligt, at du modtager en faktura fra os, fordi vi ikke kan g\u00f8re krav direkte fra dit sygesikringsselskab. Du skal derefter betale omkostningerne til os og kr\u00e6ve dem tilbage til dit sundhedsforsikringsselskab. Eventuelle yderligere unders\u00f8gelser, som l\u00e6gen anmoder om, og ordineret medicin erkl\u00e6res af tredjepart og er normalt fradragsberettiget. Vores priser fastsat af den hollandske sundhedsmyndighed i euro: januar 2023 Konsultation: \u20ac112.66 Bes\u00f8g: \u20ac168.99 Triagekonsultation: \u20ac35.00 Februar til april 2023 Konsultation: \u20ac138.23 Bes\u00f8g: \u20ac207.35 [&#8230;]<\/p>\n","protected":false},"author":3,"featured_media":0,"parent":0,"menu_order":160,"comment_status":"closed","ping_status":"closed","template":"","meta":{"_acf_changed":false,"_trash_the_other_posts":false,"editor_notices":[],"footnotes":""},"class_list":["post-2029","page","type-page","status-publish","hentry"],"acf":[],"yoast_head":"<!-- This site is optimized with the Yoast SEO plugin v26.6 - https:\/\/yoast.com\/wordpress\/plugins\/seo\/ -->\n<title>Hvad koster et bes\u00f8g p\u00e5 Maastricht General Practitioners Emergency Post?<\/title>\n<meta name=\"description\" content=\"Almen pleje er d\u00e6kket af grundforsikringen. Dette er vores priser, fastsat af den hollandske sundhedsmyndighed.\" \/>\n<meta name=\"robots\" content=\"index, follow, max-snippet:-1, max-image-preview:large, max-video-preview:-1\" \/>\n<link rel=\"canonical\" href=\"https:\/\/hapmaastricht.nl\/da\/takster\/\" \/>\n<meta property=\"og:locale\" content=\"da_DK\" \/>\n<meta property=\"og:type\" content=\"article\" \/>\n<meta property=\"og:title\" content=\"Hvad koster et bes\u00f8g p\u00e5 Maastricht General Practitioners Emergency Post?\" \/>\n<meta property=\"og:description\" content=\"Almen pleje er d\u00e6kket af grundforsikringen. Dette er vores priser, fastsat af den hollandske sundhedsmyndighed.\" \/>\n<meta property=\"og:url\" content=\"https:\/\/hapmaastricht.nl\/da\/takster\/\" \/>\n<meta property=\"og:site_name\" content=\"Alment praktiserende l\u00e6ges akutpost Maastricht\" \/>\n<meta property=\"article:modified_time\" content=\"2026-02-11T08:58:17+00:00\" \/>\n<meta name=\"twitter:card\" content=\"summary_large_image\" \/>\n<meta name=\"twitter:label1\" content=\"Estimeret l\u00e6setid\" \/>\n\t<meta name=\"twitter:data1\" content=\"1 minut\" \/>\n<script type=\"application\/ld+json\" class=\"yoast-schema-graph\">{\"@context\":\"https:\/\/schema.org\",\"@graph\":[{\"@type\":\"WebPage\",\"@id\":\"https:\/\/hapmaastricht.nl\/da\/takster\/\",\"url\":\"https:\/\/hapmaastricht.nl\/da\/takster\/\",\"name\":\"Hvad koster et bes\u00f8g p\u00e5 Maastricht General Practitioners Emergency Post?\",\"isPartOf\":{\"@id\":\"https:\/\/hapmaastricht.nl\/da\/#website\"},\"datePublished\":\"2023-04-28T07:42:59+00:00\",\"dateModified\":\"2026-02-11T08:58:17+00:00\",\"description\":\"Almen pleje er d\u00e6kket af grundforsikringen. Dette er vores priser, fastsat af den hollandske sundhedsmyndighed.\",\"breadcrumb\":{\"@id\":\"https:\/\/hapmaastricht.nl\/da\/takster\/#breadcrumb\"},\"inLanguage\":\"da-DK\",\"potentialAction\":[{\"@type\":\"ReadAction\",\"target\":[\"https:\/\/hapmaastricht.nl\/da\/takster\/\"]}]},{\"@type\":\"BreadcrumbList\",\"@id\":\"https:\/\/hapmaastricht.nl\/da\/takster\/#breadcrumb\",\"itemListElement\":[{\"@type\":\"ListItem\",\"position\":1,\"name\":\"Home\",\"item\":\"https:\/\/hapmaastricht.nl\/da\/\"},{\"@type\":\"ListItem\",\"position\":2,\"name\":\"Priser\"}]},{\"@type\":\"WebSite\",\"@id\":\"https:\/\/hapmaastricht.nl\/da\/#website\",\"url\":\"https:\/\/hapmaastricht.nl\/da\/\",\"name\":\"Alment praktiserende l\u00e6ges akutpost Maastricht\",\"description\":\"\",\"potentialAction\":[{\"@type\":\"SearchAction\",\"target\":{\"@type\":\"EntryPoint\",\"urlTemplate\":\"https:\/\/hapmaastricht.nl\/da\/?s={search_term_string}\"},\"query-input\":{\"@type\":\"PropertyValueSpecification\",\"valueRequired\":true,\"valueName\":\"search_term_string\"}}],\"inLanguage\":\"da-DK\"}]}<\/script>\n<!-- \/ Yoast SEO plugin. -->","yoast_head_json":{"title":"Hvad koster et bes\u00f8g p\u00e5 Maastricht General Practitioners Emergency Post?","description":"Almen pleje er d\u00e6kket af grundforsikringen. Dette er vores priser, fastsat af den hollandske sundhedsmyndighed.","robots":{"index":"index","follow":"follow","max-snippet":"max-snippet:-1","max-image-preview":"max-image-preview:large","max-video-preview":"max-video-preview:-1"},"canonical":"https:\/\/hapmaastricht.nl\/da\/takster\/","og_locale":"da_DK","og_type":"article","og_title":"Hvad koster et bes\u00f8g p\u00e5 Maastricht General Practitioners Emergency Post?","og_description":"Almen pleje er d\u00e6kket af grundforsikringen. Dette er vores priser, fastsat af den hollandske sundhedsmyndighed.","og_url":"https:\/\/hapmaastricht.nl\/da\/takster\/","og_site_name":"Alment praktiserende l\u00e6ges akutpost Maastricht","article_modified_time":"2026-02-11T08:58:17+00:00","twitter_card":"summary_large_image","twitter_misc":{"Estimeret l\u00e6setid":"1 minut"},"schema":{"@context":"https:\/\/schema.org","@graph":[{"@type":"WebPage","@id":"https:\/\/hapmaastricht.nl\/da\/takster\/","url":"https:\/\/hapmaastricht.nl\/da\/takster\/","name":"Hvad koster et bes\u00f8g p\u00e5 Maastricht General Practitioners Emergency Post?","isPartOf":{"@id":"https:\/\/hapmaastricht.nl\/da\/#website"},"datePublished":"2023-04-28T07:42:59+00:00","dateModified":"2026-02-11T08:58:17+00:00","description":"Almen pleje er d\u00e6kket af grundforsikringen. Dette er vores priser, fastsat af den hollandske sundhedsmyndighed.","breadcrumb":{"@id":"https:\/\/hapmaastricht.nl\/da\/takster\/#breadcrumb"},"inLanguage":"da-DK","potentialAction":[{"@type":"ReadAction","target":["https:\/\/hapmaastricht.nl\/da\/takster\/"]}]},{"@type":"BreadcrumbList","@id":"https:\/\/hapmaastricht.nl\/da\/takster\/#breadcrumb","itemListElement":[{"@type":"ListItem","position":1,"name":"Home","item":"https:\/\/hapmaastricht.nl\/da\/"},{"@type":"ListItem","position":2,"name":"Priser"}]},{"@type":"WebSite","@id":"https:\/\/hapmaastricht.nl\/da\/#website","url":"https:\/\/hapmaastricht.nl\/da\/","name":"Alment praktiserende l\u00e6ges akutpost Maastricht","description":"","potentialAction":[{"@type":"SearchAction","target":{"@type":"EntryPoint","urlTemplate":"https:\/\/hapmaastricht.nl\/da\/?s={search_term_string}"},"query-input":{"@type":"PropertyValueSpecification","valueRequired":true,"valueName":"search_term_string"}}],"inLanguage":"da-DK"}]}},"_links":{"self":[{"href":"https:\/\/hapmaastricht.nl\/da\/wp-json\/wp\/v2\/pages\/2029","targetHints":{"allow":["GET"]}}],"collection":[{"href":"https:\/\/hapmaastricht.nl\/da\/wp-json\/wp\/v2\/pages"}],"about":[{"href":"https:\/\/hapmaastricht.nl\/da\/wp-json\/wp\/v2\/types\/page"}],"author":[{"embeddable":true,"href":"https:\/\/hapmaastricht.nl\/da\/wp-json\/wp\/v2\/users\/3"}],"replies":[{"embeddable":true,"href":"https:\/\/hapmaastricht.nl\/da\/wp-json\/wp\/v2\/comments?post=2029"}],"version-history":[{"count":9,"href":"https:\/\/hapmaastricht.nl\/da\/wp-json\/wp\/v2\/pages\/2029\/revisions"}],"predecessor-version":[{"id":9271,"href":"https:\/\/hapmaastricht.nl\/da\/wp-json\/wp\/v2\/pages\/2029\/revisions\/9271"}],"wp:attachment":[{"href":"https:\/\/hapmaastricht.nl\/da\/wp-json\/wp\/v2\/media?parent=2029"}],"curies":[{"name":"wp","href":"https:\/\/api.w.org\/{rel}","templated":true}]}}