{"id":2483,"date":"2023-05-23T14:35:13","date_gmt":"2023-05-23T12:35:13","guid":{"rendered":"https:\/\/multisite.mindd.dev\/hap-maastricht\/?page_id=2483"},"modified":"2025-10-06T09:28:34","modified_gmt":"2025-10-06T07:28:34","slug":"tandlaegens-alarmnummer","status":"publish","type":"page","link":"https:\/\/hapmaastricht.nl\/da\/tandlaegens-alarmnummer\/","title":{"rendered":"Tandl\u00e6gens alarmnummer"},"content":{"rendered":"\n\n\n<p>Tandl\u00e6gens alarmnummer uden for kontortid er <strong>0900 1515<\/strong><\/p>\n\n\n\n<p><\/p>\n","protected":false},"excerpt":{"rendered":"<p>Tandl\u00e6gens n\u00f8dnummer uden for kontortiden er.<\/p>\n","protected":false},"author":3,"featured_media":0,"parent":0,"menu_order":148,"comment_status":"closed","ping_status":"closed","template":"","meta":{"_acf_changed":false,"_trash_the_other_posts":false,"editor_notices":[],"footnotes":""},"class_list":["post-2483","page","type-page","status-publish","hentry"],"acf":[],"yoast_head":"<!-- This site is optimized with the Yoast SEO plugin v26.6 - https:\/\/yoast.com\/wordpress\/plugins\/seo\/ -->\n<title>Tandl\u00e6gens alarmnummer - Alment praktiserende l\u00e6ges akutpost Maastricht<\/title>\n<meta name=\"description\" content=\"Har du presserende brug for en tandl\u00e6ge i Maastricht-omr\u00e5det uden for kontortiden? Find tandl\u00e6gerens alarmnummer her\" \/>\n<meta name=\"robots\" content=\"index, follow, max-snippet:-1, max-image-preview:large, max-video-preview:-1\" \/>\n<link rel=\"canonical\" href=\"https:\/\/hapmaastricht.nl\/da\/tandalarmnummer\/\" \/>\n<meta property=\"og:locale\" content=\"da_DK\" \/>\n<meta property=\"og:type\" content=\"article\" \/>\n<meta property=\"og:title\" content=\"Tandl\u00e6gens alarmnummer - Alment praktiserende l\u00e6ges akutpost Maastricht\" \/>\n<meta property=\"og:description\" content=\"Har du presserende brug for en tandl\u00e6ge i Maastricht-omr\u00e5det uden for kontortiden? Find tandl\u00e6gerens alarmnummer her\" \/>\n<meta property=\"og:url\" content=\"https:\/\/hapmaastricht.nl\/da\/tandalarmnummer\/\" \/>\n<meta property=\"og:site_name\" content=\"Alment praktiserende l\u00e6ges akutpost Maastricht\" \/>\n<meta property=\"article:modified_time\" content=\"2025-10-06T07:28:34+00:00\" \/>\n<meta name=\"twitter:card\" content=\"summary_large_image\" \/>\n<meta name=\"twitter:label1\" content=\"Estimeret l\u00e6setid\" \/>\n\t<meta name=\"twitter:data1\" content=\"1 minut\" \/>\n<script type=\"application\/ld+json\" class=\"yoast-schema-graph\">{\"@context\":\"https:\/\/schema.org\",\"@graph\":[{\"@type\":\"WebPage\",\"@id\":\"https:\/\/hapmaastricht.nl\/da\/tandalarmnummer\/\",\"url\":\"https:\/\/hapmaastricht.nl\/da\/tandalarmnummer\/\",\"name\":\"Tandl\u00e6gens alarmnummer - Alment praktiserende l\u00e6ges akutpost Maastricht\",\"isPartOf\":{\"@id\":\"https:\/\/hapmaastricht.nl\/da\/#website\"},\"datePublished\":\"2023-05-23T12:35:13+00:00\",\"dateModified\":\"2025-10-06T07:28:34+00:00\",\"description\":\"Har du presserende brug for en tandl\u00e6ge i Maastricht-omr\u00e5det uden for kontortiden? Find tandl\u00e6gerens alarmnummer her\",\"breadcrumb\":{\"@id\":\"https:\/\/hapmaastricht.nl\/da\/tandalarmnummer\/#breadcrumb\"},\"inLanguage\":\"da-DK\",\"potentialAction\":[{\"@type\":\"ReadAction\",\"target\":[\"https:\/\/hapmaastricht.nl\/da\/tandalarmnummer\/\"]}]},{\"@type\":\"BreadcrumbList\",\"@id\":\"https:\/\/hapmaastricht.nl\/da\/tandalarmnummer\/#breadcrumb\",\"itemListElement\":[{\"@type\":\"ListItem\",\"position\":1,\"name\":\"Home\",\"item\":\"https:\/\/hapmaastricht.nl\/da\/\"},{\"@type\":\"ListItem\",\"position\":2,\"name\":\"Tandl\u00e6gens n\u00f8dnummer\"}]},{\"@type\":\"WebSite\",\"@id\":\"https:\/\/hapmaastricht.nl\/da\/#website\",\"url\":\"https:\/\/hapmaastricht.nl\/da\/\",\"name\":\"Alment praktiserende l\u00e6ges akutpost Maastricht\",\"description\":\"\",\"potentialAction\":[{\"@type\":\"SearchAction\",\"target\":{\"@type\":\"EntryPoint\",\"urlTemplate\":\"https:\/\/hapmaastricht.nl\/da\/?s={search_term_string}\"},\"query-input\":{\"@type\":\"PropertyValueSpecification\",\"valueRequired\":true,\"valueName\":\"search_term_string\"}}],\"inLanguage\":\"da-DK\"}]}<\/script>\n<!-- \/ Yoast SEO plugin. -->","yoast_head_json":{"title":"Tandl\u00e6gens alarmnummer - Alment praktiserende l\u00e6ges akutpost Maastricht","description":"Har du presserende brug for en tandl\u00e6ge i Maastricht-omr\u00e5det uden for kontortiden? Find tandl\u00e6gerens alarmnummer her","robots":{"index":"index","follow":"follow","max-snippet":"max-snippet:-1","max-image-preview":"max-image-preview:large","max-video-preview":"max-video-preview:-1"},"canonical":"https:\/\/hapmaastricht.nl\/da\/tandalarmnummer\/","og_locale":"da_DK","og_type":"article","og_title":"Tandl\u00e6gens alarmnummer - Alment praktiserende l\u00e6ges akutpost Maastricht","og_description":"Har du presserende brug for en tandl\u00e6ge i Maastricht-omr\u00e5det uden for kontortiden? Find tandl\u00e6gerens alarmnummer her","og_url":"https:\/\/hapmaastricht.nl\/da\/tandalarmnummer\/","og_site_name":"Alment praktiserende l\u00e6ges akutpost Maastricht","article_modified_time":"2025-10-06T07:28:34+00:00","twitter_card":"summary_large_image","twitter_misc":{"Estimeret l\u00e6setid":"1 minut"},"schema":{"@context":"https:\/\/schema.org","@graph":[{"@type":"WebPage","@id":"https:\/\/hapmaastricht.nl\/da\/tandalarmnummer\/","url":"https:\/\/hapmaastricht.nl\/da\/tandalarmnummer\/","name":"Tandl\u00e6gens alarmnummer - Alment praktiserende l\u00e6ges akutpost Maastricht","isPartOf":{"@id":"https:\/\/hapmaastricht.nl\/da\/#website"},"datePublished":"2023-05-23T12:35:13+00:00","dateModified":"2025-10-06T07:28:34+00:00","description":"Har du presserende brug for en tandl\u00e6ge i Maastricht-omr\u00e5det uden for kontortiden? Find tandl\u00e6gerens alarmnummer her","breadcrumb":{"@id":"https:\/\/hapmaastricht.nl\/da\/tandalarmnummer\/#breadcrumb"},"inLanguage":"da-DK","potentialAction":[{"@type":"ReadAction","target":["https:\/\/hapmaastricht.nl\/da\/tandalarmnummer\/"]}]},{"@type":"BreadcrumbList","@id":"https:\/\/hapmaastricht.nl\/da\/tandalarmnummer\/#breadcrumb","itemListElement":[{"@type":"ListItem","position":1,"name":"Home","item":"https:\/\/hapmaastricht.nl\/da\/"},{"@type":"ListItem","position":2,"name":"Tandl\u00e6gens n\u00f8dnummer"}]},{"@type":"WebSite","@id":"https:\/\/hapmaastricht.nl\/da\/#website","url":"https:\/\/hapmaastricht.nl\/da\/","name":"Alment praktiserende l\u00e6ges akutpost Maastricht","description":"","potentialAction":[{"@type":"SearchAction","target":{"@type":"EntryPoint","urlTemplate":"https:\/\/hapmaastricht.nl\/da\/?s={search_term_string}"},"query-input":{"@type":"PropertyValueSpecification","valueRequired":true,"valueName":"search_term_string"}}],"inLanguage":"da-DK"}]}},"_links":{"self":[{"href":"https:\/\/hapmaastricht.nl\/da\/wp-json\/wp\/v2\/pages\/2483","targetHints":{"allow":["GET"]}}],"collection":[{"href":"https:\/\/hapmaastricht.nl\/da\/wp-json\/wp\/v2\/pages"}],"about":[{"href":"https:\/\/hapmaastricht.nl\/da\/wp-json\/wp\/v2\/types\/page"}],"author":[{"embeddable":true,"href":"https:\/\/hapmaastricht.nl\/da\/wp-json\/wp\/v2\/users\/3"}],"replies":[{"embeddable":true,"href":"https:\/\/hapmaastricht.nl\/da\/wp-json\/wp\/v2\/comments?post=2483"}],"version-history":[{"count":3,"href":"https:\/\/hapmaastricht.nl\/da\/wp-json\/wp\/v2\/pages\/2483\/revisions"}],"predecessor-version":[{"id":9257,"href":"https:\/\/hapmaastricht.nl\/da\/wp-json\/wp\/v2\/pages\/2483\/revisions\/9257"}],"wp:attachment":[{"href":"https:\/\/hapmaastricht.nl\/da\/wp-json\/wp\/v2\/media?parent=2483"}],"curies":[{"name":"wp","href":"https:\/\/api.w.org\/{rel}","templated":true}]}}