{"id":2494,"date":"2023-05-23T14:46:33","date_gmt":"2023-05-23T12:46:33","guid":{"rendered":"https:\/\/multisite.mindd.dev\/hap-maastricht\/?page_id=2494"},"modified":"2025-07-10T09:54:07","modified_gmt":"2025-07-10T07:54:07","slug":"samarbejde-envida","status":"publish","type":"page","link":"https:\/\/hapmaastricht.nl\/da\/samarbejde-envida\/","title":{"rendered":"Samarbejde med Envida"},"content":{"rendered":"\n\n\n<p>Fra begyndelsen af juni 2019 har medarbejdere hos Envida Wijkzorg, der er ansvarlig for akut natpleje for \u00e6ldre, v\u00e6ret udstationeret p\u00e5 vores l\u00e6geskadestue. Ved at samle begge plejeudbyderes tjenester under \u00e9t tag om natten er hurtig koordinering mulig, og mere s\u00e5rbare \u00e6ldre vil modtage den rigtige pleje p\u00e5 det rigtige sted.<\/p>\n\n\n\n<p>Callcentret for General Practitioners Emergency Post modtager anmodninger om hj\u00e6lp til begge plejeudbydere. Om n\u00f8dvendigt r\u00e5df\u00f8rer medarbejdere i Envida og den praktiserende l\u00e6ges alarmstation sig med hinanden om tilgangen og h\u00e5ndteringen af anmodningen om hj\u00e6lp. Denne metode sikrer en mere effektiv plejetilgang, forhindrer un\u00f8dvendig indl\u00e6ggelse p\u00e5 hospitalet og muligg\u00f8r udveksling af viden og f\u00e6rdigheder mellem begge parter. Hvis situationen kr\u00e6ver det, kan hj\u00e6lpen skaleres op, og patienten kan henvises til hospitalet.<\/p>\n","protected":false},"excerpt":{"rendered":"<p>Fra begyndelsen af juni 2019 har medarbejdere i Envida Wijkzorg, der er ansvarlig for akut natpleje af \u00e6ldre, v\u00e6ret stationeret p\u00e5 vores almene akutpost. Ved at samle begge plejeudbyderes tjenester under \u00e9t tag i l\u00f8bet af natten er hurtig og gensidig koordinering mulig, og mere s\u00e5rbare \u00e6ldre f\u00e5r den rette pleje p\u00e5 det rigtige sted. Callcentret for General Practice Emergency Post modtager anmodninger om hj\u00e6lp til begge sundhedsudbydere. Hvis det er n\u00f8dvendigt, vil medarbejdere i Envida og General Practice Emergency Post r\u00e5df\u00f8re sig med hinanden om tilgang og h\u00e5ndtering af anmodningen om hj\u00e6lp. Denne metode sikrer en mere effektiv plejetilgang, forhindrer un\u00f8dvendig inklusion i [&#8230;]<\/p>\n","protected":false},"author":3,"featured_media":0,"parent":0,"menu_order":129,"comment_status":"closed","ping_status":"closed","template":"","meta":{"_acf_changed":false,"_trash_the_other_posts":false,"editor_notices":[],"footnotes":""},"class_list":["post-2494","page","type-page","status-publish","hentry"],"acf":[],"yoast_head":"<!-- This site is optimized with the Yoast SEO plugin v26.6 - https:\/\/yoast.com\/wordpress\/plugins\/seo\/ -->\n<title>Samarbejde med Envida - Alment praktiserende l\u00e6ges akutpost Maastricht<\/title>\n<meta name=\"robots\" content=\"index, follow, max-snippet:-1, max-image-preview:large, max-video-preview:-1\" \/>\n<link rel=\"canonical\" href=\"https:\/\/hapmaastricht.nl\/da\/samarbejde-send\/\" \/>\n<meta property=\"og:locale\" content=\"da_DK\" \/>\n<meta property=\"og:type\" content=\"article\" \/>\n<meta property=\"og:title\" content=\"Samarbejde med Envida - Alment praktiserende l\u00e6ges akutpost Maastricht\" \/>\n<meta property=\"og:description\" content=\"Fra begyndelsen af juni 2019 har medarbejdere i Envida Wijkzorg, der er ansvarlig for akut natpleje af \u00e6ldre, v\u00e6ret stationeret p\u00e5 vores almene akutpost. Ved at samle begge plejeudbyderes tjenester under \u00e9t tag i l\u00f8bet af natten er hurtig og gensidig koordinering mulig, og mere s\u00e5rbare \u00e6ldre f\u00e5r den rette pleje p\u00e5 det rigtige sted. Callcentret for General Practice Emergency Post modtager anmodninger om hj\u00e6lp til begge sundhedsudbydere. Hvis det er n\u00f8dvendigt, vil medarbejdere i Envida og General Practice Emergency Post r\u00e5df\u00f8re sig med hinanden om tilgang og h\u00e5ndtering af anmodningen om hj\u00e6lp. Denne metode sikrer en mere effektiv plejetilgang, forhindrer un\u00f8dvendig inklusion i [...]\" \/>\n<meta property=\"og:url\" content=\"https:\/\/hapmaastricht.nl\/da\/samarbejde-send\/\" \/>\n<meta property=\"og:site_name\" content=\"Alment praktiserende l\u00e6ges akutpost Maastricht\" \/>\n<meta property=\"article:modified_time\" content=\"2025-07-10T07:54:07+00:00\" \/>\n<meta name=\"twitter:card\" content=\"summary_large_image\" \/>\n<meta name=\"twitter:label1\" content=\"Estimeret l\u00e6setid\" \/>\n\t<meta name=\"twitter:data1\" content=\"1 minut\" \/>\n<script type=\"application\/ld+json\" class=\"yoast-schema-graph\">{\"@context\":\"https:\/\/schema.org\",\"@graph\":[{\"@type\":\"WebPage\",\"@id\":\"https:\/\/hapmaastricht.nl\/da\/samarbejde-send\/\",\"url\":\"https:\/\/hapmaastricht.nl\/da\/samarbejde-send\/\",\"name\":\"Samarbejde med Envida - Alment praktiserende l\u00e6ges akutpost Maastricht\",\"isPartOf\":{\"@id\":\"https:\/\/hapmaastricht.nl\/da\/#website\"},\"datePublished\":\"2023-05-23T12:46:33+00:00\",\"dateModified\":\"2025-07-10T07:54:07+00:00\",\"breadcrumb\":{\"@id\":\"https:\/\/hapmaastricht.nl\/da\/samarbejde-send\/#breadcrumb\"},\"inLanguage\":\"da-DK\",\"potentialAction\":[{\"@type\":\"ReadAction\",\"target\":[\"https:\/\/hapmaastricht.nl\/da\/samarbejde-send\/\"]}]},{\"@type\":\"BreadcrumbList\",\"@id\":\"https:\/\/hapmaastricht.nl\/da\/samarbejde-send\/#breadcrumb\",\"itemListElement\":[{\"@type\":\"ListItem\",\"position\":1,\"name\":\"Home\",\"item\":\"https:\/\/hapmaastricht.nl\/da\/\"},{\"@type\":\"ListItem\",\"position\":2,\"name\":\"Envida Samarbejde\"}]},{\"@type\":\"WebSite\",\"@id\":\"https:\/\/hapmaastricht.nl\/da\/#website\",\"url\":\"https:\/\/hapmaastricht.nl\/da\/\",\"name\":\"Alment praktiserende l\u00e6ges akutpost Maastricht\",\"description\":\"\",\"potentialAction\":[{\"@type\":\"SearchAction\",\"target\":{\"@type\":\"EntryPoint\",\"urlTemplate\":\"https:\/\/hapmaastricht.nl\/da\/?s={search_term_string}\"},\"query-input\":{\"@type\":\"PropertyValueSpecification\",\"valueRequired\":true,\"valueName\":\"search_term_string\"}}],\"inLanguage\":\"da-DK\"}]}<\/script>\n<!-- \/ Yoast SEO plugin. -->","yoast_head_json":{"title":"Samarbejde med Envida - Alment praktiserende l\u00e6ges akutpost Maastricht","robots":{"index":"index","follow":"follow","max-snippet":"max-snippet:-1","max-image-preview":"max-image-preview:large","max-video-preview":"max-video-preview:-1"},"canonical":"https:\/\/hapmaastricht.nl\/da\/samarbejde-send\/","og_locale":"da_DK","og_type":"article","og_title":"Samarbejde med Envida - Alment praktiserende l\u00e6ges akutpost Maastricht","og_description":"Fra begyndelsen af juni 2019 har medarbejdere i Envida Wijkzorg, der er ansvarlig for akut natpleje af \u00e6ldre, v\u00e6ret stationeret p\u00e5 vores almene akutpost. Ved at samle begge plejeudbyderes tjenester under \u00e9t tag i l\u00f8bet af natten er hurtig og gensidig koordinering mulig, og mere s\u00e5rbare \u00e6ldre f\u00e5r den rette pleje p\u00e5 det rigtige sted. Callcentret for General Practice Emergency Post modtager anmodninger om hj\u00e6lp til begge sundhedsudbydere. Hvis det er n\u00f8dvendigt, vil medarbejdere i Envida og General Practice Emergency Post r\u00e5df\u00f8re sig med hinanden om tilgang og h\u00e5ndtering af anmodningen om hj\u00e6lp. Denne metode sikrer en mere effektiv plejetilgang, forhindrer un\u00f8dvendig inklusion i [...]","og_url":"https:\/\/hapmaastricht.nl\/da\/samarbejde-send\/","og_site_name":"Alment praktiserende l\u00e6ges akutpost Maastricht","article_modified_time":"2025-07-10T07:54:07+00:00","twitter_card":"summary_large_image","twitter_misc":{"Estimeret l\u00e6setid":"1 minut"},"schema":{"@context":"https:\/\/schema.org","@graph":[{"@type":"WebPage","@id":"https:\/\/hapmaastricht.nl\/da\/samarbejde-send\/","url":"https:\/\/hapmaastricht.nl\/da\/samarbejde-send\/","name":"Samarbejde med Envida - Alment praktiserende l\u00e6ges akutpost Maastricht","isPartOf":{"@id":"https:\/\/hapmaastricht.nl\/da\/#website"},"datePublished":"2023-05-23T12:46:33+00:00","dateModified":"2025-07-10T07:54:07+00:00","breadcrumb":{"@id":"https:\/\/hapmaastricht.nl\/da\/samarbejde-send\/#breadcrumb"},"inLanguage":"da-DK","potentialAction":[{"@type":"ReadAction","target":["https:\/\/hapmaastricht.nl\/da\/samarbejde-send\/"]}]},{"@type":"BreadcrumbList","@id":"https:\/\/hapmaastricht.nl\/da\/samarbejde-send\/#breadcrumb","itemListElement":[{"@type":"ListItem","position":1,"name":"Home","item":"https:\/\/hapmaastricht.nl\/da\/"},{"@type":"ListItem","position":2,"name":"Envida Samarbejde"}]},{"@type":"WebSite","@id":"https:\/\/hapmaastricht.nl\/da\/#website","url":"https:\/\/hapmaastricht.nl\/da\/","name":"Alment praktiserende l\u00e6ges akutpost Maastricht","description":"","potentialAction":[{"@type":"SearchAction","target":{"@type":"EntryPoint","urlTemplate":"https:\/\/hapmaastricht.nl\/da\/?s={search_term_string}"},"query-input":{"@type":"PropertyValueSpecification","valueRequired":true,"valueName":"search_term_string"}}],"inLanguage":"da-DK"}]}},"_links":{"self":[{"href":"https:\/\/hapmaastricht.nl\/da\/wp-json\/wp\/v2\/pages\/2494","targetHints":{"allow":["GET"]}}],"collection":[{"href":"https:\/\/hapmaastricht.nl\/da\/wp-json\/wp\/v2\/pages"}],"about":[{"href":"https:\/\/hapmaastricht.nl\/da\/wp-json\/wp\/v2\/types\/page"}],"author":[{"embeddable":true,"href":"https:\/\/hapmaastricht.nl\/da\/wp-json\/wp\/v2\/users\/3"}],"replies":[{"embeddable":true,"href":"https:\/\/hapmaastricht.nl\/da\/wp-json\/wp\/v2\/comments?post=2494"}],"version-history":[{"count":1,"href":"https:\/\/hapmaastricht.nl\/da\/wp-json\/wp\/v2\/pages\/2494\/revisions"}],"predecessor-version":[{"id":9195,"href":"https:\/\/hapmaastricht.nl\/da\/wp-json\/wp\/v2\/pages\/2494\/revisions\/9195"}],"wp:attachment":[{"href":"https:\/\/hapmaastricht.nl\/da\/wp-json\/wp\/v2\/media?parent=2494"}],"curies":[{"name":"wp","href":"https:\/\/api.w.org\/{rel}","templated":true}]}}