{"id":2566,"date":"2023-05-31T16:50:19","date_gmt":"2023-05-31T14:50:19","guid":{"rendered":"https:\/\/multisite.mindd.dev\/hap-maastricht\/?page_id=2566"},"modified":"2025-07-10T09:54:05","modified_gmt":"2025-07-10T07:54:05","slug":"vision-ambition","status":"publish","type":"page","link":"https:\/\/hapmaastricht.nl\/da\/vision-ambition\/","title":{"rendered":"Vision og ambition"},"content":{"rendered":"\n\n\n<h2 class=\"wp-block-heading\">Syn<\/h2>\n\n\n\n<p>HMH Foundation \u00f8nsker at yde god pleje til patienter i regionen og faciliterer derfor praktiserende l\u00e6ger p\u00e5 en s\u00e5dan m\u00e5de, at effektiv og sikker akut l\u00e6gehj\u00e6lp af h\u00f8j kvalitet ydes af den praktiserende l\u00e6ges akutpost. God ledelse og tilsyn er vigtige foruds\u00e6tninger for god pleje. Derfor arbejder bestyrelsen og ledelsen efter principperne i det nationalt etablerede Healthcare Governance Code. SHMH implementerer sin politik ud fra den professionelle motivation. Sammen med k\u00e6departnere sikrer hun, at patientplejen foreg\u00e5r sikkert p\u00e5 det rigtige sted, p\u00e5 det rigtige tidspunkt og hos den rigtige sundhedsudbyder.<\/p>\n\n\n\n<h2 class=\"wp-block-heading\">Ambition<\/h2>\n\n\n\n<p>Der er flaskehalse i sundhedsv\u00e6senet p\u00e5 forskellige fronter, og det er bekymrende. Inden for akut pleje har alarmklokkerne ringet i nogen tid, og flaskehalse er ved at blive synlige. Samfundet tager i stigende grad (akut) pleje op, og interessenter b\u00e5de i og uden for organisationen r\u00f8rer p\u00e5 hver deres m\u00e5de. Dette f\u00f8rer til s\u00e5rbarhed i sundhedsorganisationen med alle dens konsekvenser. Det er noget af en udfordring at reagere hensigtsm\u00e6ssigt p\u00e5 dette.<\/p>\n\n\n\n<p>Samarbejde i akutplejenetv\u00e6rk er n\u00f8dvendigt for fortsat at opn\u00e5 og opretholde god, effektiv og effektiv pleje i regionen. Omsorg sammen er n\u00f8dvendig for at klare hverdagens hektiske tempo. T\u00e6nk p\u00e5 h\u00f8jt arbejdspres, en stigning i komplekse problemer blandt udsatte mennesker, \u00e6ndrede regler og begr\u00e6nsning af ressourcer og arbejdskraft. Is\u00e6r rekruttering og fastholdelse af motiveret sundhedspersonale i regionen kr\u00e6ver teamwork; Konkurrence er skadelig for dette.<\/p>\n\n\n\n<p>Det er vores ambition fortsat at yde god pleje og reagere hensigtsm\u00e6ssigt p\u00e5 udviklinger, der p\u00e5virker akut praktiserende l\u00e6gebehandling.<\/p>\n\n\n\n<p>Det er vores ambition at opretholde og styrke brugernes, patienternes tillid til den praktiserende l\u00e6ges skadestue Maastricht og Heuvelland.<\/p>\n\n\n\n<p>Det er vores ambition at fastholde og styrke entusiasmen og passionen hos de involverede (sundheds)professionelle.<\/p>\n\n\n\n<p>Det er vores ambition at g\u00f8re Akutstationen til en genkendelig del af den regionale l\u00e6gebehandling og det regionale netv\u00e6rk af sundhedsudbydere.<\/p>\n\n\n\n<p>Vi bruger sloganet &#8216;<em>Caring together is our DNA&#8217;<\/em> til at angive vores retning. Sp\u00f8rgsm\u00e5let &#8220;Hvorfor?&#8221; skal stilles oftere og oftere. Hvorfor g\u00f8r vi det p\u00e5 denne m\u00e5de, hvorfor ikke anderledes, hvorfor ikke sammen? Vi b\u00f8r ogs\u00e5 stille sp\u00f8rgsm\u00e5let: &#8220;Hvad tror vi oftere p\u00e5 &#8211; sammen &#8211; F\u00f8rst da kan vi sammen sikre, at den mest optimale pleje gives til patienterne i vores region p\u00e5 det rigtige sted, p\u00e5 det rigtige tidspunkt og af den rigtige sundhedsudbyder.<\/p>\n","protected":false},"excerpt":{"rendered":"<p>Vision HMH-fonden \u00f8nsker at yde god pleje til patienter i regionen og faciliterer derfor praktiserende l\u00e6ger p\u00e5 en s\u00e5dan m\u00e5de, at h\u00f8jkvalitets, effektiv og sikker almen akut almen pleje leveres af Allmennpraktiserende akutpost. God administration og tilsyn er vigtige foruds\u00e6tninger for god pleje. Derfor arbejder bestyrelsen og bestyrelsen i overensstemmelse med principperne i den nationalt etablerede Healthcare Governance Code. SHMH implementerer sin politik baseret p\u00e5 den professionelle iboende motivation. Sammen med k\u00e6departnere sikrer hun, at patientplejen foreg\u00e5r sikkert p\u00e5 det rigtige sted, p\u00e5 det rigtige tidspunkt og af den rigtige sundhedsudbyder. Ambition P\u00e5 forskellige fronter [&#8230;]<\/p>\n","protected":false},"author":3,"featured_media":0,"parent":0,"menu_order":186,"comment_status":"closed","ping_status":"closed","template":"","meta":{"_acf_changed":false,"_trash_the_other_posts":false,"editor_notices":[],"footnotes":""},"class_list":["post-2566","page","type-page","status-publish","hentry"],"acf":[],"yoast_head":"<!-- This site is optimized with the Yoast SEO plugin v26.6 - https:\/\/yoast.com\/wordpress\/plugins\/seo\/ -->\n<title>Vision og ambition - Alment praktiserende l\u00e6ges akutpost Maastricht<\/title>\n<meta name=\"robots\" content=\"index, follow, max-snippet:-1, max-image-preview:large, max-video-preview:-1\" \/>\n<link rel=\"canonical\" href=\"https:\/\/hapmaastricht.nl\/da\/vision-ambition\/\" \/>\n<meta property=\"og:locale\" content=\"da_DK\" \/>\n<meta property=\"og:type\" content=\"article\" \/>\n<meta property=\"og:title\" content=\"Vision og ambition - Alment praktiserende l\u00e6ges akutpost Maastricht\" \/>\n<meta property=\"og:description\" content=\"Vision HMH-fonden \u00f8nsker at yde god pleje til patienter i regionen og faciliterer derfor praktiserende l\u00e6ger p\u00e5 en s\u00e5dan m\u00e5de, at h\u00f8jkvalitets, effektiv og sikker almen akut almen pleje leveres af Allmennpraktiserende akutpost. God administration og tilsyn er vigtige foruds\u00e6tninger for god pleje. Derfor arbejder bestyrelsen og bestyrelsen i overensstemmelse med principperne i den nationalt etablerede Healthcare Governance Code. SHMH implementerer sin politik baseret p\u00e5 den professionelle iboende motivation. Sammen med k\u00e6departnere sikrer hun, at patientplejen foreg\u00e5r sikkert p\u00e5 det rigtige sted, p\u00e5 det rigtige tidspunkt og af den rigtige sundhedsudbyder. Ambition P\u00e5 forskellige fronter [...]\" \/>\n<meta property=\"og:url\" content=\"https:\/\/hapmaastricht.nl\/da\/vision-ambition\/\" \/>\n<meta property=\"og:site_name\" content=\"Alment praktiserende l\u00e6ges akutpost Maastricht\" \/>\n<meta property=\"article:modified_time\" content=\"2025-07-10T07:54:05+00:00\" \/>\n<meta name=\"twitter:card\" content=\"summary_large_image\" \/>\n<meta name=\"twitter:label1\" content=\"Estimeret l\u00e6setid\" \/>\n\t<meta name=\"twitter:data1\" content=\"3 minutter\" \/>\n<script type=\"application\/ld+json\" class=\"yoast-schema-graph\">{\"@context\":\"https:\/\/schema.org\",\"@graph\":[{\"@type\":\"WebPage\",\"@id\":\"https:\/\/hapmaastricht.nl\/da\/vision-ambition\/\",\"url\":\"https:\/\/hapmaastricht.nl\/da\/vision-ambition\/\",\"name\":\"Vision og ambition - Alment praktiserende l\u00e6ges akutpost Maastricht\",\"isPartOf\":{\"@id\":\"https:\/\/hapmaastricht.nl\/da\/#website\"},\"datePublished\":\"2023-05-31T14:50:19+00:00\",\"dateModified\":\"2025-07-10T07:54:05+00:00\",\"breadcrumb\":{\"@id\":\"https:\/\/hapmaastricht.nl\/da\/vision-ambition\/#breadcrumb\"},\"inLanguage\":\"da-DK\",\"potentialAction\":[{\"@type\":\"ReadAction\",\"target\":[\"https:\/\/hapmaastricht.nl\/da\/vision-ambition\/\"]}]},{\"@type\":\"BreadcrumbList\",\"@id\":\"https:\/\/hapmaastricht.nl\/da\/vision-ambition\/#breadcrumb\",\"itemListElement\":[{\"@type\":\"ListItem\",\"position\":1,\"name\":\"Home\",\"item\":\"https:\/\/hapmaastricht.nl\/da\/\"},{\"@type\":\"ListItem\",\"position\":2,\"name\":\"Vision og ambition\"}]},{\"@type\":\"WebSite\",\"@id\":\"https:\/\/hapmaastricht.nl\/da\/#website\",\"url\":\"https:\/\/hapmaastricht.nl\/da\/\",\"name\":\"Alment praktiserende l\u00e6ges akutpost Maastricht\",\"description\":\"\",\"potentialAction\":[{\"@type\":\"SearchAction\",\"target\":{\"@type\":\"EntryPoint\",\"urlTemplate\":\"https:\/\/hapmaastricht.nl\/da\/?s={search_term_string}\"},\"query-input\":{\"@type\":\"PropertyValueSpecification\",\"valueRequired\":true,\"valueName\":\"search_term_string\"}}],\"inLanguage\":\"da-DK\"}]}<\/script>\n<!-- \/ Yoast SEO plugin. -->","yoast_head_json":{"title":"Vision og ambition - Alment praktiserende l\u00e6ges akutpost Maastricht","robots":{"index":"index","follow":"follow","max-snippet":"max-snippet:-1","max-image-preview":"max-image-preview:large","max-video-preview":"max-video-preview:-1"},"canonical":"https:\/\/hapmaastricht.nl\/da\/vision-ambition\/","og_locale":"da_DK","og_type":"article","og_title":"Vision og ambition - Alment praktiserende l\u00e6ges akutpost Maastricht","og_description":"Vision HMH-fonden \u00f8nsker at yde god pleje til patienter i regionen og faciliterer derfor praktiserende l\u00e6ger p\u00e5 en s\u00e5dan m\u00e5de, at h\u00f8jkvalitets, effektiv og sikker almen akut almen pleje leveres af Allmennpraktiserende akutpost. God administration og tilsyn er vigtige foruds\u00e6tninger for god pleje. Derfor arbejder bestyrelsen og bestyrelsen i overensstemmelse med principperne i den nationalt etablerede Healthcare Governance Code. SHMH implementerer sin politik baseret p\u00e5 den professionelle iboende motivation. Sammen med k\u00e6departnere sikrer hun, at patientplejen foreg\u00e5r sikkert p\u00e5 det rigtige sted, p\u00e5 det rigtige tidspunkt og af den rigtige sundhedsudbyder. Ambition P\u00e5 forskellige fronter [...]","og_url":"https:\/\/hapmaastricht.nl\/da\/vision-ambition\/","og_site_name":"Alment praktiserende l\u00e6ges akutpost Maastricht","article_modified_time":"2025-07-10T07:54:05+00:00","twitter_card":"summary_large_image","twitter_misc":{"Estimeret l\u00e6setid":"3 minutter"},"schema":{"@context":"https:\/\/schema.org","@graph":[{"@type":"WebPage","@id":"https:\/\/hapmaastricht.nl\/da\/vision-ambition\/","url":"https:\/\/hapmaastricht.nl\/da\/vision-ambition\/","name":"Vision og ambition - Alment praktiserende l\u00e6ges akutpost Maastricht","isPartOf":{"@id":"https:\/\/hapmaastricht.nl\/da\/#website"},"datePublished":"2023-05-31T14:50:19+00:00","dateModified":"2025-07-10T07:54:05+00:00","breadcrumb":{"@id":"https:\/\/hapmaastricht.nl\/da\/vision-ambition\/#breadcrumb"},"inLanguage":"da-DK","potentialAction":[{"@type":"ReadAction","target":["https:\/\/hapmaastricht.nl\/da\/vision-ambition\/"]}]},{"@type":"BreadcrumbList","@id":"https:\/\/hapmaastricht.nl\/da\/vision-ambition\/#breadcrumb","itemListElement":[{"@type":"ListItem","position":1,"name":"Home","item":"https:\/\/hapmaastricht.nl\/da\/"},{"@type":"ListItem","position":2,"name":"Vision og ambition"}]},{"@type":"WebSite","@id":"https:\/\/hapmaastricht.nl\/da\/#website","url":"https:\/\/hapmaastricht.nl\/da\/","name":"Alment praktiserende l\u00e6ges akutpost Maastricht","description":"","potentialAction":[{"@type":"SearchAction","target":{"@type":"EntryPoint","urlTemplate":"https:\/\/hapmaastricht.nl\/da\/?s={search_term_string}"},"query-input":{"@type":"PropertyValueSpecification","valueRequired":true,"valueName":"search_term_string"}}],"inLanguage":"da-DK"}]}},"_links":{"self":[{"href":"https:\/\/hapmaastricht.nl\/da\/wp-json\/wp\/v2\/pages\/2566","targetHints":{"allow":["GET"]}}],"collection":[{"href":"https:\/\/hapmaastricht.nl\/da\/wp-json\/wp\/v2\/pages"}],"about":[{"href":"https:\/\/hapmaastricht.nl\/da\/wp-json\/wp\/v2\/types\/page"}],"author":[{"embeddable":true,"href":"https:\/\/hapmaastricht.nl\/da\/wp-json\/wp\/v2\/users\/3"}],"replies":[{"embeddable":true,"href":"https:\/\/hapmaastricht.nl\/da\/wp-json\/wp\/v2\/comments?post=2566"}],"version-history":[{"count":1,"href":"https:\/\/hapmaastricht.nl\/da\/wp-json\/wp\/v2\/pages\/2566\/revisions"}],"predecessor-version":[{"id":9194,"href":"https:\/\/hapmaastricht.nl\/da\/wp-json\/wp\/v2\/pages\/2566\/revisions\/9194"}],"wp:attachment":[{"href":"https:\/\/hapmaastricht.nl\/da\/wp-json\/wp\/v2\/media?parent=2566"}],"curies":[{"name":"wp","href":"https:\/\/api.w.org\/{rel}","templated":true}]}}