{"id":2570,"date":"2023-05-31T16:53:17","date_gmt":"2023-05-31T14:53:17","guid":{"rendered":"https:\/\/multisite.mindd.dev\/hap-maastricht\/?page_id=2570"},"modified":"2025-08-06T10:25:23","modified_gmt":"2025-08-06T08:25:23","slug":"ledig","status":"publish","type":"page","link":"https:\/\/hapmaastricht.nl\/da\/ledig\/","title":{"rendered":"Ledige stillinger"},"content":{"rendered":"\n<p>General Practitioner Emergency er en NPA-kvalificeret organisation. Det betyder, at vi uddanner l\u00e6geassistenter til selv at blive triagister. Derudover er vi en anerkendt uddannelsesvirksomhed for studerende, der uddanner sig til l\u00e6geassistent.<\/p>\n\n\n\n<p>Vi \u00f8nsker at styrke teamet af l\u00e6geassistenter\/triagesygeplejersker, er du interesseret? S\u00e5 send dit CV og motivation til&nbsp;<a href=\"mailto:info@hapmaastricht.nl\">info@hapmaastricht.nl<\/a>&nbsp;. Du kan ogs\u00e5 komme og kigge inden du ans\u00f8ger, du er meget velkommen! <\/p>\n\n\n\n<p>Eller se videoerne nedenfor, som vil give dig et godt indtryk af triagesygeplejersken p\u00e5 Akutstationen<\/p>\n\n\n\n<h4 class=\"wp-block-heading\"><em>Hvad indeb\u00e6rer arbejdet p\u00e5 Akutstationen?<\/em><\/h4>\n\n\n\n<h4 class=\"wp-block-heading\"><\/h4>\n\n\n\n<figure class=\"wp-block-embed is-type-video is-provider-youtube wp-block-embed-youtube wp-embed-aspect-16-9 wp-has-aspect-ratio\"><div class=\"wp-block-embed__wrapper\">https:\/\/youtu.be\/cLs787y_GSE<\/div><\/figure>\n\n\n\n<h4 class=\"wp-block-heading\"><\/h4>\n\n\n\n<figure class=\"wp-block-embed is-type-video is-provider-youtube wp-block-embed-youtube wp-embed-aspect-16-9 wp-has-aspect-ratio\"><div class=\"wp-block-embed__wrapper\">https:\/\/youtu.be\/9Qor6O31w68<\/div><\/figure>\n\n\n\n<p><\/p>\n\n\n\n<h4 class=\"wp-block-heading\"><\/h4>\n\n\n\n<figure class=\"wp-block-embed is-type-video is-provider-youtube wp-block-embed-youtube wp-embed-aspect-16-9 wp-has-aspect-ratio\"><div class=\"wp-block-embed__wrapper\">https:\/\/youtu.be\/0a7HLQlSS98<\/div><\/figure>\n\n\n\n<figure class=\"wp-block-embed is-type-video is-provider-youtube wp-block-embed-youtube wp-embed-aspect-16-9 wp-has-aspect-ratio\"><div class=\"wp-block-embed__wrapper\">https:\/\/youtu.be\/jpeoLKnBw98<\/div><\/figure>\n\n\n\n<h4 class=\"wp-block-heading\"><\/h4>\n\n\n\n<figure class=\"wp-block-embed is-type-video is-provider-youtube wp-block-embed-youtube wp-embed-aspect-16-9 wp-has-aspect-ratio\"><div class=\"wp-block-embed__wrapper\">https:\/\/youtu.be\/vzxKMLOOzfk<\/div><\/figure>\n\n\n\n<figure class=\"wp-block-embed is-type-video is-provider-youtube wp-block-embed-youtube wp-embed-aspect-16-9 wp-has-aspect-ratio\"><div class=\"wp-block-embed__wrapper\">https:\/\/youtu.be\/vBU7JtWwEsw<\/div><\/figure>\n","protected":false},"excerpt":{"rendered":"<p>Vi \u00f8nsker at styrke teamet af l\u00e6geassistenter\/triagister, hvis du er interesseret, s\u00e5 send dit CV og motivation til info@hapmaastricht.nl. Du kan ogs\u00e5 komme og kigge inden du ans\u00f8ger, du er mere end velkommen!<\/p>\n","protected":false},"author":3,"featured_media":0,"parent":0,"menu_order":167,"comment_status":"closed","ping_status":"closed","template":"page-full-width.php","meta":{"_acf_changed":false,"_trash_the_other_posts":false,"editor_notices":[],"footnotes":""},"class_list":["post-2570","page","type-page","status-publish","hentry"],"acf":[],"yoast_head":"<!-- This site is optimized with the Yoast SEO plugin v26.6 - https:\/\/yoast.com\/wordpress\/plugins\/seo\/ -->\n<title>Ledige stillinger - Alment praktiserende l\u00e6ges akutpost Maastricht<\/title>\n<meta name=\"robots\" content=\"index, follow, max-snippet:-1, max-image-preview:large, max-video-preview:-1\" \/>\n<link rel=\"canonical\" href=\"https:\/\/hapmaastricht.nl\/da\/ledig-stilling\/\" \/>\n<meta property=\"og:locale\" content=\"da_DK\" \/>\n<meta property=\"og:type\" content=\"article\" \/>\n<meta property=\"og:title\" content=\"Ledige stillinger - Alment praktiserende l\u00e6ges akutpost Maastricht\" \/>\n<meta property=\"og:description\" content=\"Vi \u00f8nsker at styrke teamet af l\u00e6geassistenter\/triagister, hvis du er interesseret, s\u00e5 send dit CV og motivation til info@hapmaastricht.nl. Du kan ogs\u00e5 komme og kigge inden du ans\u00f8ger, du er mere end velkommen!\" \/>\n<meta property=\"og:url\" content=\"https:\/\/hapmaastricht.nl\/da\/ledig-stilling\/\" \/>\n<meta property=\"og:site_name\" content=\"Alment praktiserende l\u00e6ges akutpost Maastricht\" \/>\n<meta property=\"article:modified_time\" content=\"2025-08-06T08:25:23+00:00\" \/>\n<meta name=\"twitter:card\" content=\"summary_large_image\" \/>\n<meta name=\"twitter:label1\" content=\"Estimeret l\u00e6setid\" \/>\n\t<meta name=\"twitter:data1\" content=\"1 minut\" \/>\n<script type=\"application\/ld+json\" class=\"yoast-schema-graph\">{\"@context\":\"https:\/\/schema.org\",\"@graph\":[{\"@type\":\"WebPage\",\"@id\":\"https:\/\/hapmaastricht.nl\/da\/ledig-stilling\/\",\"url\":\"https:\/\/hapmaastricht.nl\/da\/ledig-stilling\/\",\"name\":\"Ledige stillinger - Alment praktiserende l\u00e6ges akutpost Maastricht\",\"isPartOf\":{\"@id\":\"https:\/\/hapmaastricht.nl\/da\/#website\"},\"datePublished\":\"2023-05-31T14:53:17+00:00\",\"dateModified\":\"2025-08-06T08:25:23+00:00\",\"breadcrumb\":{\"@id\":\"https:\/\/hapmaastricht.nl\/da\/ledig-stilling\/#breadcrumb\"},\"inLanguage\":\"da-DK\",\"potentialAction\":[{\"@type\":\"ReadAction\",\"target\":[\"https:\/\/hapmaastricht.nl\/da\/ledig-stilling\/\"]}]},{\"@type\":\"BreadcrumbList\",\"@id\":\"https:\/\/hapmaastricht.nl\/da\/ledig-stilling\/#breadcrumb\",\"itemListElement\":[{\"@type\":\"ListItem\",\"position\":1,\"name\":\"Home\",\"item\":\"https:\/\/hapmaastricht.nl\/da\/\"},{\"@type\":\"ListItem\",\"position\":2,\"name\":\"Ledige stillinger\"}]},{\"@type\":\"WebSite\",\"@id\":\"https:\/\/hapmaastricht.nl\/da\/#website\",\"url\":\"https:\/\/hapmaastricht.nl\/da\/\",\"name\":\"Alment praktiserende l\u00e6ges akutpost Maastricht\",\"description\":\"\",\"potentialAction\":[{\"@type\":\"SearchAction\",\"target\":{\"@type\":\"EntryPoint\",\"urlTemplate\":\"https:\/\/hapmaastricht.nl\/da\/?s={search_term_string}\"},\"query-input\":{\"@type\":\"PropertyValueSpecification\",\"valueRequired\":true,\"valueName\":\"search_term_string\"}}],\"inLanguage\":\"da-DK\"}]}<\/script>\n<!-- \/ Yoast SEO plugin. -->","yoast_head_json":{"title":"Ledige stillinger - Alment praktiserende l\u00e6ges akutpost Maastricht","robots":{"index":"index","follow":"follow","max-snippet":"max-snippet:-1","max-image-preview":"max-image-preview:large","max-video-preview":"max-video-preview:-1"},"canonical":"https:\/\/hapmaastricht.nl\/da\/ledig-stilling\/","og_locale":"da_DK","og_type":"article","og_title":"Ledige stillinger - Alment praktiserende l\u00e6ges akutpost Maastricht","og_description":"Vi \u00f8nsker at styrke teamet af l\u00e6geassistenter\/triagister, hvis du er interesseret, s\u00e5 send dit CV og motivation til info@hapmaastricht.nl. Du kan ogs\u00e5 komme og kigge inden du ans\u00f8ger, du er mere end velkommen!","og_url":"https:\/\/hapmaastricht.nl\/da\/ledig-stilling\/","og_site_name":"Alment praktiserende l\u00e6ges akutpost Maastricht","article_modified_time":"2025-08-06T08:25:23+00:00","twitter_card":"summary_large_image","twitter_misc":{"Estimeret l\u00e6setid":"1 minut"},"schema":{"@context":"https:\/\/schema.org","@graph":[{"@type":"WebPage","@id":"https:\/\/hapmaastricht.nl\/da\/ledig-stilling\/","url":"https:\/\/hapmaastricht.nl\/da\/ledig-stilling\/","name":"Ledige stillinger - Alment praktiserende l\u00e6ges akutpost Maastricht","isPartOf":{"@id":"https:\/\/hapmaastricht.nl\/da\/#website"},"datePublished":"2023-05-31T14:53:17+00:00","dateModified":"2025-08-06T08:25:23+00:00","breadcrumb":{"@id":"https:\/\/hapmaastricht.nl\/da\/ledig-stilling\/#breadcrumb"},"inLanguage":"da-DK","potentialAction":[{"@type":"ReadAction","target":["https:\/\/hapmaastricht.nl\/da\/ledig-stilling\/"]}]},{"@type":"BreadcrumbList","@id":"https:\/\/hapmaastricht.nl\/da\/ledig-stilling\/#breadcrumb","itemListElement":[{"@type":"ListItem","position":1,"name":"Home","item":"https:\/\/hapmaastricht.nl\/da\/"},{"@type":"ListItem","position":2,"name":"Ledige stillinger"}]},{"@type":"WebSite","@id":"https:\/\/hapmaastricht.nl\/da\/#website","url":"https:\/\/hapmaastricht.nl\/da\/","name":"Alment praktiserende l\u00e6ges akutpost Maastricht","description":"","potentialAction":[{"@type":"SearchAction","target":{"@type":"EntryPoint","urlTemplate":"https:\/\/hapmaastricht.nl\/da\/?s={search_term_string}"},"query-input":{"@type":"PropertyValueSpecification","valueRequired":true,"valueName":"search_term_string"}}],"inLanguage":"da-DK"}]}},"_links":{"self":[{"href":"https:\/\/hapmaastricht.nl\/da\/wp-json\/wp\/v2\/pages\/2570","targetHints":{"allow":["GET"]}}],"collection":[{"href":"https:\/\/hapmaastricht.nl\/da\/wp-json\/wp\/v2\/pages"}],"about":[{"href":"https:\/\/hapmaastricht.nl\/da\/wp-json\/wp\/v2\/types\/page"}],"author":[{"embeddable":true,"href":"https:\/\/hapmaastricht.nl\/da\/wp-json\/wp\/v2\/users\/3"}],"replies":[{"embeddable":true,"href":"https:\/\/hapmaastricht.nl\/da\/wp-json\/wp\/v2\/comments?post=2570"}],"version-history":[{"count":13,"href":"https:\/\/hapmaastricht.nl\/da\/wp-json\/wp\/v2\/pages\/2570\/revisions"}],"predecessor-version":[{"id":9247,"href":"https:\/\/hapmaastricht.nl\/da\/wp-json\/wp\/v2\/pages\/2570\/revisions\/9247"}],"wp:attachment":[{"href":"https:\/\/hapmaastricht.nl\/da\/wp-json\/wp\/v2\/media?parent=2570"}],"curies":[{"name":"wp","href":"https:\/\/api.w.org\/{rel}","templated":true}]}}