{"id":2572,"date":"2023-05-31T16:56:36","date_gmt":"2023-05-31T14:56:36","guid":{"rendered":"https:\/\/multisite.mindd.dev\/hap-maastricht\/?page_id=2572"},"modified":"2025-07-10T09:54:01","modified_gmt":"2025-07-10T07:54:01","slug":"bestyrelsen","status":"publish","type":"page","link":"https:\/\/hapmaastricht.nl\/da\/bestyrelsen\/","title":{"rendered":"Bestyrelsen"},"content":{"rendered":"\n\n\n<p>Bestyrelsen for de praktiserende l\u00e6gers alarmstation Maastricht og Heuvelland best\u00e5r af tre medlemmer og har til opgave at f\u00f8re tilsyn med og r\u00e5dgive om udf\u00f8relsen af organisationens opgaver. Medlemmerne udpeges for en periode p\u00e5 fire \u00e5r. Bestyrelsen best\u00e5r i \u00f8jeblikket af:<\/p>\n\n\n\n<h2 class=\"wp-block-heading h4\"><\/h2>\n\n\n\n<p>Maarten Klomp <\/p>\n\n\n\n<p>Yvonne Custers-Slots <\/p>\n\n\n\n<p>Guido Kerckhoffs<\/p>\n\n\n\n<p><\/p>\n\n\n\n<p><\/p>\n\n\n\n<p><\/p>\n\n\n\n<h2 class=\"wp-block-heading h4\"><\/h2>\n\n\n\n<p><\/p>\n\n\n\n<h2 class=\"wp-block-heading h4\"><\/h2>\n\n\n\n<p><\/p>\n","protected":false},"excerpt":{"rendered":"<p>Bestyrelsen for ZIO og Huisartsenpost en Heuvelland Foundation best\u00e5r af tre medlemmer og er ansvarlig for at f\u00f8re tilsyn med og r\u00e5dgive om begge organisationers pr\u00e6stationer. Medlemmerne udn\u00e6vnes for en periode p\u00e5 fire \u00e5r. Arno Timmermans, formand (pr. 1. januar 2022) Praktiserer som praktiserende l\u00e6ge i Almere indtil 2012. Direkt\u00f8r for NHG fra 2000 til 2004 og formand for bestyrelsen for NHG fra 2004 til 2012. Bestyrelsesformand for Westfriesgasthuis siden 2012. Westfriesgasthuis fusionerede med Waterland Hospital, i \u00f8jeblikket kendt som Dijklander Hospital, i 2017. I \u00f8jeblikket formand for SBOH bestyrelse og [&#8230;]<\/p>\n","protected":false},"author":3,"featured_media":0,"parent":0,"menu_order":125,"comment_status":"closed","ping_status":"closed","template":"","meta":{"_acf_changed":false,"_trash_the_other_posts":false,"editor_notices":[],"footnotes":""},"class_list":["post-2572","page","type-page","status-publish","hentry"],"acf":[],"yoast_head":"<!-- This site is optimized with the Yoast SEO plugin v26.6 - https:\/\/yoast.com\/wordpress\/plugins\/seo\/ -->\n<title>Bestyrelsen - Alment praktiserende l\u00e6ges akutpost Maastricht<\/title>\n<meta name=\"robots\" content=\"index, follow, max-snippet:-1, max-image-preview:large, max-video-preview:-1\" \/>\n<link rel=\"canonical\" href=\"https:\/\/hapmaastricht.nl\/da\/bestyrelse\/\" \/>\n<meta property=\"og:locale\" content=\"da_DK\" \/>\n<meta property=\"og:type\" content=\"article\" \/>\n<meta property=\"og:title\" content=\"Bestyrelsen - Alment praktiserende l\u00e6ges akutpost Maastricht\" \/>\n<meta property=\"og:description\" content=\"Bestyrelsen for ZIO og Huisartsenpost en Heuvelland Foundation best\u00e5r af tre medlemmer og er ansvarlig for at f\u00f8re tilsyn med og r\u00e5dgive om begge organisationers pr\u00e6stationer. Medlemmerne udn\u00e6vnes for en periode p\u00e5 fire \u00e5r. Arno Timmermans, formand (pr. 1. januar 2022) Praktiserer som praktiserende l\u00e6ge i Almere indtil 2012. Direkt\u00f8r for NHG fra 2000 til 2004 og formand for bestyrelsen for NHG fra 2004 til 2012. Bestyrelsesformand for Westfriesgasthuis siden 2012. Westfriesgasthuis fusionerede med Waterland Hospital, i \u00f8jeblikket kendt som Dijklander Hospital, i 2017. I \u00f8jeblikket formand for SBOH bestyrelse og [...]\" \/>\n<meta property=\"og:url\" content=\"https:\/\/hapmaastricht.nl\/da\/bestyrelse\/\" \/>\n<meta property=\"og:site_name\" content=\"Alment praktiserende l\u00e6ges akutpost Maastricht\" \/>\n<meta property=\"article:modified_time\" content=\"2025-07-10T07:54:01+00:00\" \/>\n<meta name=\"twitter:card\" content=\"summary_large_image\" \/>\n<meta name=\"twitter:label1\" content=\"Estimeret l\u00e6setid\" \/>\n\t<meta name=\"twitter:data1\" content=\"1 minut\" \/>\n<script type=\"application\/ld+json\" class=\"yoast-schema-graph\">{\"@context\":\"https:\/\/schema.org\",\"@graph\":[{\"@type\":\"WebPage\",\"@id\":\"https:\/\/hapmaastricht.nl\/da\/bestyrelse\/\",\"url\":\"https:\/\/hapmaastricht.nl\/da\/bestyrelse\/\",\"name\":\"Bestyrelsen - Alment praktiserende l\u00e6ges akutpost Maastricht\",\"isPartOf\":{\"@id\":\"https:\/\/hapmaastricht.nl\/da\/#website\"},\"datePublished\":\"2023-05-31T14:56:36+00:00\",\"dateModified\":\"2025-07-10T07:54:01+00:00\",\"breadcrumb\":{\"@id\":\"https:\/\/hapmaastricht.nl\/da\/bestyrelse\/#breadcrumb\"},\"inLanguage\":\"da-DK\",\"potentialAction\":[{\"@type\":\"ReadAction\",\"target\":[\"https:\/\/hapmaastricht.nl\/da\/bestyrelse\/\"]}]},{\"@type\":\"BreadcrumbList\",\"@id\":\"https:\/\/hapmaastricht.nl\/da\/bestyrelse\/#breadcrumb\",\"itemListElement\":[{\"@type\":\"ListItem\",\"position\":1,\"name\":\"Home\",\"item\":\"https:\/\/hapmaastricht.nl\/da\/\"},{\"@type\":\"ListItem\",\"position\":2,\"name\":\"Tilsynsr\u00e5det\"}]},{\"@type\":\"WebSite\",\"@id\":\"https:\/\/hapmaastricht.nl\/da\/#website\",\"url\":\"https:\/\/hapmaastricht.nl\/da\/\",\"name\":\"Alment praktiserende l\u00e6ges akutpost Maastricht\",\"description\":\"\",\"potentialAction\":[{\"@type\":\"SearchAction\",\"target\":{\"@type\":\"EntryPoint\",\"urlTemplate\":\"https:\/\/hapmaastricht.nl\/da\/?s={search_term_string}\"},\"query-input\":{\"@type\":\"PropertyValueSpecification\",\"valueRequired\":true,\"valueName\":\"search_term_string\"}}],\"inLanguage\":\"da-DK\"}]}<\/script>\n<!-- \/ Yoast SEO plugin. -->","yoast_head_json":{"title":"Bestyrelsen - Alment praktiserende l\u00e6ges akutpost Maastricht","robots":{"index":"index","follow":"follow","max-snippet":"max-snippet:-1","max-image-preview":"max-image-preview:large","max-video-preview":"max-video-preview:-1"},"canonical":"https:\/\/hapmaastricht.nl\/da\/bestyrelse\/","og_locale":"da_DK","og_type":"article","og_title":"Bestyrelsen - Alment praktiserende l\u00e6ges akutpost Maastricht","og_description":"Bestyrelsen for ZIO og Huisartsenpost en Heuvelland Foundation best\u00e5r af tre medlemmer og er ansvarlig for at f\u00f8re tilsyn med og r\u00e5dgive om begge organisationers pr\u00e6stationer. Medlemmerne udn\u00e6vnes for en periode p\u00e5 fire \u00e5r. Arno Timmermans, formand (pr. 1. januar 2022) Praktiserer som praktiserende l\u00e6ge i Almere indtil 2012. Direkt\u00f8r for NHG fra 2000 til 2004 og formand for bestyrelsen for NHG fra 2004 til 2012. Bestyrelsesformand for Westfriesgasthuis siden 2012. Westfriesgasthuis fusionerede med Waterland Hospital, i \u00f8jeblikket kendt som Dijklander Hospital, i 2017. I \u00f8jeblikket formand for SBOH bestyrelse og [...]","og_url":"https:\/\/hapmaastricht.nl\/da\/bestyrelse\/","og_site_name":"Alment praktiserende l\u00e6ges akutpost Maastricht","article_modified_time":"2025-07-10T07:54:01+00:00","twitter_card":"summary_large_image","twitter_misc":{"Estimeret l\u00e6setid":"1 minut"},"schema":{"@context":"https:\/\/schema.org","@graph":[{"@type":"WebPage","@id":"https:\/\/hapmaastricht.nl\/da\/bestyrelse\/","url":"https:\/\/hapmaastricht.nl\/da\/bestyrelse\/","name":"Bestyrelsen - Alment praktiserende l\u00e6ges akutpost Maastricht","isPartOf":{"@id":"https:\/\/hapmaastricht.nl\/da\/#website"},"datePublished":"2023-05-31T14:56:36+00:00","dateModified":"2025-07-10T07:54:01+00:00","breadcrumb":{"@id":"https:\/\/hapmaastricht.nl\/da\/bestyrelse\/#breadcrumb"},"inLanguage":"da-DK","potentialAction":[{"@type":"ReadAction","target":["https:\/\/hapmaastricht.nl\/da\/bestyrelse\/"]}]},{"@type":"BreadcrumbList","@id":"https:\/\/hapmaastricht.nl\/da\/bestyrelse\/#breadcrumb","itemListElement":[{"@type":"ListItem","position":1,"name":"Home","item":"https:\/\/hapmaastricht.nl\/da\/"},{"@type":"ListItem","position":2,"name":"Tilsynsr\u00e5det"}]},{"@type":"WebSite","@id":"https:\/\/hapmaastricht.nl\/da\/#website","url":"https:\/\/hapmaastricht.nl\/da\/","name":"Alment praktiserende l\u00e6ges akutpost Maastricht","description":"","potentialAction":[{"@type":"SearchAction","target":{"@type":"EntryPoint","urlTemplate":"https:\/\/hapmaastricht.nl\/da\/?s={search_term_string}"},"query-input":{"@type":"PropertyValueSpecification","valueRequired":true,"valueName":"search_term_string"}}],"inLanguage":"da-DK"}]}},"_links":{"self":[{"href":"https:\/\/hapmaastricht.nl\/da\/wp-json\/wp\/v2\/pages\/2572","targetHints":{"allow":["GET"]}}],"collection":[{"href":"https:\/\/hapmaastricht.nl\/da\/wp-json\/wp\/v2\/pages"}],"about":[{"href":"https:\/\/hapmaastricht.nl\/da\/wp-json\/wp\/v2\/types\/page"}],"author":[{"embeddable":true,"href":"https:\/\/hapmaastricht.nl\/da\/wp-json\/wp\/v2\/users\/3"}],"replies":[{"embeddable":true,"href":"https:\/\/hapmaastricht.nl\/da\/wp-json\/wp\/v2\/comments?post=2572"}],"version-history":[{"count":4,"href":"https:\/\/hapmaastricht.nl\/da\/wp-json\/wp\/v2\/pages\/2572\/revisions"}],"predecessor-version":[{"id":9193,"href":"https:\/\/hapmaastricht.nl\/da\/wp-json\/wp\/v2\/pages\/2572\/revisions\/9193"}],"wp:attachment":[{"href":"https:\/\/hapmaastricht.nl\/da\/wp-json\/wp\/v2\/media?parent=2572"}],"curies":[{"name":"wp","href":"https:\/\/api.w.org\/{rel}","templated":true}]}}