{"id":2579,"date":"2023-05-31T17:08:15","date_gmt":"2023-05-31T15:08:15","guid":{"rendered":"https:\/\/multisite.mindd.dev\/hap-maastricht\/?page_id=2579"},"modified":"2025-07-10T09:53:56","modified_gmt":"2025-07-10T07:53:56","slug":"organisationsdiagram","status":"publish","type":"page","link":"https:\/\/hapmaastricht.nl\/da\/organisationsdiagram\/","title":{"rendered":"Ledelse og tilsyn"},"content":{"rendered":"\n<figure class=\"wp-block-image size-full\"><img decoding=\"async\" width=\"760\" height=\"937\" src=\"https:\/\/hapmaastricht.nl\/content\/uploads\/2023\/08\/HAP-organogram-2023.jpg\" alt=\"\" class=\"wp-image-7412\" srcset=\"https:\/\/hapmaastricht.nl\/da\/wp-content\/uploads\/sites\/52\/2023\/08\/HAP-organogram-2023.jpg 760w, https:\/\/hapmaastricht.nl\/da\/wp-content\/uploads\/sites\/52\/2023\/08\/HAP-organogram-2023-243x300.jpg 243w\" sizes=\"(max-width: 760px) 100vw, 760px\" \/><\/figure>\n\n\n\n<p><span style=\"text-decoration: underline\">Forklaring<\/span><br>Den administrerende direkt\u00f8r er ansat af HMH Fonden. For de \u00f8vrige medarbejdere har fonden en kontrakt om tjenesteydelser med MUMC+.<br>Praktiserende l\u00e6ger fra Maastricht og Heuvelland-regionen er tilknyttet HMH Foundation p\u00e5 grundlag af en tilknytningsaftale. Til transport af den vagthavende l\u00e6ge bruger fonden chauff\u00f8rer fra et transportfirma, der er specialiseret inden for det medicinske omr\u00e5de.<\/p>\n\n\n\n<p>Bestyrelsen for de praktiserende l\u00e6gers alarmstation Maastricht og Heuvelland best\u00e5r af tre medlemmer og har til opgave at f\u00f8re tilsyn med og r\u00e5dgive om udf\u00f8relsen af organisationens opgaver. Medlemmerne udpeges for en periode p\u00e5 fire \u00e5r. Bestyrelsen best\u00e5r i \u00f8jeblikket af:<\/p>\n\n\n\n<p><\/p>\n\n\n\n<ul class=\"wp-block-list\">\n<li>Maarten Klomp<\/li>\n\n\n\n<li>Yvonne Custers-Slots<\/li>\n\n\n\n<li>Guido Kerckhoffs<\/li>\n<\/ul>\n\n\n\n<p><\/p>\n","protected":false},"excerpt":{"rendered":"<p>Forklaring: Direkt\u00f8ren og direkt\u00f8ren er ansat i HMH Fonden. For \u00f8vrigt personale har fonden en opgaveaftale med MUMC+. Praktiserende l\u00e6ger fra Maastricht og Heuvelland-regionen er tilknyttet HMH-fonden p\u00e5 grundlag af en tilknytningsaftale. For at transportere l\u00e6gen p\u00e5 vagt bruger fonden chauff\u00f8rer fra et medicinsk transportfirma specialiseret inden for det medicinske omr\u00e5de.<\/p>\n","protected":false},"author":3,"featured_media":0,"parent":0,"menu_order":106,"comment_status":"closed","ping_status":"closed","template":"","meta":{"_acf_changed":false,"_trash_the_other_posts":false,"editor_notices":["a:0:{}"],"footnotes":""},"class_list":["post-2579","page","type-page","status-publish","hentry"],"acf":[],"yoast_head":"<!-- This site is optimized with the Yoast SEO plugin v26.6 - https:\/\/yoast.com\/wordpress\/plugins\/seo\/ -->\n<title>Ledelse og tilsyn - Alment praktiserende l\u00e6ges akutpost Maastricht<\/title>\n<meta name=\"robots\" content=\"index, follow, max-snippet:-1, max-image-preview:large, max-video-preview:-1\" \/>\n<link rel=\"canonical\" href=\"https:\/\/hapmaastricht.nl\/da\/organisationsdiagram\/\" \/>\n<meta property=\"og:locale\" content=\"da_DK\" \/>\n<meta property=\"og:type\" content=\"article\" \/>\n<meta property=\"og:title\" content=\"Ledelse og tilsyn - Alment praktiserende l\u00e6ges akutpost Maastricht\" \/>\n<meta property=\"og:description\" content=\"Forklaring: Direkt\u00f8ren og direkt\u00f8ren er ansat i HMH Fonden. For \u00f8vrigt personale har fonden en opgaveaftale med MUMC+. Praktiserende l\u00e6ger fra Maastricht og Heuvelland-regionen er tilknyttet HMH-fonden p\u00e5 grundlag af en tilknytningsaftale. For at transportere l\u00e6gen p\u00e5 vagt bruger fonden chauff\u00f8rer fra et medicinsk transportfirma specialiseret inden for det medicinske omr\u00e5de.\" \/>\n<meta property=\"og:url\" content=\"https:\/\/hapmaastricht.nl\/da\/organisationsdiagram\/\" \/>\n<meta property=\"og:site_name\" content=\"Alment praktiserende l\u00e6ges akutpost Maastricht\" \/>\n<meta property=\"article:modified_time\" content=\"2025-07-10T07:53:56+00:00\" \/>\n<meta property=\"og:image\" content=\"https:\/\/hapmaastricht.nl\/content\/uploads\/2023\/08\/HAP-organogram-2023.jpg\" \/>\n<meta name=\"twitter:card\" content=\"summary_large_image\" \/>\n<meta name=\"twitter:label1\" content=\"Estimeret l\u00e6setid\" \/>\n\t<meta name=\"twitter:data1\" content=\"1 minut\" \/>\n<script type=\"application\/ld+json\" class=\"yoast-schema-graph\">{\"@context\":\"https:\/\/schema.org\",\"@graph\":[{\"@type\":\"WebPage\",\"@id\":\"https:\/\/hapmaastricht.nl\/da\/organisationsdiagram\/\",\"url\":\"https:\/\/hapmaastricht.nl\/da\/organisationsdiagram\/\",\"name\":\"Ledelse og tilsyn - Alment praktiserende l\u00e6ges akutpost Maastricht\",\"isPartOf\":{\"@id\":\"https:\/\/hapmaastricht.nl\/da\/#website\"},\"primaryImageOfPage\":{\"@id\":\"https:\/\/hapmaastricht.nl\/da\/organisationsdiagram\/#primaryimage\"},\"image\":{\"@id\":\"https:\/\/hapmaastricht.nl\/da\/organisationsdiagram\/#primaryimage\"},\"thumbnailUrl\":\"https:\/\/hapmaastricht.nl\/content\/uploads\/2023\/08\/HAP-organogram-2023.jpg\",\"datePublished\":\"2023-05-31T15:08:15+00:00\",\"dateModified\":\"2025-07-10T07:53:56+00:00\",\"breadcrumb\":{\"@id\":\"https:\/\/hapmaastricht.nl\/da\/organisationsdiagram\/#breadcrumb\"},\"inLanguage\":\"da-DK\",\"potentialAction\":[{\"@type\":\"ReadAction\",\"target\":[\"https:\/\/hapmaastricht.nl\/da\/organisationsdiagram\/\"]}]},{\"@type\":\"ImageObject\",\"inLanguage\":\"da-DK\",\"@id\":\"https:\/\/hapmaastricht.nl\/da\/organisationsdiagram\/#primaryimage\",\"url\":\"https:\/\/hapmaastricht.nl\/content\/uploads\/2023\/08\/HAP-organogram-2023.jpg\",\"contentUrl\":\"https:\/\/hapmaastricht.nl\/content\/uploads\/2023\/08\/HAP-organogram-2023.jpg\"},{\"@type\":\"BreadcrumbList\",\"@id\":\"https:\/\/hapmaastricht.nl\/da\/organisationsdiagram\/#breadcrumb\",\"itemListElement\":[{\"@type\":\"ListItem\",\"position\":1,\"name\":\"Home\",\"item\":\"https:\/\/hapmaastricht.nl\/da\/\"},{\"@type\":\"ListItem\",\"position\":2,\"name\":\"Organisationsdiagram\"}]},{\"@type\":\"WebSite\",\"@id\":\"https:\/\/hapmaastricht.nl\/da\/#website\",\"url\":\"https:\/\/hapmaastricht.nl\/da\/\",\"name\":\"Alment praktiserende l\u00e6ges akutpost Maastricht\",\"description\":\"\",\"potentialAction\":[{\"@type\":\"SearchAction\",\"target\":{\"@type\":\"EntryPoint\",\"urlTemplate\":\"https:\/\/hapmaastricht.nl\/da\/?s={search_term_string}\"},\"query-input\":{\"@type\":\"PropertyValueSpecification\",\"valueRequired\":true,\"valueName\":\"search_term_string\"}}],\"inLanguage\":\"da-DK\"}]}<\/script>\n<!-- \/ Yoast SEO plugin. -->","yoast_head_json":{"title":"Ledelse og tilsyn - Alment praktiserende l\u00e6ges akutpost Maastricht","robots":{"index":"index","follow":"follow","max-snippet":"max-snippet:-1","max-image-preview":"max-image-preview:large","max-video-preview":"max-video-preview:-1"},"canonical":"https:\/\/hapmaastricht.nl\/da\/organisationsdiagram\/","og_locale":"da_DK","og_type":"article","og_title":"Ledelse og tilsyn - Alment praktiserende l\u00e6ges akutpost Maastricht","og_description":"Forklaring: Direkt\u00f8ren og direkt\u00f8ren er ansat i HMH Fonden. For \u00f8vrigt personale har fonden en opgaveaftale med MUMC+. Praktiserende l\u00e6ger fra Maastricht og Heuvelland-regionen er tilknyttet HMH-fonden p\u00e5 grundlag af en tilknytningsaftale. For at transportere l\u00e6gen p\u00e5 vagt bruger fonden chauff\u00f8rer fra et medicinsk transportfirma specialiseret inden for det medicinske omr\u00e5de.","og_url":"https:\/\/hapmaastricht.nl\/da\/organisationsdiagram\/","og_site_name":"Alment praktiserende l\u00e6ges akutpost Maastricht","article_modified_time":"2025-07-10T07:53:56+00:00","og_image":[{"url":"https:\/\/hapmaastricht.nl\/content\/uploads\/2023\/08\/HAP-organogram-2023.jpg","type":"","width":"","height":""}],"twitter_card":"summary_large_image","twitter_misc":{"Estimeret l\u00e6setid":"1 minut"},"schema":{"@context":"https:\/\/schema.org","@graph":[{"@type":"WebPage","@id":"https:\/\/hapmaastricht.nl\/da\/organisationsdiagram\/","url":"https:\/\/hapmaastricht.nl\/da\/organisationsdiagram\/","name":"Ledelse og tilsyn - Alment praktiserende l\u00e6ges akutpost Maastricht","isPartOf":{"@id":"https:\/\/hapmaastricht.nl\/da\/#website"},"primaryImageOfPage":{"@id":"https:\/\/hapmaastricht.nl\/da\/organisationsdiagram\/#primaryimage"},"image":{"@id":"https:\/\/hapmaastricht.nl\/da\/organisationsdiagram\/#primaryimage"},"thumbnailUrl":"https:\/\/hapmaastricht.nl\/content\/uploads\/2023\/08\/HAP-organogram-2023.jpg","datePublished":"2023-05-31T15:08:15+00:00","dateModified":"2025-07-10T07:53:56+00:00","breadcrumb":{"@id":"https:\/\/hapmaastricht.nl\/da\/organisationsdiagram\/#breadcrumb"},"inLanguage":"da-DK","potentialAction":[{"@type":"ReadAction","target":["https:\/\/hapmaastricht.nl\/da\/organisationsdiagram\/"]}]},{"@type":"ImageObject","inLanguage":"da-DK","@id":"https:\/\/hapmaastricht.nl\/da\/organisationsdiagram\/#primaryimage","url":"https:\/\/hapmaastricht.nl\/content\/uploads\/2023\/08\/HAP-organogram-2023.jpg","contentUrl":"https:\/\/hapmaastricht.nl\/content\/uploads\/2023\/08\/HAP-organogram-2023.jpg"},{"@type":"BreadcrumbList","@id":"https:\/\/hapmaastricht.nl\/da\/organisationsdiagram\/#breadcrumb","itemListElement":[{"@type":"ListItem","position":1,"name":"Home","item":"https:\/\/hapmaastricht.nl\/da\/"},{"@type":"ListItem","position":2,"name":"Organisationsdiagram"}]},{"@type":"WebSite","@id":"https:\/\/hapmaastricht.nl\/da\/#website","url":"https:\/\/hapmaastricht.nl\/da\/","name":"Alment praktiserende l\u00e6ges akutpost Maastricht","description":"","potentialAction":[{"@type":"SearchAction","target":{"@type":"EntryPoint","urlTemplate":"https:\/\/hapmaastricht.nl\/da\/?s={search_term_string}"},"query-input":{"@type":"PropertyValueSpecification","valueRequired":true,"valueName":"search_term_string"}}],"inLanguage":"da-DK"}]}},"_links":{"self":[{"href":"https:\/\/hapmaastricht.nl\/da\/wp-json\/wp\/v2\/pages\/2579","targetHints":{"allow":["GET"]}}],"collection":[{"href":"https:\/\/hapmaastricht.nl\/da\/wp-json\/wp\/v2\/pages"}],"about":[{"href":"https:\/\/hapmaastricht.nl\/da\/wp-json\/wp\/v2\/types\/page"}],"author":[{"embeddable":true,"href":"https:\/\/hapmaastricht.nl\/da\/wp-json\/wp\/v2\/users\/3"}],"replies":[{"embeddable":true,"href":"https:\/\/hapmaastricht.nl\/da\/wp-json\/wp\/v2\/comments?post=2579"}],"version-history":[{"count":13,"href":"https:\/\/hapmaastricht.nl\/da\/wp-json\/wp\/v2\/pages\/2579\/revisions"}],"predecessor-version":[{"id":9192,"href":"https:\/\/hapmaastricht.nl\/da\/wp-json\/wp\/v2\/pages\/2579\/revisions\/9192"}],"wp:attachment":[{"href":"https:\/\/hapmaastricht.nl\/da\/wp-json\/wp\/v2\/media?parent=2579"}],"curies":[{"name":"wp","href":"https:\/\/api.w.org\/{rel}","templated":true}]}}