{"id":3528,"date":"2023-06-03T14:42:07","date_gmt":"2023-06-03T12:42:07","guid":{"rendered":"https:\/\/multisite.mindd.dev\/hap-maastricht\/?page_id=3528"},"modified":"2025-07-10T09:53:51","modified_gmt":"2025-07-10T07:53:51","slug":"omsorg-sammen-ligger-i-vores-dna","status":"publish","type":"page","link":"https:\/\/hapmaastricht.nl\/da\/omsorg-sammen-ligger-i-vores-dna\/","title":{"rendered":"Omsorg sammen ligger i vores DNA"},"content":{"rendered":"\n\n\n<p>De <a href=\"\/wp-content\/uploads\/sites\/30\/2023\/06\/QUOTES-JAARVERSLAG-2016-def.pdf\" target=\"_blank\" rel=\"noreferrer noopener\">tolv udsagn<\/a> , der prydede en af vores \u00e5rsberetninger for et par \u00e5r siden, er stadig g\u00e6ldende og er i tr\u00e5d med den m\u00e5de, HMH Foundation former sin vision p\u00e5. Som metafor for vores politik bruger vi DNA-strukturen med sloganet: &#8216;Omsorg sammen er i vores DNA&#8217;. HMH Foundation \u00f8nsker at vise, at den indre motivation hos mennesker som (pleje)professionelle med deres entusiasme og passion er n\u00f8dvendig for optimering af plejen. Det er disse mennesker, der sikrer, at patienterne i vores region f\u00e5r den bedst mulige pleje hver dag.<\/p>\n\n\n\n<figure class=\"wp-block-image size-large\"><img decoding=\"async\" width=\"442\" height=\"1024\" src=\"https:\/\/hapmaastricht.nl\/content\/uploads\/2023\/06\/digitale-poster-442x1024.jpg\" alt=\"\" class=\"wp-image-3705\" srcset=\"https:\/\/hapmaastricht.nl\/da\/wp-content\/uploads\/sites\/52\/2023\/06\/digitale-poster-442x1024.jpg 442w, https:\/\/hapmaastricht.nl\/da\/wp-content\/uploads\/sites\/52\/2023\/06\/digitale-poster-130x300.jpg 130w, https:\/\/hapmaastricht.nl\/da\/wp-content\/uploads\/sites\/52\/2023\/06\/digitale-poster-768x1779.jpg 768w, https:\/\/hapmaastricht.nl\/da\/wp-content\/uploads\/sites\/52\/2023\/06\/digitale-poster-663x1536.jpg 663w, https:\/\/hapmaastricht.nl\/da\/wp-content\/uploads\/sites\/52\/2023\/06\/digitale-poster-884x2048.jpg 884w, https:\/\/hapmaastricht.nl\/da\/wp-content\/uploads\/sites\/52\/2023\/06\/digitale-poster-scaled.jpg 1105w\" sizes=\"(max-width: 442px) 100vw, 442px\" \/><\/figure>\n","protected":false},"excerpt":{"rendered":"<p>De tolv udsagn, der prydede en af vores \u00e5rsberetninger for et par \u00e5r siden, g\u00e6lder stadig og er i tr\u00e5d med, hvordan HMH Fonden former sin vision. Som en metafor for vores politik bruger vi DNA-strukturen med sloganet: \u201eAt passe sammen er i vores DNA\u201c. HMH Fonden \u00f8nsker s\u00e5ledes at vise, at for at optimere plejen er folks iboende motivation som (pleje) professionel med hans eller hendes entusiasme og lidenskab n\u00f8dvendig. Det er disse mennesker, der dag ud og dag ud sikrer, at den bedst mulige pleje af patienter i vores region [&#8230;]<\/p>\n","protected":false},"author":3,"featured_media":0,"parent":0,"menu_order":128,"comment_status":"closed","ping_status":"closed","template":"","meta":{"_acf_changed":false,"_trash_the_other_posts":false,"editor_notices":[],"footnotes":""},"class_list":["post-3528","page","type-page","status-publish","hentry"],"acf":[],"yoast_head":"<!-- This site is optimized with the Yoast SEO plugin v26.6 - https:\/\/yoast.com\/wordpress\/plugins\/seo\/ -->\n<title>Omsorg sammen ligger i vores DNA - Alment praktiserende l\u00e6ges akutpost Maastricht<\/title>\n<meta name=\"robots\" content=\"index, follow, max-snippet:-1, max-image-preview:large, max-video-preview:-1\" \/>\n<link rel=\"canonical\" href=\"https:\/\/hapmaastricht.nl\/da\/at-pleje-sammen-er-i-vores-dna\/\" \/>\n<meta property=\"og:locale\" content=\"da_DK\" \/>\n<meta property=\"og:type\" content=\"article\" \/>\n<meta property=\"og:title\" content=\"Omsorg sammen ligger i vores DNA - Alment praktiserende l\u00e6ges akutpost Maastricht\" \/>\n<meta property=\"og:description\" content=\"De tolv udsagn, der prydede en af vores \u00e5rsberetninger for et par \u00e5r siden, g\u00e6lder stadig og er i tr\u00e5d med, hvordan HMH Fonden former sin vision. Som en metafor for vores politik bruger vi DNA-strukturen med sloganet: \u201eAt passe sammen er i vores DNA\u201c. HMH Fonden \u00f8nsker s\u00e5ledes at vise, at for at optimere plejen er folks iboende motivation som (pleje) professionel med hans eller hendes entusiasme og lidenskab n\u00f8dvendig. Det er disse mennesker, der dag ud og dag ud sikrer, at den bedst mulige pleje af patienter i vores region [...]\" \/>\n<meta property=\"og:url\" content=\"https:\/\/hapmaastricht.nl\/da\/at-pleje-sammen-er-i-vores-dna\/\" \/>\n<meta property=\"og:site_name\" content=\"Alment praktiserende l\u00e6ges akutpost Maastricht\" \/>\n<meta property=\"article:modified_time\" content=\"2025-07-10T07:53:51+00:00\" \/>\n<meta property=\"og:image\" content=\"https:\/\/hapmaastricht.nl\/content\/uploads\/2023\/06\/digitale-poster-442x1024.jpg\" \/>\n<meta name=\"twitter:card\" content=\"summary_large_image\" \/>\n<meta name=\"twitter:label1\" content=\"Estimeret l\u00e6setid\" \/>\n\t<meta name=\"twitter:data1\" content=\"1 minut\" \/>\n<script type=\"application\/ld+json\" class=\"yoast-schema-graph\">{\"@context\":\"https:\/\/schema.org\",\"@graph\":[{\"@type\":\"WebPage\",\"@id\":\"https:\/\/hapmaastricht.nl\/da\/at-pleje-sammen-er-i-vores-dna\/\",\"url\":\"https:\/\/hapmaastricht.nl\/da\/at-pleje-sammen-er-i-vores-dna\/\",\"name\":\"Omsorg sammen ligger i vores DNA - Alment praktiserende l\u00e6ges akutpost Maastricht\",\"isPartOf\":{\"@id\":\"https:\/\/hapmaastricht.nl\/da\/#website\"},\"primaryImageOfPage\":{\"@id\":\"https:\/\/hapmaastricht.nl\/da\/at-pleje-sammen-er-i-vores-dna\/#primaryimage\"},\"image\":{\"@id\":\"https:\/\/hapmaastricht.nl\/da\/at-pleje-sammen-er-i-vores-dna\/#primaryimage\"},\"thumbnailUrl\":\"https:\/\/hapmaastricht.nl\/content\/uploads\/2023\/06\/digitale-poster-442x1024.jpg\",\"datePublished\":\"2023-06-03T12:42:07+00:00\",\"dateModified\":\"2025-07-10T07:53:51+00:00\",\"breadcrumb\":{\"@id\":\"https:\/\/hapmaastricht.nl\/da\/at-pleje-sammen-er-i-vores-dna\/#breadcrumb\"},\"inLanguage\":\"da-DK\",\"potentialAction\":[{\"@type\":\"ReadAction\",\"target\":[\"https:\/\/hapmaastricht.nl\/da\/at-pleje-sammen-er-i-vores-dna\/\"]}]},{\"@type\":\"ImageObject\",\"inLanguage\":\"da-DK\",\"@id\":\"https:\/\/hapmaastricht.nl\/da\/at-pleje-sammen-er-i-vores-dna\/#primaryimage\",\"url\":\"https:\/\/hapmaastricht.nl\/content\/uploads\/2023\/06\/digitale-poster-442x1024.jpg\",\"contentUrl\":\"https:\/\/hapmaastricht.nl\/content\/uploads\/2023\/06\/digitale-poster-442x1024.jpg\"},{\"@type\":\"BreadcrumbList\",\"@id\":\"https:\/\/hapmaastricht.nl\/da\/at-pleje-sammen-er-i-vores-dna\/#breadcrumb\",\"itemListElement\":[{\"@type\":\"ListItem\",\"position\":1,\"name\":\"Home\",\"item\":\"https:\/\/hapmaastricht.nl\/da\/\"},{\"@type\":\"ListItem\",\"position\":2,\"name\":\"Omsorg sammen er i vores DNA\"}]},{\"@type\":\"WebSite\",\"@id\":\"https:\/\/hapmaastricht.nl\/da\/#website\",\"url\":\"https:\/\/hapmaastricht.nl\/da\/\",\"name\":\"Alment praktiserende l\u00e6ges akutpost Maastricht\",\"description\":\"\",\"potentialAction\":[{\"@type\":\"SearchAction\",\"target\":{\"@type\":\"EntryPoint\",\"urlTemplate\":\"https:\/\/hapmaastricht.nl\/da\/?s={search_term_string}\"},\"query-input\":{\"@type\":\"PropertyValueSpecification\",\"valueRequired\":true,\"valueName\":\"search_term_string\"}}],\"inLanguage\":\"da-DK\"}]}<\/script>\n<!-- \/ Yoast SEO plugin. -->","yoast_head_json":{"title":"Omsorg sammen ligger i vores DNA - Alment praktiserende l\u00e6ges akutpost Maastricht","robots":{"index":"index","follow":"follow","max-snippet":"max-snippet:-1","max-image-preview":"max-image-preview:large","max-video-preview":"max-video-preview:-1"},"canonical":"https:\/\/hapmaastricht.nl\/da\/at-pleje-sammen-er-i-vores-dna\/","og_locale":"da_DK","og_type":"article","og_title":"Omsorg sammen ligger i vores DNA - Alment praktiserende l\u00e6ges akutpost Maastricht","og_description":"De tolv udsagn, der prydede en af vores \u00e5rsberetninger for et par \u00e5r siden, g\u00e6lder stadig og er i tr\u00e5d med, hvordan HMH Fonden former sin vision. Som en metafor for vores politik bruger vi DNA-strukturen med sloganet: \u201eAt passe sammen er i vores DNA\u201c. HMH Fonden \u00f8nsker s\u00e5ledes at vise, at for at optimere plejen er folks iboende motivation som (pleje) professionel med hans eller hendes entusiasme og lidenskab n\u00f8dvendig. Det er disse mennesker, der dag ud og dag ud sikrer, at den bedst mulige pleje af patienter i vores region [...]","og_url":"https:\/\/hapmaastricht.nl\/da\/at-pleje-sammen-er-i-vores-dna\/","og_site_name":"Alment praktiserende l\u00e6ges akutpost Maastricht","article_modified_time":"2025-07-10T07:53:51+00:00","og_image":[{"url":"https:\/\/hapmaastricht.nl\/content\/uploads\/2023\/06\/digitale-poster-442x1024.jpg","type":"","width":"","height":""}],"twitter_card":"summary_large_image","twitter_misc":{"Estimeret l\u00e6setid":"1 minut"},"schema":{"@context":"https:\/\/schema.org","@graph":[{"@type":"WebPage","@id":"https:\/\/hapmaastricht.nl\/da\/at-pleje-sammen-er-i-vores-dna\/","url":"https:\/\/hapmaastricht.nl\/da\/at-pleje-sammen-er-i-vores-dna\/","name":"Omsorg sammen ligger i vores DNA - Alment praktiserende l\u00e6ges akutpost Maastricht","isPartOf":{"@id":"https:\/\/hapmaastricht.nl\/da\/#website"},"primaryImageOfPage":{"@id":"https:\/\/hapmaastricht.nl\/da\/at-pleje-sammen-er-i-vores-dna\/#primaryimage"},"image":{"@id":"https:\/\/hapmaastricht.nl\/da\/at-pleje-sammen-er-i-vores-dna\/#primaryimage"},"thumbnailUrl":"https:\/\/hapmaastricht.nl\/content\/uploads\/2023\/06\/digitale-poster-442x1024.jpg","datePublished":"2023-06-03T12:42:07+00:00","dateModified":"2025-07-10T07:53:51+00:00","breadcrumb":{"@id":"https:\/\/hapmaastricht.nl\/da\/at-pleje-sammen-er-i-vores-dna\/#breadcrumb"},"inLanguage":"da-DK","potentialAction":[{"@type":"ReadAction","target":["https:\/\/hapmaastricht.nl\/da\/at-pleje-sammen-er-i-vores-dna\/"]}]},{"@type":"ImageObject","inLanguage":"da-DK","@id":"https:\/\/hapmaastricht.nl\/da\/at-pleje-sammen-er-i-vores-dna\/#primaryimage","url":"https:\/\/hapmaastricht.nl\/content\/uploads\/2023\/06\/digitale-poster-442x1024.jpg","contentUrl":"https:\/\/hapmaastricht.nl\/content\/uploads\/2023\/06\/digitale-poster-442x1024.jpg"},{"@type":"BreadcrumbList","@id":"https:\/\/hapmaastricht.nl\/da\/at-pleje-sammen-er-i-vores-dna\/#breadcrumb","itemListElement":[{"@type":"ListItem","position":1,"name":"Home","item":"https:\/\/hapmaastricht.nl\/da\/"},{"@type":"ListItem","position":2,"name":"Omsorg sammen er i vores DNA"}]},{"@type":"WebSite","@id":"https:\/\/hapmaastricht.nl\/da\/#website","url":"https:\/\/hapmaastricht.nl\/da\/","name":"Alment praktiserende l\u00e6ges akutpost Maastricht","description":"","potentialAction":[{"@type":"SearchAction","target":{"@type":"EntryPoint","urlTemplate":"https:\/\/hapmaastricht.nl\/da\/?s={search_term_string}"},"query-input":{"@type":"PropertyValueSpecification","valueRequired":true,"valueName":"search_term_string"}}],"inLanguage":"da-DK"}]}},"_links":{"self":[{"href":"https:\/\/hapmaastricht.nl\/da\/wp-json\/wp\/v2\/pages\/3528","targetHints":{"allow":["GET"]}}],"collection":[{"href":"https:\/\/hapmaastricht.nl\/da\/wp-json\/wp\/v2\/pages"}],"about":[{"href":"https:\/\/hapmaastricht.nl\/da\/wp-json\/wp\/v2\/types\/page"}],"author":[{"embeddable":true,"href":"https:\/\/hapmaastricht.nl\/da\/wp-json\/wp\/v2\/users\/3"}],"replies":[{"embeddable":true,"href":"https:\/\/hapmaastricht.nl\/da\/wp-json\/wp\/v2\/comments?post=3528"}],"version-history":[{"count":1,"href":"https:\/\/hapmaastricht.nl\/da\/wp-json\/wp\/v2\/pages\/3528\/revisions"}],"predecessor-version":[{"id":9190,"href":"https:\/\/hapmaastricht.nl\/da\/wp-json\/wp\/v2\/pages\/3528\/revisions\/9190"}],"wp:attachment":[{"href":"https:\/\/hapmaastricht.nl\/da\/wp-json\/wp\/v2\/media?parent=3528"}],"curies":[{"name":"wp","href":"https:\/\/api.w.org\/{rel}","templated":true}]}}