{"id":7026,"date":"2023-05-19T09:34:08","date_gmt":"2023-05-19T07:34:08","guid":{"rendered":"https:\/\/multisite.mindd.dev\/hap-maastricht\/studenten-en-expats\/"},"modified":"2025-07-10T09:55:47","modified_gmt":"2025-07-10T07:55:47","slug":"studerende-og-expats","status":"publish","type":"page","link":"https:\/\/hapmaastricht.nl\/da\/studerende-og-expats\/","title":{"rendered":"Studerende eller udstationeret i Maastricht eller omegn?"},"content":{"rendered":"\n\n\n<h2 class=\"wp-block-heading\"><strong>Find en l\u00e6ge i n\u00e6rheden af dig<\/strong><\/h2>\n\n\n\n<p>Hvis du kommer for at bo\/studere i Maastricht eller det omkringliggende omr\u00e5de, skal du registrere dig hos en praktiserende l\u00e6ge i dit omr\u00e5de. L\u00e6gen har alle dine medicinske data.  Dette er meget vigtigt, n\u00e5r du vurderer din anmodning om hj\u00e6lp, n\u00e5r du kontakter vores akutl\u00e6getjeneste. Den praktiserende l\u00e6ges n\u00f8dstation Maastricht og Heuvelland er kun tilg\u00e6ngelig i n\u00f8dstilf\u00e6lde uden for den praktiserende l\u00e6ges \u00e5bningstid.<\/p>\n\n\n\n<p>S\u00f8g <a href=\"\/praktijken\">p\u00e5 denne side<\/a> efter en praktiserende l\u00e6ge i dit omr\u00e5de.<\/p>\n\n\n\n<h2 class=\"wp-block-heading\"><strong>Hvordan fungerer sundhedsv\u00e6senet i Holland?<\/strong><\/h2>\n\n\n\n<p>Den praktiserende l\u00e6ge er en del af den prim\u00e6re sundhedspleje, og derfor skal du registrere dig hos en praktiserende l\u00e6ge i dit omr\u00e5de. For alle dine helbredsproblemer, b\u00e5de fysiske og psykiske, g\u00e5r du f\u00f8rst til l\u00e6gen. Han\/hun kan behandle de fleste helbredsproblemer. Hvis det er n\u00f8dvendigt, vil den praktiserende l\u00e6ge henvise dig til en speciall\u00e6ge p\u00e5 hospitalet. I Holland er det ikke tilladt at g\u00e5 direkte til hospitalet (medmindre det er en n\u00f8dsituation). Hvis der er behov for behandling hos en speciall\u00e6ge, b\u00f8r du f\u00f8rst kontakte en praktiserende l\u00e6ge, som vil give dig et henvisningsbrev. Glem ikke at lave en fotokopi af henvisningsbrevet til dit sygesikringsselskab. Den praktiserende l\u00e6ge vil ikke altid automatisk ordinere medicin. I nogle tilf\u00e6lde foretager den praktiserende l\u00e6ge et hjemmebes\u00f8g, men disse konsultationer er dyrere.<\/p>\n\n\n\n<p><\/p>\n\n\n\n<figure class=\"wp-block-embed is-type-video is-provider-youtube wp-block-embed-youtube wp-embed-aspect-16-9 wp-has-aspect-ratio\"><div class=\"wp-block-embed__wrapper\">https:\/\/www.youtube.com\/watch?v=Lz_mEKb3_as<\/div><\/figure>\n\n\n\n<p><\/p>\n\n\n\n<h2 class=\"wp-block-heading\">Hvis du har brug for akut l\u00e6gehj\u00e6lp efter kontortid hos din egen l\u00e6ge<\/h2>\n\n\n\n<p>Praktiserende l\u00e6ger i Maastricht og omegn deler opgaverne op efter arbejdstid. Hvis du har akut brug for hj\u00e6lp fra en praktiserende l\u00e6ge om natten, i weekenden eller p\u00e5 helligdage, kan du kontakte den praktiserende l\u00e6ges n\u00f8dstation Maastricht &amp; Heuvelland. For at sikre, at din klage virkelig haster, skal du f\u00f8rst tjekke <a href=\"\/\">selvtriagev\u00e6rkt\u00f8jet<\/a>.<\/p>\n\n\n\n<p>Hvis du r\u00e5des til at kontakte os, bedes du ringe p\u00e5 +31 43 7500 123 og have dine personlige oplysninger klar, mens du ringer. L\u00e6gens assistent vil bede om f\u00f8lgende oplysninger:<\/p>\n\n\n\n<ul class=\"wp-block-list\">\n<li>dit navn, adresse, f\u00f8dselsdato og et telefonnummer, hvor du kan kontaktes<\/li>\n\n\n\n<li>oplysninger om din sygesikring,<\/li>\n\n\n\n<li>personlig identifikation<\/li>\n\n\n\n<li>navnene p\u00e5 al den medicin, du bruger.<\/li>\n<\/ul>\n\n\n\n<h3 class=\"wp-block-heading h2\">Medbring til en aftale p\u00e5 den praktiserende l\u00e6ges n\u00f8dpost:<\/h3>\n\n\n\n<ul class=\"wp-block-list\">\n<li>personlig identifikation<\/li>\n\n\n\n<li>oplysninger om din sygeforsikring,<\/li>\n\n\n\n<li>betaling (kontanter, kredit- eller betalingskort). Hvis du betaler kontant, modtager du en kvittering.<\/li>\n<\/ul>\n\n\n\n<h2 class=\"wp-block-heading\"><strong>Sygeforsikring<\/strong><\/h2>\n\n\n\n<p>Glem ikke at medbringe dine forsikringspapirer, n\u00e5r du bes\u00f8ger vores l\u00e6geskadestation. Hvis du ikke har en hollandsk sygeforsikring, skal du betale kontant ved skranken. Hvis du betaler kontant, modtager du en kvittering. Du kan kr\u00e6ve disse omkostninger fra din egen sygeforsikring.<\/p>\n","protected":false},"excerpt":{"rendered":"<p>Find en l\u00e6ge i n\u00e6rheden af dig Hvis du kommer til at boe\/studere i Maastricht eller det omkringliggende omr\u00e5de, tilmeld dig en l\u00e6ge i n\u00e6rheden af dig. L\u00e6gen har alle dine medicinske oplysninger. Dette er meget vigtigt i vurderingen af din anmodning om hj\u00e6lp, n\u00e5r du kontakter vores l\u00e6gehj\u00e6lpstjeneste. Maastricht og Heuvelland General Practitioners Emergency Post er kun tilg\u00e6ngelig i n\u00f8dsituationer uden for l\u00e6gens \u00e5bningstider. Find en l\u00e6ge i n\u00e6rheden af dig p\u00e5 denne side. Hvordan fungerer sundhedsv\u00e6senet i Holland? L\u00e6gen er en prim\u00e6r sundhedsudbyder, hvorfor du skal registrere dig hos en [&#8230;]<\/p>\n","protected":false},"author":3,"featured_media":0,"parent":0,"menu_order":145,"comment_status":"closed","ping_status":"closed","template":"","meta":{"_acf_changed":false,"_trash_the_other_posts":false,"editor_notices":[],"footnotes":""},"class_list":["post-7026","page","type-page","status-publish","hentry"],"acf":[],"yoast_head":"<!-- This site is optimized with the Yoast SEO plugin v26.6 - https:\/\/yoast.com\/wordpress\/plugins\/seo\/ -->\n<title>Studerende eller udstationeret i Maastricht eller omegn? - Alment praktiserende l\u00e6ges akutpost Maastricht<\/title>\n<meta name=\"robots\" content=\"index, follow, max-snippet:-1, max-image-preview:large, max-video-preview:-1\" \/>\n<link rel=\"canonical\" href=\"https:\/\/hapmaastricht.nl\/da\/studerende-og-udstationerede\/\" \/>\n<meta property=\"og:locale\" content=\"da_DK\" \/>\n<meta property=\"og:type\" content=\"article\" \/>\n<meta property=\"og:title\" content=\"Studerende eller udstationeret i Maastricht eller omegn? - Alment praktiserende l\u00e6ges akutpost Maastricht\" \/>\n<meta property=\"og:description\" content=\"Find en l\u00e6ge i n\u00e6rheden af dig Hvis du kommer til at boe\/studere i Maastricht eller det omkringliggende omr\u00e5de, tilmeld dig en l\u00e6ge i n\u00e6rheden af dig. L\u00e6gen har alle dine medicinske oplysninger. Dette er meget vigtigt i vurderingen af din anmodning om hj\u00e6lp, n\u00e5r du kontakter vores l\u00e6gehj\u00e6lpstjeneste. Maastricht og Heuvelland General Practitioners Emergency Post er kun tilg\u00e6ngelig i n\u00f8dsituationer uden for l\u00e6gens \u00e5bningstider. Find en l\u00e6ge i n\u00e6rheden af dig p\u00e5 denne side. Hvordan fungerer sundhedsv\u00e6senet i Holland? L\u00e6gen er en prim\u00e6r sundhedsudbyder, hvorfor du skal registrere dig hos en [...]\" \/>\n<meta property=\"og:url\" content=\"https:\/\/hapmaastricht.nl\/da\/studerende-og-udstationerede\/\" \/>\n<meta property=\"og:site_name\" content=\"Alment praktiserende l\u00e6ges akutpost Maastricht\" \/>\n<meta property=\"article:modified_time\" content=\"2025-07-10T07:55:47+00:00\" \/>\n<meta name=\"twitter:card\" content=\"summary_large_image\" \/>\n<meta name=\"twitter:label1\" content=\"Estimeret l\u00e6setid\" \/>\n\t<meta name=\"twitter:data1\" content=\"3 minutter\" \/>\n<script type=\"application\/ld+json\" class=\"yoast-schema-graph\">{\"@context\":\"https:\/\/schema.org\",\"@graph\":[{\"@type\":\"WebPage\",\"@id\":\"https:\/\/hapmaastricht.nl\/da\/studerende-og-udstationerede\/\",\"url\":\"https:\/\/hapmaastricht.nl\/da\/studerende-og-udstationerede\/\",\"name\":\"Studerende eller udstationeret i Maastricht eller omegn? - Alment praktiserende l\u00e6ges akutpost Maastricht\",\"isPartOf\":{\"@id\":\"https:\/\/hapmaastricht.nl\/da\/#website\"},\"datePublished\":\"2023-05-19T07:34:08+00:00\",\"dateModified\":\"2025-07-10T07:55:47+00:00\",\"breadcrumb\":{\"@id\":\"https:\/\/hapmaastricht.nl\/da\/studerende-og-udstationerede\/#breadcrumb\"},\"inLanguage\":\"da-DK\",\"potentialAction\":[{\"@type\":\"ReadAction\",\"target\":[\"https:\/\/hapmaastricht.nl\/da\/studerende-og-udstationerede\/\"]}]},{\"@type\":\"BreadcrumbList\",\"@id\":\"https:\/\/hapmaastricht.nl\/da\/studerende-og-udstationerede\/#breadcrumb\",\"itemListElement\":[{\"@type\":\"ListItem\",\"position\":1,\"name\":\"Home\",\"item\":\"https:\/\/hapmaastricht.nl\/da\/\"},{\"@type\":\"ListItem\",\"position\":2,\"name\":\"Studerende eller udstationeret i Maastricht eller det omkringliggende omr\u00e5de?\"}]},{\"@type\":\"WebSite\",\"@id\":\"https:\/\/hapmaastricht.nl\/da\/#website\",\"url\":\"https:\/\/hapmaastricht.nl\/da\/\",\"name\":\"Alment praktiserende l\u00e6ges akutpost Maastricht\",\"description\":\"\",\"potentialAction\":[{\"@type\":\"SearchAction\",\"target\":{\"@type\":\"EntryPoint\",\"urlTemplate\":\"https:\/\/hapmaastricht.nl\/da\/?s={search_term_string}\"},\"query-input\":{\"@type\":\"PropertyValueSpecification\",\"valueRequired\":true,\"valueName\":\"search_term_string\"}}],\"inLanguage\":\"da-DK\"}]}<\/script>\n<!-- \/ Yoast SEO plugin. -->","yoast_head_json":{"title":"Studerende eller udstationeret i Maastricht eller omegn? - Alment praktiserende l\u00e6ges akutpost Maastricht","robots":{"index":"index","follow":"follow","max-snippet":"max-snippet:-1","max-image-preview":"max-image-preview:large","max-video-preview":"max-video-preview:-1"},"canonical":"https:\/\/hapmaastricht.nl\/da\/studerende-og-udstationerede\/","og_locale":"da_DK","og_type":"article","og_title":"Studerende eller udstationeret i Maastricht eller omegn? - Alment praktiserende l\u00e6ges akutpost Maastricht","og_description":"Find en l\u00e6ge i n\u00e6rheden af dig Hvis du kommer til at boe\/studere i Maastricht eller det omkringliggende omr\u00e5de, tilmeld dig en l\u00e6ge i n\u00e6rheden af dig. L\u00e6gen har alle dine medicinske oplysninger. Dette er meget vigtigt i vurderingen af din anmodning om hj\u00e6lp, n\u00e5r du kontakter vores l\u00e6gehj\u00e6lpstjeneste. Maastricht og Heuvelland General Practitioners Emergency Post er kun tilg\u00e6ngelig i n\u00f8dsituationer uden for l\u00e6gens \u00e5bningstider. Find en l\u00e6ge i n\u00e6rheden af dig p\u00e5 denne side. Hvordan fungerer sundhedsv\u00e6senet i Holland? L\u00e6gen er en prim\u00e6r sundhedsudbyder, hvorfor du skal registrere dig hos en [...]","og_url":"https:\/\/hapmaastricht.nl\/da\/studerende-og-udstationerede\/","og_site_name":"Alment praktiserende l\u00e6ges akutpost Maastricht","article_modified_time":"2025-07-10T07:55:47+00:00","twitter_card":"summary_large_image","twitter_misc":{"Estimeret l\u00e6setid":"3 minutter"},"schema":{"@context":"https:\/\/schema.org","@graph":[{"@type":"WebPage","@id":"https:\/\/hapmaastricht.nl\/da\/studerende-og-udstationerede\/","url":"https:\/\/hapmaastricht.nl\/da\/studerende-og-udstationerede\/","name":"Studerende eller udstationeret i Maastricht eller omegn? - Alment praktiserende l\u00e6ges akutpost Maastricht","isPartOf":{"@id":"https:\/\/hapmaastricht.nl\/da\/#website"},"datePublished":"2023-05-19T07:34:08+00:00","dateModified":"2025-07-10T07:55:47+00:00","breadcrumb":{"@id":"https:\/\/hapmaastricht.nl\/da\/studerende-og-udstationerede\/#breadcrumb"},"inLanguage":"da-DK","potentialAction":[{"@type":"ReadAction","target":["https:\/\/hapmaastricht.nl\/da\/studerende-og-udstationerede\/"]}]},{"@type":"BreadcrumbList","@id":"https:\/\/hapmaastricht.nl\/da\/studerende-og-udstationerede\/#breadcrumb","itemListElement":[{"@type":"ListItem","position":1,"name":"Home","item":"https:\/\/hapmaastricht.nl\/da\/"},{"@type":"ListItem","position":2,"name":"Studerende eller udstationeret i Maastricht eller det omkringliggende omr\u00e5de?"}]},{"@type":"WebSite","@id":"https:\/\/hapmaastricht.nl\/da\/#website","url":"https:\/\/hapmaastricht.nl\/da\/","name":"Alment praktiserende l\u00e6ges akutpost Maastricht","description":"","potentialAction":[{"@type":"SearchAction","target":{"@type":"EntryPoint","urlTemplate":"https:\/\/hapmaastricht.nl\/da\/?s={search_term_string}"},"query-input":{"@type":"PropertyValueSpecification","valueRequired":true,"valueName":"search_term_string"}}],"inLanguage":"da-DK"}]}},"_links":{"self":[{"href":"https:\/\/hapmaastricht.nl\/da\/wp-json\/wp\/v2\/pages\/7026","targetHints":{"allow":["GET"]}}],"collection":[{"href":"https:\/\/hapmaastricht.nl\/da\/wp-json\/wp\/v2\/pages"}],"about":[{"href":"https:\/\/hapmaastricht.nl\/da\/wp-json\/wp\/v2\/types\/page"}],"author":[{"embeddable":true,"href":"https:\/\/hapmaastricht.nl\/da\/wp-json\/wp\/v2\/users\/3"}],"replies":[{"embeddable":true,"href":"https:\/\/hapmaastricht.nl\/da\/wp-json\/wp\/v2\/comments?post=7026"}],"version-history":[{"count":2,"href":"https:\/\/hapmaastricht.nl\/da\/wp-json\/wp\/v2\/pages\/7026\/revisions"}],"predecessor-version":[{"id":9254,"href":"https:\/\/hapmaastricht.nl\/da\/wp-json\/wp\/v2\/pages\/7026\/revisions\/9254"}],"wp:attachment":[{"href":"https:\/\/hapmaastricht.nl\/da\/wp-json\/wp\/v2\/media?parent=7026"}],"curies":[{"name":"wp","href":"https:\/\/api.w.org\/{rel}","templated":true}]}}