{"id":2029,"date":"2023-04-28T09:42:59","date_gmt":"2023-04-28T07:42:59","guid":{"rendered":"https:\/\/multisite.mindd.dev\/hap-maastricht\/?page_id=2029"},"modified":"2026-02-11T09:58:17","modified_gmt":"2026-02-11T08:58:17","slug":"tarife","status":"publish","type":"page","link":"https:\/\/hapmaastricht.nl\/de\/tarife\/","title":{"rendered":"Preise"},"content":{"rendered":"\n<p>Die Versorgung des Allgemeinmediziners wird \u00fcber die Grundversicherung versichert. Die Kosten f\u00fcr die Hausarztversorgung werden nicht auf Ihre Selbstbeteiligung abgerechnet. Es ist m\u00f6glich, dass Sie eine Rechnung von uns erhalten, da wir nicht direkt von Ihrer Krankenversicherung geltend machen k\u00f6nnen. Sie m\u00fcssen dann die Kosten an uns zahlen und eine R\u00fcckerstattung bei Ihrer Krankenversicherung beantragen. Alle zus\u00e4tzlichen vom Hausarzt angeforderten Untersuchungen und verschriebene Medikamente werden von Dritten geltend gemacht und sind in der Regel durch den Selbstbehalt abgedeckt. <\/p>\n\n\n\n<p>In gesch\u00e4ftigen Zeiten arbeiten wir gemeinsam mit anderen Notaufnahmen von Haus\u00e4rzten in Limburg. Deshalb ist es m\u00f6glich, dass Sie eine Rechnung oder eine Erkl\u00e4rungs\u00fcbersicht von einem anderen Limburger Hausarzt \u00c4rztlicher Notdienst erhalten. F\u00fcr die Preise dieses Beitrags besuchen Sie bitte die Website des betreffenden Beitrags.<\/p>\n\n\n\n<h2 class=\"wp-block-heading\">Unsere Tarife <\/h2>\n\n\n\n<p><em>Ermittelt von der niederl\u00e4ndischen Gesundheitsbeh\u00f6rde in Euro:<\/em><\/p>\n\n\n\n<p><\/p>\n\n\n\n<div class=\"wp-block-columns is-layout-flex wp-container-core-columns-is-layout-9d6595d7 wp-block-columns-is-layout-flex\">\n<div class=\"wp-block-column is-layout-flow wp-block-column-is-layout-flow\">\n<h3 class=\"wp-block-heading h4\">Stand: 1. Januar 2025<\/h3>\n\n\n\n<p class=\"has-text-align-left\">Beratung: 189,21 \u20ac<\/p>\n\n\n\n<p>Besuch: \u20ac 283,82<\/p>\n\n\n\n<p>Triageberatung: <br>\u20ac35,00<\/p>\n<\/div>\n\n\n\n<div class=\"wp-block-column is-layout-flow wp-block-column-is-layout-flow\">\n<h3 class=\"wp-block-heading h4\">Stand: 1. November 2025<\/h3>\n\n\n\n<p class=\"has-text-align-left\">Beratung: 172,04 \u20ac<\/p>\n\n\n\n<p>Besuch: \u20ac 258,05<\/p>\n\n\n\n<p>Triageberatung: <br>\u20ac35,00<\/p>\n<\/div>\n\n\n\n<div class=\"wp-block-column is-layout-flow wp-block-column-is-layout-flow\">\n<h3 class=\"wp-block-heading h4\">Stand: 1. Januar 20256<\/h3>\n\n\n\n<p>Beratung: 183,75 \u20ac<\/p>\n\n\n\n<p>Besuch: \u20ac 275,62<\/p>\n\n\n\n<p>Triageberatung: <br>\u20ac35,00<\/p>\n<\/div>\n<\/div>\n\n\n\n<h2 class=\"wp-block-heading\">Bezahlen Sie \u00fcber Zahlungslink<\/h2>\n\n\n\n<p>Sollten wir die Kosten Ihres Besuchs beim Huisartsen \u00c4rztlicher Notdienst nicht direkt bei Ihrem Versicherer geltend machen k\u00f6nnen, senden wir Ihnen eine Zahlungsanfrage per SMS per Sendi. Diese SMS enth\u00e4lt einen Link zu einer vertrauensw\u00fcrdigen Zahlungsumgebung. Das macht das Bezahlen \u00fcber Ihr Handy einfach und sicher.<\/p>\n\n\n\n<p><\/p>\n\n\n\n<h2 class=\"wp-block-heading\">Vermeiden Sie Inkassokosten<\/h2>\n\n\n\n<p>Vermeiden Sie Inkassokosten und stellen Sie sicher, dass Sie Ihre korrekte Adresse und Telefonnummer griffbereit haben, wenn Sie den \u00c4rztlichen Notdienst Deutsch kontaktieren. Sie k\u00f6nnen uns auch Ihre korrekten Adressdaten per E-Mail per&nbsp;<u><span style=\"text-decoration: underline\"><a href=\"mailto:admin@hapmaastricht.nl\">admin@hapmaastricht.nl<\/a><\/span><\/u> senden. Haben Sie Fragen zu Ihrer Rechnung? Schicken Sie <u><a href=\"mailto:admin@hapmaastricht.nl\">admin@hapmaastricht.nl<\/a><\/u>&nbsp;&nbsp;per Post und nennen Sie die Rechnung und die Schuldnernummer.<\/p>\n\n\n\n<p><strong>Bitte beachten Sie!<\/strong><\/p>\n\n\n\n<p class=\"has-white-color has-vivid-red-background-color has-text-color has-background\">Erscheint ein Patient nicht zur Konsultation, wird eine Triage-Beratung berechnet.<\/p>\n","protected":false},"excerpt":{"rendered":"<p>Die allgemeine Pflege wird von der Grundversicherung \u00fcbernommen. Die Kosten f\u00fcr die allgemeine Pflege werden nicht von Ihrem Selbstbehalt getragen. Es ist m\u00f6glich, dass Sie von uns eine Rechnung erhalten, da wir diese nicht direkt bei Ihrer Krankenkasse geltend machen k\u00f6nnen. Sie m\u00fcssen dann die Kosten an uns zahlen und sie bei Ihrer Krankenkasse zur\u00fcckfordern. Alle vom Arzt gew\u00fcnschten zus\u00e4tzlichen Untersuchungen und verschriebenen Medikamente werden von Dritten deklariert und sind in der Regel selbstbehalt. Unsere von der niederl\u00e4ndischen Gesundheitsbeh\u00f6rde in Euro festgelegten Tarife: Januar 2023 Beratung: 112,66\u20ac Besuch: 168,99\u20ac Triage-Beratung: 35,00\u20ac Februar bis April 2023 Beratung: 138,23\u20ac Besuch: 207,35\u20ac [&#8230;]<\/p>\n","protected":false},"author":3,"featured_media":0,"parent":0,"menu_order":160,"comment_status":"closed","ping_status":"closed","template":"","meta":{"_acf_changed":false,"_trash_the_other_posts":false,"editor_notices":[],"footnotes":""},"class_list":["post-2029","page","type-page","status-publish","hentry"],"acf":[],"yoast_head":"<!-- This site is optimized with the Yoast SEO plugin v26.6 - https:\/\/yoast.com\/wordpress\/plugins\/seo\/ -->\n<title>Was kostet ein Besuch in der Notaufnahme der Allgemeinmediziner in Maastricht?<\/title>\n<meta name=\"description\" content=\"Die allgemeine Pflege wird von der Grundversicherung \u00fcbernommen. Dies sind unsere Tarife, die von der niederl\u00e4ndischen Gesundheitsbeh\u00f6rde festgelegt wurden.\" \/>\n<meta name=\"robots\" content=\"index, follow, max-snippet:-1, max-image-preview:large, max-video-preview:-1\" \/>\n<link rel=\"canonical\" href=\"https:\/\/hapmaastricht.nl\/de\/tarife\/\" \/>\n<meta property=\"og:locale\" content=\"de_DE\" \/>\n<meta property=\"og:type\" content=\"article\" \/>\n<meta property=\"og:title\" content=\"Was kostet ein Besuch in der Notaufnahme der Allgemeinmediziner in Maastricht?\" \/>\n<meta property=\"og:description\" content=\"Die allgemeine Pflege wird von der Grundversicherung \u00fcbernommen. Dies sind unsere Tarife, die von der niederl\u00e4ndischen Gesundheitsbeh\u00f6rde festgelegt wurden.\" \/>\n<meta property=\"og:url\" content=\"https:\/\/hapmaastricht.nl\/de\/tarife\/\" \/>\n<meta property=\"og:site_name\" content=\"Hausarzt-Notfallpraxis Maastricht\" \/>\n<meta property=\"article:modified_time\" content=\"2026-02-11T08:58:17+00:00\" \/>\n<meta name=\"twitter:card\" content=\"summary_large_image\" \/>\n<meta name=\"twitter:label1\" content=\"Gesch\u00e4tzte Lesezeit\" \/>\n\t<meta name=\"twitter:data1\" content=\"1\u00a0Minute\" \/>\n<script type=\"application\/ld+json\" class=\"yoast-schema-graph\">{\"@context\":\"https:\/\/schema.org\",\"@graph\":[{\"@type\":\"WebPage\",\"@id\":\"https:\/\/hapmaastricht.nl\/de\/tarife\/\",\"url\":\"https:\/\/hapmaastricht.nl\/de\/tarife\/\",\"name\":\"Was kostet ein Besuch in der Notaufnahme der Allgemeinmediziner in Maastricht?\",\"isPartOf\":{\"@id\":\"https:\/\/hapmaastricht.nl\/de\/#website\"},\"datePublished\":\"2023-04-28T07:42:59+00:00\",\"dateModified\":\"2026-02-11T08:58:17+00:00\",\"description\":\"Die allgemeine Pflege wird von der Grundversicherung \u00fcbernommen. Dies sind unsere Tarife, die von der niederl\u00e4ndischen Gesundheitsbeh\u00f6rde festgelegt wurden.\",\"breadcrumb\":{\"@id\":\"https:\/\/hapmaastricht.nl\/de\/tarife\/#breadcrumb\"},\"inLanguage\":\"de\",\"potentialAction\":[{\"@type\":\"ReadAction\",\"target\":[\"https:\/\/hapmaastricht.nl\/de\/tarife\/\"]}]},{\"@type\":\"BreadcrumbList\",\"@id\":\"https:\/\/hapmaastricht.nl\/de\/tarife\/#breadcrumb\",\"itemListElement\":[{\"@type\":\"ListItem\",\"position\":1,\"name\":\"Home\",\"item\":\"https:\/\/hapmaastricht.nl\/de\/\"},{\"@type\":\"ListItem\",\"position\":2,\"name\":\"Tarife\"}]},{\"@type\":\"WebSite\",\"@id\":\"https:\/\/hapmaastricht.nl\/de\/#website\",\"url\":\"https:\/\/hapmaastricht.nl\/de\/\",\"name\":\"Hausarzt-Notfallpraxis Maastricht\",\"description\":\"\",\"potentialAction\":[{\"@type\":\"SearchAction\",\"target\":{\"@type\":\"EntryPoint\",\"urlTemplate\":\"https:\/\/hapmaastricht.nl\/de\/?s={search_term_string}\"},\"query-input\":{\"@type\":\"PropertyValueSpecification\",\"valueRequired\":true,\"valueName\":\"search_term_string\"}}],\"inLanguage\":\"de\"}]}<\/script>\n<!-- \/ Yoast SEO plugin. -->","yoast_head_json":{"title":"Was kostet ein Besuch in der Notaufnahme der Allgemeinmediziner in Maastricht?","description":"Die allgemeine Pflege wird von der Grundversicherung \u00fcbernommen. Dies sind unsere Tarife, die von der niederl\u00e4ndischen Gesundheitsbeh\u00f6rde festgelegt wurden.","robots":{"index":"index","follow":"follow","max-snippet":"max-snippet:-1","max-image-preview":"max-image-preview:large","max-video-preview":"max-video-preview:-1"},"canonical":"https:\/\/hapmaastricht.nl\/de\/tarife\/","og_locale":"de_DE","og_type":"article","og_title":"Was kostet ein Besuch in der Notaufnahme der Allgemeinmediziner in Maastricht?","og_description":"Die allgemeine Pflege wird von der Grundversicherung \u00fcbernommen. Dies sind unsere Tarife, die von der niederl\u00e4ndischen Gesundheitsbeh\u00f6rde festgelegt wurden.","og_url":"https:\/\/hapmaastricht.nl\/de\/tarife\/","og_site_name":"Hausarzt-Notfallpraxis Maastricht","article_modified_time":"2026-02-11T08:58:17+00:00","twitter_card":"summary_large_image","twitter_misc":{"Gesch\u00e4tzte Lesezeit":"1\u00a0Minute"},"schema":{"@context":"https:\/\/schema.org","@graph":[{"@type":"WebPage","@id":"https:\/\/hapmaastricht.nl\/de\/tarife\/","url":"https:\/\/hapmaastricht.nl\/de\/tarife\/","name":"Was kostet ein Besuch in der Notaufnahme der Allgemeinmediziner in Maastricht?","isPartOf":{"@id":"https:\/\/hapmaastricht.nl\/de\/#website"},"datePublished":"2023-04-28T07:42:59+00:00","dateModified":"2026-02-11T08:58:17+00:00","description":"Die allgemeine Pflege wird von der Grundversicherung \u00fcbernommen. Dies sind unsere Tarife, die von der niederl\u00e4ndischen Gesundheitsbeh\u00f6rde festgelegt wurden.","breadcrumb":{"@id":"https:\/\/hapmaastricht.nl\/de\/tarife\/#breadcrumb"},"inLanguage":"de","potentialAction":[{"@type":"ReadAction","target":["https:\/\/hapmaastricht.nl\/de\/tarife\/"]}]},{"@type":"BreadcrumbList","@id":"https:\/\/hapmaastricht.nl\/de\/tarife\/#breadcrumb","itemListElement":[{"@type":"ListItem","position":1,"name":"Home","item":"https:\/\/hapmaastricht.nl\/de\/"},{"@type":"ListItem","position":2,"name":"Tarife"}]},{"@type":"WebSite","@id":"https:\/\/hapmaastricht.nl\/de\/#website","url":"https:\/\/hapmaastricht.nl\/de\/","name":"Hausarzt-Notfallpraxis Maastricht","description":"","potentialAction":[{"@type":"SearchAction","target":{"@type":"EntryPoint","urlTemplate":"https:\/\/hapmaastricht.nl\/de\/?s={search_term_string}"},"query-input":{"@type":"PropertyValueSpecification","valueRequired":true,"valueName":"search_term_string"}}],"inLanguage":"de"}]}},"_links":{"self":[{"href":"https:\/\/hapmaastricht.nl\/de\/wp-json\/wp\/v2\/pages\/2029","targetHints":{"allow":["GET"]}}],"collection":[{"href":"https:\/\/hapmaastricht.nl\/de\/wp-json\/wp\/v2\/pages"}],"about":[{"href":"https:\/\/hapmaastricht.nl\/de\/wp-json\/wp\/v2\/types\/page"}],"author":[{"embeddable":true,"href":"https:\/\/hapmaastricht.nl\/de\/wp-json\/wp\/v2\/users\/3"}],"replies":[{"embeddable":true,"href":"https:\/\/hapmaastricht.nl\/de\/wp-json\/wp\/v2\/comments?post=2029"}],"version-history":[{"count":9,"href":"https:\/\/hapmaastricht.nl\/de\/wp-json\/wp\/v2\/pages\/2029\/revisions"}],"predecessor-version":[{"id":9278,"href":"https:\/\/hapmaastricht.nl\/de\/wp-json\/wp\/v2\/pages\/2029\/revisions\/9278"}],"wp:attachment":[{"href":"https:\/\/hapmaastricht.nl\/de\/wp-json\/wp\/v2\/media?parent=2029"}],"curies":[{"name":"wp","href":"https:\/\/api.w.org\/{rel}","templated":true}]}}