{"id":2494,"date":"2023-05-23T14:46:33","date_gmt":"2023-05-23T12:46:33","guid":{"rendered":"https:\/\/multisite.mindd.dev\/hap-maastricht\/?page_id=2494"},"modified":"2025-07-10T09:54:08","modified_gmt":"2025-07-10T07:54:08","slug":"kollaboration-envida","status":"publish","type":"page","link":"https:\/\/hapmaastricht.nl\/de\/kollaboration-envida\/","title":{"rendered":"Zusammenarbeit mit Envida"},"content":{"rendered":"\n\n\n<p>Seit Anfang Juni 2019 sind die Mitarbeiter von Envida Wijkzorg, zust\u00e4ndig f\u00fcr die akute Nachtpflege \u00e4lterer Menschen, bei unserem \u00c4rztlichen Notdienst f\u00fcr Allgemeinmediziner stationiert. Durch die Zusammenf\u00fchrung der Leistungen beider Leistungserbringer unter einem Dach in der Nacht ist eine schnelle Koordination m\u00f6glich und schutzbed\u00fcrftigere \u00e4ltere Menschen erhalten die richtige Pflege am richtigen Ort.<\/p>\n\n\n\n<p>Im Callcenter des \u00c4rztlichen Notdienstes f\u00fcr Allgemeinmedizin gehen Hilfegesuche f\u00fcr beide Leistungserbringer ein. Bei Bedarf beraten sich Mitarbeiterinnen und Mitarbeiter von Envida und des \u00c4rztlichen Notdienstes gegenseitig \u00fcber die Vorgehensweise und den Umgang mit dem Hilfeersuchen. Diese Methode sorgt f\u00fcr einen effizienteren Versorgungsansatz, verhindert unn\u00f6tige Einweisungen ins Krankenhaus und erm\u00f6glicht den Austausch von Wissen und F\u00e4higkeiten zwischen beiden Parteien. Wenn die Situation es erfordert, kann die Hilfe aufgestockt und der Patient ins Krankenhaus \u00fcberwiesen werden.<\/p>\n","protected":false},"excerpt":{"rendered":"<p>Seit Anfang Juni 2019 sind Mitarbeiter von Envida Wijkzorg, zust\u00e4ndig f\u00fcr die n\u00e4chtliche Akutversorgung \u00e4lterer Menschen, an unserer Notfallstation f\u00fcr Allgemeinmedizin stationiert. Indem die Dienste beider Pflegedienstleister in der Nacht unter einem Dach geb\u00fcndelt werden, ist eine schnelle, gegenseitige Koordination m\u00f6glich und gef\u00e4hrdetere \u00e4ltere Menschen erhalten die richtige Versorgung am richtigen Ort. Das Callcenter der Notaufnahme f\u00fcr Allgemeinmedizin nimmt Anfragen f\u00fcr beide Gesundheitsdienstleister entgegen. Bei Bedarf beraten sich die Mitarbeiter von Envida und der Notfallstelle f\u00fcr Allgemeinmedizin gegenseitig \u00fcber die Vorgehensweise und Bearbeitung der Hilfeanfrage. Diese Methode gew\u00e4hrleistet einen effizienteren Behandlungsansatz und verhindert unn\u00f6tige Eingliederung in die [&#8230;]<\/p>\n","protected":false},"author":3,"featured_media":0,"parent":0,"menu_order":129,"comment_status":"closed","ping_status":"closed","template":"","meta":{"_acf_changed":false,"_trash_the_other_posts":false,"editor_notices":[],"footnotes":""},"class_list":["post-2494","page","type-page","status-publish","hentry"],"acf":[],"yoast_head":"<!-- This site is optimized with the Yoast SEO plugin v26.6 - https:\/\/yoast.com\/wordpress\/plugins\/seo\/ -->\n<title>Zusammenarbeit mit Envida - Hausarzt-Notfallpraxis Maastricht<\/title>\n<meta name=\"robots\" content=\"index, follow, max-snippet:-1, max-image-preview:large, max-video-preview:-1\" \/>\n<link rel=\"canonical\" href=\"https:\/\/hapmaastricht.nl\/de\/zusammenarbeit-envida\/\" \/>\n<meta property=\"og:locale\" content=\"de_DE\" \/>\n<meta property=\"og:type\" content=\"article\" \/>\n<meta property=\"og:title\" content=\"Zusammenarbeit mit Envida - Hausarzt-Notfallpraxis Maastricht\" \/>\n<meta property=\"og:description\" content=\"Seit Anfang Juni 2019 sind Mitarbeiter von Envida Wijkzorg, zust\u00e4ndig f\u00fcr die n\u00e4chtliche Akutversorgung \u00e4lterer Menschen, an unserer Notfallstation f\u00fcr Allgemeinmedizin stationiert. Indem die Dienste beider Pflegedienstleister in der Nacht unter einem Dach geb\u00fcndelt werden, ist eine schnelle, gegenseitige Koordination m\u00f6glich und gef\u00e4hrdetere \u00e4ltere Menschen erhalten die richtige Versorgung am richtigen Ort. Das Callcenter der Notaufnahme f\u00fcr Allgemeinmedizin nimmt Anfragen f\u00fcr beide Gesundheitsdienstleister entgegen. Bei Bedarf beraten sich die Mitarbeiter von Envida und der Notfallstelle f\u00fcr Allgemeinmedizin gegenseitig \u00fcber die Vorgehensweise und Bearbeitung der Hilfeanfrage. Diese Methode gew\u00e4hrleistet einen effizienteren Behandlungsansatz und verhindert unn\u00f6tige Eingliederung in die [...]\" \/>\n<meta property=\"og:url\" content=\"https:\/\/hapmaastricht.nl\/de\/zusammenarbeit-envida\/\" \/>\n<meta property=\"og:site_name\" content=\"Hausarzt-Notfallpraxis Maastricht\" \/>\n<meta property=\"article:modified_time\" content=\"2025-07-10T07:54:08+00:00\" \/>\n<meta name=\"twitter:card\" content=\"summary_large_image\" \/>\n<meta name=\"twitter:label1\" content=\"Gesch\u00e4tzte Lesezeit\" \/>\n\t<meta name=\"twitter:data1\" content=\"1\u00a0Minute\" \/>\n<script type=\"application\/ld+json\" class=\"yoast-schema-graph\">{\"@context\":\"https:\/\/schema.org\",\"@graph\":[{\"@type\":\"WebPage\",\"@id\":\"https:\/\/hapmaastricht.nl\/de\/zusammenarbeit-envida\/\",\"url\":\"https:\/\/hapmaastricht.nl\/de\/zusammenarbeit-envida\/\",\"name\":\"Zusammenarbeit mit Envida - Hausarzt-Notfallpraxis Maastricht\",\"isPartOf\":{\"@id\":\"https:\/\/hapmaastricht.nl\/de\/#website\"},\"datePublished\":\"2023-05-23T12:46:33+00:00\",\"dateModified\":\"2025-07-10T07:54:08+00:00\",\"breadcrumb\":{\"@id\":\"https:\/\/hapmaastricht.nl\/de\/zusammenarbeit-envida\/#breadcrumb\"},\"inLanguage\":\"de\",\"potentialAction\":[{\"@type\":\"ReadAction\",\"target\":[\"https:\/\/hapmaastricht.nl\/de\/zusammenarbeit-envida\/\"]}]},{\"@type\":\"BreadcrumbList\",\"@id\":\"https:\/\/hapmaastricht.nl\/de\/zusammenarbeit-envida\/#breadcrumb\",\"itemListElement\":[{\"@type\":\"ListItem\",\"position\":1,\"name\":\"Home\",\"item\":\"https:\/\/hapmaastricht.nl\/de\/\"},{\"@type\":\"ListItem\",\"position\":2,\"name\":\"Zusammenarbeit mit Envida\"}]},{\"@type\":\"WebSite\",\"@id\":\"https:\/\/hapmaastricht.nl\/de\/#website\",\"url\":\"https:\/\/hapmaastricht.nl\/de\/\",\"name\":\"Hausarzt-Notfallpraxis Maastricht\",\"description\":\"\",\"potentialAction\":[{\"@type\":\"SearchAction\",\"target\":{\"@type\":\"EntryPoint\",\"urlTemplate\":\"https:\/\/hapmaastricht.nl\/de\/?s={search_term_string}\"},\"query-input\":{\"@type\":\"PropertyValueSpecification\",\"valueRequired\":true,\"valueName\":\"search_term_string\"}}],\"inLanguage\":\"de\"}]}<\/script>\n<!-- \/ Yoast SEO plugin. -->","yoast_head_json":{"title":"Zusammenarbeit mit Envida - Hausarzt-Notfallpraxis Maastricht","robots":{"index":"index","follow":"follow","max-snippet":"max-snippet:-1","max-image-preview":"max-image-preview:large","max-video-preview":"max-video-preview:-1"},"canonical":"https:\/\/hapmaastricht.nl\/de\/zusammenarbeit-envida\/","og_locale":"de_DE","og_type":"article","og_title":"Zusammenarbeit mit Envida - Hausarzt-Notfallpraxis Maastricht","og_description":"Seit Anfang Juni 2019 sind Mitarbeiter von Envida Wijkzorg, zust\u00e4ndig f\u00fcr die n\u00e4chtliche Akutversorgung \u00e4lterer Menschen, an unserer Notfallstation f\u00fcr Allgemeinmedizin stationiert. Indem die Dienste beider Pflegedienstleister in der Nacht unter einem Dach geb\u00fcndelt werden, ist eine schnelle, gegenseitige Koordination m\u00f6glich und gef\u00e4hrdetere \u00e4ltere Menschen erhalten die richtige Versorgung am richtigen Ort. Das Callcenter der Notaufnahme f\u00fcr Allgemeinmedizin nimmt Anfragen f\u00fcr beide Gesundheitsdienstleister entgegen. Bei Bedarf beraten sich die Mitarbeiter von Envida und der Notfallstelle f\u00fcr Allgemeinmedizin gegenseitig \u00fcber die Vorgehensweise und Bearbeitung der Hilfeanfrage. Diese Methode gew\u00e4hrleistet einen effizienteren Behandlungsansatz und verhindert unn\u00f6tige Eingliederung in die [...]","og_url":"https:\/\/hapmaastricht.nl\/de\/zusammenarbeit-envida\/","og_site_name":"Hausarzt-Notfallpraxis Maastricht","article_modified_time":"2025-07-10T07:54:08+00:00","twitter_card":"summary_large_image","twitter_misc":{"Gesch\u00e4tzte Lesezeit":"1\u00a0Minute"},"schema":{"@context":"https:\/\/schema.org","@graph":[{"@type":"WebPage","@id":"https:\/\/hapmaastricht.nl\/de\/zusammenarbeit-envida\/","url":"https:\/\/hapmaastricht.nl\/de\/zusammenarbeit-envida\/","name":"Zusammenarbeit mit Envida - Hausarzt-Notfallpraxis Maastricht","isPartOf":{"@id":"https:\/\/hapmaastricht.nl\/de\/#website"},"datePublished":"2023-05-23T12:46:33+00:00","dateModified":"2025-07-10T07:54:08+00:00","breadcrumb":{"@id":"https:\/\/hapmaastricht.nl\/de\/zusammenarbeit-envida\/#breadcrumb"},"inLanguage":"de","potentialAction":[{"@type":"ReadAction","target":["https:\/\/hapmaastricht.nl\/de\/zusammenarbeit-envida\/"]}]},{"@type":"BreadcrumbList","@id":"https:\/\/hapmaastricht.nl\/de\/zusammenarbeit-envida\/#breadcrumb","itemListElement":[{"@type":"ListItem","position":1,"name":"Home","item":"https:\/\/hapmaastricht.nl\/de\/"},{"@type":"ListItem","position":2,"name":"Zusammenarbeit mit Envida"}]},{"@type":"WebSite","@id":"https:\/\/hapmaastricht.nl\/de\/#website","url":"https:\/\/hapmaastricht.nl\/de\/","name":"Hausarzt-Notfallpraxis Maastricht","description":"","potentialAction":[{"@type":"SearchAction","target":{"@type":"EntryPoint","urlTemplate":"https:\/\/hapmaastricht.nl\/de\/?s={search_term_string}"},"query-input":{"@type":"PropertyValueSpecification","valueRequired":true,"valueName":"search_term_string"}}],"inLanguage":"de"}]}},"_links":{"self":[{"href":"https:\/\/hapmaastricht.nl\/de\/wp-json\/wp\/v2\/pages\/2494","targetHints":{"allow":["GET"]}}],"collection":[{"href":"https:\/\/hapmaastricht.nl\/de\/wp-json\/wp\/v2\/pages"}],"about":[{"href":"https:\/\/hapmaastricht.nl\/de\/wp-json\/wp\/v2\/types\/page"}],"author":[{"embeddable":true,"href":"https:\/\/hapmaastricht.nl\/de\/wp-json\/wp\/v2\/users\/3"}],"replies":[{"embeddable":true,"href":"https:\/\/hapmaastricht.nl\/de\/wp-json\/wp\/v2\/comments?post=2494"}],"version-history":[{"count":1,"href":"https:\/\/hapmaastricht.nl\/de\/wp-json\/wp\/v2\/pages\/2494\/revisions"}],"predecessor-version":[{"id":9201,"href":"https:\/\/hapmaastricht.nl\/de\/wp-json\/wp\/v2\/pages\/2494\/revisions\/9201"}],"wp:attachment":[{"href":"https:\/\/hapmaastricht.nl\/de\/wp-json\/wp\/v2\/media?parent=2494"}],"curies":[{"name":"wp","href":"https:\/\/api.w.org\/{rel}","templated":true}]}}