{"id":2572,"date":"2023-05-31T16:56:36","date_gmt":"2023-05-31T14:56:36","guid":{"rendered":"https:\/\/multisite.mindd.dev\/hap-maastricht\/?page_id=2572"},"modified":"2025-07-10T09:54:01","modified_gmt":"2025-07-10T07:54:01","slug":"aufsichtsrat","status":"publish","type":"page","link":"https:\/\/hapmaastricht.nl\/de\/aufsichtsrat\/","title":{"rendered":"Aufsichtsrat"},"content":{"rendered":"\n\n\n<p>Der Aufsichtsrat der Allgemeinmediziner \u00c4rztlicher Notdienst Maastricht und Heuvelland besteht aus drei Mitgliedern und hat die Aufgabe, die Aufgaben der Organisation zu \u00fcberwachen und zu beraten. Die Mitglieder werden f\u00fcr die Dauer von vier Jahren bestellt. Der Aufsichtsrat setzt sich derzeit wie folgt zusammen:<\/p>\n\n\n\n<h2 class=\"wp-block-heading h4\"><\/h2>\n\n\n\n<p>Maarten Klomp <\/p>\n\n\n\n<p>Yvonne Custers-Spielautomaten <\/p>\n\n\n\n<p>Guido Kerckhoffs<\/p>\n\n\n\n<p><\/p>\n\n\n\n<p><\/p>\n\n\n\n<p><\/p>\n\n\n\n<h2 class=\"wp-block-heading h4\"><\/h2>\n\n\n\n<p><\/p>\n\n\n\n<h2 class=\"wp-block-heading h4\"><\/h2>\n\n\n\n<p><\/p>\n","protected":false},"excerpt":{"rendered":"<p>Der Aufsichtsrat von ZIO und der Stiftung Huisartsenpost en Heuvelland besteht aus drei Mitgliedern und ist f\u00fcr die \u00dcberwachung und Beratung der Leistung beider Organisationen verantwortlich. Die Mitglieder werden f\u00fcr einen Zeitraum von vier Jahren ernannt. Arno Timmermans, Vorsitzender (seit 1. Januar 2022), praktiziert bis 2012 als Allgemeinmediziner in Almere. Von 2000 bis 2004 Direktor der NHG und von 2004 bis 2012 Vorsitzender des Verwaltungsrates der NHG. Seit 2012 Vorsitzender des Verwaltungsrates des Westfriesgasthuis. Das Westfriesgasthuis fusionierte 2017 mit dem Waterland Hospital, das derzeit als Dijklander Hospital bekannt ist. Derzeit Vorsitzender des SBOH-Aufsichtsrats und [&#8230;]<\/p>\n","protected":false},"author":3,"featured_media":0,"parent":0,"menu_order":125,"comment_status":"closed","ping_status":"closed","template":"","meta":{"_acf_changed":false,"_trash_the_other_posts":false,"editor_notices":[],"footnotes":""},"class_list":["post-2572","page","type-page","status-publish","hentry"],"acf":[],"yoast_head":"<!-- This site is optimized with the Yoast SEO plugin v26.6 - https:\/\/yoast.com\/wordpress\/plugins\/seo\/ -->\n<title>Aufsichtsrat - Hausarzt-Notfallpraxis Maastricht<\/title>\n<meta name=\"robots\" content=\"index, follow, max-snippet:-1, max-image-preview:large, max-video-preview:-1\" \/>\n<link rel=\"canonical\" href=\"https:\/\/hapmaastricht.nl\/de\/aufsichtsrat\/\" \/>\n<meta property=\"og:locale\" content=\"de_DE\" \/>\n<meta property=\"og:type\" content=\"article\" \/>\n<meta property=\"og:title\" content=\"Aufsichtsrat - Hausarzt-Notfallpraxis Maastricht\" \/>\n<meta property=\"og:description\" content=\"Der Aufsichtsrat von ZIO und der Stiftung Huisartsenpost en Heuvelland besteht aus drei Mitgliedern und ist f\u00fcr die \u00dcberwachung und Beratung der Leistung beider Organisationen verantwortlich. Die Mitglieder werden f\u00fcr einen Zeitraum von vier Jahren ernannt. Arno Timmermans, Vorsitzender (seit 1. Januar 2022), praktiziert bis 2012 als Allgemeinmediziner in Almere. Von 2000 bis 2004 Direktor der NHG und von 2004 bis 2012 Vorsitzender des Verwaltungsrates der NHG. Seit 2012 Vorsitzender des Verwaltungsrates des Westfriesgasthuis. Das Westfriesgasthuis fusionierte 2017 mit dem Waterland Hospital, das derzeit als Dijklander Hospital bekannt ist. Derzeit Vorsitzender des SBOH-Aufsichtsrats und [...]\" \/>\n<meta property=\"og:url\" content=\"https:\/\/hapmaastricht.nl\/de\/aufsichtsrat\/\" \/>\n<meta property=\"og:site_name\" content=\"Hausarzt-Notfallpraxis Maastricht\" \/>\n<meta property=\"article:modified_time\" content=\"2025-07-10T07:54:01+00:00\" \/>\n<meta name=\"twitter:card\" content=\"summary_large_image\" \/>\n<meta name=\"twitter:label1\" content=\"Gesch\u00e4tzte Lesezeit\" \/>\n\t<meta name=\"twitter:data1\" content=\"1\u00a0Minute\" \/>\n<script type=\"application\/ld+json\" class=\"yoast-schema-graph\">{\"@context\":\"https:\/\/schema.org\",\"@graph\":[{\"@type\":\"WebPage\",\"@id\":\"https:\/\/hapmaastricht.nl\/de\/aufsichtsrat\/\",\"url\":\"https:\/\/hapmaastricht.nl\/de\/aufsichtsrat\/\",\"name\":\"Aufsichtsrat - Hausarzt-Notfallpraxis Maastricht\",\"isPartOf\":{\"@id\":\"https:\/\/hapmaastricht.nl\/de\/#website\"},\"datePublished\":\"2023-05-31T14:56:36+00:00\",\"dateModified\":\"2025-07-10T07:54:01+00:00\",\"breadcrumb\":{\"@id\":\"https:\/\/hapmaastricht.nl\/de\/aufsichtsrat\/#breadcrumb\"},\"inLanguage\":\"de\",\"potentialAction\":[{\"@type\":\"ReadAction\",\"target\":[\"https:\/\/hapmaastricht.nl\/de\/aufsichtsrat\/\"]}]},{\"@type\":\"BreadcrumbList\",\"@id\":\"https:\/\/hapmaastricht.nl\/de\/aufsichtsrat\/#breadcrumb\",\"itemListElement\":[{\"@type\":\"ListItem\",\"position\":1,\"name\":\"Home\",\"item\":\"https:\/\/hapmaastricht.nl\/de\/\"},{\"@type\":\"ListItem\",\"position\":2,\"name\":\"Aufsichtsrat\"}]},{\"@type\":\"WebSite\",\"@id\":\"https:\/\/hapmaastricht.nl\/de\/#website\",\"url\":\"https:\/\/hapmaastricht.nl\/de\/\",\"name\":\"Hausarzt-Notfallpraxis Maastricht\",\"description\":\"\",\"potentialAction\":[{\"@type\":\"SearchAction\",\"target\":{\"@type\":\"EntryPoint\",\"urlTemplate\":\"https:\/\/hapmaastricht.nl\/de\/?s={search_term_string}\"},\"query-input\":{\"@type\":\"PropertyValueSpecification\",\"valueRequired\":true,\"valueName\":\"search_term_string\"}}],\"inLanguage\":\"de\"}]}<\/script>\n<!-- \/ Yoast SEO plugin. -->","yoast_head_json":{"title":"Aufsichtsrat - Hausarzt-Notfallpraxis Maastricht","robots":{"index":"index","follow":"follow","max-snippet":"max-snippet:-1","max-image-preview":"max-image-preview:large","max-video-preview":"max-video-preview:-1"},"canonical":"https:\/\/hapmaastricht.nl\/de\/aufsichtsrat\/","og_locale":"de_DE","og_type":"article","og_title":"Aufsichtsrat - Hausarzt-Notfallpraxis Maastricht","og_description":"Der Aufsichtsrat von ZIO und der Stiftung Huisartsenpost en Heuvelland besteht aus drei Mitgliedern und ist f\u00fcr die \u00dcberwachung und Beratung der Leistung beider Organisationen verantwortlich. Die Mitglieder werden f\u00fcr einen Zeitraum von vier Jahren ernannt. Arno Timmermans, Vorsitzender (seit 1. Januar 2022), praktiziert bis 2012 als Allgemeinmediziner in Almere. Von 2000 bis 2004 Direktor der NHG und von 2004 bis 2012 Vorsitzender des Verwaltungsrates der NHG. Seit 2012 Vorsitzender des Verwaltungsrates des Westfriesgasthuis. Das Westfriesgasthuis fusionierte 2017 mit dem Waterland Hospital, das derzeit als Dijklander Hospital bekannt ist. Derzeit Vorsitzender des SBOH-Aufsichtsrats und [...]","og_url":"https:\/\/hapmaastricht.nl\/de\/aufsichtsrat\/","og_site_name":"Hausarzt-Notfallpraxis Maastricht","article_modified_time":"2025-07-10T07:54:01+00:00","twitter_card":"summary_large_image","twitter_misc":{"Gesch\u00e4tzte Lesezeit":"1\u00a0Minute"},"schema":{"@context":"https:\/\/schema.org","@graph":[{"@type":"WebPage","@id":"https:\/\/hapmaastricht.nl\/de\/aufsichtsrat\/","url":"https:\/\/hapmaastricht.nl\/de\/aufsichtsrat\/","name":"Aufsichtsrat - Hausarzt-Notfallpraxis Maastricht","isPartOf":{"@id":"https:\/\/hapmaastricht.nl\/de\/#website"},"datePublished":"2023-05-31T14:56:36+00:00","dateModified":"2025-07-10T07:54:01+00:00","breadcrumb":{"@id":"https:\/\/hapmaastricht.nl\/de\/aufsichtsrat\/#breadcrumb"},"inLanguage":"de","potentialAction":[{"@type":"ReadAction","target":["https:\/\/hapmaastricht.nl\/de\/aufsichtsrat\/"]}]},{"@type":"BreadcrumbList","@id":"https:\/\/hapmaastricht.nl\/de\/aufsichtsrat\/#breadcrumb","itemListElement":[{"@type":"ListItem","position":1,"name":"Home","item":"https:\/\/hapmaastricht.nl\/de\/"},{"@type":"ListItem","position":2,"name":"Aufsichtsrat"}]},{"@type":"WebSite","@id":"https:\/\/hapmaastricht.nl\/de\/#website","url":"https:\/\/hapmaastricht.nl\/de\/","name":"Hausarzt-Notfallpraxis Maastricht","description":"","potentialAction":[{"@type":"SearchAction","target":{"@type":"EntryPoint","urlTemplate":"https:\/\/hapmaastricht.nl\/de\/?s={search_term_string}"},"query-input":{"@type":"PropertyValueSpecification","valueRequired":true,"valueName":"search_term_string"}}],"inLanguage":"de"}]}},"_links":{"self":[{"href":"https:\/\/hapmaastricht.nl\/de\/wp-json\/wp\/v2\/pages\/2572","targetHints":{"allow":["GET"]}}],"collection":[{"href":"https:\/\/hapmaastricht.nl\/de\/wp-json\/wp\/v2\/pages"}],"about":[{"href":"https:\/\/hapmaastricht.nl\/de\/wp-json\/wp\/v2\/types\/page"}],"author":[{"embeddable":true,"href":"https:\/\/hapmaastricht.nl\/de\/wp-json\/wp\/v2\/users\/3"}],"replies":[{"embeddable":true,"href":"https:\/\/hapmaastricht.nl\/de\/wp-json\/wp\/v2\/comments?post=2572"}],"version-history":[{"count":4,"href":"https:\/\/hapmaastricht.nl\/de\/wp-json\/wp\/v2\/pages\/2572\/revisions"}],"predecessor-version":[{"id":9199,"href":"https:\/\/hapmaastricht.nl\/de\/wp-json\/wp\/v2\/pages\/2572\/revisions\/9199"}],"wp:attachment":[{"href":"https:\/\/hapmaastricht.nl\/de\/wp-json\/wp\/v2\/media?parent=2572"}],"curies":[{"name":"wp","href":"https:\/\/api.w.org\/{rel}","templated":true}]}}