{"id":2579,"date":"2023-05-31T17:08:15","date_gmt":"2023-05-31T15:08:15","guid":{"rendered":"https:\/\/multisite.mindd.dev\/hap-maastricht\/?page_id=2579"},"modified":"2025-07-10T09:53:56","modified_gmt":"2025-07-10T07:53:56","slug":"organigramm","status":"publish","type":"page","link":"https:\/\/hapmaastricht.nl\/de\/organigramm\/","title":{"rendered":"Leitung und \u00dcberwachung"},"content":{"rendered":"\n<figure class=\"wp-block-image size-full\"><img decoding=\"async\" width=\"760\" height=\"937\" src=\"https:\/\/hapmaastricht.nl\/content\/uploads\/2023\/08\/HAP-organogram-2023.jpg\" alt=\"\" class=\"wp-image-7412\" srcset=\"https:\/\/hapmaastricht.nl\/de\/wp-content\/uploads\/sites\/53\/2023\/08\/HAP-organogram-2023.jpg 760w, https:\/\/hapmaastricht.nl\/de\/wp-content\/uploads\/sites\/53\/2023\/08\/HAP-organogram-2023-243x300.jpg 243w\" sizes=\"(max-width: 760px) 100vw, 760px\" \/><\/figure>\n\n\n\n<p><span style=\"text-decoration: underline\">Erkl\u00e4rung<\/span><br>Der Gesch\u00e4ftsf\u00fchrer ist bei der HMH Stiftung angestellt. F\u00fcr die \u00fcbrigen Mitarbeiterinnen und Mitarbeiter hat die Stiftung einen Dienstleistungsvertrag mit dem MUMC+.<br>Allgemeinmediziner aus Maastricht und der Region Heuvelland sind auf der Grundlage eines Anschlussvertrags der HMH Stiftung angeschlossen. F\u00fcr den Transport des diensthabenden Arztes setzt die Stiftung Fahrer eines auf den medizinischen Bereich spezialisierten Transportunternehmens ein.<\/p>\n\n\n\n<p>Der Aufsichtsrat der Allgemeinmediziner \u00c4rztlicher Notdienst Maastricht und Heuvelland besteht aus drei Mitgliedern und hat die Aufgabe, die Aufgaben der Organisation zu \u00fcberwachen und zu beraten. Die Mitglieder werden f\u00fcr die Dauer von vier Jahren bestellt. Der Aufsichtsrat setzt sich derzeit wie folgt zusammen:<\/p>\n\n\n\n<p><\/p>\n\n\n\n<ul class=\"wp-block-list\">\n<li>Maarten Klomp<\/li>\n\n\n\n<li>Yvonne Custers-Spielautomaten<\/li>\n\n\n\n<li>Guido Kerckhoffs<\/li>\n<\/ul>\n\n\n\n<p><\/p>\n","protected":false},"excerpt":{"rendered":"<p>Erl\u00e4uterung: Der Direktor und Direktor sind bei der HMH Foundation angestellt. F\u00fcr andere Mitarbeiter hat die Stiftung eine Entsendungsvereinbarung mit der MUMC+ abgeschlossen. Allgemeinmediziner aus Maastricht und der Region Heuvelland sind der HMH Foundation auf der Grundlage einer Partnerschaftsvereinbarung angeschlossen. F\u00fcr den Transport des diensthabenden Arztes setzt die Stiftung Fahrer eines medizinischen Transportunternehmens ein, das auf den medizinischen Bereich spezialisiert ist.<\/p>\n","protected":false},"author":3,"featured_media":0,"parent":0,"menu_order":106,"comment_status":"closed","ping_status":"closed","template":"","meta":{"_acf_changed":false,"_trash_the_other_posts":false,"editor_notices":["a:0:{}"],"footnotes":""},"class_list":["post-2579","page","type-page","status-publish","hentry"],"acf":[],"yoast_head":"<!-- This site is optimized with the Yoast SEO plugin v26.6 - https:\/\/yoast.com\/wordpress\/plugins\/seo\/ -->\n<title>Leitung und \u00dcberwachung - Hausarzt-Notfallpraxis Maastricht<\/title>\n<meta name=\"robots\" content=\"index, follow, max-snippet:-1, max-image-preview:large, max-video-preview:-1\" \/>\n<link rel=\"canonical\" href=\"https:\/\/hapmaastricht.nl\/de\/organigramm\/\" \/>\n<meta property=\"og:locale\" content=\"de_DE\" \/>\n<meta property=\"og:type\" content=\"article\" \/>\n<meta property=\"og:title\" content=\"Leitung und \u00dcberwachung - Hausarzt-Notfallpraxis Maastricht\" \/>\n<meta property=\"og:description\" content=\"Erl\u00e4uterung: Der Direktor und Direktor sind bei der HMH Foundation angestellt. F\u00fcr andere Mitarbeiter hat die Stiftung eine Entsendungsvereinbarung mit der MUMC+ abgeschlossen. Allgemeinmediziner aus Maastricht und der Region Heuvelland sind der HMH Foundation auf der Grundlage einer Partnerschaftsvereinbarung angeschlossen. F\u00fcr den Transport des diensthabenden Arztes setzt die Stiftung Fahrer eines medizinischen Transportunternehmens ein, das auf den medizinischen Bereich spezialisiert ist.\" \/>\n<meta property=\"og:url\" content=\"https:\/\/hapmaastricht.nl\/de\/organigramm\/\" \/>\n<meta property=\"og:site_name\" content=\"Hausarzt-Notfallpraxis Maastricht\" \/>\n<meta property=\"article:modified_time\" content=\"2025-07-10T07:53:56+00:00\" \/>\n<meta property=\"og:image\" content=\"https:\/\/hapmaastricht.nl\/content\/uploads\/2023\/08\/HAP-organogram-2023.jpg\" \/>\n<meta name=\"twitter:card\" content=\"summary_large_image\" \/>\n<meta name=\"twitter:label1\" content=\"Gesch\u00e4tzte Lesezeit\" \/>\n\t<meta name=\"twitter:data1\" content=\"1\u00a0Minute\" \/>\n<script type=\"application\/ld+json\" class=\"yoast-schema-graph\">{\"@context\":\"https:\/\/schema.org\",\"@graph\":[{\"@type\":\"WebPage\",\"@id\":\"https:\/\/hapmaastricht.nl\/de\/organigramm\/\",\"url\":\"https:\/\/hapmaastricht.nl\/de\/organigramm\/\",\"name\":\"Leitung und \u00dcberwachung - Hausarzt-Notfallpraxis Maastricht\",\"isPartOf\":{\"@id\":\"https:\/\/hapmaastricht.nl\/de\/#website\"},\"primaryImageOfPage\":{\"@id\":\"https:\/\/hapmaastricht.nl\/de\/organigramm\/#primaryimage\"},\"image\":{\"@id\":\"https:\/\/hapmaastricht.nl\/de\/organigramm\/#primaryimage\"},\"thumbnailUrl\":\"https:\/\/hapmaastricht.nl\/content\/uploads\/2023\/08\/HAP-organogram-2023.jpg\",\"datePublished\":\"2023-05-31T15:08:15+00:00\",\"dateModified\":\"2025-07-10T07:53:56+00:00\",\"breadcrumb\":{\"@id\":\"https:\/\/hapmaastricht.nl\/de\/organigramm\/#breadcrumb\"},\"inLanguage\":\"de\",\"potentialAction\":[{\"@type\":\"ReadAction\",\"target\":[\"https:\/\/hapmaastricht.nl\/de\/organigramm\/\"]}]},{\"@type\":\"ImageObject\",\"inLanguage\":\"de\",\"@id\":\"https:\/\/hapmaastricht.nl\/de\/organigramm\/#primaryimage\",\"url\":\"https:\/\/hapmaastricht.nl\/content\/uploads\/2023\/08\/HAP-organogram-2023.jpg\",\"contentUrl\":\"https:\/\/hapmaastricht.nl\/content\/uploads\/2023\/08\/HAP-organogram-2023.jpg\"},{\"@type\":\"BreadcrumbList\",\"@id\":\"https:\/\/hapmaastricht.nl\/de\/organigramm\/#breadcrumb\",\"itemListElement\":[{\"@type\":\"ListItem\",\"position\":1,\"name\":\"Home\",\"item\":\"https:\/\/hapmaastricht.nl\/de\/\"},{\"@type\":\"ListItem\",\"position\":2,\"name\":\"Organigramm\"}]},{\"@type\":\"WebSite\",\"@id\":\"https:\/\/hapmaastricht.nl\/de\/#website\",\"url\":\"https:\/\/hapmaastricht.nl\/de\/\",\"name\":\"Hausarzt-Notfallpraxis Maastricht\",\"description\":\"\",\"potentialAction\":[{\"@type\":\"SearchAction\",\"target\":{\"@type\":\"EntryPoint\",\"urlTemplate\":\"https:\/\/hapmaastricht.nl\/de\/?s={search_term_string}\"},\"query-input\":{\"@type\":\"PropertyValueSpecification\",\"valueRequired\":true,\"valueName\":\"search_term_string\"}}],\"inLanguage\":\"de\"}]}<\/script>\n<!-- \/ Yoast SEO plugin. -->","yoast_head_json":{"title":"Leitung und \u00dcberwachung - Hausarzt-Notfallpraxis Maastricht","robots":{"index":"index","follow":"follow","max-snippet":"max-snippet:-1","max-image-preview":"max-image-preview:large","max-video-preview":"max-video-preview:-1"},"canonical":"https:\/\/hapmaastricht.nl\/de\/organigramm\/","og_locale":"de_DE","og_type":"article","og_title":"Leitung und \u00dcberwachung - Hausarzt-Notfallpraxis Maastricht","og_description":"Erl\u00e4uterung: Der Direktor und Direktor sind bei der HMH Foundation angestellt. F\u00fcr andere Mitarbeiter hat die Stiftung eine Entsendungsvereinbarung mit der MUMC+ abgeschlossen. Allgemeinmediziner aus Maastricht und der Region Heuvelland sind der HMH Foundation auf der Grundlage einer Partnerschaftsvereinbarung angeschlossen. F\u00fcr den Transport des diensthabenden Arztes setzt die Stiftung Fahrer eines medizinischen Transportunternehmens ein, das auf den medizinischen Bereich spezialisiert ist.","og_url":"https:\/\/hapmaastricht.nl\/de\/organigramm\/","og_site_name":"Hausarzt-Notfallpraxis Maastricht","article_modified_time":"2025-07-10T07:53:56+00:00","og_image":[{"url":"https:\/\/hapmaastricht.nl\/content\/uploads\/2023\/08\/HAP-organogram-2023.jpg","type":"","width":"","height":""}],"twitter_card":"summary_large_image","twitter_misc":{"Gesch\u00e4tzte Lesezeit":"1\u00a0Minute"},"schema":{"@context":"https:\/\/schema.org","@graph":[{"@type":"WebPage","@id":"https:\/\/hapmaastricht.nl\/de\/organigramm\/","url":"https:\/\/hapmaastricht.nl\/de\/organigramm\/","name":"Leitung und \u00dcberwachung - Hausarzt-Notfallpraxis Maastricht","isPartOf":{"@id":"https:\/\/hapmaastricht.nl\/de\/#website"},"primaryImageOfPage":{"@id":"https:\/\/hapmaastricht.nl\/de\/organigramm\/#primaryimage"},"image":{"@id":"https:\/\/hapmaastricht.nl\/de\/organigramm\/#primaryimage"},"thumbnailUrl":"https:\/\/hapmaastricht.nl\/content\/uploads\/2023\/08\/HAP-organogram-2023.jpg","datePublished":"2023-05-31T15:08:15+00:00","dateModified":"2025-07-10T07:53:56+00:00","breadcrumb":{"@id":"https:\/\/hapmaastricht.nl\/de\/organigramm\/#breadcrumb"},"inLanguage":"de","potentialAction":[{"@type":"ReadAction","target":["https:\/\/hapmaastricht.nl\/de\/organigramm\/"]}]},{"@type":"ImageObject","inLanguage":"de","@id":"https:\/\/hapmaastricht.nl\/de\/organigramm\/#primaryimage","url":"https:\/\/hapmaastricht.nl\/content\/uploads\/2023\/08\/HAP-organogram-2023.jpg","contentUrl":"https:\/\/hapmaastricht.nl\/content\/uploads\/2023\/08\/HAP-organogram-2023.jpg"},{"@type":"BreadcrumbList","@id":"https:\/\/hapmaastricht.nl\/de\/organigramm\/#breadcrumb","itemListElement":[{"@type":"ListItem","position":1,"name":"Home","item":"https:\/\/hapmaastricht.nl\/de\/"},{"@type":"ListItem","position":2,"name":"Organigramm"}]},{"@type":"WebSite","@id":"https:\/\/hapmaastricht.nl\/de\/#website","url":"https:\/\/hapmaastricht.nl\/de\/","name":"Hausarzt-Notfallpraxis Maastricht","description":"","potentialAction":[{"@type":"SearchAction","target":{"@type":"EntryPoint","urlTemplate":"https:\/\/hapmaastricht.nl\/de\/?s={search_term_string}"},"query-input":{"@type":"PropertyValueSpecification","valueRequired":true,"valueName":"search_term_string"}}],"inLanguage":"de"}]}},"_links":{"self":[{"href":"https:\/\/hapmaastricht.nl\/de\/wp-json\/wp\/v2\/pages\/2579","targetHints":{"allow":["GET"]}}],"collection":[{"href":"https:\/\/hapmaastricht.nl\/de\/wp-json\/wp\/v2\/pages"}],"about":[{"href":"https:\/\/hapmaastricht.nl\/de\/wp-json\/wp\/v2\/types\/page"}],"author":[{"embeddable":true,"href":"https:\/\/hapmaastricht.nl\/de\/wp-json\/wp\/v2\/users\/3"}],"replies":[{"embeddable":true,"href":"https:\/\/hapmaastricht.nl\/de\/wp-json\/wp\/v2\/comments?post=2579"}],"version-history":[{"count":14,"href":"https:\/\/hapmaastricht.nl\/de\/wp-json\/wp\/v2\/pages\/2579\/revisions"}],"predecessor-version":[{"id":9198,"href":"https:\/\/hapmaastricht.nl\/de\/wp-json\/wp\/v2\/pages\/2579\/revisions\/9198"}],"wp:attachment":[{"href":"https:\/\/hapmaastricht.nl\/de\/wp-json\/wp\/v2\/media?parent=2579"}],"curies":[{"name":"wp","href":"https:\/\/api.w.org\/{rel}","templated":true}]}}