{"id":3528,"date":"2023-06-03T14:42:07","date_gmt":"2023-06-03T12:42:07","guid":{"rendered":"https:\/\/multisite.mindd.dev\/hap-maastricht\/?page_id=3528"},"modified":"2025-07-10T09:53:51","modified_gmt":"2025-07-10T07:53:51","slug":"gemeinsame-fursorge-ist-teil-unserer-dna","status":"publish","type":"page","link":"https:\/\/hapmaastricht.nl\/de\/gemeinsame-fursorge-ist-teil-unserer-dna\/","title":{"rendered":"Gemeinsame F\u00fcrsorge ist Teil unserer DNA"},"content":{"rendered":"\n\n\n<p>Die <a href=\"\/wp-content\/uploads\/sites\/30\/2023\/06\/QUOTES-JAARVERSLAG-2016-def.pdf\" target=\"_blank\" rel=\"noreferrer noopener\">zw\u00f6lf Aussagen<\/a> , die vor einigen Jahren einen unserer Gesch\u00e4ftsberichte zierten, sind nach wie vor aktuell und entsprechen der Art und Weise, wie die HMH Stiftung ihre Vision gestaltet. Als Metapher f\u00fcr unsere Politik verwenden wir die DNA-Struktur mit dem Slogan: &#8222;Gemeinsame F\u00fcrsorge ist in unserer DNA&#8220;. Die HMH Stiftung m\u00f6chte zeigen, dass die intrinsische Motivation von Menschen als (Pflege-)Fachkr\u00e4fte mit ihrem Enthusiasmus und ihrer Leidenschaft f\u00fcr die Optimierung der Pflege notwendig ist. Sie sind es, die daf\u00fcr sorgen, dass die Patientinnen und Patienten in unserer Region jeden Tag aufs Neue bestm\u00f6glich versorgt werden.<\/p>\n\n\n\n<figure class=\"wp-block-image size-large\"><img decoding=\"async\" width=\"442\" height=\"1024\" src=\"https:\/\/hapmaastricht.nl\/content\/uploads\/2023\/06\/digitale-poster-442x1024.jpg\" alt=\"\" class=\"wp-image-3705\" srcset=\"https:\/\/hapmaastricht.nl\/de\/wp-content\/uploads\/sites\/53\/2023\/06\/digitale-poster-442x1024.jpg 442w, https:\/\/hapmaastricht.nl\/de\/wp-content\/uploads\/sites\/53\/2023\/06\/digitale-poster-130x300.jpg 130w, https:\/\/hapmaastricht.nl\/de\/wp-content\/uploads\/sites\/53\/2023\/06\/digitale-poster-768x1779.jpg 768w, https:\/\/hapmaastricht.nl\/de\/wp-content\/uploads\/sites\/53\/2023\/06\/digitale-poster-663x1536.jpg 663w, https:\/\/hapmaastricht.nl\/de\/wp-content\/uploads\/sites\/53\/2023\/06\/digitale-poster-884x2048.jpg 884w, https:\/\/hapmaastricht.nl\/de\/wp-content\/uploads\/sites\/53\/2023\/06\/digitale-poster-scaled.jpg 1105w\" sizes=\"(max-width: 442px) 100vw, 442px\" \/><\/figure>\n","protected":false},"excerpt":{"rendered":"<p>Die zw\u00f6lf Aussagen, die vor einigen Jahren einen unserer Jahresberichte schm\u00fcckten, gelten immer noch und entsprechen der Art und Weise, wie die HMH Foundation ihre Vision gestaltet. Als Metapher f\u00fcr unsere Politik verwenden wir die DNA-Struktur mit dem Slogan: \u201eGemeinsam sorgen ist in unserer DNA\u201c. Die HMH Foundation m\u00f6chte daher zeigen, dass zur Optimierung der Pflege die intrinsische Motivation der Menschen als (Pflege-) Fachpersonal mit ihrem Enthusiasmus und ihrer Leidenschaft erforderlich ist. Es sind diese Menschen, die Tag f\u00fcr Tag daf\u00fcr sorgen, dass die Patienten in unserer Region bestm\u00f6glich versorgt werden [&#8230;]<\/p>\n","protected":false},"author":3,"featured_media":0,"parent":0,"menu_order":128,"comment_status":"closed","ping_status":"closed","template":"","meta":{"_acf_changed":false,"_trash_the_other_posts":false,"editor_notices":[],"footnotes":""},"class_list":["post-3528","page","type-page","status-publish","hentry"],"acf":[],"yoast_head":"<!-- This site is optimized with the Yoast SEO plugin v26.6 - https:\/\/yoast.com\/wordpress\/plugins\/seo\/ -->\n<title>Gemeinsame F\u00fcrsorge ist Teil unserer DNA - Hausarzt-Notfallpraxis Maastricht<\/title>\n<meta name=\"robots\" content=\"index, follow, max-snippet:-1, max-image-preview:large, max-video-preview:-1\" \/>\n<link rel=\"canonical\" href=\"https:\/\/hapmaastricht.nl\/de\/miteinander-zu-sorgen-liegt-in-unserer-dna\/\" \/>\n<meta property=\"og:locale\" content=\"de_DE\" \/>\n<meta property=\"og:type\" content=\"article\" \/>\n<meta property=\"og:title\" content=\"Gemeinsame F\u00fcrsorge ist Teil unserer DNA - Hausarzt-Notfallpraxis Maastricht\" \/>\n<meta property=\"og:description\" content=\"Die zw\u00f6lf Aussagen, die vor einigen Jahren einen unserer Jahresberichte schm\u00fcckten, gelten immer noch und entsprechen der Art und Weise, wie die HMH Foundation ihre Vision gestaltet. Als Metapher f\u00fcr unsere Politik verwenden wir die DNA-Struktur mit dem Slogan: \u201eGemeinsam sorgen ist in unserer DNA\u201c. Die HMH Foundation m\u00f6chte daher zeigen, dass zur Optimierung der Pflege die intrinsische Motivation der Menschen als (Pflege-) Fachpersonal mit ihrem Enthusiasmus und ihrer Leidenschaft erforderlich ist. Es sind diese Menschen, die Tag f\u00fcr Tag daf\u00fcr sorgen, dass die Patienten in unserer Region bestm\u00f6glich versorgt werden [...]\" \/>\n<meta property=\"og:url\" content=\"https:\/\/hapmaastricht.nl\/de\/miteinander-zu-sorgen-liegt-in-unserer-dna\/\" \/>\n<meta property=\"og:site_name\" content=\"Hausarzt-Notfallpraxis Maastricht\" \/>\n<meta property=\"article:modified_time\" content=\"2025-07-10T07:53:51+00:00\" \/>\n<meta property=\"og:image\" content=\"https:\/\/hapmaastricht.nl\/content\/uploads\/2023\/06\/digitale-poster-442x1024.jpg\" \/>\n<meta name=\"twitter:card\" content=\"summary_large_image\" \/>\n<meta name=\"twitter:label1\" content=\"Gesch\u00e4tzte Lesezeit\" \/>\n\t<meta name=\"twitter:data1\" content=\"1\u00a0Minute\" \/>\n<script type=\"application\/ld+json\" class=\"yoast-schema-graph\">{\"@context\":\"https:\/\/schema.org\",\"@graph\":[{\"@type\":\"WebPage\",\"@id\":\"https:\/\/hapmaastricht.nl\/de\/miteinander-zu-sorgen-liegt-in-unserer-dna\/\",\"url\":\"https:\/\/hapmaastricht.nl\/de\/miteinander-zu-sorgen-liegt-in-unserer-dna\/\",\"name\":\"Gemeinsame F\u00fcrsorge ist Teil unserer DNA - Hausarzt-Notfallpraxis Maastricht\",\"isPartOf\":{\"@id\":\"https:\/\/hapmaastricht.nl\/de\/#website\"},\"primaryImageOfPage\":{\"@id\":\"https:\/\/hapmaastricht.nl\/de\/miteinander-zu-sorgen-liegt-in-unserer-dna\/#primaryimage\"},\"image\":{\"@id\":\"https:\/\/hapmaastricht.nl\/de\/miteinander-zu-sorgen-liegt-in-unserer-dna\/#primaryimage\"},\"thumbnailUrl\":\"https:\/\/hapmaastricht.nl\/content\/uploads\/2023\/06\/digitale-poster-442x1024.jpg\",\"datePublished\":\"2023-06-03T12:42:07+00:00\",\"dateModified\":\"2025-07-10T07:53:51+00:00\",\"breadcrumb\":{\"@id\":\"https:\/\/hapmaastricht.nl\/de\/miteinander-zu-sorgen-liegt-in-unserer-dna\/#breadcrumb\"},\"inLanguage\":\"de\",\"potentialAction\":[{\"@type\":\"ReadAction\",\"target\":[\"https:\/\/hapmaastricht.nl\/de\/miteinander-zu-sorgen-liegt-in-unserer-dna\/\"]}]},{\"@type\":\"ImageObject\",\"inLanguage\":\"de\",\"@id\":\"https:\/\/hapmaastricht.nl\/de\/miteinander-zu-sorgen-liegt-in-unserer-dna\/#primaryimage\",\"url\":\"https:\/\/hapmaastricht.nl\/content\/uploads\/2023\/06\/digitale-poster-442x1024.jpg\",\"contentUrl\":\"https:\/\/hapmaastricht.nl\/content\/uploads\/2023\/06\/digitale-poster-442x1024.jpg\"},{\"@type\":\"BreadcrumbList\",\"@id\":\"https:\/\/hapmaastricht.nl\/de\/miteinander-zu-sorgen-liegt-in-unserer-dna\/#breadcrumb\",\"itemListElement\":[{\"@type\":\"ListItem\",\"position\":1,\"name\":\"Home\",\"item\":\"https:\/\/hapmaastricht.nl\/de\/\"},{\"@type\":\"ListItem\",\"position\":2,\"name\":\"Gemeinsames F\u00fcrsorge liegt in unserer DNA\"}]},{\"@type\":\"WebSite\",\"@id\":\"https:\/\/hapmaastricht.nl\/de\/#website\",\"url\":\"https:\/\/hapmaastricht.nl\/de\/\",\"name\":\"Hausarzt-Notfallpraxis Maastricht\",\"description\":\"\",\"potentialAction\":[{\"@type\":\"SearchAction\",\"target\":{\"@type\":\"EntryPoint\",\"urlTemplate\":\"https:\/\/hapmaastricht.nl\/de\/?s={search_term_string}\"},\"query-input\":{\"@type\":\"PropertyValueSpecification\",\"valueRequired\":true,\"valueName\":\"search_term_string\"}}],\"inLanguage\":\"de\"}]}<\/script>\n<!-- \/ Yoast SEO plugin. -->","yoast_head_json":{"title":"Gemeinsame F\u00fcrsorge ist Teil unserer DNA - Hausarzt-Notfallpraxis Maastricht","robots":{"index":"index","follow":"follow","max-snippet":"max-snippet:-1","max-image-preview":"max-image-preview:large","max-video-preview":"max-video-preview:-1"},"canonical":"https:\/\/hapmaastricht.nl\/de\/miteinander-zu-sorgen-liegt-in-unserer-dna\/","og_locale":"de_DE","og_type":"article","og_title":"Gemeinsame F\u00fcrsorge ist Teil unserer DNA - Hausarzt-Notfallpraxis Maastricht","og_description":"Die zw\u00f6lf Aussagen, die vor einigen Jahren einen unserer Jahresberichte schm\u00fcckten, gelten immer noch und entsprechen der Art und Weise, wie die HMH Foundation ihre Vision gestaltet. Als Metapher f\u00fcr unsere Politik verwenden wir die DNA-Struktur mit dem Slogan: \u201eGemeinsam sorgen ist in unserer DNA\u201c. Die HMH Foundation m\u00f6chte daher zeigen, dass zur Optimierung der Pflege die intrinsische Motivation der Menschen als (Pflege-) Fachpersonal mit ihrem Enthusiasmus und ihrer Leidenschaft erforderlich ist. Es sind diese Menschen, die Tag f\u00fcr Tag daf\u00fcr sorgen, dass die Patienten in unserer Region bestm\u00f6glich versorgt werden [...]","og_url":"https:\/\/hapmaastricht.nl\/de\/miteinander-zu-sorgen-liegt-in-unserer-dna\/","og_site_name":"Hausarzt-Notfallpraxis Maastricht","article_modified_time":"2025-07-10T07:53:51+00:00","og_image":[{"url":"https:\/\/hapmaastricht.nl\/content\/uploads\/2023\/06\/digitale-poster-442x1024.jpg","type":"","width":"","height":""}],"twitter_card":"summary_large_image","twitter_misc":{"Gesch\u00e4tzte Lesezeit":"1\u00a0Minute"},"schema":{"@context":"https:\/\/schema.org","@graph":[{"@type":"WebPage","@id":"https:\/\/hapmaastricht.nl\/de\/miteinander-zu-sorgen-liegt-in-unserer-dna\/","url":"https:\/\/hapmaastricht.nl\/de\/miteinander-zu-sorgen-liegt-in-unserer-dna\/","name":"Gemeinsame F\u00fcrsorge ist Teil unserer DNA - Hausarzt-Notfallpraxis Maastricht","isPartOf":{"@id":"https:\/\/hapmaastricht.nl\/de\/#website"},"primaryImageOfPage":{"@id":"https:\/\/hapmaastricht.nl\/de\/miteinander-zu-sorgen-liegt-in-unserer-dna\/#primaryimage"},"image":{"@id":"https:\/\/hapmaastricht.nl\/de\/miteinander-zu-sorgen-liegt-in-unserer-dna\/#primaryimage"},"thumbnailUrl":"https:\/\/hapmaastricht.nl\/content\/uploads\/2023\/06\/digitale-poster-442x1024.jpg","datePublished":"2023-06-03T12:42:07+00:00","dateModified":"2025-07-10T07:53:51+00:00","breadcrumb":{"@id":"https:\/\/hapmaastricht.nl\/de\/miteinander-zu-sorgen-liegt-in-unserer-dna\/#breadcrumb"},"inLanguage":"de","potentialAction":[{"@type":"ReadAction","target":["https:\/\/hapmaastricht.nl\/de\/miteinander-zu-sorgen-liegt-in-unserer-dna\/"]}]},{"@type":"ImageObject","inLanguage":"de","@id":"https:\/\/hapmaastricht.nl\/de\/miteinander-zu-sorgen-liegt-in-unserer-dna\/#primaryimage","url":"https:\/\/hapmaastricht.nl\/content\/uploads\/2023\/06\/digitale-poster-442x1024.jpg","contentUrl":"https:\/\/hapmaastricht.nl\/content\/uploads\/2023\/06\/digitale-poster-442x1024.jpg"},{"@type":"BreadcrumbList","@id":"https:\/\/hapmaastricht.nl\/de\/miteinander-zu-sorgen-liegt-in-unserer-dna\/#breadcrumb","itemListElement":[{"@type":"ListItem","position":1,"name":"Home","item":"https:\/\/hapmaastricht.nl\/de\/"},{"@type":"ListItem","position":2,"name":"Gemeinsames F\u00fcrsorge liegt in unserer DNA"}]},{"@type":"WebSite","@id":"https:\/\/hapmaastricht.nl\/de\/#website","url":"https:\/\/hapmaastricht.nl\/de\/","name":"Hausarzt-Notfallpraxis Maastricht","description":"","potentialAction":[{"@type":"SearchAction","target":{"@type":"EntryPoint","urlTemplate":"https:\/\/hapmaastricht.nl\/de\/?s={search_term_string}"},"query-input":{"@type":"PropertyValueSpecification","valueRequired":true,"valueName":"search_term_string"}}],"inLanguage":"de"}]}},"_links":{"self":[{"href":"https:\/\/hapmaastricht.nl\/de\/wp-json\/wp\/v2\/pages\/3528","targetHints":{"allow":["GET"]}}],"collection":[{"href":"https:\/\/hapmaastricht.nl\/de\/wp-json\/wp\/v2\/pages"}],"about":[{"href":"https:\/\/hapmaastricht.nl\/de\/wp-json\/wp\/v2\/types\/page"}],"author":[{"embeddable":true,"href":"https:\/\/hapmaastricht.nl\/de\/wp-json\/wp\/v2\/users\/3"}],"replies":[{"embeddable":true,"href":"https:\/\/hapmaastricht.nl\/de\/wp-json\/wp\/v2\/comments?post=3528"}],"version-history":[{"count":1,"href":"https:\/\/hapmaastricht.nl\/de\/wp-json\/wp\/v2\/pages\/3528\/revisions"}],"predecessor-version":[{"id":9196,"href":"https:\/\/hapmaastricht.nl\/de\/wp-json\/wp\/v2\/pages\/3528\/revisions\/9196"}],"wp:attachment":[{"href":"https:\/\/hapmaastricht.nl\/de\/wp-json\/wp\/v2\/media?parent=3528"}],"curies":[{"name":"wp","href":"https:\/\/api.w.org\/{rel}","templated":true}]}}