{"id":7026,"date":"2023-05-19T09:34:08","date_gmt":"2023-05-19T07:34:08","guid":{"rendered":"https:\/\/multisite.mindd.dev\/hap-maastricht\/studenten-en-expats\/"},"modified":"2025-07-10T09:55:47","modified_gmt":"2025-07-10T07:55:47","slug":"studenten-und-expats","status":"publish","type":"page","link":"https:\/\/hapmaastricht.nl\/de\/studenten-und-expats\/","title":{"rendered":"Student oder Expat in Maastricht oder Umgebung?"},"content":{"rendered":"\n\n\n<h2 class=\"wp-block-heading\"><strong>Finden Sie einen Arzt in Ihrer N\u00e4he<\/strong><\/h2>\n\n\n\n<p>Wenn Sie in Maastricht oder Umgebung wohnen\/studieren, melden Sie sich bei einem Hausarzt in Ihrer N\u00e4he an. Der Hausarzt hat alle Ihre medizinischen Daten.  Dies ist sehr wichtig f\u00fcr die Beurteilung Ihres Hilfeanfrages, wenn Sie sich an unseren Rettungsdienst wenden. Der \u00c4rztliche Notdienst Maastricht und Heuvelland steht nur f\u00fcr Notf\u00e4lle au\u00dferhalb der \u00d6ffnungszeiten des Hausarztes zur Verf\u00fcgung.<\/p>\n\n\n\n<p>Suchen Sie <a href=\"\/praktijken\">auf dieser Seite<\/a> nach einem Hausarzt in Ihrer N\u00e4he.<\/p>\n\n\n\n<h2 class=\"wp-block-heading\"><strong>Wie funktioniert das Gesundheitswesen in den Niederlanden?<\/strong><\/h2>\n\n\n\n<p>Der Hausarzt ist Teil der prim\u00e4ren Gesundheitsversorgung, weshalb Sie sich bei einem Hausarzt in Ihrer N\u00e4he anmelden m\u00fcssen. F\u00fcr all deine gesundheitlichen Probleme, sowohl physisch als auch psychisch, gehst du zuerst zum Arzt. Er kann die meisten gesundheitlichen Probleme behandeln. Bei Bedarf \u00fcberweist Sie der Hausarzt an einen Spezialisten im Krankenhaus. In den Niederlanden ist es nicht erlaubt, direkt ins Krankenhaus zu gehen (es sei denn, es handelt sich um einen Notfall). Wenn eine Behandlung durch einen Facharzt erforderlich ist, sollten Sie zun\u00e4chst einen Hausarzt konsultieren, der Ihnen einen \u00dcberweisungsbrief ausstellt. Vergessen Sie nicht, eine Fotokopie des \u00dcberweisungsschreibens f\u00fcr Ihre Krankenkasse anzufertigen. Nicht immer wird der Hausarzt automatisch Medikamente verschreiben. In einigen F\u00e4llen macht der Hausarzt einen Hausbesuch, aber diese Konsultationen sind teurer.<\/p>\n\n\n\n<p><\/p>\n\n\n\n<figure class=\"wp-block-embed is-type-video is-provider-youtube wp-block-embed-youtube wp-embed-aspect-16-9 wp-has-aspect-ratio\"><div class=\"wp-block-embed__wrapper\">https:\/\/www.youtube.com\/watch?v=Lz_mEKb3_as<\/div><\/figure>\n\n\n\n<p><\/p>\n\n\n\n<h2 class=\"wp-block-heading\">Wenn Sie nach den Sprechzeiten dringend medizinische Hilfe von Ihrem eigenen Hausarzt ben\u00f6tigen<\/h2>\n\n\n\n<p>Die Allgemeinmediziner in Maastricht und Umgebung teilen sich die Aufgaben nach der Arbeitszeit auf. Wenn Sie nachts, am Wochenende oder an Feiertagen dringend die Hilfe eines Hausarztes ben\u00f6tigen, k\u00f6nnen Sie sich an den \u00c4rztlichen Notdienst Maastricht &amp; Heuvelland wenden. Um sicherzustellen, dass Ihre Beschwerde wirklich dringend ist, \u00fcberpr\u00fcfen Sie zun\u00e4chst <a href=\"\/\">das Selbstsichtungstool<\/a>.<\/p>\n\n\n\n<p>Wenn Ihnen geraten wird, sich mit uns in Verbindung zu setzen, rufen Sie bitte +31 43 7500 123 an und halten Sie Ihre pers\u00f6nlichen Daten bereit, w\u00e4hrend Sie anrufen. Die Arzthelferin wird Sie nach folgenden Informationen fragen:<\/p>\n\n\n\n<ul class=\"wp-block-list\">\n<li>Ihren Namen, Ihre Adresse, Ihr Geburtsdatum und eine Telefonnummer, unter der Sie erreichbar sind,<\/li>\n\n\n\n<li>Informationen zu Ihrer Krankenversicherung,<\/li>\n\n\n\n<li>pers\u00f6nliche Identifikation,<\/li>\n\n\n\n<li>die Namen aller Medikamente, die Sie einnehmen.<\/li>\n<\/ul>\n\n\n\n<h3 class=\"wp-block-heading h2\">Bringen Sie zu einem Termin beim Huisartsen \u00c4rztlicher Notdienst mit:<\/h3>\n\n\n\n<ul class=\"wp-block-list\">\n<li>pers\u00f6nliche Identifikation,<\/li>\n\n\n\n<li>Angaben zu Ihrer Krankenversicherung,<\/li>\n\n\n\n<li>Zahlung (Bargeld, Kredit- oder Debitkarte). Wenn Sie in bar bezahlen, erhalten Sie eine Quittung.<\/li>\n<\/ul>\n\n\n\n<h2 class=\"wp-block-heading\"><strong>Krankenversicherung<\/strong><\/h2>\n\n\n\n<p>Vergessen Sie nicht, Ihre Versicherungsunterlagen mitzubringen, wenn Sie unseren \u00c4rztlichen Notdienst f\u00fcr Allgemeinmedizin besuchen. Wenn Sie keine niederl\u00e4ndische Krankenversicherung haben, m\u00fcssen Sie am Schalter in bar bezahlen. Wenn Sie in bar bezahlen, erhalten Sie eine Quittung. Diese Kosten k\u00f6nnen Sie bei Ihrer eigenen Krankenkasse geltend machen.<\/p>\n","protected":false},"excerpt":{"rendered":"<p>Finden Sie einen Arzt in Ihrer N\u00e4he Wenn Sie nach Maastricht oder Umgebung kommen, um zu leben\/zu studieren, melden Sie sich bei einem Arzt in Ihrer N\u00e4he an. Der Arzt hat alle Ihre medizinischen Informationen. Dies ist sehr wichtig f\u00fcr die Beurteilung Ihres Hilfeantrags, wenn Sie sich an unseren medizinischen Hilfsdienst wenden. Die Notrufzentrale f\u00fcr Allgemeinmediziner in Maastricht und Heuvelland steht nur f\u00fcr Notf\u00e4lle au\u00dferhalb der \u00d6ffnungszeiten des Hausarztes zur Verf\u00fcgung. Finden Sie auf dieser Seite einen Arzt in Ihrer N\u00e4he. Wie funktioniert das Gesundheitswesen in den Niederlanden? Der Arzt ist ein prim\u00e4rer Gesundheitsdienstleister, weshalb Sie sich bei einem [&#8230;] registrieren m\u00fcssen<\/p>\n","protected":false},"author":3,"featured_media":0,"parent":0,"menu_order":145,"comment_status":"closed","ping_status":"closed","template":"","meta":{"_acf_changed":false,"_trash_the_other_posts":false,"editor_notices":[],"footnotes":""},"class_list":["post-7026","page","type-page","status-publish","hentry"],"acf":[],"yoast_head":"<!-- This site is optimized with the Yoast SEO plugin v26.6 - https:\/\/yoast.com\/wordpress\/plugins\/seo\/ -->\n<title>Student oder Expat in Maastricht oder Umgebung? - Hausarzt-Notfallpraxis Maastricht<\/title>\n<meta name=\"robots\" content=\"index, follow, max-snippet:-1, max-image-preview:large, max-video-preview:-1\" \/>\n<link rel=\"canonical\" href=\"https:\/\/hapmaastricht.nl\/de\/studenten-und-expats\/\" \/>\n<meta property=\"og:locale\" content=\"de_DE\" \/>\n<meta property=\"og:type\" content=\"article\" \/>\n<meta property=\"og:title\" content=\"Student oder Expat in Maastricht oder Umgebung? - Hausarzt-Notfallpraxis Maastricht\" \/>\n<meta property=\"og:description\" content=\"Finden Sie einen Arzt in Ihrer N\u00e4he Wenn Sie nach Maastricht oder Umgebung kommen, um zu leben\/zu studieren, melden Sie sich bei einem Arzt in Ihrer N\u00e4he an. Der Arzt hat alle Ihre medizinischen Informationen. Dies ist sehr wichtig f\u00fcr die Beurteilung Ihres Hilfeantrags, wenn Sie sich an unseren medizinischen Hilfsdienst wenden. Die Notrufzentrale f\u00fcr Allgemeinmediziner in Maastricht und Heuvelland steht nur f\u00fcr Notf\u00e4lle au\u00dferhalb der \u00d6ffnungszeiten des Hausarztes zur Verf\u00fcgung. Finden Sie auf dieser Seite einen Arzt in Ihrer N\u00e4he. Wie funktioniert das Gesundheitswesen in den Niederlanden? Der Arzt ist ein prim\u00e4rer Gesundheitsdienstleister, weshalb Sie sich bei einem [...] registrieren m\u00fcssen\" \/>\n<meta property=\"og:url\" content=\"https:\/\/hapmaastricht.nl\/de\/studenten-und-expats\/\" \/>\n<meta property=\"og:site_name\" content=\"Hausarzt-Notfallpraxis Maastricht\" \/>\n<meta property=\"article:modified_time\" content=\"2025-07-10T07:55:47+00:00\" \/>\n<meta name=\"twitter:card\" content=\"summary_large_image\" \/>\n<meta name=\"twitter:label1\" content=\"Gesch\u00e4tzte Lesezeit\" \/>\n\t<meta name=\"twitter:data1\" content=\"3\u00a0Minuten\" \/>\n<script type=\"application\/ld+json\" class=\"yoast-schema-graph\">{\"@context\":\"https:\/\/schema.org\",\"@graph\":[{\"@type\":\"WebPage\",\"@id\":\"https:\/\/hapmaastricht.nl\/de\/studenten-und-expats\/\",\"url\":\"https:\/\/hapmaastricht.nl\/de\/studenten-und-expats\/\",\"name\":\"Student oder Expat in Maastricht oder Umgebung? - Hausarzt-Notfallpraxis Maastricht\",\"isPartOf\":{\"@id\":\"https:\/\/hapmaastricht.nl\/de\/#website\"},\"datePublished\":\"2023-05-19T07:34:08+00:00\",\"dateModified\":\"2025-07-10T07:55:47+00:00\",\"breadcrumb\":{\"@id\":\"https:\/\/hapmaastricht.nl\/de\/studenten-und-expats\/#breadcrumb\"},\"inLanguage\":\"de\",\"potentialAction\":[{\"@type\":\"ReadAction\",\"target\":[\"https:\/\/hapmaastricht.nl\/de\/studenten-und-expats\/\"]}]},{\"@type\":\"BreadcrumbList\",\"@id\":\"https:\/\/hapmaastricht.nl\/de\/studenten-und-expats\/#breadcrumb\",\"itemListElement\":[{\"@type\":\"ListItem\",\"position\":1,\"name\":\"Home\",\"item\":\"https:\/\/hapmaastricht.nl\/de\/\"},{\"@type\":\"ListItem\",\"position\":2,\"name\":\"Student oder Expat in Maastricht oder Umgebung?\"}]},{\"@type\":\"WebSite\",\"@id\":\"https:\/\/hapmaastricht.nl\/de\/#website\",\"url\":\"https:\/\/hapmaastricht.nl\/de\/\",\"name\":\"Hausarzt-Notfallpraxis Maastricht\",\"description\":\"\",\"potentialAction\":[{\"@type\":\"SearchAction\",\"target\":{\"@type\":\"EntryPoint\",\"urlTemplate\":\"https:\/\/hapmaastricht.nl\/de\/?s={search_term_string}\"},\"query-input\":{\"@type\":\"PropertyValueSpecification\",\"valueRequired\":true,\"valueName\":\"search_term_string\"}}],\"inLanguage\":\"de\"}]}<\/script>\n<!-- \/ Yoast SEO plugin. -->","yoast_head_json":{"title":"Student oder Expat in Maastricht oder Umgebung? - Hausarzt-Notfallpraxis Maastricht","robots":{"index":"index","follow":"follow","max-snippet":"max-snippet:-1","max-image-preview":"max-image-preview:large","max-video-preview":"max-video-preview:-1"},"canonical":"https:\/\/hapmaastricht.nl\/de\/studenten-und-expats\/","og_locale":"de_DE","og_type":"article","og_title":"Student oder Expat in Maastricht oder Umgebung? - Hausarzt-Notfallpraxis Maastricht","og_description":"Finden Sie einen Arzt in Ihrer N\u00e4he Wenn Sie nach Maastricht oder Umgebung kommen, um zu leben\/zu studieren, melden Sie sich bei einem Arzt in Ihrer N\u00e4he an. Der Arzt hat alle Ihre medizinischen Informationen. Dies ist sehr wichtig f\u00fcr die Beurteilung Ihres Hilfeantrags, wenn Sie sich an unseren medizinischen Hilfsdienst wenden. Die Notrufzentrale f\u00fcr Allgemeinmediziner in Maastricht und Heuvelland steht nur f\u00fcr Notf\u00e4lle au\u00dferhalb der \u00d6ffnungszeiten des Hausarztes zur Verf\u00fcgung. Finden Sie auf dieser Seite einen Arzt in Ihrer N\u00e4he. Wie funktioniert das Gesundheitswesen in den Niederlanden? Der Arzt ist ein prim\u00e4rer Gesundheitsdienstleister, weshalb Sie sich bei einem [...] registrieren m\u00fcssen","og_url":"https:\/\/hapmaastricht.nl\/de\/studenten-und-expats\/","og_site_name":"Hausarzt-Notfallpraxis Maastricht","article_modified_time":"2025-07-10T07:55:47+00:00","twitter_card":"summary_large_image","twitter_misc":{"Gesch\u00e4tzte Lesezeit":"3\u00a0Minuten"},"schema":{"@context":"https:\/\/schema.org","@graph":[{"@type":"WebPage","@id":"https:\/\/hapmaastricht.nl\/de\/studenten-und-expats\/","url":"https:\/\/hapmaastricht.nl\/de\/studenten-und-expats\/","name":"Student oder Expat in Maastricht oder Umgebung? - Hausarzt-Notfallpraxis Maastricht","isPartOf":{"@id":"https:\/\/hapmaastricht.nl\/de\/#website"},"datePublished":"2023-05-19T07:34:08+00:00","dateModified":"2025-07-10T07:55:47+00:00","breadcrumb":{"@id":"https:\/\/hapmaastricht.nl\/de\/studenten-und-expats\/#breadcrumb"},"inLanguage":"de","potentialAction":[{"@type":"ReadAction","target":["https:\/\/hapmaastricht.nl\/de\/studenten-und-expats\/"]}]},{"@type":"BreadcrumbList","@id":"https:\/\/hapmaastricht.nl\/de\/studenten-und-expats\/#breadcrumb","itemListElement":[{"@type":"ListItem","position":1,"name":"Home","item":"https:\/\/hapmaastricht.nl\/de\/"},{"@type":"ListItem","position":2,"name":"Student oder Expat in Maastricht oder Umgebung?"}]},{"@type":"WebSite","@id":"https:\/\/hapmaastricht.nl\/de\/#website","url":"https:\/\/hapmaastricht.nl\/de\/","name":"Hausarzt-Notfallpraxis Maastricht","description":"","potentialAction":[{"@type":"SearchAction","target":{"@type":"EntryPoint","urlTemplate":"https:\/\/hapmaastricht.nl\/de\/?s={search_term_string}"},"query-input":{"@type":"PropertyValueSpecification","valueRequired":true,"valueName":"search_term_string"}}],"inLanguage":"de"}]}},"_links":{"self":[{"href":"https:\/\/hapmaastricht.nl\/de\/wp-json\/wp\/v2\/pages\/7026","targetHints":{"allow":["GET"]}}],"collection":[{"href":"https:\/\/hapmaastricht.nl\/de\/wp-json\/wp\/v2\/pages"}],"about":[{"href":"https:\/\/hapmaastricht.nl\/de\/wp-json\/wp\/v2\/types\/page"}],"author":[{"embeddable":true,"href":"https:\/\/hapmaastricht.nl\/de\/wp-json\/wp\/v2\/users\/3"}],"replies":[{"embeddable":true,"href":"https:\/\/hapmaastricht.nl\/de\/wp-json\/wp\/v2\/comments?post=7026"}],"version-history":[{"count":2,"href":"https:\/\/hapmaastricht.nl\/de\/wp-json\/wp\/v2\/pages\/7026\/revisions"}],"predecessor-version":[{"id":9261,"href":"https:\/\/hapmaastricht.nl\/de\/wp-json\/wp\/v2\/pages\/7026\/revisions\/9261"}],"wp:attachment":[{"href":"https:\/\/hapmaastricht.nl\/de\/wp-json\/wp\/v2\/media?parent=7026"}],"curies":[{"name":"wp","href":"https:\/\/api.w.org\/{rel}","templated":true}]}}