{"id":8343,"date":"2023-11-16T16:41:42","date_gmt":"2023-11-16T15:41:42","guid":{"rendered":"https:\/\/multisite.mindd.dev\/hap-maastricht-de-de\/visie-en-ambitie-2\/"},"modified":"2025-07-10T09:53:29","modified_gmt":"2025-07-10T07:53:29","slug":"organisation","status":"publish","type":"page","link":"https:\/\/hapmaastricht.nl\/de\/organisation\/","title":{"rendered":"Vision und Ambition"},"content":{"rendered":"\n\n\n<h2 class=\"wp-block-heading\">Vision<\/h2>\n\n\n\n<p>Die HMH Stiftung m\u00f6chte die Patientinnen und Patienten in der Region gut versorgen und erleichtert daher den Haus\u00e4rztinnen und Haus\u00e4rzten so, dass eine qualitativ hochwertige, effiziente und sichere haus\u00e4rztliche Notfallversorgung durch den \u00c4rztlichen Notdienst Huisartsen erbracht wird. Eine gute F\u00fchrung und Aufsicht sind wichtige Voraussetzungen f\u00fcr eine gute Pflege. Aufsichtsrat und Gesch\u00e4ftsf\u00fchrung arbeiten daher nach den Grunds\u00e4tzen des national verankerten Healthcare Governance Kodex. Das SHMH setzt seine Politik aus der intrinsischen Motivation des Fachmanns heraus um. Gemeinsam mit Kettenpartnern sorgt sie daf\u00fcr, dass die Patientenversorgung sicher am richtigen Ort, zur richtigen Zeit und durch den richtigen Gesundheitsdienstleister erfolgt.<\/p>\n\n\n\n<h2 class=\"wp-block-heading\">Ehrgeiz<\/h2>\n\n\n\n<p>Im Gesundheitswesen gibt es an verschiedenen Fronten Engp\u00e4sse, und das ist besorgniserregend. In der Akutversorgung l\u00e4uten seit einiger Zeit die Alarmglocken und Engp\u00e4sse werden sichtbar. Die Gesellschaft nimmt zunehmend (akute) F\u00fcrsorge in Anspruch, und die Akteure innerhalb und au\u00dferhalb der Organisation r\u00fchren sich auf ihre Weise. Dies f\u00fchrt zu einer Verwundbarkeit der Gesundheitsorganisation mit all ihren Konsequenzen. Es ist eine ziemliche Herausforderung, darauf angemessen zu reagieren.<\/p>\n\n\n\n<p>Die Zusammenarbeit in Akutversorgungsnetzwerken ist notwendig, um weiterhin eine gute, effiziente und effektive Versorgung in der Region zu erreichen und zu erhalten. Gemeinsame F\u00fcrsorge ist notwendig, um die Hektik des Alltags bew\u00e4ltigen zu k\u00f6nnen. Denken Sie an den hohen Arbeitsdruck, die Zunahme komplexer Probleme schutzbed\u00fcrftiger Menschen, ver\u00e4nderte Vorschriften und die Begrenzung von Ressourcen und Arbeitskr\u00e4ften. Insbesondere die Rekrutierung und Bindung von motiviertem Gesundheitspersonal in der Region erfordert Teamarbeit; Der Wettbewerb ist dem abtr\u00e4glich.<\/p>\n\n\n\n<p>Unser Ziel ist es, auch in Zukunft eine gute Versorgung zu gew\u00e4hrleisten und ad\u00e4quat auf Entwicklungen zu reagieren, die die haus\u00e4rztliche Akutversorgung betreffen.<\/p>\n\n\n\n<p>Unser Ziel ist es, das Vertrauen der Anwender, der Patienten, in den \u00c4rztlichen Notdienst Maastricht und Heuvelland zu erhalten und zu st\u00e4rken.<\/p>\n\n\n\n<p>Unser Ziel ist es, den Enthusiasmus und die Leidenschaft der beteiligten (Gesundheits-)Fachkr\u00e4fte zu erhalten und zu st\u00e4rken.<\/p>\n\n\n\n<p>Unser Ziel ist es, den \u00c4rztlichen Notdienst f\u00fcr Allgemeinmediziner zu einem erkennbaren Teil der regionalen haus\u00e4rztlichen Versorgung und des regionalen Netzwerks der Leistungserbringer zu machen.<\/p>\n\n\n\n<p>Mit dem Slogan &#8222;<em>Caring together is our DNA&#8220;<\/em> geben wir unsere Richtung vor. Die Frage nach dem &#8222;Warum?&#8220; wird immer h\u00e4ufiger gestellt werden m\u00fcssen. Warum machen wir es so, warum nicht anders, warum nicht gemeinsam? Wir sollten uns auch \u00f6fter die Frage stellen: &#8222;Woran glauben wir &#8211; gemeinsam &#8211; ? Nur so k\u00f6nnen wir gemeinsam sicherstellen, dass die Patienten in unserer Region am richtigen Ort, zur richtigen Zeit und durch den richtigen Gesundheitsdienstleister optimal versorgt werden.<\/p>\n","protected":false},"excerpt":{"rendered":"<p>Vision Die HMH Foundation m\u00f6chte den Patienten in der Region eine gute Versorgung bieten und unterst\u00fctzt daher Haus\u00e4rzte so, dass eine qualitativ hochwertige, effiziente und sichere allgemeine Notfallversorgung durch die Notfallstation f\u00fcr Allgemeinmediziner gew\u00e4hrleistet wird. Eine gute Verwaltung und \u00dcberwachung sind wichtige Voraussetzungen f\u00fcr eine gute Versorgung. Aus diesem Grund arbeiten Aufsichtsrat und Verwaltungsrat nach den Grunds\u00e4tzen des national festgelegten Healthcare Governance Kodex. Das SHMH setzt seine Politik auf der Grundlage der intrinsischen Motivation des Fachpersonals um. Zusammen mit Kettenpartnern sorgt sie daf\u00fcr, dass die Patientenversorgung sicher am richtigen Ort, zur richtigen Zeit und durch den richtigen Gesundheitsdienstleister erfolgt. Ehrgeiz An verschiedenen Fronten [&#8230;]<\/p>\n","protected":false},"author":3,"featured_media":0,"parent":0,"menu_order":0,"comment_status":"closed","ping_status":"closed","template":"","meta":{"_acf_changed":false,"_trash_the_other_posts":false,"editor_notices":[],"footnotes":""},"class_list":["post-8343","page","type-page","status-publish","hentry"],"acf":[],"yoast_head":"<!-- This site is optimized with the Yoast SEO plugin v26.6 - https:\/\/yoast.com\/wordpress\/plugins\/seo\/ -->\n<title>Vision und Ambition - Hausarzt-Notfallpraxis Maastricht<\/title>\n<meta name=\"robots\" content=\"index, follow, max-snippet:-1, max-image-preview:large, max-video-preview:-1\" \/>\n<link rel=\"canonical\" href=\"https:\/\/hapmaastricht.nl\/de\/organisation\/\" \/>\n<meta property=\"og:locale\" content=\"de_DE\" \/>\n<meta property=\"og:type\" content=\"article\" \/>\n<meta property=\"og:title\" content=\"Vision und Ambition - Hausarzt-Notfallpraxis Maastricht\" \/>\n<meta property=\"og:description\" content=\"Vision Die HMH Foundation m\u00f6chte den Patienten in der Region eine gute Versorgung bieten und unterst\u00fctzt daher Haus\u00e4rzte so, dass eine qualitativ hochwertige, effiziente und sichere allgemeine Notfallversorgung durch die Notfallstation f\u00fcr Allgemeinmediziner gew\u00e4hrleistet wird. Eine gute Verwaltung und \u00dcberwachung sind wichtige Voraussetzungen f\u00fcr eine gute Versorgung. Aus diesem Grund arbeiten Aufsichtsrat und Verwaltungsrat nach den Grunds\u00e4tzen des national festgelegten Healthcare Governance Kodex. Das SHMH setzt seine Politik auf der Grundlage der intrinsischen Motivation des Fachpersonals um. Zusammen mit Kettenpartnern sorgt sie daf\u00fcr, dass die Patientenversorgung sicher am richtigen Ort, zur richtigen Zeit und durch den richtigen Gesundheitsdienstleister erfolgt. Ehrgeiz An verschiedenen Fronten [...]\" \/>\n<meta property=\"og:url\" content=\"https:\/\/hapmaastricht.nl\/de\/organisation\/\" \/>\n<meta property=\"og:site_name\" content=\"Hausarzt-Notfallpraxis Maastricht\" \/>\n<meta property=\"article:modified_time\" content=\"2025-07-10T07:53:29+00:00\" \/>\n<meta name=\"twitter:card\" content=\"summary_large_image\" \/>\n<meta name=\"twitter:label1\" content=\"Gesch\u00e4tzte Lesezeit\" \/>\n\t<meta name=\"twitter:data1\" content=\"2\u00a0Minuten\" \/>\n<script type=\"application\/ld+json\" class=\"yoast-schema-graph\">{\"@context\":\"https:\/\/schema.org\",\"@graph\":[{\"@type\":\"WebPage\",\"@id\":\"https:\/\/hapmaastricht.nl\/de\/organisation\/\",\"url\":\"https:\/\/hapmaastricht.nl\/de\/organisation\/\",\"name\":\"Vision und Ambition - Hausarzt-Notfallpraxis Maastricht\",\"isPartOf\":{\"@id\":\"https:\/\/hapmaastricht.nl\/de\/#website\"},\"datePublished\":\"2023-11-16T15:41:42+00:00\",\"dateModified\":\"2025-07-10T07:53:29+00:00\",\"breadcrumb\":{\"@id\":\"https:\/\/hapmaastricht.nl\/de\/organisation\/#breadcrumb\"},\"inLanguage\":\"de\",\"potentialAction\":[{\"@type\":\"ReadAction\",\"target\":[\"https:\/\/hapmaastricht.nl\/de\/organisation\/\"]}]},{\"@type\":\"BreadcrumbList\",\"@id\":\"https:\/\/hapmaastricht.nl\/de\/organisation\/#breadcrumb\",\"itemListElement\":[{\"@type\":\"ListItem\",\"position\":1,\"name\":\"Home\",\"item\":\"https:\/\/hapmaastricht.nl\/de\/\"},{\"@type\":\"ListItem\",\"position\":2,\"name\":\"Vision und Ehrgeiz\"}]},{\"@type\":\"WebSite\",\"@id\":\"https:\/\/hapmaastricht.nl\/de\/#website\",\"url\":\"https:\/\/hapmaastricht.nl\/de\/\",\"name\":\"Hausarzt-Notfallpraxis Maastricht\",\"description\":\"\",\"potentialAction\":[{\"@type\":\"SearchAction\",\"target\":{\"@type\":\"EntryPoint\",\"urlTemplate\":\"https:\/\/hapmaastricht.nl\/de\/?s={search_term_string}\"},\"query-input\":{\"@type\":\"PropertyValueSpecification\",\"valueRequired\":true,\"valueName\":\"search_term_string\"}}],\"inLanguage\":\"de\"}]}<\/script>\n<!-- \/ Yoast SEO plugin. -->","yoast_head_json":{"title":"Vision und Ambition - Hausarzt-Notfallpraxis Maastricht","robots":{"index":"index","follow":"follow","max-snippet":"max-snippet:-1","max-image-preview":"max-image-preview:large","max-video-preview":"max-video-preview:-1"},"canonical":"https:\/\/hapmaastricht.nl\/de\/organisation\/","og_locale":"de_DE","og_type":"article","og_title":"Vision und Ambition - Hausarzt-Notfallpraxis Maastricht","og_description":"Vision Die HMH Foundation m\u00f6chte den Patienten in der Region eine gute Versorgung bieten und unterst\u00fctzt daher Haus\u00e4rzte so, dass eine qualitativ hochwertige, effiziente und sichere allgemeine Notfallversorgung durch die Notfallstation f\u00fcr Allgemeinmediziner gew\u00e4hrleistet wird. Eine gute Verwaltung und \u00dcberwachung sind wichtige Voraussetzungen f\u00fcr eine gute Versorgung. Aus diesem Grund arbeiten Aufsichtsrat und Verwaltungsrat nach den Grunds\u00e4tzen des national festgelegten Healthcare Governance Kodex. Das SHMH setzt seine Politik auf der Grundlage der intrinsischen Motivation des Fachpersonals um. Zusammen mit Kettenpartnern sorgt sie daf\u00fcr, dass die Patientenversorgung sicher am richtigen Ort, zur richtigen Zeit und durch den richtigen Gesundheitsdienstleister erfolgt. Ehrgeiz An verschiedenen Fronten [...]","og_url":"https:\/\/hapmaastricht.nl\/de\/organisation\/","og_site_name":"Hausarzt-Notfallpraxis Maastricht","article_modified_time":"2025-07-10T07:53:29+00:00","twitter_card":"summary_large_image","twitter_misc":{"Gesch\u00e4tzte Lesezeit":"2\u00a0Minuten"},"schema":{"@context":"https:\/\/schema.org","@graph":[{"@type":"WebPage","@id":"https:\/\/hapmaastricht.nl\/de\/organisation\/","url":"https:\/\/hapmaastricht.nl\/de\/organisation\/","name":"Vision und Ambition - Hausarzt-Notfallpraxis Maastricht","isPartOf":{"@id":"https:\/\/hapmaastricht.nl\/de\/#website"},"datePublished":"2023-11-16T15:41:42+00:00","dateModified":"2025-07-10T07:53:29+00:00","breadcrumb":{"@id":"https:\/\/hapmaastricht.nl\/de\/organisation\/#breadcrumb"},"inLanguage":"de","potentialAction":[{"@type":"ReadAction","target":["https:\/\/hapmaastricht.nl\/de\/organisation\/"]}]},{"@type":"BreadcrumbList","@id":"https:\/\/hapmaastricht.nl\/de\/organisation\/#breadcrumb","itemListElement":[{"@type":"ListItem","position":1,"name":"Home","item":"https:\/\/hapmaastricht.nl\/de\/"},{"@type":"ListItem","position":2,"name":"Vision und Ehrgeiz"}]},{"@type":"WebSite","@id":"https:\/\/hapmaastricht.nl\/de\/#website","url":"https:\/\/hapmaastricht.nl\/de\/","name":"Hausarzt-Notfallpraxis Maastricht","description":"","potentialAction":[{"@type":"SearchAction","target":{"@type":"EntryPoint","urlTemplate":"https:\/\/hapmaastricht.nl\/de\/?s={search_term_string}"},"query-input":{"@type":"PropertyValueSpecification","valueRequired":true,"valueName":"search_term_string"}}],"inLanguage":"de"}]}},"_links":{"self":[{"href":"https:\/\/hapmaastricht.nl\/de\/wp-json\/wp\/v2\/pages\/8343","targetHints":{"allow":["GET"]}}],"collection":[{"href":"https:\/\/hapmaastricht.nl\/de\/wp-json\/wp\/v2\/pages"}],"about":[{"href":"https:\/\/hapmaastricht.nl\/de\/wp-json\/wp\/v2\/types\/page"}],"author":[{"embeddable":true,"href":"https:\/\/hapmaastricht.nl\/de\/wp-json\/wp\/v2\/users\/3"}],"replies":[{"embeddable":true,"href":"https:\/\/hapmaastricht.nl\/de\/wp-json\/wp\/v2\/comments?post=8343"}],"version-history":[{"count":1,"href":"https:\/\/hapmaastricht.nl\/de\/wp-json\/wp\/v2\/pages\/8343\/revisions"}],"predecessor-version":[{"id":9189,"href":"https:\/\/hapmaastricht.nl\/de\/wp-json\/wp\/v2\/pages\/8343\/revisions\/9189"}],"wp:attachment":[{"href":"https:\/\/hapmaastricht.nl\/de\/wp-json\/wp\/v2\/media?parent=8343"}],"curies":[{"name":"wp","href":"https:\/\/api.w.org\/{rel}","templated":true}]}}