{"id":9279,"date":"2026-02-18T10:18:47","date_gmt":"2026-02-18T09:18:47","guid":{"rendered":"https:\/\/hapmaastricht.nl\/de\/?page_id=9279"},"modified":"2026-02-19T09:29:07","modified_gmt":"2026-02-19T08:29:07","slug":"zahlungslink","status":"publish","type":"page","link":"https:\/\/hapmaastricht.nl\/de\/zahlungslink\/","title":{"rendered":"Zahlungslink per SMS"},"content":{"rendered":"\n<p>Wenn wir die Kosten f\u00fcr Ihren Kontakt direkt bei Ihrem Versicherer beim Huisartsen \u00c4rztlicher Notdienst nicht geltend machen k\u00f6nnen, senden wir Ihnen eine Zahlungsanfrage per SMS. Diese SMS enth\u00e4lt einen Link zu einer vertrauensw\u00fcrdigen Zahlungsumgebung von Sendi. Das macht das Bezahlen \u00fcber Ihr Handy einfach und sicher.<\/p>\n\n\n\n<figure class=\"wp-block-image size-large is-resized\"><img decoding=\"async\" src=\"https:\/\/hapmaastricht.nl\/wp-content\/uploads\/sites\/30\/2026\/02\/NL-Screenshot-1024x576.png\" alt=\"\" class=\"wp-image-9877\" style=\"width:1333px;height:auto\" \/><\/figure>\n","protected":false},"excerpt":{"rendered":"<p>Wenn wir die Kosten f\u00fcr Ihren Kontakt direkt bei Ihrem Versicherer beim Huisartsen \u00c4rztlicher Notdienst nicht geltend machen k\u00f6nnen, senden wir Ihnen eine Zahlungsanfrage per SMS. Diese SMS enth\u00e4lt einen Link zu einer vertrauensw\u00fcrdigen Zahlungsumgebung von Sendi. Das macht das Bezahlen \u00fcber Ihr Handy einfach und sicher.<\/p>\n","protected":false},"author":3,"featured_media":0,"parent":0,"menu_order":1,"comment_status":"closed","ping_status":"closed","template":"page-full-width.php","meta":{"_acf_changed":false,"_trash_the_other_posts":false,"editor_notices":[],"footnotes":""},"class_list":["post-9279","page","type-page","status-publish","hentry"],"acf":[],"yoast_head":"<!-- This site is optimized with the Yoast SEO plugin v26.6 - https:\/\/yoast.com\/wordpress\/plugins\/seo\/ -->\n<title>Zahlungslink per SMS - Hausarzt-Notfallpraxis Maastricht<\/title>\n<meta name=\"robots\" content=\"index, follow, max-snippet:-1, max-image-preview:large, max-video-preview:-1\" \/>\n<link rel=\"canonical\" href=\"https:\/\/hapmaastricht.nl\/de\/zahlungslink\/\" \/>\n<meta property=\"og:locale\" content=\"de_DE\" \/>\n<meta property=\"og:type\" content=\"article\" \/>\n<meta property=\"og:title\" content=\"Zahlungslink per SMS - Hausarzt-Notfallpraxis Maastricht\" \/>\n<meta property=\"og:description\" content=\"Wenn wir die Kosten f\u00fcr Ihren Kontakt direkt bei Ihrem Versicherer beim Huisartsen \u00c4rztlicher Notdienst nicht geltend machen k\u00f6nnen, senden wir Ihnen eine Zahlungsanfrage per SMS. Diese SMS enth\u00e4lt einen Link zu einer vertrauensw\u00fcrdigen Zahlungsumgebung von Sendi. Das macht das Bezahlen \u00fcber Ihr Handy einfach und sicher.\" \/>\n<meta property=\"og:url\" content=\"https:\/\/hapmaastricht.nl\/de\/zahlungslink\/\" \/>\n<meta property=\"og:site_name\" content=\"Hausarzt-Notfallpraxis Maastricht\" \/>\n<meta property=\"article:modified_time\" content=\"2026-02-19T08:29:07+00:00\" \/>\n<meta property=\"og:image\" content=\"https:\/\/hapmaastricht.nl\/de\/wp-content\/uploads\/sites\/53\/2026\/02\/DE-Screenshot.png\" \/>\n\t<meta property=\"og:image:width\" content=\"1366\" \/>\n\t<meta property=\"og:image:height\" content=\"768\" \/>\n\t<meta property=\"og:image:type\" content=\"image\/png\" \/>\n<meta name=\"twitter:card\" content=\"summary_large_image\" \/>\n<meta name=\"twitter:label1\" content=\"Gesch\u00e4tzte Lesezeit\" \/>\n\t<meta name=\"twitter:data1\" content=\"1\u00a0Minute\" \/>\n<script type=\"application\/ld+json\" class=\"yoast-schema-graph\">{\"@context\":\"https:\/\/schema.org\",\"@graph\":[{\"@type\":[\"WebPage\",\"FAQPage\"],\"@id\":\"https:\/\/hapmaastricht.nl\/de\/zahlungslink\/\",\"url\":\"https:\/\/hapmaastricht.nl\/de\/zahlungslink\/\",\"name\":\"Zahlungslink per SMS - Hausarzt-Notfallpraxis Maastricht\",\"isPartOf\":{\"@id\":\"https:\/\/hapmaastricht.nl\/de\/#website\"},\"primaryImageOfPage\":{\"@id\":\"https:\/\/hapmaastricht.nl\/de\/zahlungslink\/#primaryimage\"},\"image\":{\"@id\":\"https:\/\/hapmaastricht.nl\/de\/zahlungslink\/#primaryimage\"},\"thumbnailUrl\":\"https:\/\/hapmaastricht.nl\/wp-content\/uploads\/sites\/30\/2026\/02\/NL-Screenshot-1024x576.png\",\"datePublished\":\"2026-02-18T09:18:47+00:00\",\"dateModified\":\"2026-02-19T08:29:07+00:00\",\"breadcrumb\":{\"@id\":\"https:\/\/hapmaastricht.nl\/de\/zahlungslink\/#breadcrumb\"},\"inLanguage\":\"de\",\"potentialAction\":[{\"@type\":\"ReadAction\",\"target\":[\"https:\/\/hapmaastricht.nl\/de\/zahlungslink\/\"]}]},{\"@type\":\"ImageObject\",\"inLanguage\":\"de\",\"@id\":\"https:\/\/hapmaastricht.nl\/de\/zahlungslink\/#primaryimage\",\"url\":\"https:\/\/hapmaastricht.nl\/wp-content\/uploads\/sites\/30\/2026\/02\/NL-Screenshot-1024x576.png\",\"contentUrl\":\"https:\/\/hapmaastricht.nl\/wp-content\/uploads\/sites\/30\/2026\/02\/NL-Screenshot-1024x576.png\"},{\"@type\":\"BreadcrumbList\",\"@id\":\"https:\/\/hapmaastricht.nl\/de\/zahlungslink\/#breadcrumb\",\"itemListElement\":[{\"@type\":\"ListItem\",\"position\":1,\"name\":\"Home\",\"item\":\"https:\/\/hapmaastricht.nl\/de\/\"},{\"@type\":\"ListItem\",\"position\":2,\"name\":\"Zahlungslink per SMS\"}]},{\"@type\":\"WebSite\",\"@id\":\"https:\/\/hapmaastricht.nl\/de\/#website\",\"url\":\"https:\/\/hapmaastricht.nl\/de\/\",\"name\":\"Hausarzt-Notfallpraxis Maastricht\",\"description\":\"\",\"potentialAction\":[{\"@type\":\"SearchAction\",\"target\":{\"@type\":\"EntryPoint\",\"urlTemplate\":\"https:\/\/hapmaastricht.nl\/de\/?s={search_term_string}\"},\"query-input\":{\"@type\":\"PropertyValueSpecification\",\"valueRequired\":true,\"valueName\":\"search_term_string\"}}],\"inLanguage\":\"de\"}]}<\/script>\n<!-- \/ Yoast SEO plugin. -->","yoast_head_json":{"title":"Zahlungslink per SMS - Hausarzt-Notfallpraxis Maastricht","robots":{"index":"index","follow":"follow","max-snippet":"max-snippet:-1","max-image-preview":"max-image-preview:large","max-video-preview":"max-video-preview:-1"},"canonical":"https:\/\/hapmaastricht.nl\/de\/zahlungslink\/","og_locale":"de_DE","og_type":"article","og_title":"Zahlungslink per SMS - Hausarzt-Notfallpraxis Maastricht","og_description":"Wenn wir die Kosten f\u00fcr Ihren Kontakt direkt bei Ihrem Versicherer beim Huisartsen \u00c4rztlicher Notdienst nicht geltend machen k\u00f6nnen, senden wir Ihnen eine Zahlungsanfrage per SMS. Diese SMS enth\u00e4lt einen Link zu einer vertrauensw\u00fcrdigen Zahlungsumgebung von Sendi. Das macht das Bezahlen \u00fcber Ihr Handy einfach und sicher.","og_url":"https:\/\/hapmaastricht.nl\/de\/zahlungslink\/","og_site_name":"Hausarzt-Notfallpraxis Maastricht","article_modified_time":"2026-02-19T08:29:07+00:00","og_image":[{"width":1366,"height":768,"url":"https:\/\/hapmaastricht.nl\/de\/wp-content\/uploads\/sites\/53\/2026\/02\/DE-Screenshot.png","type":"image\/png"}],"twitter_card":"summary_large_image","twitter_misc":{"Gesch\u00e4tzte Lesezeit":"1\u00a0Minute"},"schema":{"@context":"https:\/\/schema.org","@graph":[{"@type":["WebPage","FAQPage"],"@id":"https:\/\/hapmaastricht.nl\/de\/zahlungslink\/","url":"https:\/\/hapmaastricht.nl\/de\/zahlungslink\/","name":"Zahlungslink per SMS - Hausarzt-Notfallpraxis Maastricht","isPartOf":{"@id":"https:\/\/hapmaastricht.nl\/de\/#website"},"primaryImageOfPage":{"@id":"https:\/\/hapmaastricht.nl\/de\/zahlungslink\/#primaryimage"},"image":{"@id":"https:\/\/hapmaastricht.nl\/de\/zahlungslink\/#primaryimage"},"thumbnailUrl":"https:\/\/hapmaastricht.nl\/wp-content\/uploads\/sites\/30\/2026\/02\/NL-Screenshot-1024x576.png","datePublished":"2026-02-18T09:18:47+00:00","dateModified":"2026-02-19T08:29:07+00:00","breadcrumb":{"@id":"https:\/\/hapmaastricht.nl\/de\/zahlungslink\/#breadcrumb"},"inLanguage":"de","potentialAction":[{"@type":"ReadAction","target":["https:\/\/hapmaastricht.nl\/de\/zahlungslink\/"]}]},{"@type":"ImageObject","inLanguage":"de","@id":"https:\/\/hapmaastricht.nl\/de\/zahlungslink\/#primaryimage","url":"https:\/\/hapmaastricht.nl\/wp-content\/uploads\/sites\/30\/2026\/02\/NL-Screenshot-1024x576.png","contentUrl":"https:\/\/hapmaastricht.nl\/wp-content\/uploads\/sites\/30\/2026\/02\/NL-Screenshot-1024x576.png"},{"@type":"BreadcrumbList","@id":"https:\/\/hapmaastricht.nl\/de\/zahlungslink\/#breadcrumb","itemListElement":[{"@type":"ListItem","position":1,"name":"Home","item":"https:\/\/hapmaastricht.nl\/de\/"},{"@type":"ListItem","position":2,"name":"Zahlungslink per SMS"}]},{"@type":"WebSite","@id":"https:\/\/hapmaastricht.nl\/de\/#website","url":"https:\/\/hapmaastricht.nl\/de\/","name":"Hausarzt-Notfallpraxis Maastricht","description":"","potentialAction":[{"@type":"SearchAction","target":{"@type":"EntryPoint","urlTemplate":"https:\/\/hapmaastricht.nl\/de\/?s={search_term_string}"},"query-input":{"@type":"PropertyValueSpecification","valueRequired":true,"valueName":"search_term_string"}}],"inLanguage":"de"}]}},"_links":{"self":[{"href":"https:\/\/hapmaastricht.nl\/de\/wp-json\/wp\/v2\/pages\/9279","targetHints":{"allow":["GET"]}}],"collection":[{"href":"https:\/\/hapmaastricht.nl\/de\/wp-json\/wp\/v2\/pages"}],"about":[{"href":"https:\/\/hapmaastricht.nl\/de\/wp-json\/wp\/v2\/types\/page"}],"author":[{"embeddable":true,"href":"https:\/\/hapmaastricht.nl\/de\/wp-json\/wp\/v2\/users\/3"}],"replies":[{"embeddable":true,"href":"https:\/\/hapmaastricht.nl\/de\/wp-json\/wp\/v2\/comments?post=9279"}],"version-history":[{"count":9,"href":"https:\/\/hapmaastricht.nl\/de\/wp-json\/wp\/v2\/pages\/9279\/revisions"}],"predecessor-version":[{"id":9289,"href":"https:\/\/hapmaastricht.nl\/de\/wp-json\/wp\/v2\/pages\/9279\/revisions\/9289"}],"wp:attachment":[{"href":"https:\/\/hapmaastricht.nl\/de\/wp-json\/wp\/v2\/media?parent=9279"}],"curies":[{"name":"wp","href":"https:\/\/api.w.org\/{rel}","templated":true}]}}