{"id":2011,"date":"2023-04-28T09:18:09","date_gmt":"2023-04-28T07:18:09","guid":{"rendered":"https:\/\/multisite.mindd.dev\/hap-maastricht\/?page_id=2011"},"modified":"2025-07-10T09:57:12","modified_gmt":"2025-07-10T07:57:12","slug":"procedimiento","status":"publish","type":"page","link":"https:\/\/hapmaastricht.nl\/es\/procedimiento\/","title":{"rendered":"Procedimiento"},"content":{"rendered":"\n\n\n<h2 class=\"wp-block-heading\"><strong>Primero averig\u00fce si necesita ir al m\u00e9dico de inmediato con su queja<\/strong><\/h2>\n\n\n\n<p>Es importante que solo nos llames si tu queja es urgente. Para averiguarlo, te aconsejamos que rellenes el cuestionario &#8216;Tengo que ir al m\u00e9dico&#8217; de <a href=\"\/\">nuestra p\u00e1gina de inicio<\/a> . En 1 minuto puede juzgar por s\u00ed mismo si su queja es urgente. Puede ser que su queja no sea urgente y que se le recomiende llamar a su propio m\u00e9dico de cabecera durante el horario de oficina. En ciertos casos, recibir\u00e1 consejos sobre lo que puede hacer usted mismo para reducir sus s\u00edntomas.<\/p>\n\n\n\n<p><strong>\u00a1CAUTELA!<\/strong> Cuando se ponga en contacto con la estaci\u00f3n de urgencias del m\u00e9dico de cabecera, conserve su documento de identidad con su BSN, su tarjeta de seguro y un resumen actualizado de los medicamentos que utiliza.<\/p>\n\n\n\n<h2 class=\"wp-block-heading\">Por tel\u00e9fono<\/h2>\n\n\n\n<p>El triagista, un asistente m\u00e9dico especialmente capacitado, le preguntar\u00e1 sobre estos datos personales y la naturaleza de sus quejas. A esto se le llama triaje. Sobre la base de esta conversaci\u00f3n, el (los) triagista(s) determina(n) si:<\/p>\n\n\n\n<ul class=\"wp-block-list\">\n<li>recibes consejos de cuidado personal,<\/li>\n\n\n\n<li>tiene una consulta por tel\u00e9fono,<\/li>\n\n\n\n<li>tiene&nbsp;que acudir a la estaci\u00f3n de urgencias del m\u00e9dico de cabecera para concertar una cita,<\/li>\n\n\n\n<li>un m\u00e9dico de cabecera va a su casa,<\/li>\n\n\n\n<li>Lo derivar\u00e1n a otro proveedor de cuidados intensivos, como un dentista o un especialista en el hospital.<\/li>\n<\/ul>\n\n\n\n<p>Es posible que primero le llamen por tel\u00e9fono a una enfermera de pre-triaje. Este empleado hace una evaluaci\u00f3n r\u00e1pida de la seriedad de su solicitud de atenci\u00f3n. Si necesita ayuda r\u00e1pidamente, un triagista le llamar\u00e1 de inmediato. Si la ayuda no se necesita de inmediato, se le volver\u00e1 a llamar m\u00e1s tarde. De este modo, el puesto de urgencias del m\u00e9dico de cabecera sigue siendo f\u00e1cilmente accesible y todos los pacientes tienen un contacto r\u00e1pido con un profesional sanitario.<\/p>\n\n\n\n<h2 class=\"wp-block-heading\">Consulta por tel\u00e9fono<\/h2>\n\n\n\n<p>En algunos casos, podemos proporcionar atenci\u00f3n a distancia con la intervenci\u00f3n de un m\u00e9dico general. Esto se lleva a cabo por tel\u00e9fono. La digitalizaci\u00f3n de la atenci\u00f3n lo hace posible. Piense en el paciente que env\u00eda una foto, la eval\u00faa el m\u00e9dico de cabecera y luego obtiene consejos sobre el tratamiento. Tambi\u00e9n es posible que tengas contacto a trav\u00e9s de videollamadas. No siempre tiene que haber contacto f\u00edsico con el m\u00e9dico de cabecera. Se cobra la misma <a href=\"\/tarieven\">tarifa<\/a> por esta \u00abconsulta a distancia\u00bb que por una consulta en la Estaci\u00f3n de Urgencias del m\u00e9dico de cabecera.<\/p>\n\n\n\n<h2 class=\"wp-block-heading\">Consulta en la Estaci\u00f3n de Urgencias del GP<\/h2>\n\n\n\n<p>Si tiene una cita para acudir a la Estaci\u00f3n de Urgencias del m\u00e9dico de cabecera, le pedimos que&nbsp;est\u00e9 presente a la hora acordada. Se le ayudar\u00e1 en una sala de tratamiento o en una sala de consulta. Esto depende del tipo de solicitud de ayuda que tengas. Ambas c\u00e1maras tienen horarios de consulta separados. Puede ser que un paciente que lleg\u00f3 m\u00e1s tarde sea tratado antes y tenga que esperar.<\/p>\n\n\n\n<p>El m\u00e9dico de cabecera de turno le examinar\u00e1 y le dar\u00e1 consejos m\u00e9dicos y\/o le tratar\u00e1 y\/o le derivar\u00e1 para un examen m\u00e1s detallado. En este caso, se le pedir\u00e1 que espere los resultados de los ex\u00e1menes. En funci\u00f3n de los resultados, el m\u00e9dico determinar\u00e1 qu\u00e9 tratamientos adicionales son necesarios.<\/p>\n\n\n\n<p>Si le recetan medicamentos, puede recogerlos en la farmacia de turno (consulte tambi\u00e9n la secci\u00f3n <a href=\"\/apotheken\/apotheek-maastricht-umc\/\">Farmacia<\/a>).<\/p>\n\n\n\n<h2 class=\"wp-block-heading\">El m\u00e9dico de cabecera ir\u00e1 a su casa para una visita<\/h2>\n\n\n\n<p>Para informar al m\u00e9dico de cabecera lo mejor posible durante una visita, es importante tener a mano un resumen actualizado de su medicaci\u00f3n.<\/p>\n\n\n\n<h2 class=\"wp-block-heading\">Despu\u00e9s de su contacto con la estaci\u00f3n de emergencia del m\u00e9dico de cabecera<\/h2>\n\n\n\n<p>Se enviar\u00e1 un resumen del contacto o la visita a su propio m\u00e9dico de cabecera. De este modo, su m\u00e9dico de cabecera sabr\u00e1 exactamente con qu\u00e9 solicitud de ayuda ha estado en contacto con el puesto de emergencia del m\u00e9dico de cabecera y qu\u00e9 se ha hecho en respuesta a ella. Puede encontrar m\u00e1s informaci\u00f3n al respecto en <a href=\"\/privacy\">la pol\u00edtica de privacidad<\/a>.<\/p>\n","protected":false},"excerpt":{"rendered":"<p>Primero, averig\u00fce si necesita ir al m\u00e9dico de inmediato con su queja. Es importante que solo nos llame si su queja es urgente. Para averiguarlo, le recomendamos que complete el cuestionario \u00ab\u00bfDebo ir al m\u00e9dico?\u00bb en nuestra p\u00e1gina de inicio. En 1 minuto, puede evaluar usted mismo si su queja es urgente. Es posible que su queja no sea urgente y que se le recomiende que llame a su propio m\u00e9dico durante el horario de oficina. En ciertos casos, recibir\u00e1 consejos sobre lo que puede hacer usted mismo para reducir sus s\u00edntomas. [&#8230;]<\/p>\n","protected":false},"author":3,"featured_media":0,"parent":0,"menu_order":187,"comment_status":"closed","ping_status":"closed","template":"","meta":{"_acf_changed":false,"_trash_the_other_posts":false,"editor_notices":[],"footnotes":""},"class_list":["post-2011","page","type-page","status-publish","hentry"],"acf":[],"yoast_head":"<!-- This site is optimized with the Yoast SEO plugin v26.6 - https:\/\/yoast.com\/wordpress\/plugins\/seo\/ -->\n<title>Procedimiento - Puesto de emergencia m\u00e9dico de cabecera Maastricht<\/title>\n<meta name=\"robots\" content=\"index, follow, max-snippet:-1, max-image-preview:large, max-video-preview:-1\" \/>\n<link rel=\"canonical\" href=\"https:\/\/hapmaastricht.nl\/es\/proceso\/\" \/>\n<meta property=\"og:locale\" content=\"es_ES\" \/>\n<meta property=\"og:type\" content=\"article\" \/>\n<meta property=\"og:title\" content=\"Procedimiento - Puesto de emergencia m\u00e9dico de cabecera Maastricht\" \/>\n<meta property=\"og:description\" content=\"Primero, averig\u00fce si necesita ir al m\u00e9dico de inmediato con su queja. Es importante que solo nos llame si su queja es urgente. Para averiguarlo, le recomendamos que complete el cuestionario \u00ab\u00bfDebo ir al m\u00e9dico?\u00bb en nuestra p\u00e1gina de inicio. En 1 minuto, puede evaluar usted mismo si su queja es urgente. Es posible que su queja no sea urgente y que se le recomiende que llame a su propio m\u00e9dico durante el horario de oficina. En ciertos casos, recibir\u00e1 consejos sobre lo que puede hacer usted mismo para reducir sus s\u00edntomas. [...]\" \/>\n<meta property=\"og:url\" content=\"https:\/\/hapmaastricht.nl\/es\/proceso\/\" \/>\n<meta property=\"og:site_name\" content=\"Puesto de emergencia m\u00e9dico de cabecera Maastricht\" \/>\n<meta property=\"article:modified_time\" content=\"2025-07-10T07:57:12+00:00\" \/>\n<meta name=\"twitter:card\" content=\"summary_large_image\" \/>\n<meta name=\"twitter:label1\" content=\"Tiempo de lectura\" \/>\n\t<meta name=\"twitter:data1\" content=\"3 minutos\" \/>\n<script type=\"application\/ld+json\" class=\"yoast-schema-graph\">{\"@context\":\"https:\/\/schema.org\",\"@graph\":[{\"@type\":\"WebPage\",\"@id\":\"https:\/\/hapmaastricht.nl\/es\/proceso\/\",\"url\":\"https:\/\/hapmaastricht.nl\/es\/proceso\/\",\"name\":\"Procedimiento - Puesto de emergencia m\u00e9dico de cabecera Maastricht\",\"isPartOf\":{\"@id\":\"https:\/\/hapmaastricht.nl\/es\/#website\"},\"datePublished\":\"2023-04-28T07:18:09+00:00\",\"dateModified\":\"2025-07-10T07:57:12+00:00\",\"breadcrumb\":{\"@id\":\"https:\/\/hapmaastricht.nl\/es\/proceso\/#breadcrumb\"},\"inLanguage\":\"es\",\"potentialAction\":[{\"@type\":\"ReadAction\",\"target\":[\"https:\/\/hapmaastricht.nl\/es\/proceso\/\"]}]},{\"@type\":\"BreadcrumbList\",\"@id\":\"https:\/\/hapmaastricht.nl\/es\/proceso\/#breadcrumb\",\"itemListElement\":[{\"@type\":\"ListItem\",\"position\":1,\"name\":\"Home\",\"item\":\"https:\/\/hapmaastricht.nl\/es\/\"},{\"@type\":\"ListItem\",\"position\":2,\"name\":\"M\u00e9todo de trabajo\"}]},{\"@type\":\"WebSite\",\"@id\":\"https:\/\/hapmaastricht.nl\/es\/#website\",\"url\":\"https:\/\/hapmaastricht.nl\/es\/\",\"name\":\"Puesto de emergencia m\u00e9dico de cabecera Maastricht\",\"description\":\"\",\"potentialAction\":[{\"@type\":\"SearchAction\",\"target\":{\"@type\":\"EntryPoint\",\"urlTemplate\":\"https:\/\/hapmaastricht.nl\/es\/?s={search_term_string}\"},\"query-input\":{\"@type\":\"PropertyValueSpecification\",\"valueRequired\":true,\"valueName\":\"search_term_string\"}}],\"inLanguage\":\"es\"}]}<\/script>\n<!-- \/ Yoast SEO plugin. -->","yoast_head_json":{"title":"Procedimiento - Puesto de emergencia m\u00e9dico de cabecera Maastricht","robots":{"index":"index","follow":"follow","max-snippet":"max-snippet:-1","max-image-preview":"max-image-preview:large","max-video-preview":"max-video-preview:-1"},"canonical":"https:\/\/hapmaastricht.nl\/es\/proceso\/","og_locale":"es_ES","og_type":"article","og_title":"Procedimiento - Puesto de emergencia m\u00e9dico de cabecera Maastricht","og_description":"Primero, averig\u00fce si necesita ir al m\u00e9dico de inmediato con su queja. Es importante que solo nos llame si su queja es urgente. Para averiguarlo, le recomendamos que complete el cuestionario \u00ab\u00bfDebo ir al m\u00e9dico?\u00bb en nuestra p\u00e1gina de inicio. En 1 minuto, puede evaluar usted mismo si su queja es urgente. Es posible que su queja no sea urgente y que se le recomiende que llame a su propio m\u00e9dico durante el horario de oficina. En ciertos casos, recibir\u00e1 consejos sobre lo que puede hacer usted mismo para reducir sus s\u00edntomas. [...]","og_url":"https:\/\/hapmaastricht.nl\/es\/proceso\/","og_site_name":"Puesto de emergencia m\u00e9dico de cabecera Maastricht","article_modified_time":"2025-07-10T07:57:12+00:00","twitter_card":"summary_large_image","twitter_misc":{"Tiempo de lectura":"3 minutos"},"schema":{"@context":"https:\/\/schema.org","@graph":[{"@type":"WebPage","@id":"https:\/\/hapmaastricht.nl\/es\/proceso\/","url":"https:\/\/hapmaastricht.nl\/es\/proceso\/","name":"Procedimiento - Puesto de emergencia m\u00e9dico de cabecera Maastricht","isPartOf":{"@id":"https:\/\/hapmaastricht.nl\/es\/#website"},"datePublished":"2023-04-28T07:18:09+00:00","dateModified":"2025-07-10T07:57:12+00:00","breadcrumb":{"@id":"https:\/\/hapmaastricht.nl\/es\/proceso\/#breadcrumb"},"inLanguage":"es","potentialAction":[{"@type":"ReadAction","target":["https:\/\/hapmaastricht.nl\/es\/proceso\/"]}]},{"@type":"BreadcrumbList","@id":"https:\/\/hapmaastricht.nl\/es\/proceso\/#breadcrumb","itemListElement":[{"@type":"ListItem","position":1,"name":"Home","item":"https:\/\/hapmaastricht.nl\/es\/"},{"@type":"ListItem","position":2,"name":"M\u00e9todo de trabajo"}]},{"@type":"WebSite","@id":"https:\/\/hapmaastricht.nl\/es\/#website","url":"https:\/\/hapmaastricht.nl\/es\/","name":"Puesto de emergencia m\u00e9dico de cabecera Maastricht","description":"","potentialAction":[{"@type":"SearchAction","target":{"@type":"EntryPoint","urlTemplate":"https:\/\/hapmaastricht.nl\/es\/?s={search_term_string}"},"query-input":{"@type":"PropertyValueSpecification","valueRequired":true,"valueName":"search_term_string"}}],"inLanguage":"es"}]}},"_links":{"self":[{"href":"https:\/\/hapmaastricht.nl\/es\/wp-json\/wp\/v2\/pages\/2011","targetHints":{"allow":["GET"]}}],"collection":[{"href":"https:\/\/hapmaastricht.nl\/es\/wp-json\/wp\/v2\/pages"}],"about":[{"href":"https:\/\/hapmaastricht.nl\/es\/wp-json\/wp\/v2\/types\/page"}],"author":[{"embeddable":true,"href":"https:\/\/hapmaastricht.nl\/es\/wp-json\/wp\/v2\/users\/3"}],"replies":[{"embeddable":true,"href":"https:\/\/hapmaastricht.nl\/es\/wp-json\/wp\/v2\/comments?post=2011"}],"version-history":[{"count":1,"href":"https:\/\/hapmaastricht.nl\/es\/wp-json\/wp\/v2\/pages\/2011\/revisions"}],"predecessor-version":[{"id":9232,"href":"https:\/\/hapmaastricht.nl\/es\/wp-json\/wp\/v2\/pages\/2011\/revisions\/9232"}],"wp:attachment":[{"href":"https:\/\/hapmaastricht.nl\/es\/wp-json\/wp\/v2\/media?parent=2011"}],"curies":[{"name":"wp","href":"https:\/\/api.w.org\/{rel}","templated":true}]}}