{"id":2029,"date":"2023-04-28T09:42:59","date_gmt":"2023-04-28T07:42:59","guid":{"rendered":"https:\/\/multisite.mindd.dev\/hap-maastricht\/?page_id=2029"},"modified":"2026-02-11T09:58:17","modified_gmt":"2026-02-11T08:58:17","slug":"tarifas","status":"publish","type":"page","link":"https:\/\/hapmaastricht.nl\/es\/tarifas\/","title":{"rendered":"Precios"},"content":{"rendered":"\n<p>La atenci\u00f3n del m\u00e9dico general est\u00e1 asegurada a trav\u00e9s del seguro b\u00e1sico. Los costes de la atenci\u00f3n m\u00e9dica no se cargan a tu franquicia. Es posible que recibas una factura de nuestra parte, ya que no podemos reclamar directamente a tu aseguradora de salud. Luego debe pagar los costes a nosotros y solicitar un reembolso a su aseguradora de salud. Cualquier examen adicional solicitado por el m\u00e9dico de cabecera y la medicaci\u00f3n prescrita son reclamados por terceros y normalmente est\u00e1n cubiertos por la franquicia. <\/p>\n\n\n\n<p>En los momentos de mayor afluencia, colaboramos con otras estaciones de emergencia del GP de Limburgo. Por eso es posible que recibas una factura o un resumen de declaraci\u00f3n de otro Puesto de Emergencias de M\u00e9dicos de Atenci\u00f3n Primaria de Limburgo. Para conocer las tarifas de esta publicaci\u00f3n, por favor consulta la p\u00e1gina web de la publicaci\u00f3n en cuesti\u00f3n.<\/p>\n\n\n\n<h2 class=\"wp-block-heading\">Nuestras tarifas <\/h2>\n\n\n\n<p><em>Determinado por la Autoridad Sanitaria Neerlandesa en euros:<\/em><\/p>\n\n\n\n<p><\/p>\n\n\n\n<div class=\"wp-block-columns is-layout-flex wp-container-core-columns-is-layout-9d6595d7 wp-block-columns-is-layout-flex\">\n<div class=\"wp-block-column is-layout-flow wp-block-column-is-layout-flow\">\n<h3 class=\"wp-block-heading h4\">A fecha de 1 de enero de 2025<\/h3>\n\n\n\n<p class=\"has-text-align-left\">Consulta: 189,21 \u20ac<\/p>\n\n\n\n<p>Visita: \u20ac 283,82<\/p>\n\n\n\n<p>Consulta sobre triaje: <br>35,00 \u20ac<\/p>\n<\/div>\n\n\n\n<div class=\"wp-block-column is-layout-flow wp-block-column-is-layout-flow\">\n<h3 class=\"wp-block-heading h4\">A fecha de 1 de noviembre de 2025<\/h3>\n\n\n\n<p class=\"has-text-align-left\">Consulta: \u20ac 172,04<\/p>\n\n\n\n<p>Visita: \u20ac 258,05<\/p>\n\n\n\n<p>Consulta sobre triaje: <br>35,00 \u20ac<\/p>\n<\/div>\n\n\n\n<div class=\"wp-block-column is-layout-flow wp-block-column-is-layout-flow\">\n<h3 class=\"wp-block-heading h4\">A fecha de 1 de enero de 20256<\/h3>\n\n\n\n<p>Consulta: 183,75 \u20ac<\/p>\n\n\n\n<p>Visita: \u20ac 275,62<\/p>\n\n\n\n<p>Consulta sobre triaje: <br>35,00 \u20ac<\/p>\n<\/div>\n<\/div>\n\n\n\n<h2 class=\"wp-block-heading\">Paga mediante enlace de pago<\/h2>\n\n\n\n<p>Si no podemos reclamar directamente a tu aseguradora los costes de tu visita al Puesto de Emergencia del GP, te enviaremos una solicitud de pago por SMS a trav\u00e9s de Sendi. Este SMS contiene un enlace a un entorno de pago confiable. Esto hace que pagar sea f\u00e1cil y seguro desde tu tel\u00e9fono m\u00f3vil.<\/p>\n\n\n\n<p><\/p>\n\n\n\n<h2 class=\"wp-block-heading\">Evita los costes de cobro<\/h2>\n\n\n\n<p>Evita los costes de cobro y aseg\u00farate de tener tu direcci\u00f3n y n\u00famero de tel\u00e9fono correctos cuando contactes con el centro de atenci\u00f3n primaria. Tambi\u00e9n puedes enviarnos tus datos correctos de direcci\u00f3n por correo electr\u00f3nico a <u><span style=\"text-decoration: underline\"><a href=\"mailto:admin@hapmaastricht.nl\">trav\u00e9s de<\/a><\/span><\/u>&nbsp;admin@hapmaastricht.nl. \u00bfTienes preguntas sobre tu factura? Env\u00eda un correo a&nbsp;<u><a href=\"mailto:admin@hapmaastricht.nl\">admin@hapmaastricht.nl<\/a><\/u>&nbsp;y menciona la factura y el n\u00famero del deudor.<\/p>\n\n\n\n<p><strong>\u00a1Por favor, tened en cuenta!<\/strong><\/p>\n\n\n\n<p class=\"has-white-color has-vivid-red-background-color has-text-color has-background\">Si un paciente no se presenta a la consulta, se cobrar\u00e1 una consulta de triaje.<\/p>\n","protected":false},"excerpt":{"rendered":"<p>Los cuidados generales est\u00e1n cubiertos por el seguro b\u00e1sico. Su deducible no cubre los costos de cuidados generales. Es posible que recibas una factura nuestra porque no podemos reclamarla directamente a tu aseguradora de salud. Luego, debe pagarnos los costos y reclamarlos a su aseguradora de salud. Cualquier examen adicional solicitado por el m\u00e9dico y los medicamentos recetados son declarados por terceros y, por lo general, est\u00e1n sujetos a la franquicia. Nuestras tarifas fijadas por la autoridad sanitaria holandesa en euros: enero de 2023 Consulta: 112,66\u20ac Visita: 168,99\u20ac Consulta de triaje: 35,00\u20ac Consulta de febrero a abril de 2023 Consulta: 138,23\u20ac Visita: 207,35\u20ac [&#8230;]<\/p>\n","protected":false},"author":3,"featured_media":0,"parent":0,"menu_order":160,"comment_status":"closed","ping_status":"closed","template":"","meta":{"_acf_changed":false,"_trash_the_other_posts":false,"editor_notices":[],"footnotes":""},"class_list":["post-2029","page","type-page","status-publish","hentry"],"acf":[],"yoast_head":"<!-- This site is optimized with the Yoast SEO plugin v26.6 - https:\/\/yoast.com\/wordpress\/plugins\/seo\/ -->\n<title>\u00bfCu\u00e1nto cuesta una visita al puesto de emergencia de m\u00e9dicos generalistas de Maastricht?<\/title>\n<meta name=\"description\" content=\"Los cuidados generales est\u00e1n cubiertos por el seguro b\u00e1sico. Estas son nuestras tarifas, establecidas por la Autoridad Sanitaria Holandesa.\" \/>\n<meta name=\"robots\" content=\"index, follow, max-snippet:-1, max-image-preview:large, max-video-preview:-1\" \/>\n<link rel=\"canonical\" href=\"https:\/\/hapmaastricht.nl\/es\/aranceles\/\" \/>\n<meta property=\"og:locale\" content=\"es_ES\" \/>\n<meta property=\"og:type\" content=\"article\" \/>\n<meta property=\"og:title\" content=\"\u00bfCu\u00e1nto cuesta una visita al puesto de emergencia de m\u00e9dicos generalistas de Maastricht?\" \/>\n<meta property=\"og:description\" content=\"Los cuidados generales est\u00e1n cubiertos por el seguro b\u00e1sico. Estas son nuestras tarifas, establecidas por la Autoridad Sanitaria Holandesa.\" \/>\n<meta property=\"og:url\" content=\"https:\/\/hapmaastricht.nl\/es\/aranceles\/\" \/>\n<meta property=\"og:site_name\" content=\"Puesto de emergencia m\u00e9dico de cabecera Maastricht\" \/>\n<meta property=\"article:modified_time\" content=\"2026-02-11T08:58:17+00:00\" \/>\n<meta name=\"twitter:card\" content=\"summary_large_image\" \/>\n<meta name=\"twitter:label1\" content=\"Tiempo de lectura\" \/>\n\t<meta name=\"twitter:data1\" content=\"1 minuto\" \/>\n<script type=\"application\/ld+json\" class=\"yoast-schema-graph\">{\"@context\":\"https:\/\/schema.org\",\"@graph\":[{\"@type\":\"WebPage\",\"@id\":\"https:\/\/hapmaastricht.nl\/es\/aranceles\/\",\"url\":\"https:\/\/hapmaastricht.nl\/es\/aranceles\/\",\"name\":\"\u00bfCu\u00e1nto cuesta una visita al puesto de emergencia de m\u00e9dicos generalistas de Maastricht?\",\"isPartOf\":{\"@id\":\"https:\/\/hapmaastricht.nl\/es\/#website\"},\"datePublished\":\"2023-04-28T07:42:59+00:00\",\"dateModified\":\"2026-02-11T08:58:17+00:00\",\"description\":\"Los cuidados generales est\u00e1n cubiertos por el seguro b\u00e1sico. Estas son nuestras tarifas, establecidas por la Autoridad Sanitaria Holandesa.\",\"breadcrumb\":{\"@id\":\"https:\/\/hapmaastricht.nl\/es\/aranceles\/#breadcrumb\"},\"inLanguage\":\"es\",\"potentialAction\":[{\"@type\":\"ReadAction\",\"target\":[\"https:\/\/hapmaastricht.nl\/es\/aranceles\/\"]}]},{\"@type\":\"BreadcrumbList\",\"@id\":\"https:\/\/hapmaastricht.nl\/es\/aranceles\/#breadcrumb\",\"itemListElement\":[{\"@type\":\"ListItem\",\"position\":1,\"name\":\"Home\",\"item\":\"https:\/\/hapmaastricht.nl\/es\/\"},{\"@type\":\"ListItem\",\"position\":2,\"name\":\"Tarifas\"}]},{\"@type\":\"WebSite\",\"@id\":\"https:\/\/hapmaastricht.nl\/es\/#website\",\"url\":\"https:\/\/hapmaastricht.nl\/es\/\",\"name\":\"Puesto de emergencia m\u00e9dico de cabecera Maastricht\",\"description\":\"\",\"potentialAction\":[{\"@type\":\"SearchAction\",\"target\":{\"@type\":\"EntryPoint\",\"urlTemplate\":\"https:\/\/hapmaastricht.nl\/es\/?s={search_term_string}\"},\"query-input\":{\"@type\":\"PropertyValueSpecification\",\"valueRequired\":true,\"valueName\":\"search_term_string\"}}],\"inLanguage\":\"es\"}]}<\/script>\n<!-- \/ Yoast SEO plugin. -->","yoast_head_json":{"title":"\u00bfCu\u00e1nto cuesta una visita al puesto de emergencia de m\u00e9dicos generalistas de Maastricht?","description":"Los cuidados generales est\u00e1n cubiertos por el seguro b\u00e1sico. Estas son nuestras tarifas, establecidas por la Autoridad Sanitaria Holandesa.","robots":{"index":"index","follow":"follow","max-snippet":"max-snippet:-1","max-image-preview":"max-image-preview:large","max-video-preview":"max-video-preview:-1"},"canonical":"https:\/\/hapmaastricht.nl\/es\/aranceles\/","og_locale":"es_ES","og_type":"article","og_title":"\u00bfCu\u00e1nto cuesta una visita al puesto de emergencia de m\u00e9dicos generalistas de Maastricht?","og_description":"Los cuidados generales est\u00e1n cubiertos por el seguro b\u00e1sico. Estas son nuestras tarifas, establecidas por la Autoridad Sanitaria Holandesa.","og_url":"https:\/\/hapmaastricht.nl\/es\/aranceles\/","og_site_name":"Puesto de emergencia m\u00e9dico de cabecera Maastricht","article_modified_time":"2026-02-11T08:58:17+00:00","twitter_card":"summary_large_image","twitter_misc":{"Tiempo de lectura":"1 minuto"},"schema":{"@context":"https:\/\/schema.org","@graph":[{"@type":"WebPage","@id":"https:\/\/hapmaastricht.nl\/es\/aranceles\/","url":"https:\/\/hapmaastricht.nl\/es\/aranceles\/","name":"\u00bfCu\u00e1nto cuesta una visita al puesto de emergencia de m\u00e9dicos generalistas de Maastricht?","isPartOf":{"@id":"https:\/\/hapmaastricht.nl\/es\/#website"},"datePublished":"2023-04-28T07:42:59+00:00","dateModified":"2026-02-11T08:58:17+00:00","description":"Los cuidados generales est\u00e1n cubiertos por el seguro b\u00e1sico. Estas son nuestras tarifas, establecidas por la Autoridad Sanitaria Holandesa.","breadcrumb":{"@id":"https:\/\/hapmaastricht.nl\/es\/aranceles\/#breadcrumb"},"inLanguage":"es","potentialAction":[{"@type":"ReadAction","target":["https:\/\/hapmaastricht.nl\/es\/aranceles\/"]}]},{"@type":"BreadcrumbList","@id":"https:\/\/hapmaastricht.nl\/es\/aranceles\/#breadcrumb","itemListElement":[{"@type":"ListItem","position":1,"name":"Home","item":"https:\/\/hapmaastricht.nl\/es\/"},{"@type":"ListItem","position":2,"name":"Tarifas"}]},{"@type":"WebSite","@id":"https:\/\/hapmaastricht.nl\/es\/#website","url":"https:\/\/hapmaastricht.nl\/es\/","name":"Puesto de emergencia m\u00e9dico de cabecera Maastricht","description":"","potentialAction":[{"@type":"SearchAction","target":{"@type":"EntryPoint","urlTemplate":"https:\/\/hapmaastricht.nl\/es\/?s={search_term_string}"},"query-input":{"@type":"PropertyValueSpecification","valueRequired":true,"valueName":"search_term_string"}}],"inLanguage":"es"}]}},"_links":{"self":[{"href":"https:\/\/hapmaastricht.nl\/es\/wp-json\/wp\/v2\/pages\/2029","targetHints":{"allow":["GET"]}}],"collection":[{"href":"https:\/\/hapmaastricht.nl\/es\/wp-json\/wp\/v2\/pages"}],"about":[{"href":"https:\/\/hapmaastricht.nl\/es\/wp-json\/wp\/v2\/types\/page"}],"author":[{"embeddable":true,"href":"https:\/\/hapmaastricht.nl\/es\/wp-json\/wp\/v2\/users\/3"}],"replies":[{"embeddable":true,"href":"https:\/\/hapmaastricht.nl\/es\/wp-json\/wp\/v2\/comments?post=2029"}],"version-history":[{"count":9,"href":"https:\/\/hapmaastricht.nl\/es\/wp-json\/wp\/v2\/pages\/2029\/revisions"}],"predecessor-version":[{"id":9277,"href":"https:\/\/hapmaastricht.nl\/es\/wp-json\/wp\/v2\/pages\/2029\/revisions\/9277"}],"wp:attachment":[{"href":"https:\/\/hapmaastricht.nl\/es\/wp-json\/wp\/v2\/media?parent=2029"}],"curies":[{"name":"wp","href":"https:\/\/api.w.org\/{rel}","templated":true}]}}