{"id":2494,"date":"2023-05-23T14:46:33","date_gmt":"2023-05-23T12:46:33","guid":{"rendered":"https:\/\/multisite.mindd.dev\/hap-maastricht\/?page_id=2494"},"modified":"2025-07-10T09:54:08","modified_gmt":"2025-07-10T07:54:08","slug":"colaboracion-envida","status":"publish","type":"page","link":"https:\/\/hapmaastricht.nl\/es\/colaboracion-envida\/","title":{"rendered":"Colaboraci\u00f3n con Envida"},"content":{"rendered":"\n\n\n<p>Desde principios de junio de 2019, los empleados de Envida Wijkzorg, responsable de la atenci\u00f3n nocturna aguda para personas mayores, han estado destinados en nuestra estaci\u00f3n de emergencia de m\u00e9dicos de cabecera. Al reunir los servicios de ambos proveedores de atenci\u00f3n bajo un mismo techo por la noche, es posible una coordinaci\u00f3n r\u00e1pida y las personas mayores m\u00e1s vulnerables recibir\u00e1n la atenci\u00f3n adecuada en el lugar adecuado.<\/p>\n\n\n\n<p>El centro de llamadas del Puesto de Emergencia de M\u00e9dicos Generales recibe solicitudes de ayuda para ambos proveedores de atenci\u00f3n. Si es necesario, los empleados de Envida y la Estaci\u00f3n de Emergencia del GP se consultan entre s\u00ed sobre el enfoque y el manejo de la solicitud de ayuda. Este m\u00e9todo garantiza un enfoque asistencial m\u00e1s eficiente, evita el ingreso innecesario en el hospital y permite el intercambio de conocimientos y habilidades entre ambas partes. Si la situaci\u00f3n lo requiere, se puede ampliar la asistencia y derivar al paciente al hospital.<\/p>\n","protected":false},"excerpt":{"rendered":"<p>Desde principios de junio de 2019, los empleados de Envida Wijkzorg, responsables de los cuidados nocturnos intensivos para personas mayores, han estado destinados en nuestro puesto de urgencias de medicina general. Al reunir los servicios de ambos proveedores de cuidados bajo un mismo techo durante la noche, es posible una coordinaci\u00f3n r\u00e1pida y mutua, y las personas mayores m\u00e1s vulnerables recibir\u00e1n la atenci\u00f3n adecuada en el lugar correcto. El centro de atenci\u00f3n telef\u00f3nica del puesto de urgencias de medicina general recibe solicitudes de ayuda para ambos proveedores de atenci\u00f3n m\u00e9dica. Si es necesario, los empleados de Envida y del Puesto de Emergencias de Medicina General se consultar\u00e1n entre s\u00ed sobre el enfoque y la gesti\u00f3n de la solicitud de ayuda. Este m\u00e9todo garantiza un enfoque de atenci\u00f3n m\u00e1s eficiente, evita la inclusi\u00f3n innecesaria en el [&#8230;]<\/p>\n","protected":false},"author":3,"featured_media":0,"parent":0,"menu_order":129,"comment_status":"closed","ping_status":"closed","template":"","meta":{"_acf_changed":false,"_trash_the_other_posts":false,"editor_notices":[],"footnotes":""},"class_list":["post-2494","page","type-page","status-publish","hentry"],"acf":[],"yoast_head":"<!-- This site is optimized with the Yoast SEO plugin v26.6 - https:\/\/yoast.com\/wordpress\/plugins\/seo\/ -->\n<title>Colaboraci\u00f3n con Envida - Puesto de emergencia m\u00e9dico de cabecera Maastricht<\/title>\n<meta name=\"robots\" content=\"index, follow, max-snippet:-1, max-image-preview:large, max-video-preview:-1\" \/>\n<link rel=\"canonical\" href=\"https:\/\/hapmaastricht.nl\/es\/cooperacion-envida\/\" \/>\n<meta property=\"og:locale\" content=\"es_ES\" \/>\n<meta property=\"og:type\" content=\"article\" \/>\n<meta property=\"og:title\" content=\"Colaboraci\u00f3n con Envida - Puesto de emergencia m\u00e9dico de cabecera Maastricht\" \/>\n<meta property=\"og:description\" content=\"Desde principios de junio de 2019, los empleados de Envida Wijkzorg, responsables de los cuidados nocturnos intensivos para personas mayores, han estado destinados en nuestro puesto de urgencias de medicina general. Al reunir los servicios de ambos proveedores de cuidados bajo un mismo techo durante la noche, es posible una coordinaci\u00f3n r\u00e1pida y mutua, y las personas mayores m\u00e1s vulnerables recibir\u00e1n la atenci\u00f3n adecuada en el lugar correcto. El centro de atenci\u00f3n telef\u00f3nica del puesto de urgencias de medicina general recibe solicitudes de ayuda para ambos proveedores de atenci\u00f3n m\u00e9dica. Si es necesario, los empleados de Envida y del Puesto de Emergencias de Medicina General se consultar\u00e1n entre s\u00ed sobre el enfoque y la gesti\u00f3n de la solicitud de ayuda. Este m\u00e9todo garantiza un enfoque de atenci\u00f3n m\u00e1s eficiente, evita la inclusi\u00f3n innecesaria en el [...]\" \/>\n<meta property=\"og:url\" content=\"https:\/\/hapmaastricht.nl\/es\/cooperacion-envida\/\" \/>\n<meta property=\"og:site_name\" content=\"Puesto de emergencia m\u00e9dico de cabecera Maastricht\" \/>\n<meta property=\"article:modified_time\" content=\"2025-07-10T07:54:08+00:00\" \/>\n<meta name=\"twitter:card\" content=\"summary_large_image\" \/>\n<meta name=\"twitter:label1\" content=\"Tiempo de lectura\" \/>\n\t<meta name=\"twitter:data1\" content=\"1 minuto\" \/>\n<script type=\"application\/ld+json\" class=\"yoast-schema-graph\">{\"@context\":\"https:\/\/schema.org\",\"@graph\":[{\"@type\":\"WebPage\",\"@id\":\"https:\/\/hapmaastricht.nl\/es\/cooperacion-envida\/\",\"url\":\"https:\/\/hapmaastricht.nl\/es\/cooperacion-envida\/\",\"name\":\"Colaboraci\u00f3n con Envida - Puesto de emergencia m\u00e9dico de cabecera Maastricht\",\"isPartOf\":{\"@id\":\"https:\/\/hapmaastricht.nl\/es\/#website\"},\"datePublished\":\"2023-05-23T12:46:33+00:00\",\"dateModified\":\"2025-07-10T07:54:08+00:00\",\"breadcrumb\":{\"@id\":\"https:\/\/hapmaastricht.nl\/es\/cooperacion-envida\/#breadcrumb\"},\"inLanguage\":\"es\",\"potentialAction\":[{\"@type\":\"ReadAction\",\"target\":[\"https:\/\/hapmaastricht.nl\/es\/cooperacion-envida\/\"]}]},{\"@type\":\"BreadcrumbList\",\"@id\":\"https:\/\/hapmaastricht.nl\/es\/cooperacion-envida\/#breadcrumb\",\"itemListElement\":[{\"@type\":\"ListItem\",\"position\":1,\"name\":\"Home\",\"item\":\"https:\/\/hapmaastricht.nl\/es\/\"},{\"@type\":\"ListItem\",\"position\":2,\"name\":\"Colaboraci\u00f3n Envida\"}]},{\"@type\":\"WebSite\",\"@id\":\"https:\/\/hapmaastricht.nl\/es\/#website\",\"url\":\"https:\/\/hapmaastricht.nl\/es\/\",\"name\":\"Puesto de emergencia m\u00e9dico de cabecera Maastricht\",\"description\":\"\",\"potentialAction\":[{\"@type\":\"SearchAction\",\"target\":{\"@type\":\"EntryPoint\",\"urlTemplate\":\"https:\/\/hapmaastricht.nl\/es\/?s={search_term_string}\"},\"query-input\":{\"@type\":\"PropertyValueSpecification\",\"valueRequired\":true,\"valueName\":\"search_term_string\"}}],\"inLanguage\":\"es\"}]}<\/script>\n<!-- \/ Yoast SEO plugin. -->","yoast_head_json":{"title":"Colaboraci\u00f3n con Envida - Puesto de emergencia m\u00e9dico de cabecera Maastricht","robots":{"index":"index","follow":"follow","max-snippet":"max-snippet:-1","max-image-preview":"max-image-preview:large","max-video-preview":"max-video-preview:-1"},"canonical":"https:\/\/hapmaastricht.nl\/es\/cooperacion-envida\/","og_locale":"es_ES","og_type":"article","og_title":"Colaboraci\u00f3n con Envida - Puesto de emergencia m\u00e9dico de cabecera Maastricht","og_description":"Desde principios de junio de 2019, los empleados de Envida Wijkzorg, responsables de los cuidados nocturnos intensivos para personas mayores, han estado destinados en nuestro puesto de urgencias de medicina general. Al reunir los servicios de ambos proveedores de cuidados bajo un mismo techo durante la noche, es posible una coordinaci\u00f3n r\u00e1pida y mutua, y las personas mayores m\u00e1s vulnerables recibir\u00e1n la atenci\u00f3n adecuada en el lugar correcto. El centro de atenci\u00f3n telef\u00f3nica del puesto de urgencias de medicina general recibe solicitudes de ayuda para ambos proveedores de atenci\u00f3n m\u00e9dica. Si es necesario, los empleados de Envida y del Puesto de Emergencias de Medicina General se consultar\u00e1n entre s\u00ed sobre el enfoque y la gesti\u00f3n de la solicitud de ayuda. Este m\u00e9todo garantiza un enfoque de atenci\u00f3n m\u00e1s eficiente, evita la inclusi\u00f3n innecesaria en el [...]","og_url":"https:\/\/hapmaastricht.nl\/es\/cooperacion-envida\/","og_site_name":"Puesto de emergencia m\u00e9dico de cabecera Maastricht","article_modified_time":"2025-07-10T07:54:08+00:00","twitter_card":"summary_large_image","twitter_misc":{"Tiempo de lectura":"1 minuto"},"schema":{"@context":"https:\/\/schema.org","@graph":[{"@type":"WebPage","@id":"https:\/\/hapmaastricht.nl\/es\/cooperacion-envida\/","url":"https:\/\/hapmaastricht.nl\/es\/cooperacion-envida\/","name":"Colaboraci\u00f3n con Envida - Puesto de emergencia m\u00e9dico de cabecera Maastricht","isPartOf":{"@id":"https:\/\/hapmaastricht.nl\/es\/#website"},"datePublished":"2023-05-23T12:46:33+00:00","dateModified":"2025-07-10T07:54:08+00:00","breadcrumb":{"@id":"https:\/\/hapmaastricht.nl\/es\/cooperacion-envida\/#breadcrumb"},"inLanguage":"es","potentialAction":[{"@type":"ReadAction","target":["https:\/\/hapmaastricht.nl\/es\/cooperacion-envida\/"]}]},{"@type":"BreadcrumbList","@id":"https:\/\/hapmaastricht.nl\/es\/cooperacion-envida\/#breadcrumb","itemListElement":[{"@type":"ListItem","position":1,"name":"Home","item":"https:\/\/hapmaastricht.nl\/es\/"},{"@type":"ListItem","position":2,"name":"Colaboraci\u00f3n Envida"}]},{"@type":"WebSite","@id":"https:\/\/hapmaastricht.nl\/es\/#website","url":"https:\/\/hapmaastricht.nl\/es\/","name":"Puesto de emergencia m\u00e9dico de cabecera Maastricht","description":"","potentialAction":[{"@type":"SearchAction","target":{"@type":"EntryPoint","urlTemplate":"https:\/\/hapmaastricht.nl\/es\/?s={search_term_string}"},"query-input":{"@type":"PropertyValueSpecification","valueRequired":true,"valueName":"search_term_string"}}],"inLanguage":"es"}]}},"_links":{"self":[{"href":"https:\/\/hapmaastricht.nl\/es\/wp-json\/wp\/v2\/pages\/2494","targetHints":{"allow":["GET"]}}],"collection":[{"href":"https:\/\/hapmaastricht.nl\/es\/wp-json\/wp\/v2\/pages"}],"about":[{"href":"https:\/\/hapmaastricht.nl\/es\/wp-json\/wp\/v2\/types\/page"}],"author":[{"embeddable":true,"href":"https:\/\/hapmaastricht.nl\/es\/wp-json\/wp\/v2\/users\/3"}],"replies":[{"embeddable":true,"href":"https:\/\/hapmaastricht.nl\/es\/wp-json\/wp\/v2\/comments?post=2494"}],"version-history":[{"count":1,"href":"https:\/\/hapmaastricht.nl\/es\/wp-json\/wp\/v2\/pages\/2494\/revisions"}],"predecessor-version":[{"id":9199,"href":"https:\/\/hapmaastricht.nl\/es\/wp-json\/wp\/v2\/pages\/2494\/revisions\/9199"}],"wp:attachment":[{"href":"https:\/\/hapmaastricht.nl\/es\/wp-json\/wp\/v2\/media?parent=2494"}],"curies":[{"name":"wp","href":"https:\/\/api.w.org\/{rel}","templated":true}]}}