{"id":2566,"date":"2023-05-31T16:50:19","date_gmt":"2023-05-31T14:50:19","guid":{"rendered":"https:\/\/multisite.mindd.dev\/hap-maastricht\/?page_id=2566"},"modified":"2025-07-10T09:54:05","modified_gmt":"2025-07-10T07:54:05","slug":"ambicion-de-vision","status":"publish","type":"page","link":"https:\/\/hapmaastricht.nl\/es\/ambicion-de-vision\/","title":{"rendered":"Visi\u00f3n y ambici\u00f3n"},"content":{"rendered":"\n\n\n<h2 class=\"wp-block-heading\">Visi\u00f3n<\/h2>\n\n\n\n<p>La Fundaci\u00f3n HMH quiere proporcionar una buena atenci\u00f3n a los pacientes de la regi\u00f3n y, por lo tanto, facilita a los m\u00e9dicos de cabecera de tal manera que el Puesto de Emergencia del GP brinde atenci\u00f3n de emergencia de alta calidad, eficiente y segura. Un buen manejo y supervisi\u00f3n son condiciones importantes para una buena atenci\u00f3n. Por lo tanto, el Consejo de Supervisi\u00f3n y la direcci\u00f3n trabajan de acuerdo con los principios del C\u00f3digo de Gobernanza de la Atenci\u00f3n Sanitaria establecido a nivel nacional. El SHMH implementa su pol\u00edtica desde la motivaci\u00f3n intr\u00ednseca del profesional. Junto con los socios de la cadena, se asegura de que la atenci\u00f3n al paciente se lleve a cabo de manera segura en el lugar correcto, en el momento correcto y por el proveedor de atenci\u00f3n m\u00e9dica adecuado.<\/p>\n\n\n\n<h2 class=\"wp-block-heading\">Ambici\u00f3n<\/h2>\n\n\n\n<p>Hay cuellos de botella en la atenci\u00f3n m\u00e9dica en varios frentes y eso es preocupante. Dentro de los cuidados intensivos, las alarmas llevan tiempo sonando y los cuellos de botella son cada vez m\u00e1s visibles. La sociedad est\u00e1 asumiendo cada vez m\u00e1s los cuidados (agudos) y las partes interesadas, tanto dentro como fuera de la organizaci\u00f3n, se est\u00e1n moviendo cada uno a su manera. Esto conduce a la vulnerabilidad de la organizaci\u00f3n sanitaria con todas sus consecuencias. Es todo un reto responder adecuadamente a esto.<\/p>\n\n\n\n<p>La colaboraci\u00f3n en las redes de cuidados agudos es necesaria para continuar logrando y manteniendo una atenci\u00f3n buena, eficiente y eficaz en la regi\u00f3n. El cuidado conjunto es necesario para hacer frente al ritmo agitado de la vida cotidiana. Pensemos en la alta presi\u00f3n laboral, el aumento de los problemas complejos entre las personas vulnerables, el cambio de las regulaciones y la limitaci\u00f3n de los recursos y la mano de obra. En particular, el reclutamiento y la retenci\u00f3n de personal sanitario motivado en la regi\u00f3n requiere un trabajo en equipo; La competencia es perjudicial para esto.<\/p>\n\n\n\n<p>Nuestra ambici\u00f3n es seguir proporcionando una buena atenci\u00f3n y responder adecuadamente a los avances que afectan a la atenci\u00f3n de los m\u00e9dicos de cabecera agudos.<\/p>\n\n\n\n<p>Nuestra ambici\u00f3n es mantener y reforzar la confianza de los usuarios, pacientes, en la Estaci\u00f3n de Urgencias de los M\u00e9dicos de Familia de Maastricht y Heuvelland.<\/p>\n\n\n\n<p>Nuestra ambici\u00f3n es mantener y fortalecer el entusiasmo y la pasi\u00f3n de los profesionales (de la salud) involucrados.<\/p>\n\n\n\n<p>Nuestra ambici\u00f3n es hacer que la Estaci\u00f3n de Urgencias de los M\u00e9dicos de Cabecera sea una parte reconocible de la atenci\u00f3n regional de los m\u00e9dicos de cabecera y de la red regional de proveedores de atenci\u00f3n sanitaria.<\/p>\n\n\n\n<p>Utilizamos el eslogan \u00ab<em>Cuidar juntos es nuestro ADN\u00bb<\/em> para indicar nuestra direcci\u00f3n. La pregunta \u00ab\u00bfPor qu\u00e9?\u00bb tendr\u00e1 que hacerse cada vez m\u00e1s a menudo. \u00bfPor qu\u00e9 lo hacemos de esta manera, por qu\u00e9 no de manera diferente, por qu\u00e9 no juntos? Tambi\u00e9n deber\u00edamos hacernos la pregunta: \u00ab\u00bfEn qu\u00e9 creemos, juntos, m\u00e1s a menudo? Solo entonces podremos garantizar juntos que se brinde la atenci\u00f3n m\u00e1s \u00f3ptima a los pacientes de nuestra regi\u00f3n en el lugar correcto, en el momento correcto y por el proveedor de atenci\u00f3n m\u00e9dica adecuado.<\/p>\n","protected":false},"excerpt":{"rendered":"<p>Visi\u00f3n La Fundaci\u00f3n HMH quiere brindar una buena atenci\u00f3n a los pacientes de la regi\u00f3n y, por lo tanto, facilita a los m\u00e9dicos de cabecera de tal manera que el puesto de urgencias de m\u00e9dicos generalistas brinde una atenci\u00f3n general de emergencia de alta calidad, eficiente y segura. Una buena administraci\u00f3n y supervisi\u00f3n son requisitos importantes para una buena atenci\u00f3n. Por eso, el Consejo de Supervisi\u00f3n y el Consejo de Administraci\u00f3n trabajan de acuerdo con los principios del C\u00f3digo de Gobernanza Sanitaria establecido a nivel nacional. La SHMH implementa su pol\u00edtica en funci\u00f3n de la motivaci\u00f3n intr\u00ednseca del profesional. Junto con los socios de la cadena, se asegura de que la atenci\u00f3n al paciente se lleve a cabo de forma segura en el lugar correcto, en el momento adecuado y por el proveedor de atenci\u00f3n m\u00e9dica adecuado. Ambici\u00f3n en varios frentes [&#8230;]<\/p>\n","protected":false},"author":3,"featured_media":0,"parent":0,"menu_order":186,"comment_status":"closed","ping_status":"closed","template":"","meta":{"_acf_changed":false,"_trash_the_other_posts":false,"editor_notices":[],"footnotes":""},"class_list":["post-2566","page","type-page","status-publish","hentry"],"acf":[],"yoast_head":"<!-- This site is optimized with the Yoast SEO plugin v26.6 - https:\/\/yoast.com\/wordpress\/plugins\/seo\/ -->\n<title>Visi\u00f3n y ambici\u00f3n - Puesto de emergencia m\u00e9dico de cabecera Maastricht<\/title>\n<meta name=\"robots\" content=\"index, follow, max-snippet:-1, max-image-preview:large, max-video-preview:-1\" \/>\n<link rel=\"canonical\" href=\"https:\/\/hapmaastricht.nl\/es\/vision-ambicion\/\" \/>\n<meta property=\"og:locale\" content=\"es_ES\" \/>\n<meta property=\"og:type\" content=\"article\" \/>\n<meta property=\"og:title\" content=\"Visi\u00f3n y ambici\u00f3n - Puesto de emergencia m\u00e9dico de cabecera Maastricht\" \/>\n<meta property=\"og:description\" content=\"Visi\u00f3n La Fundaci\u00f3n HMH quiere brindar una buena atenci\u00f3n a los pacientes de la regi\u00f3n y, por lo tanto, facilita a los m\u00e9dicos de cabecera de tal manera que el puesto de urgencias de m\u00e9dicos generalistas brinde una atenci\u00f3n general de emergencia de alta calidad, eficiente y segura. Una buena administraci\u00f3n y supervisi\u00f3n son requisitos importantes para una buena atenci\u00f3n. Por eso, el Consejo de Supervisi\u00f3n y el Consejo de Administraci\u00f3n trabajan de acuerdo con los principios del C\u00f3digo de Gobernanza Sanitaria establecido a nivel nacional. La SHMH implementa su pol\u00edtica en funci\u00f3n de la motivaci\u00f3n intr\u00ednseca del profesional. Junto con los socios de la cadena, se asegura de que la atenci\u00f3n al paciente se lleve a cabo de forma segura en el lugar correcto, en el momento adecuado y por el proveedor de atenci\u00f3n m\u00e9dica adecuado. Ambici\u00f3n en varios frentes [...]\" \/>\n<meta property=\"og:url\" content=\"https:\/\/hapmaastricht.nl\/es\/vision-ambicion\/\" \/>\n<meta property=\"og:site_name\" content=\"Puesto de emergencia m\u00e9dico de cabecera Maastricht\" \/>\n<meta property=\"article:modified_time\" content=\"2025-07-10T07:54:05+00:00\" \/>\n<meta name=\"twitter:card\" content=\"summary_large_image\" \/>\n<meta name=\"twitter:label1\" content=\"Tiempo de lectura\" \/>\n\t<meta name=\"twitter:data1\" content=\"3 minutos\" \/>\n<script type=\"application\/ld+json\" class=\"yoast-schema-graph\">{\"@context\":\"https:\/\/schema.org\",\"@graph\":[{\"@type\":\"WebPage\",\"@id\":\"https:\/\/hapmaastricht.nl\/es\/vision-ambicion\/\",\"url\":\"https:\/\/hapmaastricht.nl\/es\/vision-ambicion\/\",\"name\":\"Visi\u00f3n y ambici\u00f3n - Puesto de emergencia m\u00e9dico de cabecera Maastricht\",\"isPartOf\":{\"@id\":\"https:\/\/hapmaastricht.nl\/es\/#website\"},\"datePublished\":\"2023-05-31T14:50:19+00:00\",\"dateModified\":\"2025-07-10T07:54:05+00:00\",\"breadcrumb\":{\"@id\":\"https:\/\/hapmaastricht.nl\/es\/vision-ambicion\/#breadcrumb\"},\"inLanguage\":\"es\",\"potentialAction\":[{\"@type\":\"ReadAction\",\"target\":[\"https:\/\/hapmaastricht.nl\/es\/vision-ambicion\/\"]}]},{\"@type\":\"BreadcrumbList\",\"@id\":\"https:\/\/hapmaastricht.nl\/es\/vision-ambicion\/#breadcrumb\",\"itemListElement\":[{\"@type\":\"ListItem\",\"position\":1,\"name\":\"Home\",\"item\":\"https:\/\/hapmaastricht.nl\/es\/\"},{\"@type\":\"ListItem\",\"position\":2,\"name\":\"Visi\u00f3n y ambici\u00f3n\"}]},{\"@type\":\"WebSite\",\"@id\":\"https:\/\/hapmaastricht.nl\/es\/#website\",\"url\":\"https:\/\/hapmaastricht.nl\/es\/\",\"name\":\"Puesto de emergencia m\u00e9dico de cabecera Maastricht\",\"description\":\"\",\"potentialAction\":[{\"@type\":\"SearchAction\",\"target\":{\"@type\":\"EntryPoint\",\"urlTemplate\":\"https:\/\/hapmaastricht.nl\/es\/?s={search_term_string}\"},\"query-input\":{\"@type\":\"PropertyValueSpecification\",\"valueRequired\":true,\"valueName\":\"search_term_string\"}}],\"inLanguage\":\"es\"}]}<\/script>\n<!-- \/ Yoast SEO plugin. -->","yoast_head_json":{"title":"Visi\u00f3n y ambici\u00f3n - Puesto de emergencia m\u00e9dico de cabecera Maastricht","robots":{"index":"index","follow":"follow","max-snippet":"max-snippet:-1","max-image-preview":"max-image-preview:large","max-video-preview":"max-video-preview:-1"},"canonical":"https:\/\/hapmaastricht.nl\/es\/vision-ambicion\/","og_locale":"es_ES","og_type":"article","og_title":"Visi\u00f3n y ambici\u00f3n - Puesto de emergencia m\u00e9dico de cabecera Maastricht","og_description":"Visi\u00f3n La Fundaci\u00f3n HMH quiere brindar una buena atenci\u00f3n a los pacientes de la regi\u00f3n y, por lo tanto, facilita a los m\u00e9dicos de cabecera de tal manera que el puesto de urgencias de m\u00e9dicos generalistas brinde una atenci\u00f3n general de emergencia de alta calidad, eficiente y segura. Una buena administraci\u00f3n y supervisi\u00f3n son requisitos importantes para una buena atenci\u00f3n. Por eso, el Consejo de Supervisi\u00f3n y el Consejo de Administraci\u00f3n trabajan de acuerdo con los principios del C\u00f3digo de Gobernanza Sanitaria establecido a nivel nacional. La SHMH implementa su pol\u00edtica en funci\u00f3n de la motivaci\u00f3n intr\u00ednseca del profesional. Junto con los socios de la cadena, se asegura de que la atenci\u00f3n al paciente se lleve a cabo de forma segura en el lugar correcto, en el momento adecuado y por el proveedor de atenci\u00f3n m\u00e9dica adecuado. Ambici\u00f3n en varios frentes [...]","og_url":"https:\/\/hapmaastricht.nl\/es\/vision-ambicion\/","og_site_name":"Puesto de emergencia m\u00e9dico de cabecera Maastricht","article_modified_time":"2025-07-10T07:54:05+00:00","twitter_card":"summary_large_image","twitter_misc":{"Tiempo de lectura":"3 minutos"},"schema":{"@context":"https:\/\/schema.org","@graph":[{"@type":"WebPage","@id":"https:\/\/hapmaastricht.nl\/es\/vision-ambicion\/","url":"https:\/\/hapmaastricht.nl\/es\/vision-ambicion\/","name":"Visi\u00f3n y ambici\u00f3n - Puesto de emergencia m\u00e9dico de cabecera Maastricht","isPartOf":{"@id":"https:\/\/hapmaastricht.nl\/es\/#website"},"datePublished":"2023-05-31T14:50:19+00:00","dateModified":"2025-07-10T07:54:05+00:00","breadcrumb":{"@id":"https:\/\/hapmaastricht.nl\/es\/vision-ambicion\/#breadcrumb"},"inLanguage":"es","potentialAction":[{"@type":"ReadAction","target":["https:\/\/hapmaastricht.nl\/es\/vision-ambicion\/"]}]},{"@type":"BreadcrumbList","@id":"https:\/\/hapmaastricht.nl\/es\/vision-ambicion\/#breadcrumb","itemListElement":[{"@type":"ListItem","position":1,"name":"Home","item":"https:\/\/hapmaastricht.nl\/es\/"},{"@type":"ListItem","position":2,"name":"Visi\u00f3n y ambici\u00f3n"}]},{"@type":"WebSite","@id":"https:\/\/hapmaastricht.nl\/es\/#website","url":"https:\/\/hapmaastricht.nl\/es\/","name":"Puesto de emergencia m\u00e9dico de cabecera Maastricht","description":"","potentialAction":[{"@type":"SearchAction","target":{"@type":"EntryPoint","urlTemplate":"https:\/\/hapmaastricht.nl\/es\/?s={search_term_string}"},"query-input":{"@type":"PropertyValueSpecification","valueRequired":true,"valueName":"search_term_string"}}],"inLanguage":"es"}]}},"_links":{"self":[{"href":"https:\/\/hapmaastricht.nl\/es\/wp-json\/wp\/v2\/pages\/2566","targetHints":{"allow":["GET"]}}],"collection":[{"href":"https:\/\/hapmaastricht.nl\/es\/wp-json\/wp\/v2\/pages"}],"about":[{"href":"https:\/\/hapmaastricht.nl\/es\/wp-json\/wp\/v2\/types\/page"}],"author":[{"embeddable":true,"href":"https:\/\/hapmaastricht.nl\/es\/wp-json\/wp\/v2\/users\/3"}],"replies":[{"embeddable":true,"href":"https:\/\/hapmaastricht.nl\/es\/wp-json\/wp\/v2\/comments?post=2566"}],"version-history":[{"count":1,"href":"https:\/\/hapmaastricht.nl\/es\/wp-json\/wp\/v2\/pages\/2566\/revisions"}],"predecessor-version":[{"id":9198,"href":"https:\/\/hapmaastricht.nl\/es\/wp-json\/wp\/v2\/pages\/2566\/revisions\/9198"}],"wp:attachment":[{"href":"https:\/\/hapmaastricht.nl\/es\/wp-json\/wp\/v2\/media?parent=2566"}],"curies":[{"name":"wp","href":"https:\/\/api.w.org\/{rel}","templated":true}]}}