{"id":2570,"date":"2023-05-31T16:53:17","date_gmt":"2023-05-31T14:53:17","guid":{"rendered":"https:\/\/multisite.mindd.dev\/hap-maastricht\/?page_id=2570"},"modified":"2025-08-06T10:25:23","modified_gmt":"2025-08-06T08:25:23","slug":"vacante","status":"publish","type":"page","link":"https:\/\/hapmaastricht.nl\/es\/vacante\/","title":{"rendered":"Vacantes"},"content":{"rendered":"\n<p>El m\u00e9dico general de emergencia es una organizaci\u00f3n calificada por NPA. Esto significa que capacitamos a los asistentes m\u00e9dicos para que se conviertan en triagistas. Adem\u00e1s, somos una empresa de formaci\u00f3n reconocida para estudiantes que se est\u00e1n formando para convertirse en auxiliar m\u00e9dico.<\/p>\n\n\n\n<p>Queremos fortalecer el equipo de asistentes m\u00e9dicos \/ enfermeras de triaje, \u00bfest\u00e1 interesado? Luego env\u00ede su CV y motivaci\u00f3n a&nbsp;<a href=\"mailto:info@hapmaastricht.nl\">info@hapmaastricht.nl<\/a>&nbsp;. Tambi\u00e9n puedes venir y echar un vistazo antes de presentar la solicitud, \u00a1de nada! <\/p>\n\n\n\n<p>O mire los videos a continuaci\u00f3n, que le dar\u00e1n una buena impresi\u00f3n del trabajo de la enfermera de triaje en la estaci\u00f3n de emergencia del m\u00e9dico de cabecera<\/p>\n\n\n\n<h4 class=\"wp-block-heading\"><em>\u00bfQu\u00e9 implica trabajar en la estaci\u00f3n de emergencia de GP?<\/em><\/h4>\n\n\n\n<h4 class=\"wp-block-heading\"><\/h4>\n\n\n\n<figure class=\"wp-block-embed is-type-video is-provider-youtube wp-block-embed-youtube wp-embed-aspect-16-9 wp-has-aspect-ratio\"><div class=\"wp-block-embed__wrapper\">https:\/\/youtu.be\/cLs787y_GSE<\/div><\/figure>\n\n\n\n<h4 class=\"wp-block-heading\"><\/h4>\n\n\n\n<figure class=\"wp-block-embed is-type-video is-provider-youtube wp-block-embed-youtube wp-embed-aspect-16-9 wp-has-aspect-ratio\"><div class=\"wp-block-embed__wrapper\">https:\/\/youtu.be\/9Qor6O31w68<\/div><\/figure>\n\n\n\n<p><\/p>\n\n\n\n<h4 class=\"wp-block-heading\"><\/h4>\n\n\n\n<figure class=\"wp-block-embed is-type-video is-provider-youtube wp-block-embed-youtube wp-embed-aspect-16-9 wp-has-aspect-ratio\"><div class=\"wp-block-embed__wrapper\">https:\/\/youtu.be\/0a7HLQlSS98<\/div><\/figure>\n\n\n\n<figure class=\"wp-block-embed is-type-video is-provider-youtube wp-block-embed-youtube wp-embed-aspect-16-9 wp-has-aspect-ratio\"><div class=\"wp-block-embed__wrapper\">https:\/\/youtu.be\/jpeoLKnBw98<\/div><\/figure>\n\n\n\n<h4 class=\"wp-block-heading\"><\/h4>\n\n\n\n<figure class=\"wp-block-embed is-type-video is-provider-youtube wp-block-embed-youtube wp-embed-aspect-16-9 wp-has-aspect-ratio\"><div class=\"wp-block-embed__wrapper\">https:\/\/youtu.be\/vzxKMLOOzfk<\/div><\/figure>\n\n\n\n<figure class=\"wp-block-embed is-type-video is-provider-youtube wp-block-embed-youtube wp-embed-aspect-16-9 wp-has-aspect-ratio\"><div class=\"wp-block-embed__wrapper\">https:\/\/youtu.be\/vBU7JtWwEsw<\/div><\/figure>\n","protected":false},"excerpt":{"rendered":"<p>Queremos fortalecer el equipo de m\u00e9dicos ayudantes\/triagistas. Si est\u00e1 interesado, env\u00ede su curr\u00edculum y motivaci\u00f3n a info@hapmaastricht.nl. Tambi\u00e9n puedes venir a echarle un vistazo antes de presentar tu solicitud, \u00a1eres m\u00e1s que bienvenido!<\/p>\n","protected":false},"author":3,"featured_media":0,"parent":0,"menu_order":167,"comment_status":"closed","ping_status":"closed","template":"page-full-width.php","meta":{"_acf_changed":false,"_trash_the_other_posts":false,"editor_notices":[],"footnotes":""},"class_list":["post-2570","page","type-page","status-publish","hentry"],"acf":[],"yoast_head":"<!-- This site is optimized with the Yoast SEO plugin v26.6 - https:\/\/yoast.com\/wordpress\/plugins\/seo\/ -->\n<title>Vacantes - Puesto de emergencia m\u00e9dico de cabecera Maastricht<\/title>\n<meta name=\"robots\" content=\"index, follow, max-snippet:-1, max-image-preview:large, max-video-preview:-1\" \/>\n<link rel=\"canonical\" href=\"https:\/\/hapmaastricht.nl\/es\/vacante\/\" \/>\n<meta property=\"og:locale\" content=\"es_ES\" \/>\n<meta property=\"og:type\" content=\"article\" \/>\n<meta property=\"og:title\" content=\"Vacantes - Puesto de emergencia m\u00e9dico de cabecera Maastricht\" \/>\n<meta property=\"og:description\" content=\"Queremos fortalecer el equipo de m\u00e9dicos ayudantes\/triagistas. Si est\u00e1 interesado, env\u00ede su curr\u00edculum y motivaci\u00f3n a info@hapmaastricht.nl. Tambi\u00e9n puedes venir a echarle un vistazo antes de presentar tu solicitud, \u00a1eres m\u00e1s que bienvenido!\" \/>\n<meta property=\"og:url\" content=\"https:\/\/hapmaastricht.nl\/es\/vacante\/\" \/>\n<meta property=\"og:site_name\" content=\"Puesto de emergencia m\u00e9dico de cabecera Maastricht\" \/>\n<meta property=\"article:modified_time\" content=\"2025-08-06T08:25:23+00:00\" \/>\n<meta name=\"twitter:card\" content=\"summary_large_image\" \/>\n<meta name=\"twitter:label1\" content=\"Tiempo de lectura\" \/>\n\t<meta name=\"twitter:data1\" content=\"1 minuto\" \/>\n<script type=\"application\/ld+json\" class=\"yoast-schema-graph\">{\"@context\":\"https:\/\/schema.org\",\"@graph\":[{\"@type\":\"WebPage\",\"@id\":\"https:\/\/hapmaastricht.nl\/es\/vacante\/\",\"url\":\"https:\/\/hapmaastricht.nl\/es\/vacante\/\",\"name\":\"Vacantes - Puesto de emergencia m\u00e9dico de cabecera Maastricht\",\"isPartOf\":{\"@id\":\"https:\/\/hapmaastricht.nl\/es\/#website\"},\"datePublished\":\"2023-05-31T14:53:17+00:00\",\"dateModified\":\"2025-08-06T08:25:23+00:00\",\"breadcrumb\":{\"@id\":\"https:\/\/hapmaastricht.nl\/es\/vacante\/#breadcrumb\"},\"inLanguage\":\"es\",\"potentialAction\":[{\"@type\":\"ReadAction\",\"target\":[\"https:\/\/hapmaastricht.nl\/es\/vacante\/\"]}]},{\"@type\":\"BreadcrumbList\",\"@id\":\"https:\/\/hapmaastricht.nl\/es\/vacante\/#breadcrumb\",\"itemListElement\":[{\"@type\":\"ListItem\",\"position\":1,\"name\":\"Home\",\"item\":\"https:\/\/hapmaastricht.nl\/es\/\"},{\"@type\":\"ListItem\",\"position\":2,\"name\":\"Vacantes\"}]},{\"@type\":\"WebSite\",\"@id\":\"https:\/\/hapmaastricht.nl\/es\/#website\",\"url\":\"https:\/\/hapmaastricht.nl\/es\/\",\"name\":\"Puesto de emergencia m\u00e9dico de cabecera Maastricht\",\"description\":\"\",\"potentialAction\":[{\"@type\":\"SearchAction\",\"target\":{\"@type\":\"EntryPoint\",\"urlTemplate\":\"https:\/\/hapmaastricht.nl\/es\/?s={search_term_string}\"},\"query-input\":{\"@type\":\"PropertyValueSpecification\",\"valueRequired\":true,\"valueName\":\"search_term_string\"}}],\"inLanguage\":\"es\"}]}<\/script>\n<!-- \/ Yoast SEO plugin. -->","yoast_head_json":{"title":"Vacantes - Puesto de emergencia m\u00e9dico de cabecera Maastricht","robots":{"index":"index","follow":"follow","max-snippet":"max-snippet:-1","max-image-preview":"max-image-preview:large","max-video-preview":"max-video-preview:-1"},"canonical":"https:\/\/hapmaastricht.nl\/es\/vacante\/","og_locale":"es_ES","og_type":"article","og_title":"Vacantes - Puesto de emergencia m\u00e9dico de cabecera Maastricht","og_description":"Queremos fortalecer el equipo de m\u00e9dicos ayudantes\/triagistas. Si est\u00e1 interesado, env\u00ede su curr\u00edculum y motivaci\u00f3n a info@hapmaastricht.nl. Tambi\u00e9n puedes venir a echarle un vistazo antes de presentar tu solicitud, \u00a1eres m\u00e1s que bienvenido!","og_url":"https:\/\/hapmaastricht.nl\/es\/vacante\/","og_site_name":"Puesto de emergencia m\u00e9dico de cabecera Maastricht","article_modified_time":"2025-08-06T08:25:23+00:00","twitter_card":"summary_large_image","twitter_misc":{"Tiempo de lectura":"1 minuto"},"schema":{"@context":"https:\/\/schema.org","@graph":[{"@type":"WebPage","@id":"https:\/\/hapmaastricht.nl\/es\/vacante\/","url":"https:\/\/hapmaastricht.nl\/es\/vacante\/","name":"Vacantes - Puesto de emergencia m\u00e9dico de cabecera Maastricht","isPartOf":{"@id":"https:\/\/hapmaastricht.nl\/es\/#website"},"datePublished":"2023-05-31T14:53:17+00:00","dateModified":"2025-08-06T08:25:23+00:00","breadcrumb":{"@id":"https:\/\/hapmaastricht.nl\/es\/vacante\/#breadcrumb"},"inLanguage":"es","potentialAction":[{"@type":"ReadAction","target":["https:\/\/hapmaastricht.nl\/es\/vacante\/"]}]},{"@type":"BreadcrumbList","@id":"https:\/\/hapmaastricht.nl\/es\/vacante\/#breadcrumb","itemListElement":[{"@type":"ListItem","position":1,"name":"Home","item":"https:\/\/hapmaastricht.nl\/es\/"},{"@type":"ListItem","position":2,"name":"Vacantes"}]},{"@type":"WebSite","@id":"https:\/\/hapmaastricht.nl\/es\/#website","url":"https:\/\/hapmaastricht.nl\/es\/","name":"Puesto de emergencia m\u00e9dico de cabecera Maastricht","description":"","potentialAction":[{"@type":"SearchAction","target":{"@type":"EntryPoint","urlTemplate":"https:\/\/hapmaastricht.nl\/es\/?s={search_term_string}"},"query-input":{"@type":"PropertyValueSpecification","valueRequired":true,"valueName":"search_term_string"}}],"inLanguage":"es"}]}},"_links":{"self":[{"href":"https:\/\/hapmaastricht.nl\/es\/wp-json\/wp\/v2\/pages\/2570","targetHints":{"allow":["GET"]}}],"collection":[{"href":"https:\/\/hapmaastricht.nl\/es\/wp-json\/wp\/v2\/pages"}],"about":[{"href":"https:\/\/hapmaastricht.nl\/es\/wp-json\/wp\/v2\/types\/page"}],"author":[{"embeddable":true,"href":"https:\/\/hapmaastricht.nl\/es\/wp-json\/wp\/v2\/users\/3"}],"replies":[{"embeddable":true,"href":"https:\/\/hapmaastricht.nl\/es\/wp-json\/wp\/v2\/comments?post=2570"}],"version-history":[{"count":13,"href":"https:\/\/hapmaastricht.nl\/es\/wp-json\/wp\/v2\/pages\/2570\/revisions"}],"predecessor-version":[{"id":9252,"href":"https:\/\/hapmaastricht.nl\/es\/wp-json\/wp\/v2\/pages\/2570\/revisions\/9252"}],"wp:attachment":[{"href":"https:\/\/hapmaastricht.nl\/es\/wp-json\/wp\/v2\/media?parent=2570"}],"curies":[{"name":"wp","href":"https:\/\/api.w.org\/{rel}","templated":true}]}}