{"id":2572,"date":"2023-05-31T16:56:36","date_gmt":"2023-05-31T14:56:36","guid":{"rendered":"https:\/\/multisite.mindd.dev\/hap-maastricht\/?page_id=2572"},"modified":"2025-07-10T09:54:01","modified_gmt":"2025-07-10T07:54:01","slug":"consejo-de-vigilancia","status":"publish","type":"page","link":"https:\/\/hapmaastricht.nl\/es\/consejo-de-vigilancia\/","title":{"rendered":"Consejo de vigilancia"},"content":{"rendered":"\n\n\n<p>El Consejo de Supervisi\u00f3n de la Estaci\u00f3n de Urgencias de M\u00e9dicos Generales de Maastricht y Heuvelland est\u00e1 formado por tres miembros y se encarga de supervisar y asesorar sobre el desempe\u00f1o de las tareas de la organizaci\u00f3n. Los miembros son nombrados por un per\u00edodo de cuatro a\u00f1os. En la actualidad, los miembros del Consejo de Supervisi\u00f3n son:<\/p>\n\n\n\n<h2 class=\"wp-block-heading h4\"><\/h2>\n\n\n\n<p>Maarten Klomp <\/p>\n\n\n\n<p>Yvonne Custers-Tragaperras <\/p>\n\n\n\n<p>Guido Kerckhoffs<\/p>\n\n\n\n<p><\/p>\n\n\n\n<p><\/p>\n\n\n\n<p><\/p>\n\n\n\n<h2 class=\"wp-block-heading h4\"><\/h2>\n\n\n\n<p><\/p>\n\n\n\n<h2 class=\"wp-block-heading h4\"><\/h2>\n\n\n\n<p><\/p>\n","protected":false},"excerpt":{"rendered":"<p>El Consejo de Supervisi\u00f3n de ZIO y la Fundaci\u00f3n Huisartsenpost en Heuvelland est\u00e1 formado por tres miembros y es responsable de supervisar y asesorar sobre el desempe\u00f1o de ambas organizaciones. Los miembros son nombrados por un per\u00edodo de cuatro a\u00f1os. Arno Timmermans, presidente (desde el 1 de enero de 2022) ejerce como m\u00e9dico generalista en Almere hasta 2012. Director del NHG de 2000 a 2004 y presidente del consejo de administraci\u00f3n del NHG de 2004 a 2012. Presidente del consejo de administraci\u00f3n de Westfriesgasthuis desde 2012. El Westfriesgasthuis se fusion\u00f3 con el Hospital Waterland, actualmente conocido como Hospital Dijklander, en 2017. Actualmente es presidente del Consejo de Supervisi\u00f3n del SBOH y [&#8230;]<\/p>\n","protected":false},"author":3,"featured_media":0,"parent":0,"menu_order":125,"comment_status":"closed","ping_status":"closed","template":"","meta":{"_acf_changed":false,"_trash_the_other_posts":false,"editor_notices":[],"footnotes":""},"class_list":["post-2572","page","type-page","status-publish","hentry"],"acf":[],"yoast_head":"<!-- This site is optimized with the Yoast SEO plugin v26.6 - https:\/\/yoast.com\/wordpress\/plugins\/seo\/ -->\n<title>Consejo de vigilancia - Puesto de emergencia m\u00e9dico de cabecera Maastricht<\/title>\n<meta name=\"robots\" content=\"index, follow, max-snippet:-1, max-image-preview:large, max-video-preview:-1\" \/>\n<link rel=\"canonical\" href=\"https:\/\/hapmaastricht.nl\/es\/consejo-de-supervision\/\" \/>\n<meta property=\"og:locale\" content=\"es_ES\" \/>\n<meta property=\"og:type\" content=\"article\" \/>\n<meta property=\"og:title\" content=\"Consejo de vigilancia - Puesto de emergencia m\u00e9dico de cabecera Maastricht\" \/>\n<meta property=\"og:description\" content=\"El Consejo de Supervisi\u00f3n de ZIO y la Fundaci\u00f3n Huisartsenpost en Heuvelland est\u00e1 formado por tres miembros y es responsable de supervisar y asesorar sobre el desempe\u00f1o de ambas organizaciones. Los miembros son nombrados por un per\u00edodo de cuatro a\u00f1os. Arno Timmermans, presidente (desde el 1 de enero de 2022) ejerce como m\u00e9dico generalista en Almere hasta 2012. Director del NHG de 2000 a 2004 y presidente del consejo de administraci\u00f3n del NHG de 2004 a 2012. Presidente del consejo de administraci\u00f3n de Westfriesgasthuis desde 2012. El Westfriesgasthuis se fusion\u00f3 con el Hospital Waterland, actualmente conocido como Hospital Dijklander, en 2017. Actualmente es presidente del Consejo de Supervisi\u00f3n del SBOH y [...]\" \/>\n<meta property=\"og:url\" content=\"https:\/\/hapmaastricht.nl\/es\/consejo-de-supervision\/\" \/>\n<meta property=\"og:site_name\" content=\"Puesto de emergencia m\u00e9dico de cabecera Maastricht\" \/>\n<meta property=\"article:modified_time\" content=\"2025-07-10T07:54:01+00:00\" \/>\n<meta name=\"twitter:card\" content=\"summary_large_image\" \/>\n<meta name=\"twitter:label1\" content=\"Tiempo de lectura\" \/>\n\t<meta name=\"twitter:data1\" content=\"1 minuto\" \/>\n<script type=\"application\/ld+json\" class=\"yoast-schema-graph\">{\"@context\":\"https:\/\/schema.org\",\"@graph\":[{\"@type\":\"WebPage\",\"@id\":\"https:\/\/hapmaastricht.nl\/es\/consejo-de-supervision\/\",\"url\":\"https:\/\/hapmaastricht.nl\/es\/consejo-de-supervision\/\",\"name\":\"Consejo de vigilancia - Puesto de emergencia m\u00e9dico de cabecera Maastricht\",\"isPartOf\":{\"@id\":\"https:\/\/hapmaastricht.nl\/es\/#website\"},\"datePublished\":\"2023-05-31T14:56:36+00:00\",\"dateModified\":\"2025-07-10T07:54:01+00:00\",\"breadcrumb\":{\"@id\":\"https:\/\/hapmaastricht.nl\/es\/consejo-de-supervision\/#breadcrumb\"},\"inLanguage\":\"es\",\"potentialAction\":[{\"@type\":\"ReadAction\",\"target\":[\"https:\/\/hapmaastricht.nl\/es\/consejo-de-supervision\/\"]}]},{\"@type\":\"BreadcrumbList\",\"@id\":\"https:\/\/hapmaastricht.nl\/es\/consejo-de-supervision\/#breadcrumb\",\"itemListElement\":[{\"@type\":\"ListItem\",\"position\":1,\"name\":\"Home\",\"item\":\"https:\/\/hapmaastricht.nl\/es\/\"},{\"@type\":\"ListItem\",\"position\":2,\"name\":\"Consejo de supervisi\u00f3n\"}]},{\"@type\":\"WebSite\",\"@id\":\"https:\/\/hapmaastricht.nl\/es\/#website\",\"url\":\"https:\/\/hapmaastricht.nl\/es\/\",\"name\":\"Puesto de emergencia m\u00e9dico de cabecera Maastricht\",\"description\":\"\",\"potentialAction\":[{\"@type\":\"SearchAction\",\"target\":{\"@type\":\"EntryPoint\",\"urlTemplate\":\"https:\/\/hapmaastricht.nl\/es\/?s={search_term_string}\"},\"query-input\":{\"@type\":\"PropertyValueSpecification\",\"valueRequired\":true,\"valueName\":\"search_term_string\"}}],\"inLanguage\":\"es\"}]}<\/script>\n<!-- \/ Yoast SEO plugin. -->","yoast_head_json":{"title":"Consejo de vigilancia - Puesto de emergencia m\u00e9dico de cabecera Maastricht","robots":{"index":"index","follow":"follow","max-snippet":"max-snippet:-1","max-image-preview":"max-image-preview:large","max-video-preview":"max-video-preview:-1"},"canonical":"https:\/\/hapmaastricht.nl\/es\/consejo-de-supervision\/","og_locale":"es_ES","og_type":"article","og_title":"Consejo de vigilancia - Puesto de emergencia m\u00e9dico de cabecera Maastricht","og_description":"El Consejo de Supervisi\u00f3n de ZIO y la Fundaci\u00f3n Huisartsenpost en Heuvelland est\u00e1 formado por tres miembros y es responsable de supervisar y asesorar sobre el desempe\u00f1o de ambas organizaciones. Los miembros son nombrados por un per\u00edodo de cuatro a\u00f1os. Arno Timmermans, presidente (desde el 1 de enero de 2022) ejerce como m\u00e9dico generalista en Almere hasta 2012. Director del NHG de 2000 a 2004 y presidente del consejo de administraci\u00f3n del NHG de 2004 a 2012. Presidente del consejo de administraci\u00f3n de Westfriesgasthuis desde 2012. El Westfriesgasthuis se fusion\u00f3 con el Hospital Waterland, actualmente conocido como Hospital Dijklander, en 2017. Actualmente es presidente del Consejo de Supervisi\u00f3n del SBOH y [...]","og_url":"https:\/\/hapmaastricht.nl\/es\/consejo-de-supervision\/","og_site_name":"Puesto de emergencia m\u00e9dico de cabecera Maastricht","article_modified_time":"2025-07-10T07:54:01+00:00","twitter_card":"summary_large_image","twitter_misc":{"Tiempo de lectura":"1 minuto"},"schema":{"@context":"https:\/\/schema.org","@graph":[{"@type":"WebPage","@id":"https:\/\/hapmaastricht.nl\/es\/consejo-de-supervision\/","url":"https:\/\/hapmaastricht.nl\/es\/consejo-de-supervision\/","name":"Consejo de vigilancia - Puesto de emergencia m\u00e9dico de cabecera Maastricht","isPartOf":{"@id":"https:\/\/hapmaastricht.nl\/es\/#website"},"datePublished":"2023-05-31T14:56:36+00:00","dateModified":"2025-07-10T07:54:01+00:00","breadcrumb":{"@id":"https:\/\/hapmaastricht.nl\/es\/consejo-de-supervision\/#breadcrumb"},"inLanguage":"es","potentialAction":[{"@type":"ReadAction","target":["https:\/\/hapmaastricht.nl\/es\/consejo-de-supervision\/"]}]},{"@type":"BreadcrumbList","@id":"https:\/\/hapmaastricht.nl\/es\/consejo-de-supervision\/#breadcrumb","itemListElement":[{"@type":"ListItem","position":1,"name":"Home","item":"https:\/\/hapmaastricht.nl\/es\/"},{"@type":"ListItem","position":2,"name":"Consejo de supervisi\u00f3n"}]},{"@type":"WebSite","@id":"https:\/\/hapmaastricht.nl\/es\/#website","url":"https:\/\/hapmaastricht.nl\/es\/","name":"Puesto de emergencia m\u00e9dico de cabecera Maastricht","description":"","potentialAction":[{"@type":"SearchAction","target":{"@type":"EntryPoint","urlTemplate":"https:\/\/hapmaastricht.nl\/es\/?s={search_term_string}"},"query-input":{"@type":"PropertyValueSpecification","valueRequired":true,"valueName":"search_term_string"}}],"inLanguage":"es"}]}},"_links":{"self":[{"href":"https:\/\/hapmaastricht.nl\/es\/wp-json\/wp\/v2\/pages\/2572","targetHints":{"allow":["GET"]}}],"collection":[{"href":"https:\/\/hapmaastricht.nl\/es\/wp-json\/wp\/v2\/pages"}],"about":[{"href":"https:\/\/hapmaastricht.nl\/es\/wp-json\/wp\/v2\/types\/page"}],"author":[{"embeddable":true,"href":"https:\/\/hapmaastricht.nl\/es\/wp-json\/wp\/v2\/users\/3"}],"replies":[{"embeddable":true,"href":"https:\/\/hapmaastricht.nl\/es\/wp-json\/wp\/v2\/comments?post=2572"}],"version-history":[{"count":4,"href":"https:\/\/hapmaastricht.nl\/es\/wp-json\/wp\/v2\/pages\/2572\/revisions"}],"predecessor-version":[{"id":9197,"href":"https:\/\/hapmaastricht.nl\/es\/wp-json\/wp\/v2\/pages\/2572\/revisions\/9197"}],"wp:attachment":[{"href":"https:\/\/hapmaastricht.nl\/es\/wp-json\/wp\/v2\/media?parent=2572"}],"curies":[{"name":"wp","href":"https:\/\/api.w.org\/{rel}","templated":true}]}}