{"id":2579,"date":"2023-05-31T17:08:15","date_gmt":"2023-05-31T15:08:15","guid":{"rendered":"https:\/\/multisite.mindd.dev\/hap-maastricht\/?page_id=2579"},"modified":"2025-07-10T09:53:57","modified_gmt":"2025-07-10T07:53:57","slug":"organigrama","status":"publish","type":"page","link":"https:\/\/hapmaastricht.nl\/es\/organigrama\/","title":{"rendered":"Gesti\u00f3n y Supervisi\u00f3n"},"content":{"rendered":"\n<figure class=\"wp-block-image size-full\"><img decoding=\"async\" width=\"760\" height=\"937\" src=\"https:\/\/hapmaastricht.nl\/content\/uploads\/2023\/08\/HAP-organogram-2023.jpg\" alt=\"\" class=\"wp-image-7412\" srcset=\"https:\/\/hapmaastricht.nl\/es\/wp-content\/uploads\/sites\/55\/2023\/08\/HAP-organogram-2023.jpg 760w, https:\/\/hapmaastricht.nl\/es\/wp-content\/uploads\/sites\/55\/2023\/08\/HAP-organogram-2023-243x300.jpg 243w\" sizes=\"(max-width: 760px) 100vw, 760px\" \/><\/figure>\n\n\n\n<p><span style=\"text-decoration: underline\">Explicaci\u00f3n<\/span><br>El director general es empleado de la Fundaci\u00f3n HMH. Para el resto del personal, la Fundaci\u00f3n tiene un contrato de servicios con el MUMC+.<br>Los m\u00e9dicos generalistas de Maastricht y de la regi\u00f3n de Heuvelland est\u00e1n afiliados a la Fundaci\u00f3n HMH sobre la base de un acuerdo de afiliaci\u00f3n. Para el transporte del m\u00e9dico de guardia, la fundaci\u00f3n utiliza conductores de una empresa de transporte especializada en el \u00e1mbito m\u00e9dico.<\/p>\n\n\n\n<p>El Consejo de Supervisi\u00f3n de la Estaci\u00f3n de Urgencias de M\u00e9dicos Generales de Maastricht y Heuvelland est\u00e1 formado por tres miembros y se encarga de supervisar y asesorar sobre el desempe\u00f1o de las tareas de la organizaci\u00f3n. Los miembros son nombrados por un per\u00edodo de cuatro a\u00f1os. En la actualidad, los miembros del Consejo de Supervisi\u00f3n son:<\/p>\n\n\n\n<p><\/p>\n\n\n\n<ul class=\"wp-block-list\">\n<li>Maarten Klomp<\/li>\n\n\n\n<li>Yvonne Custers-Tragaperras<\/li>\n\n\n\n<li>Guido Kerckhoffs<\/li>\n<\/ul>\n\n\n\n<p><\/p>\n","protected":false},"excerpt":{"rendered":"<p>Explicaci\u00f3n: El director y el director son empleados de la Fundaci\u00f3n HMH. Para el resto del personal, la Fundaci\u00f3n tiene un acuerdo de asignaci\u00f3n con el MUMC+. Los m\u00e9dicos de cabecera de Maastricht y de la regi\u00f3n de Heuvelland est\u00e1n afiliados a la Fundaci\u00f3n HMH sobre la base de un acuerdo de afiliaci\u00f3n. Para transportar al m\u00e9dico de guardia, la fundaci\u00f3n utiliza conductores de una empresa de transporte m\u00e9dico especializada en el campo de la medicina.<\/p>\n","protected":false},"author":3,"featured_media":0,"parent":0,"menu_order":106,"comment_status":"closed","ping_status":"closed","template":"","meta":{"_acf_changed":false,"_trash_the_other_posts":false,"editor_notices":["a:0:{}"],"footnotes":""},"class_list":["post-2579","page","type-page","status-publish","hentry"],"acf":[],"yoast_head":"<!-- This site is optimized with the Yoast SEO plugin v26.6 - https:\/\/yoast.com\/wordpress\/plugins\/seo\/ -->\n<title>Gesti\u00f3n y Supervisi\u00f3n - Puesto de emergencia m\u00e9dico de cabecera Maastricht<\/title>\n<meta name=\"robots\" content=\"index, follow, max-snippet:-1, max-image-preview:large, max-video-preview:-1\" \/>\n<link rel=\"canonical\" href=\"https:\/\/hapmaastricht.nl\/es\/organigrama\/\" \/>\n<meta property=\"og:locale\" content=\"es_ES\" \/>\n<meta property=\"og:type\" content=\"article\" \/>\n<meta property=\"og:title\" content=\"Gesti\u00f3n y Supervisi\u00f3n - Puesto de emergencia m\u00e9dico de cabecera Maastricht\" \/>\n<meta property=\"og:description\" content=\"Explicaci\u00f3n: El director y el director son empleados de la Fundaci\u00f3n HMH. Para el resto del personal, la Fundaci\u00f3n tiene un acuerdo de asignaci\u00f3n con el MUMC+. Los m\u00e9dicos de cabecera de Maastricht y de la regi\u00f3n de Heuvelland est\u00e1n afiliados a la Fundaci\u00f3n HMH sobre la base de un acuerdo de afiliaci\u00f3n. Para transportar al m\u00e9dico de guardia, la fundaci\u00f3n utiliza conductores de una empresa de transporte m\u00e9dico especializada en el campo de la medicina.\" \/>\n<meta property=\"og:url\" content=\"https:\/\/hapmaastricht.nl\/es\/organigrama\/\" \/>\n<meta property=\"og:site_name\" content=\"Puesto de emergencia m\u00e9dico de cabecera Maastricht\" \/>\n<meta property=\"article:modified_time\" content=\"2025-07-10T07:53:57+00:00\" \/>\n<meta property=\"og:image\" content=\"https:\/\/hapmaastricht.nl\/content\/uploads\/2023\/08\/HAP-organogram-2023.jpg\" \/>\n<meta name=\"twitter:card\" content=\"summary_large_image\" \/>\n<meta name=\"twitter:label1\" content=\"Tiempo de lectura\" \/>\n\t<meta name=\"twitter:data1\" content=\"1 minuto\" \/>\n<script type=\"application\/ld+json\" class=\"yoast-schema-graph\">{\"@context\":\"https:\/\/schema.org\",\"@graph\":[{\"@type\":\"WebPage\",\"@id\":\"https:\/\/hapmaastricht.nl\/es\/organigrama\/\",\"url\":\"https:\/\/hapmaastricht.nl\/es\/organigrama\/\",\"name\":\"Gesti\u00f3n y Supervisi\u00f3n - Puesto de emergencia m\u00e9dico de cabecera Maastricht\",\"isPartOf\":{\"@id\":\"https:\/\/hapmaastricht.nl\/es\/#website\"},\"primaryImageOfPage\":{\"@id\":\"https:\/\/hapmaastricht.nl\/es\/organigrama\/#primaryimage\"},\"image\":{\"@id\":\"https:\/\/hapmaastricht.nl\/es\/organigrama\/#primaryimage\"},\"thumbnailUrl\":\"https:\/\/hapmaastricht.nl\/content\/uploads\/2023\/08\/HAP-organogram-2023.jpg\",\"datePublished\":\"2023-05-31T15:08:15+00:00\",\"dateModified\":\"2025-07-10T07:53:57+00:00\",\"breadcrumb\":{\"@id\":\"https:\/\/hapmaastricht.nl\/es\/organigrama\/#breadcrumb\"},\"inLanguage\":\"es\",\"potentialAction\":[{\"@type\":\"ReadAction\",\"target\":[\"https:\/\/hapmaastricht.nl\/es\/organigrama\/\"]}]},{\"@type\":\"ImageObject\",\"inLanguage\":\"es\",\"@id\":\"https:\/\/hapmaastricht.nl\/es\/organigrama\/#primaryimage\",\"url\":\"https:\/\/hapmaastricht.nl\/content\/uploads\/2023\/08\/HAP-organogram-2023.jpg\",\"contentUrl\":\"https:\/\/hapmaastricht.nl\/content\/uploads\/2023\/08\/HAP-organogram-2023.jpg\"},{\"@type\":\"BreadcrumbList\",\"@id\":\"https:\/\/hapmaastricht.nl\/es\/organigrama\/#breadcrumb\",\"itemListElement\":[{\"@type\":\"ListItem\",\"position\":1,\"name\":\"Home\",\"item\":\"https:\/\/hapmaastricht.nl\/es\/\"},{\"@type\":\"ListItem\",\"position\":2,\"name\":\"Organigrama\"}]},{\"@type\":\"WebSite\",\"@id\":\"https:\/\/hapmaastricht.nl\/es\/#website\",\"url\":\"https:\/\/hapmaastricht.nl\/es\/\",\"name\":\"Puesto de emergencia m\u00e9dico de cabecera Maastricht\",\"description\":\"\",\"potentialAction\":[{\"@type\":\"SearchAction\",\"target\":{\"@type\":\"EntryPoint\",\"urlTemplate\":\"https:\/\/hapmaastricht.nl\/es\/?s={search_term_string}\"},\"query-input\":{\"@type\":\"PropertyValueSpecification\",\"valueRequired\":true,\"valueName\":\"search_term_string\"}}],\"inLanguage\":\"es\"}]}<\/script>\n<!-- \/ Yoast SEO plugin. -->","yoast_head_json":{"title":"Gesti\u00f3n y Supervisi\u00f3n - Puesto de emergencia m\u00e9dico de cabecera Maastricht","robots":{"index":"index","follow":"follow","max-snippet":"max-snippet:-1","max-image-preview":"max-image-preview:large","max-video-preview":"max-video-preview:-1"},"canonical":"https:\/\/hapmaastricht.nl\/es\/organigrama\/","og_locale":"es_ES","og_type":"article","og_title":"Gesti\u00f3n y Supervisi\u00f3n - Puesto de emergencia m\u00e9dico de cabecera Maastricht","og_description":"Explicaci\u00f3n: El director y el director son empleados de la Fundaci\u00f3n HMH. Para el resto del personal, la Fundaci\u00f3n tiene un acuerdo de asignaci\u00f3n con el MUMC+. Los m\u00e9dicos de cabecera de Maastricht y de la regi\u00f3n de Heuvelland est\u00e1n afiliados a la Fundaci\u00f3n HMH sobre la base de un acuerdo de afiliaci\u00f3n. Para transportar al m\u00e9dico de guardia, la fundaci\u00f3n utiliza conductores de una empresa de transporte m\u00e9dico especializada en el campo de la medicina.","og_url":"https:\/\/hapmaastricht.nl\/es\/organigrama\/","og_site_name":"Puesto de emergencia m\u00e9dico de cabecera Maastricht","article_modified_time":"2025-07-10T07:53:57+00:00","og_image":[{"url":"https:\/\/hapmaastricht.nl\/content\/uploads\/2023\/08\/HAP-organogram-2023.jpg","type":"","width":"","height":""}],"twitter_card":"summary_large_image","twitter_misc":{"Tiempo de lectura":"1 minuto"},"schema":{"@context":"https:\/\/schema.org","@graph":[{"@type":"WebPage","@id":"https:\/\/hapmaastricht.nl\/es\/organigrama\/","url":"https:\/\/hapmaastricht.nl\/es\/organigrama\/","name":"Gesti\u00f3n y Supervisi\u00f3n - Puesto de emergencia m\u00e9dico de cabecera Maastricht","isPartOf":{"@id":"https:\/\/hapmaastricht.nl\/es\/#website"},"primaryImageOfPage":{"@id":"https:\/\/hapmaastricht.nl\/es\/organigrama\/#primaryimage"},"image":{"@id":"https:\/\/hapmaastricht.nl\/es\/organigrama\/#primaryimage"},"thumbnailUrl":"https:\/\/hapmaastricht.nl\/content\/uploads\/2023\/08\/HAP-organogram-2023.jpg","datePublished":"2023-05-31T15:08:15+00:00","dateModified":"2025-07-10T07:53:57+00:00","breadcrumb":{"@id":"https:\/\/hapmaastricht.nl\/es\/organigrama\/#breadcrumb"},"inLanguage":"es","potentialAction":[{"@type":"ReadAction","target":["https:\/\/hapmaastricht.nl\/es\/organigrama\/"]}]},{"@type":"ImageObject","inLanguage":"es","@id":"https:\/\/hapmaastricht.nl\/es\/organigrama\/#primaryimage","url":"https:\/\/hapmaastricht.nl\/content\/uploads\/2023\/08\/HAP-organogram-2023.jpg","contentUrl":"https:\/\/hapmaastricht.nl\/content\/uploads\/2023\/08\/HAP-organogram-2023.jpg"},{"@type":"BreadcrumbList","@id":"https:\/\/hapmaastricht.nl\/es\/organigrama\/#breadcrumb","itemListElement":[{"@type":"ListItem","position":1,"name":"Home","item":"https:\/\/hapmaastricht.nl\/es\/"},{"@type":"ListItem","position":2,"name":"Organigrama"}]},{"@type":"WebSite","@id":"https:\/\/hapmaastricht.nl\/es\/#website","url":"https:\/\/hapmaastricht.nl\/es\/","name":"Puesto de emergencia m\u00e9dico de cabecera Maastricht","description":"","potentialAction":[{"@type":"SearchAction","target":{"@type":"EntryPoint","urlTemplate":"https:\/\/hapmaastricht.nl\/es\/?s={search_term_string}"},"query-input":{"@type":"PropertyValueSpecification","valueRequired":true,"valueName":"search_term_string"}}],"inLanguage":"es"}]}},"_links":{"self":[{"href":"https:\/\/hapmaastricht.nl\/es\/wp-json\/wp\/v2\/pages\/2579","targetHints":{"allow":["GET"]}}],"collection":[{"href":"https:\/\/hapmaastricht.nl\/es\/wp-json\/wp\/v2\/pages"}],"about":[{"href":"https:\/\/hapmaastricht.nl\/es\/wp-json\/wp\/v2\/types\/page"}],"author":[{"embeddable":true,"href":"https:\/\/hapmaastricht.nl\/es\/wp-json\/wp\/v2\/users\/3"}],"replies":[{"embeddable":true,"href":"https:\/\/hapmaastricht.nl\/es\/wp-json\/wp\/v2\/comments?post=2579"}],"version-history":[{"count":14,"href":"https:\/\/hapmaastricht.nl\/es\/wp-json\/wp\/v2\/pages\/2579\/revisions"}],"predecessor-version":[{"id":9196,"href":"https:\/\/hapmaastricht.nl\/es\/wp-json\/wp\/v2\/pages\/2579\/revisions\/9196"}],"wp:attachment":[{"href":"https:\/\/hapmaastricht.nl\/es\/wp-json\/wp\/v2\/media?parent=2579"}],"curies":[{"name":"wp","href":"https:\/\/api.w.org\/{rel}","templated":true}]}}