{"id":3528,"date":"2023-06-03T14:42:07","date_gmt":"2023-06-03T12:42:07","guid":{"rendered":"https:\/\/multisite.mindd.dev\/hap-maastricht\/?page_id=3528"},"modified":"2025-07-10T09:53:52","modified_gmt":"2025-07-10T07:53:52","slug":"cuidarnos-juntos-esta-en-nuestro-adn","status":"publish","type":"page","link":"https:\/\/hapmaastricht.nl\/es\/cuidarnos-juntos-esta-en-nuestro-adn\/","title":{"rendered":"Cuidarnos juntos est\u00e1 en nuestro ADN"},"content":{"rendered":"\n\n\n<p>Las <a href=\"\/wp-content\/uploads\/sites\/30\/2023\/06\/QUOTES-JAARVERSLAG-2016-def.pdf\" target=\"_blank\" rel=\"noreferrer noopener\">doce declaraciones<\/a> que adornaron uno de nuestros informes anuales hace unos a\u00f1os siguen siendo aplicables y est\u00e1n en l\u00ednea con la forma en que la Fundaci\u00f3n HMH da forma a su visi\u00f3n. Como met\u00e1fora de nuestra pol\u00edtica, utilizamos la estructura del ADN con el lema: \u00abCuidar juntos est\u00e1 en nuestro ADN\u00bb. La Fundaci\u00f3n HMH quiere demostrar que la motivaci\u00f3n intr\u00ednseca de las personas como profesionales (de los cuidados) con su entusiasmo y pasi\u00f3n es necesaria para la optimizaci\u00f3n de la atenci\u00f3n. Son estas personas las que se aseguran de que se brinde la mejor atenci\u00f3n posible a los pacientes de nuestra regi\u00f3n todos los d\u00edas.<\/p>\n\n\n\n<figure class=\"wp-block-image size-large\"><img decoding=\"async\" width=\"442\" height=\"1024\" src=\"https:\/\/hapmaastricht.nl\/content\/uploads\/2023\/06\/digitale-poster-442x1024.jpg\" alt=\"\" class=\"wp-image-3705\" srcset=\"https:\/\/hapmaastricht.nl\/es\/wp-content\/uploads\/sites\/55\/2023\/06\/digitale-poster-442x1024.jpg 442w, https:\/\/hapmaastricht.nl\/es\/wp-content\/uploads\/sites\/55\/2023\/06\/digitale-poster-130x300.jpg 130w, https:\/\/hapmaastricht.nl\/es\/wp-content\/uploads\/sites\/55\/2023\/06\/digitale-poster-768x1779.jpg 768w, https:\/\/hapmaastricht.nl\/es\/wp-content\/uploads\/sites\/55\/2023\/06\/digitale-poster-663x1536.jpg 663w, https:\/\/hapmaastricht.nl\/es\/wp-content\/uploads\/sites\/55\/2023\/06\/digitale-poster-884x2048.jpg 884w, https:\/\/hapmaastricht.nl\/es\/wp-content\/uploads\/sites\/55\/2023\/06\/digitale-poster-scaled.jpg 1105w\" sizes=\"(max-width: 442px) 100vw, 442px\" \/><\/figure>\n","protected":false},"excerpt":{"rendered":"<p>Las doce declaraciones que adornaban uno de nuestros informes anuales hace unos a\u00f1os siguen vigentes y est\u00e1n en l\u00ednea con la forma en que la Fundaci\u00f3n HMH da forma a su visi\u00f3n. Como met\u00e1fora de nuestra pol\u00edtica, utilizamos la estructura del ADN con el lema: \u00abCuidar juntos est\u00e1 en nuestro ADN\u00bb. La Fundaci\u00f3n HMH quiere demostrar que, para optimizar la atenci\u00f3n, es necesaria la motivaci\u00f3n intr\u00ednseca de las personas como profesionales (de los cuidados), con su entusiasmo y pasi\u00f3n. Son estas personas las que, d\u00eda tras d\u00eda, garantizan la mejor atenci\u00f3n posible a los pacientes de nuestra regi\u00f3n [&#8230;]<\/p>\n","protected":false},"author":3,"featured_media":0,"parent":0,"menu_order":128,"comment_status":"closed","ping_status":"closed","template":"","meta":{"_acf_changed":false,"_trash_the_other_posts":false,"editor_notices":[],"footnotes":""},"class_list":["post-3528","page","type-page","status-publish","hentry"],"acf":[],"yoast_head":"<!-- This site is optimized with the Yoast SEO plugin v26.6 - https:\/\/yoast.com\/wordpress\/plugins\/seo\/ -->\n<title>Cuidarnos juntos est\u00e1 en nuestro ADN - Puesto de emergencia m\u00e9dico de cabecera Maastricht<\/title>\n<meta name=\"robots\" content=\"index, follow, max-snippet:-1, max-image-preview:large, max-video-preview:-1\" \/>\n<link rel=\"canonical\" href=\"https:\/\/hapmaastricht.nl\/es\/cuidar-juntos-esta-en-nuestro-adn\/\" \/>\n<meta property=\"og:locale\" content=\"es_ES\" \/>\n<meta property=\"og:type\" content=\"article\" \/>\n<meta property=\"og:title\" content=\"Cuidarnos juntos est\u00e1 en nuestro ADN - Puesto de emergencia m\u00e9dico de cabecera Maastricht\" \/>\n<meta property=\"og:description\" content=\"Las doce declaraciones que adornaban uno de nuestros informes anuales hace unos a\u00f1os siguen vigentes y est\u00e1n en l\u00ednea con la forma en que la Fundaci\u00f3n HMH da forma a su visi\u00f3n. Como met\u00e1fora de nuestra pol\u00edtica, utilizamos la estructura del ADN con el lema: \u00abCuidar juntos est\u00e1 en nuestro ADN\u00bb. La Fundaci\u00f3n HMH quiere demostrar que, para optimizar la atenci\u00f3n, es necesaria la motivaci\u00f3n intr\u00ednseca de las personas como profesionales (de los cuidados), con su entusiasmo y pasi\u00f3n. Son estas personas las que, d\u00eda tras d\u00eda, garantizan la mejor atenci\u00f3n posible a los pacientes de nuestra regi\u00f3n [...]\" \/>\n<meta property=\"og:url\" content=\"https:\/\/hapmaastricht.nl\/es\/cuidar-juntos-esta-en-nuestro-adn\/\" \/>\n<meta property=\"og:site_name\" content=\"Puesto de emergencia m\u00e9dico de cabecera Maastricht\" \/>\n<meta property=\"article:modified_time\" content=\"2025-07-10T07:53:52+00:00\" \/>\n<meta property=\"og:image\" content=\"https:\/\/hapmaastricht.nl\/content\/uploads\/2023\/06\/digitale-poster-442x1024.jpg\" \/>\n<meta name=\"twitter:card\" content=\"summary_large_image\" \/>\n<meta name=\"twitter:label1\" content=\"Tiempo de lectura\" \/>\n\t<meta name=\"twitter:data1\" content=\"1 minuto\" \/>\n<script type=\"application\/ld+json\" class=\"yoast-schema-graph\">{\"@context\":\"https:\/\/schema.org\",\"@graph\":[{\"@type\":\"WebPage\",\"@id\":\"https:\/\/hapmaastricht.nl\/es\/cuidar-juntos-esta-en-nuestro-adn\/\",\"url\":\"https:\/\/hapmaastricht.nl\/es\/cuidar-juntos-esta-en-nuestro-adn\/\",\"name\":\"Cuidarnos juntos est\u00e1 en nuestro ADN - Puesto de emergencia m\u00e9dico de cabecera Maastricht\",\"isPartOf\":{\"@id\":\"https:\/\/hapmaastricht.nl\/es\/#website\"},\"primaryImageOfPage\":{\"@id\":\"https:\/\/hapmaastricht.nl\/es\/cuidar-juntos-esta-en-nuestro-adn\/#primaryimage\"},\"image\":{\"@id\":\"https:\/\/hapmaastricht.nl\/es\/cuidar-juntos-esta-en-nuestro-adn\/#primaryimage\"},\"thumbnailUrl\":\"https:\/\/hapmaastricht.nl\/content\/uploads\/2023\/06\/digitale-poster-442x1024.jpg\",\"datePublished\":\"2023-06-03T12:42:07+00:00\",\"dateModified\":\"2025-07-10T07:53:52+00:00\",\"breadcrumb\":{\"@id\":\"https:\/\/hapmaastricht.nl\/es\/cuidar-juntos-esta-en-nuestro-adn\/#breadcrumb\"},\"inLanguage\":\"es\",\"potentialAction\":[{\"@type\":\"ReadAction\",\"target\":[\"https:\/\/hapmaastricht.nl\/es\/cuidar-juntos-esta-en-nuestro-adn\/\"]}]},{\"@type\":\"ImageObject\",\"inLanguage\":\"es\",\"@id\":\"https:\/\/hapmaastricht.nl\/es\/cuidar-juntos-esta-en-nuestro-adn\/#primaryimage\",\"url\":\"https:\/\/hapmaastricht.nl\/content\/uploads\/2023\/06\/digitale-poster-442x1024.jpg\",\"contentUrl\":\"https:\/\/hapmaastricht.nl\/content\/uploads\/2023\/06\/digitale-poster-442x1024.jpg\"},{\"@type\":\"BreadcrumbList\",\"@id\":\"https:\/\/hapmaastricht.nl\/es\/cuidar-juntos-esta-en-nuestro-adn\/#breadcrumb\",\"itemListElement\":[{\"@type\":\"ListItem\",\"position\":1,\"name\":\"Home\",\"item\":\"https:\/\/hapmaastricht.nl\/es\/\"},{\"@type\":\"ListItem\",\"position\":2,\"name\":\"Cuidar juntos est\u00e1 en nuestro ADN\"}]},{\"@type\":\"WebSite\",\"@id\":\"https:\/\/hapmaastricht.nl\/es\/#website\",\"url\":\"https:\/\/hapmaastricht.nl\/es\/\",\"name\":\"Puesto de emergencia m\u00e9dico de cabecera Maastricht\",\"description\":\"\",\"potentialAction\":[{\"@type\":\"SearchAction\",\"target\":{\"@type\":\"EntryPoint\",\"urlTemplate\":\"https:\/\/hapmaastricht.nl\/es\/?s={search_term_string}\"},\"query-input\":{\"@type\":\"PropertyValueSpecification\",\"valueRequired\":true,\"valueName\":\"search_term_string\"}}],\"inLanguage\":\"es\"}]}<\/script>\n<!-- \/ Yoast SEO plugin. -->","yoast_head_json":{"title":"Cuidarnos juntos est\u00e1 en nuestro ADN - Puesto de emergencia m\u00e9dico de cabecera Maastricht","robots":{"index":"index","follow":"follow","max-snippet":"max-snippet:-1","max-image-preview":"max-image-preview:large","max-video-preview":"max-video-preview:-1"},"canonical":"https:\/\/hapmaastricht.nl\/es\/cuidar-juntos-esta-en-nuestro-adn\/","og_locale":"es_ES","og_type":"article","og_title":"Cuidarnos juntos est\u00e1 en nuestro ADN - Puesto de emergencia m\u00e9dico de cabecera Maastricht","og_description":"Las doce declaraciones que adornaban uno de nuestros informes anuales hace unos a\u00f1os siguen vigentes y est\u00e1n en l\u00ednea con la forma en que la Fundaci\u00f3n HMH da forma a su visi\u00f3n. Como met\u00e1fora de nuestra pol\u00edtica, utilizamos la estructura del ADN con el lema: \u00abCuidar juntos est\u00e1 en nuestro ADN\u00bb. La Fundaci\u00f3n HMH quiere demostrar que, para optimizar la atenci\u00f3n, es necesaria la motivaci\u00f3n intr\u00ednseca de las personas como profesionales (de los cuidados), con su entusiasmo y pasi\u00f3n. Son estas personas las que, d\u00eda tras d\u00eda, garantizan la mejor atenci\u00f3n posible a los pacientes de nuestra regi\u00f3n [...]","og_url":"https:\/\/hapmaastricht.nl\/es\/cuidar-juntos-esta-en-nuestro-adn\/","og_site_name":"Puesto de emergencia m\u00e9dico de cabecera Maastricht","article_modified_time":"2025-07-10T07:53:52+00:00","og_image":[{"url":"https:\/\/hapmaastricht.nl\/content\/uploads\/2023\/06\/digitale-poster-442x1024.jpg","type":"","width":"","height":""}],"twitter_card":"summary_large_image","twitter_misc":{"Tiempo de lectura":"1 minuto"},"schema":{"@context":"https:\/\/schema.org","@graph":[{"@type":"WebPage","@id":"https:\/\/hapmaastricht.nl\/es\/cuidar-juntos-esta-en-nuestro-adn\/","url":"https:\/\/hapmaastricht.nl\/es\/cuidar-juntos-esta-en-nuestro-adn\/","name":"Cuidarnos juntos est\u00e1 en nuestro ADN - Puesto de emergencia m\u00e9dico de cabecera Maastricht","isPartOf":{"@id":"https:\/\/hapmaastricht.nl\/es\/#website"},"primaryImageOfPage":{"@id":"https:\/\/hapmaastricht.nl\/es\/cuidar-juntos-esta-en-nuestro-adn\/#primaryimage"},"image":{"@id":"https:\/\/hapmaastricht.nl\/es\/cuidar-juntos-esta-en-nuestro-adn\/#primaryimage"},"thumbnailUrl":"https:\/\/hapmaastricht.nl\/content\/uploads\/2023\/06\/digitale-poster-442x1024.jpg","datePublished":"2023-06-03T12:42:07+00:00","dateModified":"2025-07-10T07:53:52+00:00","breadcrumb":{"@id":"https:\/\/hapmaastricht.nl\/es\/cuidar-juntos-esta-en-nuestro-adn\/#breadcrumb"},"inLanguage":"es","potentialAction":[{"@type":"ReadAction","target":["https:\/\/hapmaastricht.nl\/es\/cuidar-juntos-esta-en-nuestro-adn\/"]}]},{"@type":"ImageObject","inLanguage":"es","@id":"https:\/\/hapmaastricht.nl\/es\/cuidar-juntos-esta-en-nuestro-adn\/#primaryimage","url":"https:\/\/hapmaastricht.nl\/content\/uploads\/2023\/06\/digitale-poster-442x1024.jpg","contentUrl":"https:\/\/hapmaastricht.nl\/content\/uploads\/2023\/06\/digitale-poster-442x1024.jpg"},{"@type":"BreadcrumbList","@id":"https:\/\/hapmaastricht.nl\/es\/cuidar-juntos-esta-en-nuestro-adn\/#breadcrumb","itemListElement":[{"@type":"ListItem","position":1,"name":"Home","item":"https:\/\/hapmaastricht.nl\/es\/"},{"@type":"ListItem","position":2,"name":"Cuidar juntos est\u00e1 en nuestro ADN"}]},{"@type":"WebSite","@id":"https:\/\/hapmaastricht.nl\/es\/#website","url":"https:\/\/hapmaastricht.nl\/es\/","name":"Puesto de emergencia m\u00e9dico de cabecera Maastricht","description":"","potentialAction":[{"@type":"SearchAction","target":{"@type":"EntryPoint","urlTemplate":"https:\/\/hapmaastricht.nl\/es\/?s={search_term_string}"},"query-input":{"@type":"PropertyValueSpecification","valueRequired":true,"valueName":"search_term_string"}}],"inLanguage":"es"}]}},"_links":{"self":[{"href":"https:\/\/hapmaastricht.nl\/es\/wp-json\/wp\/v2\/pages\/3528","targetHints":{"allow":["GET"]}}],"collection":[{"href":"https:\/\/hapmaastricht.nl\/es\/wp-json\/wp\/v2\/pages"}],"about":[{"href":"https:\/\/hapmaastricht.nl\/es\/wp-json\/wp\/v2\/types\/page"}],"author":[{"embeddable":true,"href":"https:\/\/hapmaastricht.nl\/es\/wp-json\/wp\/v2\/users\/3"}],"replies":[{"embeddable":true,"href":"https:\/\/hapmaastricht.nl\/es\/wp-json\/wp\/v2\/comments?post=3528"}],"version-history":[{"count":1,"href":"https:\/\/hapmaastricht.nl\/es\/wp-json\/wp\/v2\/pages\/3528\/revisions"}],"predecessor-version":[{"id":9194,"href":"https:\/\/hapmaastricht.nl\/es\/wp-json\/wp\/v2\/pages\/3528\/revisions\/9194"}],"wp:attachment":[{"href":"https:\/\/hapmaastricht.nl\/es\/wp-json\/wp\/v2\/media?parent=3528"}],"curies":[{"name":"wp","href":"https:\/\/api.w.org\/{rel}","templated":true}]}}