{"id":4994,"date":"2023-06-13T11:49:22","date_gmt":"2023-06-13T09:49:22","guid":{"rendered":"https:\/\/multisite.mindd.dev\/hap-maastricht\/?page_id=4994"},"modified":"2025-07-10T09:53:48","modified_gmt":"2025-07-10T07:53:48","slug":"gracias-por-su-presentacion","status":"publish","type":"page","link":"https:\/\/hapmaastricht.nl\/es\/consejo-de-clientes\/gracias-por-su-presentacion\/","title":{"rendered":"\u00a1Gracias por su presentaci\u00f3n!"},"content":{"rendered":"\n\n\n<p>Gracias por su presentaci\u00f3n. Su pregunta\/comentario ser\u00e1 discutido en la pr\u00f3xima reuni\u00f3n del consejo. A continuaci\u00f3n, recibir\u00e1 una respuesta sustancial de nuestra parte.<\/p>\n","protected":false},"excerpt":{"rendered":"<p>Gracias por su presentaci\u00f3n. Su pregunta\/comentario se discutir\u00e1 en la pr\u00f3xima reuni\u00f3n del consejo. A continuaci\u00f3n, recibir\u00e1 una respuesta sustantiva de nuestra parte.<\/p>\n","protected":false},"author":3,"featured_media":0,"parent":2143,"menu_order":2,"comment_status":"closed","ping_status":"closed","template":"","meta":{"_acf_changed":false,"_trash_the_other_posts":false,"editor_notices":[],"footnotes":""},"class_list":["post-4994","page","type-page","status-publish","hentry"],"acf":[],"yoast_head":"<!-- This site is optimized with the Yoast SEO plugin v26.6 - https:\/\/yoast.com\/wordpress\/plugins\/seo\/ -->\n<title>\u00a1Gracias por su presentaci\u00f3n! - Puesto de emergencia m\u00e9dico de cabecera Maastricht<\/title>\n<meta name=\"robots\" content=\"index, follow, max-snippet:-1, max-image-preview:large, max-video-preview:-1\" \/>\n<link rel=\"canonical\" href=\"https:\/\/hapmaastricht.nl\/es\/consejo-de-clientes\/gracias-por-su-presentacion\/\" \/>\n<meta property=\"og:locale\" content=\"es_ES\" \/>\n<meta property=\"og:type\" content=\"article\" \/>\n<meta property=\"og:title\" content=\"\u00a1Gracias por su presentaci\u00f3n! - Puesto de emergencia m\u00e9dico de cabecera Maastricht\" \/>\n<meta property=\"og:description\" content=\"Gracias por su presentaci\u00f3n. Su pregunta\/comentario se discutir\u00e1 en la pr\u00f3xima reuni\u00f3n del consejo. A continuaci\u00f3n, recibir\u00e1 una respuesta sustantiva de nuestra parte.\" \/>\n<meta property=\"og:url\" content=\"https:\/\/hapmaastricht.nl\/es\/consejo-de-clientes\/gracias-por-su-presentacion\/\" \/>\n<meta property=\"og:site_name\" content=\"Puesto de emergencia m\u00e9dico de cabecera Maastricht\" \/>\n<meta property=\"article:modified_time\" content=\"2025-07-10T07:53:48+00:00\" \/>\n<meta name=\"twitter:card\" content=\"summary_large_image\" \/>\n<meta name=\"twitter:label1\" content=\"Tiempo de lectura\" \/>\n\t<meta name=\"twitter:data1\" content=\"1 minuto\" \/>\n<script type=\"application\/ld+json\" class=\"yoast-schema-graph\">{\"@context\":\"https:\/\/schema.org\",\"@graph\":[{\"@type\":\"WebPage\",\"@id\":\"https:\/\/hapmaastricht.nl\/es\/consejo-de-clientes\/gracias-por-su-presentacion\/\",\"url\":\"https:\/\/hapmaastricht.nl\/es\/consejo-de-clientes\/gracias-por-su-presentacion\/\",\"name\":\"\u00a1Gracias por su presentaci\u00f3n! - Puesto de emergencia m\u00e9dico de cabecera Maastricht\",\"isPartOf\":{\"@id\":\"https:\/\/hapmaastricht.nl\/es\/#website\"},\"datePublished\":\"2023-06-13T09:49:22+00:00\",\"dateModified\":\"2025-07-10T07:53:48+00:00\",\"breadcrumb\":{\"@id\":\"https:\/\/hapmaastricht.nl\/es\/consejo-de-clientes\/gracias-por-su-presentacion\/#breadcrumb\"},\"inLanguage\":\"es\",\"potentialAction\":[{\"@type\":\"ReadAction\",\"target\":[\"https:\/\/hapmaastricht.nl\/es\/consejo-de-clientes\/gracias-por-su-presentacion\/\"]}]},{\"@type\":\"BreadcrumbList\",\"@id\":\"https:\/\/hapmaastricht.nl\/es\/consejo-de-clientes\/gracias-por-su-presentacion\/#breadcrumb\",\"itemListElement\":[{\"@type\":\"ListItem\",\"position\":1,\"name\":\"Home\",\"item\":\"https:\/\/hapmaastricht.nl\/es\/\"},{\"@type\":\"ListItem\",\"position\":2,\"name\":\"Consejo de clientes\",\"item\":\"https:\/\/hapmaastricht.nl\/es\/consejo-de-clientes\/\"},{\"@type\":\"ListItem\",\"position\":3,\"name\":\"\u00a1Gracias por tu presentaci\u00f3n!\"}]},{\"@type\":\"WebSite\",\"@id\":\"https:\/\/hapmaastricht.nl\/es\/#website\",\"url\":\"https:\/\/hapmaastricht.nl\/es\/\",\"name\":\"Puesto de emergencia m\u00e9dico de cabecera Maastricht\",\"description\":\"\",\"potentialAction\":[{\"@type\":\"SearchAction\",\"target\":{\"@type\":\"EntryPoint\",\"urlTemplate\":\"https:\/\/hapmaastricht.nl\/es\/?s={search_term_string}\"},\"query-input\":{\"@type\":\"PropertyValueSpecification\",\"valueRequired\":true,\"valueName\":\"search_term_string\"}}],\"inLanguage\":\"es\"}]}<\/script>\n<!-- \/ Yoast SEO plugin. -->","yoast_head_json":{"title":"\u00a1Gracias por su presentaci\u00f3n! - Puesto de emergencia m\u00e9dico de cabecera Maastricht","robots":{"index":"index","follow":"follow","max-snippet":"max-snippet:-1","max-image-preview":"max-image-preview:large","max-video-preview":"max-video-preview:-1"},"canonical":"https:\/\/hapmaastricht.nl\/es\/consejo-de-clientes\/gracias-por-su-presentacion\/","og_locale":"es_ES","og_type":"article","og_title":"\u00a1Gracias por su presentaci\u00f3n! - Puesto de emergencia m\u00e9dico de cabecera Maastricht","og_description":"Gracias por su presentaci\u00f3n. Su pregunta\/comentario se discutir\u00e1 en la pr\u00f3xima reuni\u00f3n del consejo. A continuaci\u00f3n, recibir\u00e1 una respuesta sustantiva de nuestra parte.","og_url":"https:\/\/hapmaastricht.nl\/es\/consejo-de-clientes\/gracias-por-su-presentacion\/","og_site_name":"Puesto de emergencia m\u00e9dico de cabecera Maastricht","article_modified_time":"2025-07-10T07:53:48+00:00","twitter_card":"summary_large_image","twitter_misc":{"Tiempo de lectura":"1 minuto"},"schema":{"@context":"https:\/\/schema.org","@graph":[{"@type":"WebPage","@id":"https:\/\/hapmaastricht.nl\/es\/consejo-de-clientes\/gracias-por-su-presentacion\/","url":"https:\/\/hapmaastricht.nl\/es\/consejo-de-clientes\/gracias-por-su-presentacion\/","name":"\u00a1Gracias por su presentaci\u00f3n! - Puesto de emergencia m\u00e9dico de cabecera Maastricht","isPartOf":{"@id":"https:\/\/hapmaastricht.nl\/es\/#website"},"datePublished":"2023-06-13T09:49:22+00:00","dateModified":"2025-07-10T07:53:48+00:00","breadcrumb":{"@id":"https:\/\/hapmaastricht.nl\/es\/consejo-de-clientes\/gracias-por-su-presentacion\/#breadcrumb"},"inLanguage":"es","potentialAction":[{"@type":"ReadAction","target":["https:\/\/hapmaastricht.nl\/es\/consejo-de-clientes\/gracias-por-su-presentacion\/"]}]},{"@type":"BreadcrumbList","@id":"https:\/\/hapmaastricht.nl\/es\/consejo-de-clientes\/gracias-por-su-presentacion\/#breadcrumb","itemListElement":[{"@type":"ListItem","position":1,"name":"Home","item":"https:\/\/hapmaastricht.nl\/es\/"},{"@type":"ListItem","position":2,"name":"Consejo de clientes","item":"https:\/\/hapmaastricht.nl\/es\/consejo-de-clientes\/"},{"@type":"ListItem","position":3,"name":"\u00a1Gracias por tu presentaci\u00f3n!"}]},{"@type":"WebSite","@id":"https:\/\/hapmaastricht.nl\/es\/#website","url":"https:\/\/hapmaastricht.nl\/es\/","name":"Puesto de emergencia m\u00e9dico de cabecera Maastricht","description":"","potentialAction":[{"@type":"SearchAction","target":{"@type":"EntryPoint","urlTemplate":"https:\/\/hapmaastricht.nl\/es\/?s={search_term_string}"},"query-input":{"@type":"PropertyValueSpecification","valueRequired":true,"valueName":"search_term_string"}}],"inLanguage":"es"}]}},"_links":{"self":[{"href":"https:\/\/hapmaastricht.nl\/es\/wp-json\/wp\/v2\/pages\/4994","targetHints":{"allow":["GET"]}}],"collection":[{"href":"https:\/\/hapmaastricht.nl\/es\/wp-json\/wp\/v2\/pages"}],"about":[{"href":"https:\/\/hapmaastricht.nl\/es\/wp-json\/wp\/v2\/types\/page"}],"author":[{"embeddable":true,"href":"https:\/\/hapmaastricht.nl\/es\/wp-json\/wp\/v2\/users\/3"}],"replies":[{"embeddable":true,"href":"https:\/\/hapmaastricht.nl\/es\/wp-json\/wp\/v2\/comments?post=4994"}],"version-history":[{"count":1,"href":"https:\/\/hapmaastricht.nl\/es\/wp-json\/wp\/v2\/pages\/4994\/revisions"}],"predecessor-version":[{"id":9193,"href":"https:\/\/hapmaastricht.nl\/es\/wp-json\/wp\/v2\/pages\/4994\/revisions\/9193"}],"up":[{"embeddable":true,"href":"https:\/\/hapmaastricht.nl\/es\/wp-json\/wp\/v2\/pages\/2143"}],"wp:attachment":[{"href":"https:\/\/hapmaastricht.nl\/es\/wp-json\/wp\/v2\/media?parent=4994"}],"curies":[{"name":"wp","href":"https:\/\/api.w.org\/{rel}","templated":true}]}}