{"id":6,"date":"2022-08-09T13:57:18","date_gmt":"2022-08-09T11:57:18","guid":{"rendered":"https:\/\/huisartsenspoedpost-zeist.mindd.dev\/?page_id=6"},"modified":"2025-07-10T14:20:06","modified_gmt":"2025-07-10T12:20:06","slug":"hogar","status":"publish","type":"page","link":"https:\/\/hapmaastricht.nl\/es\/","title":{"rendered":"Hogar"},"content":{"rendered":"","protected":false},"excerpt":{"rendered":"","protected":false},"author":3,"featured_media":0,"parent":0,"menu_order":72,"comment_status":"closed","ping_status":"closed","template":"","meta":{"_acf_changed":false,"_trash_the_other_posts":false,"editor_notices":["a:0:{}"],"footnotes":""},"class_list":["post-6","page","type-page","status-publish","hentry"],"acf":[],"yoast_head":"<!-- This site is optimized with the Yoast SEO plugin v26.6 - https:\/\/yoast.com\/wordpress\/plugins\/seo\/ -->\n<title>%s nombre del sitio%%<\/title>\n<meta name=\"description\" content=\"\u00bfTiene un problema de salud que no puede esperar hasta el siguiente d\u00eda h\u00e1bil? A continuaci\u00f3n, p\u00f3ngase en contacto con la Oficina del M\u00e9dico Generalista de Maastricht.\" \/>\n<meta name=\"robots\" content=\"index, follow, max-snippet:-1, max-image-preview:large, max-video-preview:-1\" \/>\n<link rel=\"canonical\" href=\"https:\/\/hapmaastricht.nl\/es\/\" \/>\n<meta property=\"og:locale\" content=\"es_ES\" \/>\n<meta property=\"og:type\" content=\"article\" \/>\n<meta property=\"og:title\" content=\"%s nombre del sitio%%\" \/>\n<meta property=\"og:description\" content=\"\u00bfTiene un problema de salud que no puede esperar hasta el siguiente d\u00eda h\u00e1bil? A continuaci\u00f3n, p\u00f3ngase en contacto con la Oficina del M\u00e9dico Generalista de Maastricht.\" \/>\n<meta property=\"og:url\" content=\"https:\/\/hapmaastricht.nl\/es\/\" \/>\n<meta property=\"og:site_name\" content=\"Puesto de emergencia m\u00e9dico de cabecera Maastricht\" \/>\n<meta property=\"article:modified_time\" content=\"2025-07-10T12:20:06+00:00\" \/>\n<meta name=\"twitter:card\" content=\"summary_large_image\" \/>\n<script type=\"application\/ld+json\" class=\"yoast-schema-graph\">{\"@context\":\"https:\/\/schema.org\",\"@graph\":[{\"@type\":\"WebPage\",\"@id\":\"https:\/\/hapmaastricht.nl\/es\/\",\"url\":\"https:\/\/hapmaastricht.nl\/es\/\",\"name\":\"%s nombre del sitio%%\",\"isPartOf\":{\"@id\":\"https:\/\/hapmaastricht.nl\/es\/#website\"},\"datePublished\":\"2022-08-09T11:57:18+00:00\",\"dateModified\":\"2025-07-10T12:20:06+00:00\",\"description\":\"\u00bfTiene un problema de salud que no puede esperar hasta el siguiente d\u00eda h\u00e1bil? A continuaci\u00f3n, p\u00f3ngase en contacto con la Oficina del M\u00e9dico Generalista de Maastricht.\",\"breadcrumb\":{\"@id\":\"https:\/\/hapmaastricht.nl\/es\/#breadcrumb\"},\"inLanguage\":\"es\",\"potentialAction\":[{\"@type\":\"ReadAction\",\"target\":[\"https:\/\/hapmaastricht.nl\/es\/\"]}]},{\"@type\":\"BreadcrumbList\",\"@id\":\"https:\/\/hapmaastricht.nl\/es\/#breadcrumb\",\"itemListElement\":[{\"@type\":\"ListItem\",\"position\":1,\"name\":\"Home\",\"item\":\"https:\/\/hapmaastricht.nl\/es\/\"},{\"@type\":\"ListItem\",\"position\":2,\"name\":\"Inicio\"}]},{\"@type\":\"WebSite\",\"@id\":\"https:\/\/hapmaastricht.nl\/es\/#website\",\"url\":\"https:\/\/hapmaastricht.nl\/es\/\",\"name\":\"Puesto de emergencia m\u00e9dico de cabecera Maastricht\",\"description\":\"\",\"potentialAction\":[{\"@type\":\"SearchAction\",\"target\":{\"@type\":\"EntryPoint\",\"urlTemplate\":\"https:\/\/hapmaastricht.nl\/es\/?s={search_term_string}\"},\"query-input\":{\"@type\":\"PropertyValueSpecification\",\"valueRequired\":true,\"valueName\":\"search_term_string\"}}],\"inLanguage\":\"es\"}]}<\/script>\n<!-- \/ Yoast SEO plugin. -->","yoast_head_json":{"title":"%s nombre del sitio%%","description":"\u00bfTiene un problema de salud que no puede esperar hasta el siguiente d\u00eda h\u00e1bil? A continuaci\u00f3n, p\u00f3ngase en contacto con la Oficina del M\u00e9dico Generalista de Maastricht.","robots":{"index":"index","follow":"follow","max-snippet":"max-snippet:-1","max-image-preview":"max-image-preview:large","max-video-preview":"max-video-preview:-1"},"canonical":"https:\/\/hapmaastricht.nl\/es\/","og_locale":"es_ES","og_type":"article","og_title":"%s nombre del sitio%%","og_description":"\u00bfTiene un problema de salud que no puede esperar hasta el siguiente d\u00eda h\u00e1bil? A continuaci\u00f3n, p\u00f3ngase en contacto con la Oficina del M\u00e9dico Generalista de Maastricht.","og_url":"https:\/\/hapmaastricht.nl\/es\/","og_site_name":"Puesto de emergencia m\u00e9dico de cabecera Maastricht","article_modified_time":"2025-07-10T12:20:06+00:00","twitter_card":"summary_large_image","schema":{"@context":"https:\/\/schema.org","@graph":[{"@type":"WebPage","@id":"https:\/\/hapmaastricht.nl\/es\/","url":"https:\/\/hapmaastricht.nl\/es\/","name":"%s nombre del sitio%%","isPartOf":{"@id":"https:\/\/hapmaastricht.nl\/es\/#website"},"datePublished":"2022-08-09T11:57:18+00:00","dateModified":"2025-07-10T12:20:06+00:00","description":"\u00bfTiene un problema de salud que no puede esperar hasta el siguiente d\u00eda h\u00e1bil? A continuaci\u00f3n, p\u00f3ngase en contacto con la Oficina del M\u00e9dico Generalista de Maastricht.","breadcrumb":{"@id":"https:\/\/hapmaastricht.nl\/es\/#breadcrumb"},"inLanguage":"es","potentialAction":[{"@type":"ReadAction","target":["https:\/\/hapmaastricht.nl\/es\/"]}]},{"@type":"BreadcrumbList","@id":"https:\/\/hapmaastricht.nl\/es\/#breadcrumb","itemListElement":[{"@type":"ListItem","position":1,"name":"Home","item":"https:\/\/hapmaastricht.nl\/es\/"},{"@type":"ListItem","position":2,"name":"Inicio"}]},{"@type":"WebSite","@id":"https:\/\/hapmaastricht.nl\/es\/#website","url":"https:\/\/hapmaastricht.nl\/es\/","name":"Puesto de emergencia m\u00e9dico de cabecera Maastricht","description":"","potentialAction":[{"@type":"SearchAction","target":{"@type":"EntryPoint","urlTemplate":"https:\/\/hapmaastricht.nl\/es\/?s={search_term_string}"},"query-input":{"@type":"PropertyValueSpecification","valueRequired":true,"valueName":"search_term_string"}}],"inLanguage":"es"}]}},"_links":{"self":[{"href":"https:\/\/hapmaastricht.nl\/es\/wp-json\/wp\/v2\/pages\/6","targetHints":{"allow":["GET"]}}],"collection":[{"href":"https:\/\/hapmaastricht.nl\/es\/wp-json\/wp\/v2\/pages"}],"about":[{"href":"https:\/\/hapmaastricht.nl\/es\/wp-json\/wp\/v2\/types\/page"}],"author":[{"embeddable":true,"href":"https:\/\/hapmaastricht.nl\/es\/wp-json\/wp\/v2\/users\/3"}],"replies":[{"embeddable":true,"href":"https:\/\/hapmaastricht.nl\/es\/wp-json\/wp\/v2\/comments?post=6"}],"version-history":[{"count":2,"href":"https:\/\/hapmaastricht.nl\/es\/wp-json\/wp\/v2\/pages\/6\/revisions"}],"predecessor-version":[{"id":9246,"href":"https:\/\/hapmaastricht.nl\/es\/wp-json\/wp\/v2\/pages\/6\/revisions\/9246"}],"wp:attachment":[{"href":"https:\/\/hapmaastricht.nl\/es\/wp-json\/wp\/v2\/media?parent=6"}],"curies":[{"name":"wp","href":"https:\/\/api.w.org\/{rel}","templated":true}]}}