{"id":7026,"date":"2023-05-19T09:34:08","date_gmt":"2023-05-19T07:34:08","guid":{"rendered":"https:\/\/multisite.mindd.dev\/hap-maastricht\/studenten-en-expats\/"},"modified":"2025-07-10T09:55:48","modified_gmt":"2025-07-10T07:55:48","slug":"estudiantes-y-expatriados","status":"publish","type":"page","link":"https:\/\/hapmaastricht.nl\/es\/estudiantes-y-expatriados\/","title":{"rendered":"\u00bfEstudiante o expatriado en Maastricht o sus alrededores?"},"content":{"rendered":"\n\n\n<h2 class=\"wp-block-heading\"><strong>Encuentre un m\u00e9dico cerca de usted<\/strong><\/h2>\n\n\n\n<p>Si vienes a vivir\/estudiar a Maastricht o a sus alrededores, reg\u00edstrate con un m\u00e9dico de cabecera de tu zona. El m\u00e9dico de cabecera tiene todos sus datos m\u00e9dicos.  Esto es muy importante a la hora de evaluar su solicitud de ayuda cuando se pone en contacto con nuestro servicio m\u00e9dico de urgencias. La estaci\u00f3n de urgencias del m\u00e9dico de cabecera de Maastricht y Heuvelland solo est\u00e1 disponible para emergencias fuera del horario de apertura del m\u00e9dico de cabecera.<\/p>\n\n\n\n<p>Busque <a href=\"\/praktijken\">en esta p\u00e1gina<\/a> un m\u00e9dico de cabecera en su \u00e1rea.<\/p>\n\n\n\n<h2 class=\"wp-block-heading\"><strong>\u00bfC\u00f3mo funciona la asistencia sanitaria en los Pa\u00edses Bajos?<\/strong><\/h2>\n\n\n\n<p>El m\u00e9dico de cabecera forma parte de la atenci\u00f3n primaria de salud, por lo que debe registrarse con un m\u00e9dico de cabecera en su \u00e1rea. Para todos sus problemas de salud, tanto f\u00edsicos como psicol\u00f3gicos, primero va al m\u00e9dico. Puede tratar la mayor\u00eda de los problemas de salud. Si es necesario, el m\u00e9dico de cabecera le derivar\u00e1 a un especialista en el hospital. En los Pa\u00edses Bajos, no est\u00e1 permitido ir directamente al hospital (a menos que se trate de una emergencia). Si es necesario un tratamiento por parte de un especialista, primero debe consultar a un m\u00e9dico general, quien le dar\u00e1 una carta de derivaci\u00f3n. No olvide hacer una fotocopia de la carta de referencia de su compa\u00f1\u00eda de seguros de salud. El m\u00e9dico de cabecera no siempre recetar\u00e1 medicamentos autom\u00e1ticamente. En algunos casos, el m\u00e9dico de cabecera realiza una visita domiciliaria, pero estas consultas son m\u00e1s caras.<\/p>\n\n\n\n<p><\/p>\n\n\n\n<figure class=\"wp-block-embed is-type-video is-provider-youtube wp-block-embed-youtube wp-embed-aspect-16-9 wp-has-aspect-ratio\"><div class=\"wp-block-embed__wrapper\">https:\/\/www.youtube.com\/watch?v=Lz_mEKb3_as<\/div><\/figure>\n\n\n\n<p><\/p>\n\n\n\n<h2 class=\"wp-block-heading\">Si necesita ayuda m\u00e9dica urgente despu\u00e9s del horario de atenci\u00f3n de su propio m\u00e9dico de cabecera<\/h2>\n\n\n\n<p>Los m\u00e9dicos de cabecera de Maastricht y sus alrededores se reparten las tareas despu\u00e9s de las horas de trabajo. Si necesita urgentemente la ayuda de un m\u00e9dico de cabecera por la noche, los fines de semana o los d\u00edas festivos, puede ponerse en contacto con la estaci\u00f3n de urgencias del m\u00e9dico de cabecera de Maastricht y Heuvelland. Para asegurarse de que su queja es realmente urgente, primero verifique <a href=\"\/\">la herramienta de autoevaluaci\u00f3n<\/a>.<\/p>\n\n\n\n<p>Si le recomendamos que se ponga en contacto con nosotros, llame al +31 43 7500 123 y tenga a mano sus datos personales mientras llama. El asistente del m\u00e9dico le pedir\u00e1 la siguiente informaci\u00f3n:<\/p>\n\n\n\n<ul class=\"wp-block-list\">\n<li>su nombre, direcci\u00f3n, fecha de nacimiento y un n\u00famero de tel\u00e9fono donde podamos ponernos en contacto con usted,<\/li>\n\n\n\n<li>informaci\u00f3n sobre su seguro de salud,<\/li>\n\n\n\n<li>identificaci\u00f3n personal,<\/li>\n\n\n\n<li>los nombres de todos los medicamentos que usa.<\/li>\n<\/ul>\n\n\n\n<h3 class=\"wp-block-heading h2\">Llevar a una cita en el puesto de emergencia del m\u00e9dico de cabecera:<\/h3>\n\n\n\n<ul class=\"wp-block-list\">\n<li>identificaci\u00f3n personal,<\/li>\n\n\n\n<li>detalles sobre su seguro de salud,<\/li>\n\n\n\n<li>Pago (efectivo, tarjeta de cr\u00e9dito o d\u00e9bito). Si pagas en efectivo, recibir\u00e1s un recibo.<\/li>\n<\/ul>\n\n\n\n<h2 class=\"wp-block-heading\"><strong>Seguro de enfermedad<\/strong><\/h2>\n\n\n\n<p>No olvide llevar consigo los documentos de su seguro cuando visite nuestra estaci\u00f3n de emergencias de GP. Si no tiene un seguro m\u00e9dico holand\u00e9s, debe pagar en efectivo en el mostrador. Si pagas en efectivo, recibir\u00e1s un recibo. Puede reclamar estos costos de su propio seguro de salud.<\/p>\n","protected":false},"excerpt":{"rendered":"<p>Busque un m\u00e9dico cerca de usted Si viene a vivir o estudiar a Maastricht o sus alrededores, busque un m\u00e9dico cerca de usted. El m\u00e9dico tiene toda su informaci\u00f3n m\u00e9dica. Esto es muy importante para evaluar su solicitud de ayuda cuando se pone en contacto con nuestro servicio de asistencia m\u00e9dica. El puesto de urgencias de m\u00e9dicos generalistas de Maastricht y Heuvelland solo est\u00e1 disponible para emergencias fuera del horario de atenci\u00f3n del m\u00e9dico de cabecera. Busca un m\u00e9dico cerca de ti en esta p\u00e1gina. \u00bfC\u00f3mo funciona la atenci\u00f3n m\u00e9dica en los Pa\u00edses Bajos? El m\u00e9dico es un proveedor de atenci\u00f3n primaria de salud, por lo que debe registrarse en un [&#8230;]<\/p>\n","protected":false},"author":3,"featured_media":0,"parent":0,"menu_order":145,"comment_status":"closed","ping_status":"closed","template":"","meta":{"_acf_changed":false,"_trash_the_other_posts":false,"editor_notices":[],"footnotes":""},"class_list":["post-7026","page","type-page","status-publish","hentry"],"acf":[],"yoast_head":"<!-- This site is optimized with the Yoast SEO plugin v26.6 - https:\/\/yoast.com\/wordpress\/plugins\/seo\/ -->\n<title>\u00bfEstudiante o expatriado en Maastricht o sus alrededores? - Puesto de emergencia m\u00e9dico de cabecera Maastricht<\/title>\n<meta name=\"robots\" content=\"index, follow, max-snippet:-1, max-image-preview:large, max-video-preview:-1\" \/>\n<link rel=\"canonical\" href=\"https:\/\/hapmaastricht.nl\/es\/estudiantes-y-expatriados\/\" \/>\n<meta property=\"og:locale\" content=\"es_ES\" \/>\n<meta property=\"og:type\" content=\"article\" \/>\n<meta property=\"og:title\" content=\"\u00bfEstudiante o expatriado en Maastricht o sus alrededores? - Puesto de emergencia m\u00e9dico de cabecera Maastricht\" \/>\n<meta property=\"og:description\" content=\"Busque un m\u00e9dico cerca de usted Si viene a vivir o estudiar a Maastricht o sus alrededores, busque un m\u00e9dico cerca de usted. El m\u00e9dico tiene toda su informaci\u00f3n m\u00e9dica. Esto es muy importante para evaluar su solicitud de ayuda cuando se pone en contacto con nuestro servicio de asistencia m\u00e9dica. El puesto de urgencias de m\u00e9dicos generalistas de Maastricht y Heuvelland solo est\u00e1 disponible para emergencias fuera del horario de atenci\u00f3n del m\u00e9dico de cabecera. Busca un m\u00e9dico cerca de ti en esta p\u00e1gina. \u00bfC\u00f3mo funciona la atenci\u00f3n m\u00e9dica en los Pa\u00edses Bajos? El m\u00e9dico es un proveedor de atenci\u00f3n primaria de salud, por lo que debe registrarse en un [...]\" \/>\n<meta property=\"og:url\" content=\"https:\/\/hapmaastricht.nl\/es\/estudiantes-y-expatriados\/\" \/>\n<meta property=\"og:site_name\" content=\"Puesto de emergencia m\u00e9dico de cabecera Maastricht\" \/>\n<meta property=\"article:modified_time\" content=\"2025-07-10T07:55:48+00:00\" \/>\n<meta name=\"twitter:card\" content=\"summary_large_image\" \/>\n<meta name=\"twitter:label1\" content=\"Tiempo de lectura\" \/>\n\t<meta name=\"twitter:data1\" content=\"3 minutos\" \/>\n<script type=\"application\/ld+json\" class=\"yoast-schema-graph\">{\"@context\":\"https:\/\/schema.org\",\"@graph\":[{\"@type\":\"WebPage\",\"@id\":\"https:\/\/hapmaastricht.nl\/es\/estudiantes-y-expatriados\/\",\"url\":\"https:\/\/hapmaastricht.nl\/es\/estudiantes-y-expatriados\/\",\"name\":\"\u00bfEstudiante o expatriado en Maastricht o sus alrededores? - Puesto de emergencia m\u00e9dico de cabecera Maastricht\",\"isPartOf\":{\"@id\":\"https:\/\/hapmaastricht.nl\/es\/#website\"},\"datePublished\":\"2023-05-19T07:34:08+00:00\",\"dateModified\":\"2025-07-10T07:55:48+00:00\",\"breadcrumb\":{\"@id\":\"https:\/\/hapmaastricht.nl\/es\/estudiantes-y-expatriados\/#breadcrumb\"},\"inLanguage\":\"es\",\"potentialAction\":[{\"@type\":\"ReadAction\",\"target\":[\"https:\/\/hapmaastricht.nl\/es\/estudiantes-y-expatriados\/\"]}]},{\"@type\":\"BreadcrumbList\",\"@id\":\"https:\/\/hapmaastricht.nl\/es\/estudiantes-y-expatriados\/#breadcrumb\",\"itemListElement\":[{\"@type\":\"ListItem\",\"position\":1,\"name\":\"Home\",\"item\":\"https:\/\/hapmaastricht.nl\/es\/\"},{\"@type\":\"ListItem\",\"position\":2,\"name\":\"\u00bfEstudiante o expatriado en Maastricht o sus alrededores?\"}]},{\"@type\":\"WebSite\",\"@id\":\"https:\/\/hapmaastricht.nl\/es\/#website\",\"url\":\"https:\/\/hapmaastricht.nl\/es\/\",\"name\":\"Puesto de emergencia m\u00e9dico de cabecera Maastricht\",\"description\":\"\",\"potentialAction\":[{\"@type\":\"SearchAction\",\"target\":{\"@type\":\"EntryPoint\",\"urlTemplate\":\"https:\/\/hapmaastricht.nl\/es\/?s={search_term_string}\"},\"query-input\":{\"@type\":\"PropertyValueSpecification\",\"valueRequired\":true,\"valueName\":\"search_term_string\"}}],\"inLanguage\":\"es\"}]}<\/script>\n<!-- \/ Yoast SEO plugin. -->","yoast_head_json":{"title":"\u00bfEstudiante o expatriado en Maastricht o sus alrededores? - Puesto de emergencia m\u00e9dico de cabecera Maastricht","robots":{"index":"index","follow":"follow","max-snippet":"max-snippet:-1","max-image-preview":"max-image-preview:large","max-video-preview":"max-video-preview:-1"},"canonical":"https:\/\/hapmaastricht.nl\/es\/estudiantes-y-expatriados\/","og_locale":"es_ES","og_type":"article","og_title":"\u00bfEstudiante o expatriado en Maastricht o sus alrededores? - Puesto de emergencia m\u00e9dico de cabecera Maastricht","og_description":"Busque un m\u00e9dico cerca de usted Si viene a vivir o estudiar a Maastricht o sus alrededores, busque un m\u00e9dico cerca de usted. El m\u00e9dico tiene toda su informaci\u00f3n m\u00e9dica. Esto es muy importante para evaluar su solicitud de ayuda cuando se pone en contacto con nuestro servicio de asistencia m\u00e9dica. El puesto de urgencias de m\u00e9dicos generalistas de Maastricht y Heuvelland solo est\u00e1 disponible para emergencias fuera del horario de atenci\u00f3n del m\u00e9dico de cabecera. Busca un m\u00e9dico cerca de ti en esta p\u00e1gina. \u00bfC\u00f3mo funciona la atenci\u00f3n m\u00e9dica en los Pa\u00edses Bajos? El m\u00e9dico es un proveedor de atenci\u00f3n primaria de salud, por lo que debe registrarse en un [...]","og_url":"https:\/\/hapmaastricht.nl\/es\/estudiantes-y-expatriados\/","og_site_name":"Puesto de emergencia m\u00e9dico de cabecera Maastricht","article_modified_time":"2025-07-10T07:55:48+00:00","twitter_card":"summary_large_image","twitter_misc":{"Tiempo de lectura":"3 minutos"},"schema":{"@context":"https:\/\/schema.org","@graph":[{"@type":"WebPage","@id":"https:\/\/hapmaastricht.nl\/es\/estudiantes-y-expatriados\/","url":"https:\/\/hapmaastricht.nl\/es\/estudiantes-y-expatriados\/","name":"\u00bfEstudiante o expatriado en Maastricht o sus alrededores? - Puesto de emergencia m\u00e9dico de cabecera Maastricht","isPartOf":{"@id":"https:\/\/hapmaastricht.nl\/es\/#website"},"datePublished":"2023-05-19T07:34:08+00:00","dateModified":"2025-07-10T07:55:48+00:00","breadcrumb":{"@id":"https:\/\/hapmaastricht.nl\/es\/estudiantes-y-expatriados\/#breadcrumb"},"inLanguage":"es","potentialAction":[{"@type":"ReadAction","target":["https:\/\/hapmaastricht.nl\/es\/estudiantes-y-expatriados\/"]}]},{"@type":"BreadcrumbList","@id":"https:\/\/hapmaastricht.nl\/es\/estudiantes-y-expatriados\/#breadcrumb","itemListElement":[{"@type":"ListItem","position":1,"name":"Home","item":"https:\/\/hapmaastricht.nl\/es\/"},{"@type":"ListItem","position":2,"name":"\u00bfEstudiante o expatriado en Maastricht o sus alrededores?"}]},{"@type":"WebSite","@id":"https:\/\/hapmaastricht.nl\/es\/#website","url":"https:\/\/hapmaastricht.nl\/es\/","name":"Puesto de emergencia m\u00e9dico de cabecera Maastricht","description":"","potentialAction":[{"@type":"SearchAction","target":{"@type":"EntryPoint","urlTemplate":"https:\/\/hapmaastricht.nl\/es\/?s={search_term_string}"},"query-input":{"@type":"PropertyValueSpecification","valueRequired":true,"valueName":"search_term_string"}}],"inLanguage":"es"}]}},"_links":{"self":[{"href":"https:\/\/hapmaastricht.nl\/es\/wp-json\/wp\/v2\/pages\/7026","targetHints":{"allow":["GET"]}}],"collection":[{"href":"https:\/\/hapmaastricht.nl\/es\/wp-json\/wp\/v2\/pages"}],"about":[{"href":"https:\/\/hapmaastricht.nl\/es\/wp-json\/wp\/v2\/types\/page"}],"author":[{"embeddable":true,"href":"https:\/\/hapmaastricht.nl\/es\/wp-json\/wp\/v2\/users\/3"}],"replies":[{"embeddable":true,"href":"https:\/\/hapmaastricht.nl\/es\/wp-json\/wp\/v2\/comments?post=7026"}],"version-history":[{"count":2,"href":"https:\/\/hapmaastricht.nl\/es\/wp-json\/wp\/v2\/pages\/7026\/revisions"}],"predecessor-version":[{"id":9259,"href":"https:\/\/hapmaastricht.nl\/es\/wp-json\/wp\/v2\/pages\/7026\/revisions\/9259"}],"wp:attachment":[{"href":"https:\/\/hapmaastricht.nl\/es\/wp-json\/wp\/v2\/media?parent=7026"}],"curies":[{"name":"wp","href":"https:\/\/api.w.org\/{rel}","templated":true}]}}