{"id":2029,"date":"2023-04-28T09:42:59","date_gmt":"2023-04-28T07:42:59","guid":{"rendered":"https:\/\/multisite.mindd.dev\/hap-maastricht\/?page_id=2029"},"modified":"2026-02-11T09:58:17","modified_gmt":"2026-02-11T08:58:17","slug":"tarifs","status":"publish","type":"page","link":"https:\/\/hapmaastricht.nl\/fr\/tarifs\/","title":{"rendered":"Prix"},"content":{"rendered":"\n<p>Les soins du m\u00e9decin g\u00e9n\u00e9raliste sont assur\u00e9s par l\u2019assurance de base. Les frais de soins m\u00e9dicaux ne sont pas imput\u00e9s \u00e0 votre franchise. Il est possible que vous receviez une facture de notre part, car nous ne pouvons pas faire de r\u00e9clamation directement aupr\u00e8s de votre assureur sant\u00e9. Vous devrez ensuite nous payer les frais et demander un remboursement \u00e0 votre assureur sant\u00e9. Tous les examens suppl\u00e9mentaires demand\u00e9s par le m\u00e9decin g\u00e9n\u00e9raliste et les m\u00e9dicaments prescrits sont r\u00e9clam\u00e9s par des tiers et sont g\u00e9n\u00e9ralement couverts par la franchise. <\/p>\n\n\n\n<p>Aux heures de pointe, nous collaborons avec d\u2019autres stations d\u2019urgence g\u00e9n\u00e9ralistes du Limbourg. C\u2019est pourquoi il est possible que vous receviez une facture ou un aper\u00e7u de la d\u00e9claration d\u2019un autre poste d\u2019urgence g\u00e9n\u00e9raliste du Limbourg. Pour conna\u00eetre les tarifs de ce post, veuillez vous r\u00e9f\u00e9rer au site web du post en question.<\/p>\n\n\n\n<h2 class=\"wp-block-heading\">Nos tarifs <\/h2>\n\n\n\n<p><em>D\u00e9termin\u00e9 par l\u2019Autorit\u00e9 n\u00e9erlandaise de la sant\u00e9 en euros :<\/em><\/p>\n\n\n\n<p><\/p>\n\n\n\n<div class=\"wp-block-columns is-layout-flex wp-container-core-columns-is-layout-9d6595d7 wp-block-columns-is-layout-flex\">\n<div class=\"wp-block-column is-layout-flow wp-block-column-is-layout-flow\">\n<h3 class=\"wp-block-heading h4\">Au 1er janvier 2025<\/h3>\n\n\n\n<p class=\"has-text-align-left\">Consultation : 189,21 \u20ac<\/p>\n\n\n\n<p>Visite : 283,82 \u20ac<\/p>\n\n\n\n<p>Consultation triage : <br>35,00 \u20ac<\/p>\n<\/div>\n\n\n\n<div class=\"wp-block-column is-layout-flow wp-block-column-is-layout-flow\">\n<h3 class=\"wp-block-heading h4\">Au 1er novembre 2025<\/h3>\n\n\n\n<p class=\"has-text-align-left\">Consultation : 172,04 \u20ac<\/p>\n\n\n\n<p>Visite : 258,05 \u20ac<\/p>\n\n\n\n<p>Consultation triage : <br>35,00 \u20ac<\/p>\n<\/div>\n\n\n\n<div class=\"wp-block-column is-layout-flow wp-block-column-is-layout-flow\">\n<h3 class=\"wp-block-heading h4\">Au 1er janvier 20256<\/h3>\n\n\n\n<p>Consultation : 183,75 \u20ac<\/p>\n\n\n\n<p>Visite : \u20ac 275,62<\/p>\n\n\n\n<p>Consultation triage : <br>35,00 \u20ac<\/p>\n<\/div>\n<\/div>\n\n\n\n<h2 class=\"wp-block-heading\">Payez via un lien de paiement<\/h2>\n\n\n\n<p>Si nous ne pouvons pas r\u00e9clamer les frais de votre visite au poste d\u2019urgence du m\u00e9decin g\u00e9n\u00e9raliste directement aupr\u00e8s de votre assureur, nous vous enverrons une demande de paiement par SMS via Sendi. Ce SMS contient un lien vers un environnement de paiement de confiance. Cela rend le paiement facile et s\u00e9curis\u00e9 via votre t\u00e9l\u00e9phone portable.<\/p>\n\n\n\n<p><\/p>\n\n\n\n<h2 class=\"wp-block-heading\">\u00c9vitez les frais de recouvrement<\/h2>\n\n\n\n<p>\u00c9vitez les frais de recouvrement et assurez-vous d\u2019avoir votre adresse et votre num\u00e9ro de t\u00e9l\u00e9phone corrects \u00e0 port\u00e9e de main lorsque vous contactez le poste du m\u00e9decin g\u00e9n\u00e9raliste. Vous pouvez \u00e9galement nous envoyer vos coordonn\u00e9es d\u2019adresse par e-mail via&nbsp;<u><span style=\"text-decoration: underline\"><a href=\"mailto:admin@hapmaastricht.nl\">admin@hapmaastricht.nl<\/a><\/span><\/u>. Avez-vous des questions concernant votre facture ? <u><a href=\"mailto:admin@hapmaastricht.nl\">Envoyez-admin@hapmaastricht.nl<\/a><\/u>&nbsp;en&nbsp;mentionnant la facture et le num\u00e9ro du d\u00e9biteur.<\/p>\n\n\n\n<p><strong>Veuillez noter !<\/strong><\/p>\n\n\n\n<p class=\"has-white-color has-vivid-red-background-color has-text-color has-background\">Si un patient ne se pr\u00e9sente pas \u00e0 la consultation, une consultation de triage sera factur\u00e9e.<\/p>\n","protected":false},"excerpt":{"rendered":"<p>Les soins g\u00e9n\u00e9raux sont couverts par l&rsquo;assurance de base. Les frais de soins g\u00e9n\u00e9raux ne sont pas pris en charge par votre franchise. Il est possible que vous receviez une facture de notre part car nous ne sommes pas en mesure de faire une r\u00e9clamation directement aupr\u00e8s de votre assurance maladie. Vous devez ensuite nous payer les frais et les r\u00e9clamer aupr\u00e8s de votre assurance maladie. Tous les examens compl\u00e9mentaires demand\u00e9s par le m\u00e9decin et les m\u00e9dicaments prescrits sont d\u00e9clar\u00e9s par des tiers et sont g\u00e9n\u00e9ralement pris en charge. Nos tarifs fix\u00e9s par l&rsquo;autorit\u00e9 sanitaire n\u00e9erlandaise en euros\u00a0: janvier 2023 Consultation\u00a0: 112,66\u20ac Visite\u00a0: 168,99\u20ac Consultation de triage\u00a0: 35,00\u20ac F\u00e9vrier \u00e0 avril 2023 Consultation\u00a0: 138,23\u20ac Visite\u00a0: 207,35\u20ac [&#8230;]<\/p>\n","protected":false},"author":3,"featured_media":0,"parent":0,"menu_order":160,"comment_status":"closed","ping_status":"closed","template":"","meta":{"_acf_changed":false,"_trash_the_other_posts":false,"editor_notices":[],"footnotes":""},"class_list":["post-2029","page","type-page","status-publish","hentry"],"acf":[],"yoast_head":"<!-- This site is optimized with the Yoast SEO plugin v26.6 - https:\/\/yoast.com\/wordpress\/plugins\/seo\/ -->\n<title>Combien co\u00fbte une visite au poste d&#039;urgence des m\u00e9decins g\u00e9n\u00e9ralistes de Maastricht\u00a0?<\/title>\n<meta name=\"description\" content=\"Les soins g\u00e9n\u00e9raux sont couverts par l&#039;assurance de base. Voici nos tarifs, fix\u00e9s par les autorit\u00e9s sanitaires n\u00e9erlandaises.\" \/>\n<meta name=\"robots\" content=\"index, follow, max-snippet:-1, max-image-preview:large, max-video-preview:-1\" \/>\n<link rel=\"canonical\" href=\"https:\/\/hapmaastricht.nl\/fr\/tarifs\/\" \/>\n<meta property=\"og:locale\" content=\"fr_FR\" \/>\n<meta property=\"og:type\" content=\"article\" \/>\n<meta property=\"og:title\" content=\"Combien co\u00fbte une visite au poste d&#039;urgence des m\u00e9decins g\u00e9n\u00e9ralistes de Maastricht\u00a0?\" \/>\n<meta property=\"og:description\" content=\"Les soins g\u00e9n\u00e9raux sont couverts par l&#039;assurance de base. Voici nos tarifs, fix\u00e9s par les autorit\u00e9s sanitaires n\u00e9erlandaises.\" \/>\n<meta property=\"og:url\" content=\"https:\/\/hapmaastricht.nl\/fr\/tarifs\/\" \/>\n<meta property=\"og:site_name\" content=\"Poste d&#039;urgence g\u00e9n\u00e9raliste Maastricht\" \/>\n<meta property=\"article:modified_time\" content=\"2026-02-11T08:58:17+00:00\" \/>\n<meta name=\"twitter:card\" content=\"summary_large_image\" \/>\n<meta name=\"twitter:label1\" content=\"Dur\u00e9e de lecture estim\u00e9e\" \/>\n\t<meta name=\"twitter:data1\" content=\"1 minute\" \/>\n<script type=\"application\/ld+json\" class=\"yoast-schema-graph\">{\"@context\":\"https:\/\/schema.org\",\"@graph\":[{\"@type\":\"WebPage\",\"@id\":\"https:\/\/hapmaastricht.nl\/fr\/tarifs\/\",\"url\":\"https:\/\/hapmaastricht.nl\/fr\/tarifs\/\",\"name\":\"Combien co\u00fbte une visite au poste d'urgence des m\u00e9decins g\u00e9n\u00e9ralistes de Maastricht\u00a0?\",\"isPartOf\":{\"@id\":\"https:\/\/hapmaastricht.nl\/fr\/#website\"},\"datePublished\":\"2023-04-28T07:42:59+00:00\",\"dateModified\":\"2026-02-11T08:58:17+00:00\",\"description\":\"Les soins g\u00e9n\u00e9raux sont couverts par l'assurance de base. Voici nos tarifs, fix\u00e9s par les autorit\u00e9s sanitaires n\u00e9erlandaises.\",\"breadcrumb\":{\"@id\":\"https:\/\/hapmaastricht.nl\/fr\/tarifs\/#breadcrumb\"},\"inLanguage\":\"fr-FR\",\"potentialAction\":[{\"@type\":\"ReadAction\",\"target\":[\"https:\/\/hapmaastricht.nl\/fr\/tarifs\/\"]}]},{\"@type\":\"BreadcrumbList\",\"@id\":\"https:\/\/hapmaastricht.nl\/fr\/tarifs\/#breadcrumb\",\"itemListElement\":[{\"@type\":\"ListItem\",\"position\":1,\"name\":\"Home\",\"item\":\"https:\/\/hapmaastricht.nl\/fr\/\"},{\"@type\":\"ListItem\",\"position\":2,\"name\":\"Tarifs\"}]},{\"@type\":\"WebSite\",\"@id\":\"https:\/\/hapmaastricht.nl\/fr\/#website\",\"url\":\"https:\/\/hapmaastricht.nl\/fr\/\",\"name\":\"Poste d&#039;urgence g\u00e9n\u00e9raliste Maastricht\",\"description\":\"\",\"potentialAction\":[{\"@type\":\"SearchAction\",\"target\":{\"@type\":\"EntryPoint\",\"urlTemplate\":\"https:\/\/hapmaastricht.nl\/fr\/?s={search_term_string}\"},\"query-input\":{\"@type\":\"PropertyValueSpecification\",\"valueRequired\":true,\"valueName\":\"search_term_string\"}}],\"inLanguage\":\"fr-FR\"}]}<\/script>\n<!-- \/ Yoast SEO plugin. -->","yoast_head_json":{"title":"Combien co\u00fbte une visite au poste d'urgence des m\u00e9decins g\u00e9n\u00e9ralistes de Maastricht\u00a0?","description":"Les soins g\u00e9n\u00e9raux sont couverts par l'assurance de base. Voici nos tarifs, fix\u00e9s par les autorit\u00e9s sanitaires n\u00e9erlandaises.","robots":{"index":"index","follow":"follow","max-snippet":"max-snippet:-1","max-image-preview":"max-image-preview:large","max-video-preview":"max-video-preview:-1"},"canonical":"https:\/\/hapmaastricht.nl\/fr\/tarifs\/","og_locale":"fr_FR","og_type":"article","og_title":"Combien co\u00fbte une visite au poste d'urgence des m\u00e9decins g\u00e9n\u00e9ralistes de Maastricht\u00a0?","og_description":"Les soins g\u00e9n\u00e9raux sont couverts par l'assurance de base. Voici nos tarifs, fix\u00e9s par les autorit\u00e9s sanitaires n\u00e9erlandaises.","og_url":"https:\/\/hapmaastricht.nl\/fr\/tarifs\/","og_site_name":"Poste d&#039;urgence g\u00e9n\u00e9raliste Maastricht","article_modified_time":"2026-02-11T08:58:17+00:00","twitter_card":"summary_large_image","twitter_misc":{"Dur\u00e9e de lecture estim\u00e9e":"1 minute"},"schema":{"@context":"https:\/\/schema.org","@graph":[{"@type":"WebPage","@id":"https:\/\/hapmaastricht.nl\/fr\/tarifs\/","url":"https:\/\/hapmaastricht.nl\/fr\/tarifs\/","name":"Combien co\u00fbte une visite au poste d'urgence des m\u00e9decins g\u00e9n\u00e9ralistes de Maastricht\u00a0?","isPartOf":{"@id":"https:\/\/hapmaastricht.nl\/fr\/#website"},"datePublished":"2023-04-28T07:42:59+00:00","dateModified":"2026-02-11T08:58:17+00:00","description":"Les soins g\u00e9n\u00e9raux sont couverts par l'assurance de base. Voici nos tarifs, fix\u00e9s par les autorit\u00e9s sanitaires n\u00e9erlandaises.","breadcrumb":{"@id":"https:\/\/hapmaastricht.nl\/fr\/tarifs\/#breadcrumb"},"inLanguage":"fr-FR","potentialAction":[{"@type":"ReadAction","target":["https:\/\/hapmaastricht.nl\/fr\/tarifs\/"]}]},{"@type":"BreadcrumbList","@id":"https:\/\/hapmaastricht.nl\/fr\/tarifs\/#breadcrumb","itemListElement":[{"@type":"ListItem","position":1,"name":"Home","item":"https:\/\/hapmaastricht.nl\/fr\/"},{"@type":"ListItem","position":2,"name":"Tarifs"}]},{"@type":"WebSite","@id":"https:\/\/hapmaastricht.nl\/fr\/#website","url":"https:\/\/hapmaastricht.nl\/fr\/","name":"Poste d&#039;urgence g\u00e9n\u00e9raliste Maastricht","description":"","potentialAction":[{"@type":"SearchAction","target":{"@type":"EntryPoint","urlTemplate":"https:\/\/hapmaastricht.nl\/fr\/?s={search_term_string}"},"query-input":{"@type":"PropertyValueSpecification","valueRequired":true,"valueName":"search_term_string"}}],"inLanguage":"fr-FR"}]}},"_links":{"self":[{"href":"https:\/\/hapmaastricht.nl\/fr\/wp-json\/wp\/v2\/pages\/2029","targetHints":{"allow":["GET"]}}],"collection":[{"href":"https:\/\/hapmaastricht.nl\/fr\/wp-json\/wp\/v2\/pages"}],"about":[{"href":"https:\/\/hapmaastricht.nl\/fr\/wp-json\/wp\/v2\/types\/page"}],"author":[{"embeddable":true,"href":"https:\/\/hapmaastricht.nl\/fr\/wp-json\/wp\/v2\/users\/3"}],"replies":[{"embeddable":true,"href":"https:\/\/hapmaastricht.nl\/fr\/wp-json\/wp\/v2\/comments?post=2029"}],"version-history":[{"count":9,"href":"https:\/\/hapmaastricht.nl\/fr\/wp-json\/wp\/v2\/pages\/2029\/revisions"}],"predecessor-version":[{"id":9273,"href":"https:\/\/hapmaastricht.nl\/fr\/wp-json\/wp\/v2\/pages\/2029\/revisions\/9273"}],"wp:attachment":[{"href":"https:\/\/hapmaastricht.nl\/fr\/wp-json\/wp\/v2\/media?parent=2029"}],"curies":[{"name":"wp","href":"https:\/\/api.w.org\/{rel}","templated":true}]}}