{"id":2143,"date":"2023-05-19T09:33:10","date_gmt":"2023-05-19T07:33:10","guid":{"rendered":"https:\/\/multisite.mindd.dev\/hap-maastricht\/?page_id=2143"},"modified":"2026-03-19T11:04:29","modified_gmt":"2026-03-19T10:04:29","slug":"conseil-des-clients","status":"publish","type":"page","link":"https:\/\/hapmaastricht.nl\/fr\/conseil-des-clients\/","title":{"rendered":"Conseil client"},"content":{"rendered":"\n\n\n<p>Le conseil d\u2019administration de la station d\u2019urgence g\u00e9n\u00e9raliste accorde une grande importance \u00e0 l\u2019implication et aux opportunit\u00e9s de participation des patients afin d\u2019am\u00e9liorer la qualit\u00e9 des soins. La Loi sur la participation des clients dans les \u00e9tablissements de sant\u00e9 (WMCZ) s\u2019inscrit parfaitement dans cette loi et fournit ainsi \u00e0 toutes les institutions une base juridique pour la cr\u00e9ation d\u2019un Conseil des clients. C\u2019est pourquoi il a \u00e9t\u00e9 d\u00e9cid\u00e9 en 2022 de cr\u00e9er un tel conseil pour le poste d\u2019urgence des m\u00e9decins g\u00e9n\u00e9ralistes de Maastricht et Heuvelland.<\/p>\n\n\n\n<h2 class=\"wp-block-heading\">Objectif<\/h2>\n\n\n\n<p>Le but du Conseil des clients est de repr\u00e9senter les int\u00e9r\u00eats communs des clients. Nous observons du regard de tous les habitants de la r\u00e9gion la mani\u00e8re dont le poste d\u2019urgence des m\u00e9decins g\u00e9n\u00e9ralistes accomplit ses missions. Apr\u00e8s tout, chaque r\u00e9sident peut \u00eatre patient de la station d\u2019urgence du m\u00e9decin g\u00e9n\u00e9raliste \u00e0 un moment donn\u00e9. Le Conseil des clients a l\u2019autorit\u00e9 l\u00e9gale de fournir des conseils sollicit\u00e9s et non sollicit\u00e9s au Conseil ex\u00e9cutif sur des sujets importants pour les clients. Les informations des patients, la protection de la vie priv\u00e9e et la proc\u00e9dure de r\u00e9clamation en sont des exemples. Le conseil d\u2019administration du GP Emergency Post et le Conseil des clients tiennent des r\u00e9unions r\u00e9guli\u00e8res \u00e0 ce sujet.<\/p>\n\n\n\n<h2 class=\"wp-block-heading\">T\u00e2ches<\/h2>\n\n\n\n<p>Le Conseil des clients se concentre sur l\u2019int\u00e9r\u00eat g\u00e9n\u00e9ral des patients qui b\u00e9n\u00e9ficient des soins propos\u00e9s sous la responsabilit\u00e9 des cliniques m\u00e9dicales d\u2019urgence de Maastricht et Heuvelland. Le conseil a des occasions de r\u00e9fl\u00e9chir et de discuter d\u2019un large \u00e9ventail de sujets. Si vous avez des suggestions pour am\u00e9liorer la qualit\u00e9 des soins et de la communication \u00e0 ce sujet, vous \u00eates cordialement invit\u00e9 \u00e0 contacter le Conseil des Clients.<\/p>\n\n\n\n<h2 class=\"wp-block-heading\">Composition<\/h2>\n\n\n\n<p>Le Conseil des clients est actuellement compos\u00e9 de cinq membres. Ces membres repr\u00e9sentent des clients de toute la zone de recrutement du poste d\u2019urgence g\u00e9n\u00e9raliste de Maastricht et Heuvelland et n\u2019ont aucun lien substantiel ou commercial avec le poste d\u2019urgence GP.<\/p>\n\n\n\n<h2 class=\"wp-block-heading\">Membres<\/h2>\n\n\n\n<p>John Wintjens, pr\u00e9sident<br>Koos Munnecom, secr\u00e9taire<br>Trudy Dolmans<br>Annemiek Wijnheijmer<br>Janny de Vries<br>Toine Camps<br><\/p>\n\n\n\n<p><\/p>\n\n\n\n<h2 class=\"wp-block-heading\">Postes vacants<\/h2>\n\n\n\n<p>Il n\u2019y a pas de postes vacants pour le moment.<\/p>\n\n\n\n<h2 class=\"wp-block-heading\">Rapport annuel<\/h2>\n\n\n\n<p>T\u00e9l\u00e9chargez ici <a href=\"https:\/\/hapmaastricht.nl\/wp-content\/uploads\/sites\/30\/2026\/03\/JAARVERSLAG-Clientenraad-HAP-2025.pdf\" target=\"_blank\" rel=\"noreferrer noopener\">le rapport annuel<\/a> 2025.<\/p>\n\n\n\n<p>Vous pouvez contacter le Conseil des clients en remplissant le formulaire ci-dessous. Votre question\/commentaire sera discut\u00e9 lors de la prochaine r\u00e9union du conseil. Vous recevrez alors une r\u00e9ponse substantielle de notre part.<\/p>\n\n\n\n<p>N.B. Le Conseil des clients ne traite pas les plaintes concernant les m\u00e9decins g\u00e9n\u00e9ralistes de service ni les autres employ\u00e9s de la station d\u2019urgence du m\u00e9decin g\u00e9n\u00e9raliste. Plus d\u2019informations sur la mani\u00e8re de d\u00e9poser une plainte sont <a href=\"https:\/\/hapmaastricht.nl\/veelgestelde-vragen\/klachten-complimenten\/\">disponibles ici<\/a>.<\/p>\n\n\n\n<h2 class=\"wp-block-heading\">Contact<\/h2>\n\n\n<script>\nvar gform;gform||(document.addEventListener(\"gform_main_scripts_loaded\",function(){gform.scriptsLoaded=!0}),document.addEventListener(\"gform\/theme\/scripts_loaded\",function(){gform.themeScriptsLoaded=!0}),window.addEventListener(\"DOMContentLoaded\",function(){gform.domLoaded=!0}),gform={domLoaded:!1,scriptsLoaded:!1,themeScriptsLoaded:!1,isFormEditor:()=>\"function\"==typeof InitializeEditor,callIfLoaded:function(o){return!(!gform.domLoaded||!gform.scriptsLoaded||!gform.themeScriptsLoaded&&!gform.isFormEditor()||(gform.isFormEditor()&&console.warn(\"The use of gform.initializeOnLoaded() is deprecated in the form editor context and will be removed in Gravity Forms 3.1.\"),o(),0))},initializeOnLoaded:function(o){gform.callIfLoaded(o)||(document.addEventListener(\"gform_main_scripts_loaded\",()=>{gform.scriptsLoaded=!0,gform.callIfLoaded(o)}),document.addEventListener(\"gform\/theme\/scripts_loaded\",()=>{gform.themeScriptsLoaded=!0,gform.callIfLoaded(o)}),window.addEventListener(\"DOMContentLoaded\",()=>{gform.domLoaded=!0,gform.callIfLoaded(o)}))},hooks:{action:{},filter:{}},addAction:function(o,r,e,t){gform.addHook(\"action\",o,r,e,t)},addFilter:function(o,r,e,t){gform.addHook(\"filter\",o,r,e,t)},doAction:function(o){gform.doHook(\"action\",o,arguments)},applyFilters:function(o){return gform.doHook(\"filter\",o,arguments)},removeAction:function(o,r){gform.removeHook(\"action\",o,r)},removeFilter:function(o,r,e){gform.removeHook(\"filter\",o,r,e)},addHook:function(o,r,e,t,n){null==gform.hooks[o][r]&&(gform.hooks[o][r]=[]);var d=gform.hooks[o][r];null==n&&(n=r+\"_\"+d.length),gform.hooks[o][r].push({tag:n,callable:e,priority:t=null==t?10:t})},doHook:function(r,o,e){var t;if(e=Array.prototype.slice.call(e,1),null!=gform.hooks[r][o]&&((o=gform.hooks[r][o]).sort(function(o,r){return o.priority-r.priority}),o.forEach(function(o){\"function\"!=typeof(t=o.callable)&&(t=window[t]),\"action\"==r?t.apply(null,e):e[0]=t.apply(null,e)})),\"filter\"==r)return e[0]},removeHook:function(o,r,t,n){var e;null!=gform.hooks[o][r]&&(e=(e=gform.hooks[o][r]).filter(function(o,r,e){return!!(null!=n&&n!=o.tag||null!=t&&t!=o.priority)}),gform.hooks[o][r]=e)}});\n<\/script>\n\n                <div class='gf_browser_gecko gform_wrapper gravity-theme gform-theme--no-framework' data-form-theme='gravity-theme' data-form-index='0' id='gform_wrapper_8' >\n                        <div class='gform_heading'>\n                            <h2 class=\"gform_title\">Cli\u00ebntenraad<\/h2>\n                            <p class='gform_description'><\/p>\n                        <\/div><form method='post' enctype='multipart\/form-data'  id='gform_8'  action='\/fr\/wp-json\/wp\/v2\/pages\/2143' data-formid='8' novalidate>\n                        <div class='gform-body gform_body'><div id='gform_fields_8' class='gform_fields top_label form_sublabel_below description_below validation_below'><div id=\"field_8_1\" class=\"gfield gfield--type-text gfield_contains_required field_sublabel_below gfield--no-description field_description_below field_validation_below gfield_visibility_visible\"  ><label class='gfield_label gform-field-label' for='input_8_1'>Naam<span class=\"gfield_required\"><span class=\"gfield_required gfield_required_text\">(N\u00e9cessaire)<\/span><\/span><\/label><div class='ginput_container ginput_container_text'><input name='input_1' id='input_8_1' type='text' value='' class='large'     aria-required=\"true\" aria-invalid=\"false\"   \/><\/div><\/div><div id=\"field_8_2\" class=\"gfield gfield--type-text gfield--width-full gfield_contains_required field_sublabel_below gfield--no-description field_description_below field_validation_below gfield_visibility_visible\"  ><label class='gfield_label gform-field-label' for='input_8_2'>Straat + huisnummer<span class=\"gfield_required\"><span class=\"gfield_required gfield_required_text\">(N\u00e9cessaire)<\/span><\/span><\/label><div class='ginput_container ginput_container_text'><input name='input_2' id='input_8_2' type='text' value='' class='large'     aria-required=\"true\" aria-invalid=\"false\"   \/><\/div><\/div><div id=\"field_8_3\" class=\"gfield gfield--type-text gfield--width-half gfield_contains_required field_sublabel_below gfield--no-description field_description_below field_validation_below gfield_visibility_visible\"  ><label class='gfield_label gform-field-label' for='input_8_3'>Postcode<span class=\"gfield_required\"><span class=\"gfield_required gfield_required_text\">(N\u00e9cessaire)<\/span><\/span><\/label><div class='ginput_container ginput_container_text'><input name='input_3' id='input_8_3' type='text' value='' class='large'     aria-required=\"true\" aria-invalid=\"false\"   \/><\/div><\/div><div id=\"field_8_4\" class=\"gfield gfield--type-text gfield--width-half gfield_contains_required field_sublabel_below gfield--no-description field_description_below field_validation_below gfield_visibility_visible\"  ><label class='gfield_label gform-field-label' for='input_8_4'>Woonplaats<span class=\"gfield_required\"><span class=\"gfield_required gfield_required_text\">(N\u00e9cessaire)<\/span><\/span><\/label><div class='ginput_container ginput_container_text'><input name='input_4' id='input_8_4' type='text' value='' class='large'     aria-required=\"true\" aria-invalid=\"false\"   \/><\/div><\/div><div id=\"field_8_5\" class=\"gfield gfield--type-text gfield--width-full field_sublabel_below gfield--no-description field_description_below field_validation_below gfield_visibility_visible\"  ><label class='gfield_label gform-field-label' for='input_8_5'>Telefoonnummer<\/label><div class='ginput_container ginput_container_text'><input name='input_5' id='input_8_5' type='text' value='' class='large'      aria-invalid=\"false\"   \/><\/div><\/div><div id=\"field_8_7\" class=\"gfield gfield--type-email gfield--width-full gfield_contains_required field_sublabel_below gfield--no-description field_description_below field_validation_below gfield_visibility_visible\"  ><label class='gfield_label gform-field-label' for='input_8_7'>E-mailadres<span class=\"gfield_required\"><span class=\"gfield_required gfield_required_text\">(N\u00e9cessaire)<\/span><\/span><\/label><div class='ginput_container ginput_container_email'>\n                            <input name='input_7' id='input_8_7' type='email' value='' class='large'    aria-required=\"true\" aria-invalid=\"false\"  \/>\n                        <\/div><\/div><div id=\"field_8_8\" class=\"gfield gfield--type-textarea gfield--width-full field_sublabel_below gfield--no-description field_description_below field_validation_below gfield_visibility_visible\"  ><label class='gfield_label gform-field-label' for='input_8_8'>Mijn vraag\/opmerking<\/label><div class='ginput_container ginput_container_textarea'><textarea name='input_8' id='input_8_8' class='textarea large'      aria-invalid=\"false\"   rows='10' cols='50'><\/textarea><\/div><\/div><div id=\"field_8_9\" class=\"gfield gfield--type-captcha gfield--width-full field_sublabel_below gfield--no-description field_description_below field_validation_below gfield_visibility_visible\"  ><label class='gfield_label gform-field-label' for='input_8_9'>CAPTCHA<\/label><div id='input_8_9' class='ginput_container ginput_recaptcha' data-sitekey='6LcBpHwmAAAAAPDSV-A853yyIoTBUbSo4szxA4le'  data-theme='light' data-tabindex='0'  data-badge=''><\/div><\/div><\/div><\/div>\n        <div class='gform-footer gform_footer top_label'> <input type='submit' id='gform_submit_button_8' class='gform_button button' onclick='gform.submission.handleButtonClick(this);' data-submission-type='submit' value='Envoyer'  \/> \n            <input type='hidden' class='gform_hidden' name='gform_submission_method' data-js='gform_submission_method_8' value='postback' \/>\n            <input type='hidden' class='gform_hidden' name='gform_theme' data-js='gform_theme_8' id='gform_theme_8' value='gravity-theme' \/>\n            <input type='hidden' class='gform_hidden' name='gform_style_settings' data-js='gform_style_settings_8' id='gform_style_settings_8' value='{&quot;inputPrimaryColor&quot;:&quot;#204ce5&quot;}' \/>\n            <input type='hidden' class='gform_hidden' name='is_submit_8' value='1' \/>\n            <input type='hidden' class='gform_hidden' name='gform_submit' value='8' \/>\n            \n            <input type='hidden' class='gform_hidden' name='gform_unique_id' value='' \/>\n            <input type='hidden' class='gform_hidden' name='state_8' value='WyJbXSIsImJlYmM0NzQxNGFjMWJhMGI2MzU2OGIyMTgzM2FhOWJkIl0=' \/>\n            <input type='hidden' autocomplete='off' class='gform_hidden' name='gform_target_page_number_8' id='gform_target_page_number_8' value='0' \/>\n            <input type='hidden' autocomplete='off' class='gform_hidden' name='gform_source_page_number_8' id='gform_source_page_number_8' value='1' \/>\n            <input type='hidden' name='gform_field_values' value='' \/>\n            \n        <\/div>\n                        <\/form>\n                        <\/div><script>\ngform.initializeOnLoaded( function() {gformInitSpinner( 8, 'https:\/\/hapmaastricht.nl\/fr\/wp-content\/plugins\/gravityforms\/images\/spinner.svg', true );jQuery('#gform_ajax_frame_8').on('load',function(){var contents = jQuery(this).contents().find('*').html();var is_postback = contents.indexOf('GF_AJAX_POSTBACK') >= 0;if(!is_postback){return;}var form_content = jQuery(this).contents().find('#gform_wrapper_8');var is_confirmation = jQuery(this).contents().find('#gform_confirmation_wrapper_8').length > 0;var is_redirect = contents.indexOf('gformRedirect(){') >= 0;var is_form = form_content.length > 0 && ! is_redirect && ! is_confirmation;var mt = parseInt(jQuery('html').css('margin-top'), 10) + parseInt(jQuery('body').css('margin-top'), 10) + 100;if(is_form){jQuery('#gform_wrapper_8').html(form_content.html());if(form_content.hasClass('gform_validation_error')){jQuery('#gform_wrapper_8').addClass('gform_validation_error');} else {jQuery('#gform_wrapper_8').removeClass('gform_validation_error');}setTimeout( function() { \/* delay the scroll by 50 milliseconds to fix a bug in chrome *\/  }, 50 );if(window['gformInitDatepicker']) {gformInitDatepicker();}if(window['gformInitPriceFields']) {gformInitPriceFields();}var current_page = jQuery('#gform_source_page_number_8').val();gformInitSpinner( 8, 'https:\/\/hapmaastricht.nl\/fr\/wp-content\/plugins\/gravityforms\/images\/spinner.svg', true );jQuery(document).trigger('gform_page_loaded', [8, current_page]);window['gf_submitting_8'] = false;}else if(!is_redirect){var confirmation_content = jQuery(this).contents().find('.GF_AJAX_POSTBACK').html();if(!confirmation_content){confirmation_content = contents;}jQuery('#gform_wrapper_8').replaceWith(confirmation_content);jQuery(document).trigger('gform_confirmation_loaded', [8]);window['gf_submitting_8'] = false;wp.a11y.speak(jQuery('#gform_confirmation_message_8').text());}else{jQuery('#gform_8').append(contents);if(window['gformRedirect']) {gformRedirect();}}jQuery(document).trigger(\"gform_pre_post_render\", [{ formId: \"8\", currentPage: \"current_page\", abort: function() { this.preventDefault(); } }]);        if (event && event.defaultPrevented) {                return;        }        const gformWrapperDiv = document.getElementById( \"gform_wrapper_8\" );        if ( gformWrapperDiv ) {            const visibilitySpan = document.createElement( \"span\" );            visibilitySpan.id = \"gform_visibility_test_8\";            gformWrapperDiv.insertAdjacentElement( \"afterend\", visibilitySpan );        }        const visibilityTestDiv = document.getElementById( \"gform_visibility_test_8\" );        let postRenderFired = false;        function triggerPostRender() {            if ( postRenderFired ) {                return;            }            postRenderFired = true;            gform.core.triggerPostRenderEvents( 8, current_page );            if ( visibilityTestDiv ) {                visibilityTestDiv.parentNode.removeChild( visibilityTestDiv );            }        }        function debounce( func, wait, immediate ) {            var timeout;            return function() {                var context = this, args = arguments;                var later = function() {                    timeout = null;                    if ( !immediate ) func.apply( context, args );                };                var callNow = immediate && !timeout;                clearTimeout( timeout );                timeout = setTimeout( later, wait );                if ( callNow ) func.apply( context, args );            };        }        const debouncedTriggerPostRender = debounce( function() {            triggerPostRender();        }, 200 );        if ( visibilityTestDiv && visibilityTestDiv.offsetParent === null ) {            const observer = new MutationObserver( ( mutations ) => {                mutations.forEach( ( mutation ) => {                    if ( mutation.type === 'attributes' && visibilityTestDiv.offsetParent !== null ) {                        debouncedTriggerPostRender();                        observer.disconnect();                    }                });            });            observer.observe( document.body, {                attributes: true,                childList: false,                subtree: true,                attributeFilter: [ 'style', 'class' ],            });        } else {            triggerPostRender();        }    } );} );\n<\/script>\n","protected":false},"excerpt":{"rendered":"<p>Le conseil d&rsquo;administration du General Practice Emergency Post attache une grande importance \u00e0 l&rsquo;implication et \u00e0 la participation des patients afin d&rsquo;am\u00e9liorer la qualit\u00e9 des soins. La loi sur la participation des clients des \u00e9tablissements de sant\u00e9 (WMCZ) s&rsquo;inscrit parfaitement dans cette optique et donne ainsi \u00e0 toutes les institutions une base l\u00e9gale pour \u00e9tablir un conseil des clients. C&rsquo;est pourquoi il a \u00e9t\u00e9 d\u00e9cid\u00e9 en 2022 de cr\u00e9er un tel conseil pour le poste d&rsquo;urgence des m\u00e9decins g\u00e9n\u00e9ralistes de Maastricht et Heuvelland. Objectif Le Conseil des clients a pour objectif de repr\u00e9senter les int\u00e9r\u00eats communs des clients. Avec les yeux de tous les habitants de la r\u00e9gion, nous examinons comment le poste d&rsquo;urgence de m\u00e9decine g\u00e9n\u00e9rale s&rsquo;acquitte de ses t\u00e2ches. [&#8230;]<\/p>\n","protected":false},"author":3,"featured_media":0,"parent":0,"menu_order":42,"comment_status":"closed","ping_status":"closed","template":"","meta":{"_acf_changed":false,"_trash_the_other_posts":false,"editor_notices":[],"footnotes":""},"class_list":["post-2143","page","type-page","status-publish","hentry"],"acf":[],"yoast_head":"<!-- This site is optimized with the Yoast SEO plugin v26.6 - https:\/\/yoast.com\/wordpress\/plugins\/seo\/ -->\n<title>Conseil client - Poste d&#039;urgence g\u00e9n\u00e9raliste Maastricht<\/title>\n<meta name=\"robots\" content=\"index, follow, max-snippet:-1, max-image-preview:large, max-video-preview:-1\" \/>\n<link rel=\"canonical\" href=\"https:\/\/hapmaastricht.nl\/fr\/conseil-des-clients\/\" \/>\n<meta property=\"og:locale\" content=\"fr_FR\" \/>\n<meta property=\"og:type\" content=\"article\" \/>\n<meta property=\"og:title\" content=\"Conseil client - Poste d&#039;urgence g\u00e9n\u00e9raliste Maastricht\" \/>\n<meta property=\"og:description\" content=\"Le conseil d&#039;administration du General Practice Emergency Post attache une grande importance \u00e0 l&#039;implication et \u00e0 la participation des patients afin d&#039;am\u00e9liorer la qualit\u00e9 des soins. La loi sur la participation des clients des \u00e9tablissements de sant\u00e9 (WMCZ) s&#039;inscrit parfaitement dans cette optique et donne ainsi \u00e0 toutes les institutions une base l\u00e9gale pour \u00e9tablir un conseil des clients. C&#039;est pourquoi il a \u00e9t\u00e9 d\u00e9cid\u00e9 en 2022 de cr\u00e9er un tel conseil pour le poste d&#039;urgence des m\u00e9decins g\u00e9n\u00e9ralistes de Maastricht et Heuvelland. Objectif Le Conseil des clients a pour objectif de repr\u00e9senter les int\u00e9r\u00eats communs des clients. Avec les yeux de tous les habitants de la r\u00e9gion, nous examinons comment le poste d&#039;urgence de m\u00e9decine g\u00e9n\u00e9rale s&#039;acquitte de ses t\u00e2ches. [...]\" \/>\n<meta property=\"og:url\" content=\"https:\/\/hapmaastricht.nl\/fr\/conseil-des-clients\/\" \/>\n<meta property=\"og:site_name\" content=\"Poste d&#039;urgence g\u00e9n\u00e9raliste Maastricht\" \/>\n<meta property=\"article:modified_time\" content=\"2026-03-19T10:04:29+00:00\" \/>\n<meta name=\"twitter:card\" content=\"summary_large_image\" \/>\n<meta name=\"twitter:label1\" content=\"Dur\u00e9e de lecture estim\u00e9e\" \/>\n\t<meta name=\"twitter:data1\" content=\"2 minutes\" \/>\n<script type=\"application\/ld+json\" class=\"yoast-schema-graph\">{\"@context\":\"https:\/\/schema.org\",\"@graph\":[{\"@type\":\"WebPage\",\"@id\":\"https:\/\/hapmaastricht.nl\/fr\/conseil-des-clients\/\",\"url\":\"https:\/\/hapmaastricht.nl\/fr\/conseil-des-clients\/\",\"name\":\"Conseil client - Poste d&#039;urgence g\u00e9n\u00e9raliste Maastricht\",\"isPartOf\":{\"@id\":\"https:\/\/hapmaastricht.nl\/fr\/#website\"},\"datePublished\":\"2023-05-19T07:33:10+00:00\",\"dateModified\":\"2026-03-19T10:04:29+00:00\",\"breadcrumb\":{\"@id\":\"https:\/\/hapmaastricht.nl\/fr\/conseil-des-clients\/#breadcrumb\"},\"inLanguage\":\"fr-FR\",\"potentialAction\":[{\"@type\":\"ReadAction\",\"target\":[\"https:\/\/hapmaastricht.nl\/fr\/conseil-des-clients\/\"]}]},{\"@type\":\"BreadcrumbList\",\"@id\":\"https:\/\/hapmaastricht.nl\/fr\/conseil-des-clients\/#breadcrumb\",\"itemListElement\":[{\"@type\":\"ListItem\",\"position\":1,\"name\":\"Home\",\"item\":\"https:\/\/hapmaastricht.nl\/fr\/\"},{\"@type\":\"ListItem\",\"position\":2,\"name\":\"Conseil des clients\"}]},{\"@type\":\"WebSite\",\"@id\":\"https:\/\/hapmaastricht.nl\/fr\/#website\",\"url\":\"https:\/\/hapmaastricht.nl\/fr\/\",\"name\":\"Poste d&#039;urgence g\u00e9n\u00e9raliste Maastricht\",\"description\":\"\",\"potentialAction\":[{\"@type\":\"SearchAction\",\"target\":{\"@type\":\"EntryPoint\",\"urlTemplate\":\"https:\/\/hapmaastricht.nl\/fr\/?s={search_term_string}\"},\"query-input\":{\"@type\":\"PropertyValueSpecification\",\"valueRequired\":true,\"valueName\":\"search_term_string\"}}],\"inLanguage\":\"fr-FR\"}]}<\/script>\n<!-- \/ Yoast SEO plugin. -->","yoast_head_json":{"title":"Conseil client - Poste d&#039;urgence g\u00e9n\u00e9raliste Maastricht","robots":{"index":"index","follow":"follow","max-snippet":"max-snippet:-1","max-image-preview":"max-image-preview:large","max-video-preview":"max-video-preview:-1"},"canonical":"https:\/\/hapmaastricht.nl\/fr\/conseil-des-clients\/","og_locale":"fr_FR","og_type":"article","og_title":"Conseil client - Poste d&#039;urgence g\u00e9n\u00e9raliste Maastricht","og_description":"Le conseil d'administration du General Practice Emergency Post attache une grande importance \u00e0 l'implication et \u00e0 la participation des patients afin d'am\u00e9liorer la qualit\u00e9 des soins. La loi sur la participation des clients des \u00e9tablissements de sant\u00e9 (WMCZ) s'inscrit parfaitement dans cette optique et donne ainsi \u00e0 toutes les institutions une base l\u00e9gale pour \u00e9tablir un conseil des clients. C'est pourquoi il a \u00e9t\u00e9 d\u00e9cid\u00e9 en 2022 de cr\u00e9er un tel conseil pour le poste d'urgence des m\u00e9decins g\u00e9n\u00e9ralistes de Maastricht et Heuvelland. Objectif Le Conseil des clients a pour objectif de repr\u00e9senter les int\u00e9r\u00eats communs des clients. Avec les yeux de tous les habitants de la r\u00e9gion, nous examinons comment le poste d'urgence de m\u00e9decine g\u00e9n\u00e9rale s'acquitte de ses t\u00e2ches. [...]","og_url":"https:\/\/hapmaastricht.nl\/fr\/conseil-des-clients\/","og_site_name":"Poste d&#039;urgence g\u00e9n\u00e9raliste Maastricht","article_modified_time":"2026-03-19T10:04:29+00:00","twitter_card":"summary_large_image","twitter_misc":{"Dur\u00e9e de lecture estim\u00e9e":"2 minutes"},"schema":{"@context":"https:\/\/schema.org","@graph":[{"@type":"WebPage","@id":"https:\/\/hapmaastricht.nl\/fr\/conseil-des-clients\/","url":"https:\/\/hapmaastricht.nl\/fr\/conseil-des-clients\/","name":"Conseil client - Poste d&#039;urgence g\u00e9n\u00e9raliste Maastricht","isPartOf":{"@id":"https:\/\/hapmaastricht.nl\/fr\/#website"},"datePublished":"2023-05-19T07:33:10+00:00","dateModified":"2026-03-19T10:04:29+00:00","breadcrumb":{"@id":"https:\/\/hapmaastricht.nl\/fr\/conseil-des-clients\/#breadcrumb"},"inLanguage":"fr-FR","potentialAction":[{"@type":"ReadAction","target":["https:\/\/hapmaastricht.nl\/fr\/conseil-des-clients\/"]}]},{"@type":"BreadcrumbList","@id":"https:\/\/hapmaastricht.nl\/fr\/conseil-des-clients\/#breadcrumb","itemListElement":[{"@type":"ListItem","position":1,"name":"Home","item":"https:\/\/hapmaastricht.nl\/fr\/"},{"@type":"ListItem","position":2,"name":"Conseil des clients"}]},{"@type":"WebSite","@id":"https:\/\/hapmaastricht.nl\/fr\/#website","url":"https:\/\/hapmaastricht.nl\/fr\/","name":"Poste d&#039;urgence g\u00e9n\u00e9raliste Maastricht","description":"","potentialAction":[{"@type":"SearchAction","target":{"@type":"EntryPoint","urlTemplate":"https:\/\/hapmaastricht.nl\/fr\/?s={search_term_string}"},"query-input":{"@type":"PropertyValueSpecification","valueRequired":true,"valueName":"search_term_string"}}],"inLanguage":"fr-FR"}]}},"_links":{"self":[{"href":"https:\/\/hapmaastricht.nl\/fr\/wp-json\/wp\/v2\/pages\/2143","targetHints":{"allow":["GET"]}}],"collection":[{"href":"https:\/\/hapmaastricht.nl\/fr\/wp-json\/wp\/v2\/pages"}],"about":[{"href":"https:\/\/hapmaastricht.nl\/fr\/wp-json\/wp\/v2\/types\/page"}],"author":[{"embeddable":true,"href":"https:\/\/hapmaastricht.nl\/fr\/wp-json\/wp\/v2\/users\/3"}],"replies":[{"embeddable":true,"href":"https:\/\/hapmaastricht.nl\/fr\/wp-json\/wp\/v2\/comments?post=2143"}],"version-history":[{"count":6,"href":"https:\/\/hapmaastricht.nl\/fr\/wp-json\/wp\/v2\/pages\/2143\/revisions"}],"predecessor-version":[{"id":9290,"href":"https:\/\/hapmaastricht.nl\/fr\/wp-json\/wp\/v2\/pages\/2143\/revisions\/9290"}],"wp:attachment":[{"href":"https:\/\/hapmaastricht.nl\/fr\/wp-json\/wp\/v2\/media?parent=2143"}],"curies":[{"name":"wp","href":"https:\/\/api.w.org\/{rel}","templated":true}]}}