{"id":2159,"date":"2023-05-19T13:49:16","date_gmt":"2023-05-19T11:49:16","guid":{"rendered":"https:\/\/multisite.mindd.dev\/hap-maastricht\/?page_id=2159"},"modified":"2025-07-10T09:55:43","modified_gmt":"2025-07-10T07:55:43","slug":"plan-du-site","status":"publish","type":"page","link":"https:\/\/hapmaastricht.nl\/fr\/plan-du-site\/","title":{"rendered":"Plan du site"},"content":{"rendered":"\n\n<ul class=\"wp-block-page-list\"><li class=\"wp-block-pages-list__item\"><a class=\"wp-block-pages-list__item__link\" href=\"https:\/\/hapmaastricht.nl\/fr\/pratiques-daffiliation\/\">Cabinets affili\u00e9s<\/a><\/li><li class=\"wp-block-pages-list__item\"><a class=\"wp-block-pages-list__item__link\" href=\"https:\/\/hapmaastricht.nl\/fr\/informations-pratiques\/\">Proc\u00e9dure<\/a><\/li><li class=\"wp-block-pages-list__item\"><a class=\"wp-block-pages-list__item__link\" href=\"https:\/\/hapmaastricht.nl\/fr\/vision-et-ambition\/\">Vision et ambition<\/a><\/li><li class=\"wp-block-pages-list__item\"><a class=\"wp-block-pages-list__item__link\" href=\"https:\/\/hapmaastricht.nl\/fr\/vision-et-ambition-2\/\">Vision et ambition<\/a><\/li><li class=\"wp-block-pages-list__item\"><a class=\"wp-block-pages-list__item__link\" href=\"https:\/\/hapmaastricht.nl\/fr\/vision-et-ambition-3\/\">Vision et ambition<\/a><\/li><li class=\"wp-block-pages-list__item\"><a class=\"wp-block-pages-list__item__link\" href=\"https:\/\/hapmaastricht.nl\/fr\/vision-et-ambition-4\/\">Vision et ambition<\/a><\/li><li class=\"wp-block-pages-list__item\"><a class=\"wp-block-pages-list__item__link\" href=\"https:\/\/hapmaastricht.nl\/fr\/organisation\/\">Vision et ambition<\/a><\/li><li class=\"wp-block-pages-list__item\"><a class=\"wp-block-pages-list__item__link\" href=\"https:\/\/hapmaastricht.nl\/fr\/lien-de-paiement\/\">Lien de paiement via SMS<\/a><\/li><li class=\"wp-block-pages-list__item\"><a class=\"wp-block-pages-list__item__link\" href=\"https:\/\/hapmaastricht.nl\/fr\/404-2\/\">404<\/a><\/li><li class=\"wp-block-pages-list__item\"><a class=\"wp-block-pages-list__item__link\" href=\"https:\/\/hapmaastricht.nl\/fr\/praktijken__trashed\/\">Cabinets de m\u00e9decins g\u00e9n\u00e9ralistes affili\u00e9s<\/a><\/li><li class=\"wp-block-pages-list__item\"><a class=\"wp-block-pages-list__item__link\" href=\"https:\/\/hapmaastricht.nl\/fr\/pharmacies\/\">Pharmacies<\/a><\/li><li class=\"wp-block-pages-list__item\"><a class=\"wp-block-pages-list__item__link\" href=\"https:\/\/hapmaastricht.nl\/fr\/rapport-de-gestion-et-etats-financiers\/\">Rapports<\/a><\/li><li class=\"wp-block-pages-list__item has-child\"><a class=\"wp-block-pages-list__item__link\" href=\"https:\/\/hapmaastricht.nl\/fr\/conseil-des-clients\/\">Conseil client<\/a><ul class=\"wp-block-navigation__submenu-container\"><li class=\"wp-block-pages-list__item \"><a class=\"wp-block-pages-list__item__link\" href=\"https:\/\/hapmaastricht.nl\/fr\/conseil-des-clients\/merci-pour-votre-soumission\/\">Merci pour votre soumission\u00a0!<\/a><\/li><\/ul><\/li><li class=\"wp-block-pages-list__item\"><a class=\"wp-block-pages-list__item__link\" href=\"https:\/\/hapmaastricht.nl\/fr\/politique-en-matiere-de-cookies\/\">Politique en mati\u00e8re de cookies<\/a><\/li><li class=\"wp-block-pages-list__item\"><a class=\"wp-block-pages-list__item__link\" href=\"https:\/\/hapmaastricht.nl\/fr\/forme\/\">Forme<\/a><\/li><li class=\"wp-block-pages-list__item\"><a class=\"wp-block-pages-list__item__link\" href=\"https:\/\/hapmaastricht.nl\/fr\/conditions\/\">Conditions<\/a><\/li><li class=\"wp-block-pages-list__item\"><a class=\"wp-block-pages-list__item__link\" href=\"https:\/\/hapmaastricht.nl\/fr\/problemes-de-sante\/\">Probl\u00e8mes de sant\u00e9<\/a><\/li><li class=\"wp-block-pages-list__item menu-item-home\"><a class=\"wp-block-pages-list__item__link\" href=\"https:\/\/hapmaastricht.nl\/fr\/\">Domicile<\/a><\/li><li class=\"wp-block-pages-list__item\"><a class=\"wp-block-pages-list__item__link\" href=\"https:\/\/hapmaastricht.nl\/fr\/lieux\/\">Lieux<\/a><\/li><li class=\"wp-block-pages-list__item\"><a class=\"wp-block-pages-list__item__link\" href=\"https:\/\/hapmaastricht.nl\/fr\/nouvelles\/\">Nouvelles<\/a><\/li><li class=\"wp-block-pages-list__item\"><a class=\"wp-block-pages-list__item__link\" href=\"https:\/\/hapmaastricht.nl\/fr\/organigramme\/\">Gestion et supervision<\/a><\/li><li class=\"wp-block-pages-list__item\"><a class=\"wp-block-pages-list__item__link\" href=\"https:\/\/hapmaastricht.nl\/fr\/privacy\/\">Privacy<\/a><\/li><li class=\"wp-block-pages-list__item\"><a class=\"wp-block-pages-list__item__link\" href=\"https:\/\/hapmaastricht.nl\/fr\/conseil-de-surveillance\/\">Conseil de surveillance<\/a><\/li><li class=\"wp-block-pages-list__item\"><a class=\"wp-block-pages-list__item__link\" href=\"https:\/\/hapmaastricht.nl\/fr\/prendre-soin-ensemble-est-dans-notre-adn\/\">Prendre soin ensemble est dans notre ADN<\/a><\/li><li class=\"wp-block-pages-list__item\"><a class=\"wp-block-pages-list__item__link\" href=\"https:\/\/hapmaastricht.nl\/fr\/collaboration-envida\/\">Collaboration avec Envida<\/a><\/li><li class=\"wp-block-pages-list__item\"><a class=\"wp-block-pages-list__item__link\" href=\"https:\/\/hapmaastricht.nl\/fr\/plan-du-site\/\">Plan du site<\/a><\/li><li class=\"wp-block-pages-list__item\"><a class=\"wp-block-pages-list__item__link\" href=\"https:\/\/hapmaastricht.nl\/fr\/etudiants-et-expatries\/\">\u00c9tudiant ou expatri\u00e9 \u00e0 Maastricht ou dans les environs ?<\/a><\/li><li class=\"wp-block-pages-list__item\"><a class=\"wp-block-pages-list__item__link\" href=\"https:\/\/hapmaastricht.nl\/fr\/numero-durgence-du-dentiste\/\">Num\u00e9ro d\u2019urgence du dentiste<\/a><\/li><li class=\"wp-block-pages-list__item\"><a class=\"wp-block-pages-list__item__link\" href=\"https:\/\/hapmaastricht.nl\/fr\/tarifs\/\">Prix<\/a><\/li><li class=\"wp-block-pages-list__item\"><a class=\"wp-block-pages-list__item__link\" href=\"https:\/\/hapmaastricht.nl\/fr\/vacance\/\">Postes vacants<\/a><\/li><li class=\"wp-block-pages-list__item\"><a class=\"wp-block-pages-list__item__link\" href=\"https:\/\/hapmaastricht.nl\/fr\/foire-aux-questions\/\">Foire aux questions<\/a><\/li><li class=\"wp-block-pages-list__item\"><a class=\"wp-block-pages-list__item__link\" href=\"https:\/\/hapmaastricht.nl\/fr\/vision-ambition\/\">Vision et ambition<\/a><\/li><li class=\"wp-block-pages-list__item\"><a class=\"wp-block-pages-list__item__link\" href=\"https:\/\/hapmaastricht.nl\/fr\/procedure\/\">Proc\u00e9dure<\/a><\/li><\/ul>","protected":false},"excerpt":{"rendered":"","protected":false},"author":3,"featured_media":0,"parent":0,"menu_order":132,"comment_status":"closed","ping_status":"closed","template":"","meta":{"_acf_changed":false,"_trash_the_other_posts":false,"editor_notices":[],"footnotes":""},"class_list":["post-2159","page","type-page","status-publish","hentry"],"acf":[],"yoast_head":"<!-- This site is optimized with the Yoast SEO plugin v26.6 - https:\/\/yoast.com\/wordpress\/plugins\/seo\/ -->\n<title>Plan du site - Poste d&#039;urgence g\u00e9n\u00e9raliste Maastricht<\/title>\n<meta name=\"robots\" content=\"index, follow, max-snippet:-1, max-image-preview:large, max-video-preview:-1\" \/>\n<link rel=\"canonical\" href=\"https:\/\/hapmaastricht.nl\/fr\/plan-du-site\/\" \/>\n<meta property=\"og:locale\" content=\"fr_FR\" \/>\n<meta property=\"og:type\" content=\"article\" \/>\n<meta property=\"og:title\" content=\"Plan du site - Poste d&#039;urgence g\u00e9n\u00e9raliste Maastricht\" \/>\n<meta property=\"og:url\" content=\"https:\/\/hapmaastricht.nl\/fr\/plan-du-site\/\" \/>\n<meta property=\"og:site_name\" content=\"Poste d&#039;urgence g\u00e9n\u00e9raliste Maastricht\" \/>\n<meta property=\"article:modified_time\" content=\"2025-07-10T07:55:43+00:00\" \/>\n<meta name=\"twitter:card\" content=\"summary_large_image\" \/>\n<script type=\"application\/ld+json\" class=\"yoast-schema-graph\">{\"@context\":\"https:\/\/schema.org\",\"@graph\":[{\"@type\":\"WebPage\",\"@id\":\"https:\/\/hapmaastricht.nl\/fr\/plan-du-site\/\",\"url\":\"https:\/\/hapmaastricht.nl\/fr\/plan-du-site\/\",\"name\":\"Plan du site - Poste d&#039;urgence g\u00e9n\u00e9raliste Maastricht\",\"isPartOf\":{\"@id\":\"https:\/\/hapmaastricht.nl\/fr\/#website\"},\"datePublished\":\"2023-05-19T11:49:16+00:00\",\"dateModified\":\"2025-07-10T07:55:43+00:00\",\"breadcrumb\":{\"@id\":\"https:\/\/hapmaastricht.nl\/fr\/plan-du-site\/#breadcrumb\"},\"inLanguage\":\"fr-FR\",\"potentialAction\":[{\"@type\":\"ReadAction\",\"target\":[\"https:\/\/hapmaastricht.nl\/fr\/plan-du-site\/\"]}]},{\"@type\":\"BreadcrumbList\",\"@id\":\"https:\/\/hapmaastricht.nl\/fr\/plan-du-site\/#breadcrumb\",\"itemListElement\":[{\"@type\":\"ListItem\",\"position\":1,\"name\":\"Home\",\"item\":\"https:\/\/hapmaastricht.nl\/fr\/\"},{\"@type\":\"ListItem\",\"position\":2,\"name\":\"Plan du site\"}]},{\"@type\":\"WebSite\",\"@id\":\"https:\/\/hapmaastricht.nl\/fr\/#website\",\"url\":\"https:\/\/hapmaastricht.nl\/fr\/\",\"name\":\"Poste d&#039;urgence g\u00e9n\u00e9raliste Maastricht\",\"description\":\"\",\"potentialAction\":[{\"@type\":\"SearchAction\",\"target\":{\"@type\":\"EntryPoint\",\"urlTemplate\":\"https:\/\/hapmaastricht.nl\/fr\/?s={search_term_string}\"},\"query-input\":{\"@type\":\"PropertyValueSpecification\",\"valueRequired\":true,\"valueName\":\"search_term_string\"}}],\"inLanguage\":\"fr-FR\"}]}<\/script>\n<!-- \/ Yoast SEO plugin. -->","yoast_head_json":{"title":"Plan du site - Poste d&#039;urgence g\u00e9n\u00e9raliste Maastricht","robots":{"index":"index","follow":"follow","max-snippet":"max-snippet:-1","max-image-preview":"max-image-preview:large","max-video-preview":"max-video-preview:-1"},"canonical":"https:\/\/hapmaastricht.nl\/fr\/plan-du-site\/","og_locale":"fr_FR","og_type":"article","og_title":"Plan du site - Poste d&#039;urgence g\u00e9n\u00e9raliste Maastricht","og_url":"https:\/\/hapmaastricht.nl\/fr\/plan-du-site\/","og_site_name":"Poste d&#039;urgence g\u00e9n\u00e9raliste Maastricht","article_modified_time":"2025-07-10T07:55:43+00:00","twitter_card":"summary_large_image","schema":{"@context":"https:\/\/schema.org","@graph":[{"@type":"WebPage","@id":"https:\/\/hapmaastricht.nl\/fr\/plan-du-site\/","url":"https:\/\/hapmaastricht.nl\/fr\/plan-du-site\/","name":"Plan du site - Poste d&#039;urgence g\u00e9n\u00e9raliste Maastricht","isPartOf":{"@id":"https:\/\/hapmaastricht.nl\/fr\/#website"},"datePublished":"2023-05-19T11:49:16+00:00","dateModified":"2025-07-10T07:55:43+00:00","breadcrumb":{"@id":"https:\/\/hapmaastricht.nl\/fr\/plan-du-site\/#breadcrumb"},"inLanguage":"fr-FR","potentialAction":[{"@type":"ReadAction","target":["https:\/\/hapmaastricht.nl\/fr\/plan-du-site\/"]}]},{"@type":"BreadcrumbList","@id":"https:\/\/hapmaastricht.nl\/fr\/plan-du-site\/#breadcrumb","itemListElement":[{"@type":"ListItem","position":1,"name":"Home","item":"https:\/\/hapmaastricht.nl\/fr\/"},{"@type":"ListItem","position":2,"name":"Plan du site"}]},{"@type":"WebSite","@id":"https:\/\/hapmaastricht.nl\/fr\/#website","url":"https:\/\/hapmaastricht.nl\/fr\/","name":"Poste d&#039;urgence g\u00e9n\u00e9raliste Maastricht","description":"","potentialAction":[{"@type":"SearchAction","target":{"@type":"EntryPoint","urlTemplate":"https:\/\/hapmaastricht.nl\/fr\/?s={search_term_string}"},"query-input":{"@type":"PropertyValueSpecification","valueRequired":true,"valueName":"search_term_string"}}],"inLanguage":"fr-FR"}]}},"_links":{"self":[{"href":"https:\/\/hapmaastricht.nl\/fr\/wp-json\/wp\/v2\/pages\/2159","targetHints":{"allow":["GET"]}}],"collection":[{"href":"https:\/\/hapmaastricht.nl\/fr\/wp-json\/wp\/v2\/pages"}],"about":[{"href":"https:\/\/hapmaastricht.nl\/fr\/wp-json\/wp\/v2\/types\/page"}],"author":[{"embeddable":true,"href":"https:\/\/hapmaastricht.nl\/fr\/wp-json\/wp\/v2\/users\/3"}],"replies":[{"embeddable":true,"href":"https:\/\/hapmaastricht.nl\/fr\/wp-json\/wp\/v2\/comments?post=2159"}],"version-history":[{"count":1,"href":"https:\/\/hapmaastricht.nl\/fr\/wp-json\/wp\/v2\/pages\/2159\/revisions"}],"predecessor-version":[{"id":9200,"href":"https:\/\/hapmaastricht.nl\/fr\/wp-json\/wp\/v2\/pages\/2159\/revisions\/9200"}],"wp:attachment":[{"href":"https:\/\/hapmaastricht.nl\/fr\/wp-json\/wp\/v2\/media?parent=2159"}],"curies":[{"name":"wp","href":"https:\/\/api.w.org\/{rel}","templated":true}]}}