{"id":2483,"date":"2023-05-23T14:35:13","date_gmt":"2023-05-23T12:35:13","guid":{"rendered":"https:\/\/multisite.mindd.dev\/hap-maastricht\/?page_id=2483"},"modified":"2025-10-06T09:28:34","modified_gmt":"2025-10-06T07:28:34","slug":"numero-durgence-du-dentiste","status":"publish","type":"page","link":"https:\/\/hapmaastricht.nl\/fr\/numero-durgence-du-dentiste\/","title":{"rendered":"Num\u00e9ro d\u2019urgence du dentiste"},"content":{"rendered":"\n\n\n<p>Le num\u00e9ro d\u2019urgence du dentiste en dehors des heures de bureau est le <strong>0900 1515<\/strong><\/p>\n\n\n\n<p><\/p>\n","protected":false},"excerpt":{"rendered":"<p>Le num\u00e9ro d&rsquo;urgence du dentiste en dehors des heures de bureau est.<\/p>\n","protected":false},"author":3,"featured_media":0,"parent":0,"menu_order":148,"comment_status":"closed","ping_status":"closed","template":"","meta":{"_acf_changed":false,"_trash_the_other_posts":false,"editor_notices":[],"footnotes":""},"class_list":["post-2483","page","type-page","status-publish","hentry"],"acf":[],"yoast_head":"<!-- This site is optimized with the Yoast SEO plugin v26.6 - https:\/\/yoast.com\/wordpress\/plugins\/seo\/ -->\n<title>Num\u00e9ro d\u2019urgence du dentiste - Poste d&#039;urgence g\u00e9n\u00e9raliste Maastricht<\/title>\n<meta name=\"description\" content=\"Avez-vous un besoin urgent d&#039;un dentiste dans la r\u00e9gion de Maastricht en dehors des heures de bureau\u00a0? Trouvez le num\u00e9ro d&#039;urgence du dentiste ici.\" \/>\n<meta name=\"robots\" content=\"index, follow, max-snippet:-1, max-image-preview:large, max-video-preview:-1\" \/>\n<link rel=\"canonical\" href=\"https:\/\/hapmaastricht.nl\/fr\/numero-durgence-dentaire\/\" \/>\n<meta property=\"og:locale\" content=\"fr_FR\" \/>\n<meta property=\"og:type\" content=\"article\" \/>\n<meta property=\"og:title\" content=\"Num\u00e9ro d\u2019urgence du dentiste - Poste d&#039;urgence g\u00e9n\u00e9raliste Maastricht\" \/>\n<meta property=\"og:description\" content=\"Avez-vous un besoin urgent d&#039;un dentiste dans la r\u00e9gion de Maastricht en dehors des heures de bureau\u00a0? Trouvez le num\u00e9ro d&#039;urgence du dentiste ici.\" \/>\n<meta property=\"og:url\" content=\"https:\/\/hapmaastricht.nl\/fr\/numero-durgence-dentaire\/\" \/>\n<meta property=\"og:site_name\" content=\"Poste d&#039;urgence g\u00e9n\u00e9raliste Maastricht\" \/>\n<meta property=\"article:modified_time\" content=\"2025-10-06T07:28:34+00:00\" \/>\n<meta name=\"twitter:card\" content=\"summary_large_image\" \/>\n<meta name=\"twitter:label1\" content=\"Dur\u00e9e de lecture estim\u00e9e\" \/>\n\t<meta name=\"twitter:data1\" content=\"1 minute\" \/>\n<script type=\"application\/ld+json\" class=\"yoast-schema-graph\">{\"@context\":\"https:\/\/schema.org\",\"@graph\":[{\"@type\":\"WebPage\",\"@id\":\"https:\/\/hapmaastricht.nl\/fr\/numero-durgence-dentaire\/\",\"url\":\"https:\/\/hapmaastricht.nl\/fr\/numero-durgence-dentaire\/\",\"name\":\"Num\u00e9ro d\u2019urgence du dentiste - Poste d&#039;urgence g\u00e9n\u00e9raliste Maastricht\",\"isPartOf\":{\"@id\":\"https:\/\/hapmaastricht.nl\/fr\/#website\"},\"datePublished\":\"2023-05-23T12:35:13+00:00\",\"dateModified\":\"2025-10-06T07:28:34+00:00\",\"description\":\"Avez-vous un besoin urgent d'un dentiste dans la r\u00e9gion de Maastricht en dehors des heures de bureau\u00a0? Trouvez le num\u00e9ro d'urgence du dentiste ici.\",\"breadcrumb\":{\"@id\":\"https:\/\/hapmaastricht.nl\/fr\/numero-durgence-dentaire\/#breadcrumb\"},\"inLanguage\":\"fr-FR\",\"potentialAction\":[{\"@type\":\"ReadAction\",\"target\":[\"https:\/\/hapmaastricht.nl\/fr\/numero-durgence-dentaire\/\"]}]},{\"@type\":\"BreadcrumbList\",\"@id\":\"https:\/\/hapmaastricht.nl\/fr\/numero-durgence-dentaire\/#breadcrumb\",\"itemListElement\":[{\"@type\":\"ListItem\",\"position\":1,\"name\":\"Home\",\"item\":\"https:\/\/hapmaastricht.nl\/fr\/\"},{\"@type\":\"ListItem\",\"position\":2,\"name\":\"Num\u00e9ro d&rsquo;urgence du dentiste\"}]},{\"@type\":\"WebSite\",\"@id\":\"https:\/\/hapmaastricht.nl\/fr\/#website\",\"url\":\"https:\/\/hapmaastricht.nl\/fr\/\",\"name\":\"Poste d&#039;urgence g\u00e9n\u00e9raliste Maastricht\",\"description\":\"\",\"potentialAction\":[{\"@type\":\"SearchAction\",\"target\":{\"@type\":\"EntryPoint\",\"urlTemplate\":\"https:\/\/hapmaastricht.nl\/fr\/?s={search_term_string}\"},\"query-input\":{\"@type\":\"PropertyValueSpecification\",\"valueRequired\":true,\"valueName\":\"search_term_string\"}}],\"inLanguage\":\"fr-FR\"}]}<\/script>\n<!-- \/ Yoast SEO plugin. -->","yoast_head_json":{"title":"Num\u00e9ro d\u2019urgence du dentiste - Poste d&#039;urgence g\u00e9n\u00e9raliste Maastricht","description":"Avez-vous un besoin urgent d'un dentiste dans la r\u00e9gion de Maastricht en dehors des heures de bureau\u00a0? Trouvez le num\u00e9ro d'urgence du dentiste ici.","robots":{"index":"index","follow":"follow","max-snippet":"max-snippet:-1","max-image-preview":"max-image-preview:large","max-video-preview":"max-video-preview:-1"},"canonical":"https:\/\/hapmaastricht.nl\/fr\/numero-durgence-dentaire\/","og_locale":"fr_FR","og_type":"article","og_title":"Num\u00e9ro d\u2019urgence du dentiste - Poste d&#039;urgence g\u00e9n\u00e9raliste Maastricht","og_description":"Avez-vous un besoin urgent d'un dentiste dans la r\u00e9gion de Maastricht en dehors des heures de bureau\u00a0? Trouvez le num\u00e9ro d'urgence du dentiste ici.","og_url":"https:\/\/hapmaastricht.nl\/fr\/numero-durgence-dentaire\/","og_site_name":"Poste d&#039;urgence g\u00e9n\u00e9raliste Maastricht","article_modified_time":"2025-10-06T07:28:34+00:00","twitter_card":"summary_large_image","twitter_misc":{"Dur\u00e9e de lecture estim\u00e9e":"1 minute"},"schema":{"@context":"https:\/\/schema.org","@graph":[{"@type":"WebPage","@id":"https:\/\/hapmaastricht.nl\/fr\/numero-durgence-dentaire\/","url":"https:\/\/hapmaastricht.nl\/fr\/numero-durgence-dentaire\/","name":"Num\u00e9ro d\u2019urgence du dentiste - Poste d&#039;urgence g\u00e9n\u00e9raliste Maastricht","isPartOf":{"@id":"https:\/\/hapmaastricht.nl\/fr\/#website"},"datePublished":"2023-05-23T12:35:13+00:00","dateModified":"2025-10-06T07:28:34+00:00","description":"Avez-vous un besoin urgent d'un dentiste dans la r\u00e9gion de Maastricht en dehors des heures de bureau\u00a0? Trouvez le num\u00e9ro d'urgence du dentiste ici.","breadcrumb":{"@id":"https:\/\/hapmaastricht.nl\/fr\/numero-durgence-dentaire\/#breadcrumb"},"inLanguage":"fr-FR","potentialAction":[{"@type":"ReadAction","target":["https:\/\/hapmaastricht.nl\/fr\/numero-durgence-dentaire\/"]}]},{"@type":"BreadcrumbList","@id":"https:\/\/hapmaastricht.nl\/fr\/numero-durgence-dentaire\/#breadcrumb","itemListElement":[{"@type":"ListItem","position":1,"name":"Home","item":"https:\/\/hapmaastricht.nl\/fr\/"},{"@type":"ListItem","position":2,"name":"Num\u00e9ro d&rsquo;urgence du dentiste"}]},{"@type":"WebSite","@id":"https:\/\/hapmaastricht.nl\/fr\/#website","url":"https:\/\/hapmaastricht.nl\/fr\/","name":"Poste d&#039;urgence g\u00e9n\u00e9raliste Maastricht","description":"","potentialAction":[{"@type":"SearchAction","target":{"@type":"EntryPoint","urlTemplate":"https:\/\/hapmaastricht.nl\/fr\/?s={search_term_string}"},"query-input":{"@type":"PropertyValueSpecification","valueRequired":true,"valueName":"search_term_string"}}],"inLanguage":"fr-FR"}]}},"_links":{"self":[{"href":"https:\/\/hapmaastricht.nl\/fr\/wp-json\/wp\/v2\/pages\/2483","targetHints":{"allow":["GET"]}}],"collection":[{"href":"https:\/\/hapmaastricht.nl\/fr\/wp-json\/wp\/v2\/pages"}],"about":[{"href":"https:\/\/hapmaastricht.nl\/fr\/wp-json\/wp\/v2\/types\/page"}],"author":[{"embeddable":true,"href":"https:\/\/hapmaastricht.nl\/fr\/wp-json\/wp\/v2\/users\/3"}],"replies":[{"embeddable":true,"href":"https:\/\/hapmaastricht.nl\/fr\/wp-json\/wp\/v2\/comments?post=2483"}],"version-history":[{"count":3,"href":"https:\/\/hapmaastricht.nl\/fr\/wp-json\/wp\/v2\/pages\/2483\/revisions"}],"predecessor-version":[{"id":9259,"href":"https:\/\/hapmaastricht.nl\/fr\/wp-json\/wp\/v2\/pages\/2483\/revisions\/9259"}],"wp:attachment":[{"href":"https:\/\/hapmaastricht.nl\/fr\/wp-json\/wp\/v2\/media?parent=2483"}],"curies":[{"name":"wp","href":"https:\/\/api.w.org\/{rel}","templated":true}]}}