{"id":2494,"date":"2023-05-23T14:46:33","date_gmt":"2023-05-23T12:46:33","guid":{"rendered":"https:\/\/multisite.mindd.dev\/hap-maastricht\/?page_id=2494"},"modified":"2025-07-10T09:54:08","modified_gmt":"2025-07-10T07:54:08","slug":"collaboration-envida","status":"publish","type":"page","link":"https:\/\/hapmaastricht.nl\/fr\/collaboration-envida\/","title":{"rendered":"Collaboration avec Envida"},"content":{"rendered":"\n\n\n<p>Depuis le d\u00e9but du mois de juin 2019, les employ\u00e9s d\u2019Envida Wijkzorg, responsable des soins de nuit aigus pour les personnes \u00e2g\u00e9es, sont en poste \u00e0 notre poste d\u2019urgence GP. En regroupant les services des deux prestataires de soins sous un m\u00eame toit la nuit, une coordination rapide est possible et les personnes \u00e2g\u00e9es les plus vuln\u00e9rables recevront les bons soins au bon endroit.<\/p>\n\n\n\n<p>Le centre d\u2019appels du Poste d\u2019Urgence des M\u00e9decins G\u00e9n\u00e9ralistes re\u00e7oit les demandes d\u2019aide pour les deux prestataires de soins. Si n\u00e9cessaire, les employ\u00e9s d\u2019Envida et du GP Emergency Station se concertent sur l\u2019approche et le traitement de la demande d\u2019aide. Cette m\u00e9thode garantit une approche de soins plus efficace, \u00e9vite les admissions inutiles \u00e0 l\u2019h\u00f4pital et permet l\u2019\u00e9change de connaissances et de comp\u00e9tences entre les deux parties. Si la situation l\u2019exige, l\u2019assistance peut \u00eatre renforc\u00e9e et le patient peut \u00eatre orient\u00e9 vers l\u2019h\u00f4pital.<\/p>\n","protected":false},"excerpt":{"rendered":"<p>Depuis le d\u00e9but du mois de juin 2019, les employ\u00e9s d&rsquo;Envida Wijkzorg, responsables des soins nocturnes aigus pour les personnes \u00e2g\u00e9es, sont stationn\u00e9s dans notre poste d&rsquo;urgence pour m\u00e9decins g\u00e9n\u00e9ralistes. En r\u00e9unissant les services des deux prestataires de soins sous un m\u00eame toit pendant la nuit, une coordination mutuelle rapide est possible et les personnes \u00e2g\u00e9es les plus vuln\u00e9rables recevront les soins appropri\u00e9s au bon endroit. Le centre d&rsquo;appels du General Practice Emergency Post re\u00e7oit les demandes d&rsquo;aide des deux prestataires de soins de sant\u00e9. Si n\u00e9cessaire, les employ\u00e9s d&rsquo;Envida et du General Practice Emergency Post se consulteront sur l&rsquo;approche et le traitement de la demande d&rsquo;aide. Cette m\u00e9thode garantit une approche de soins plus efficace, \u00e9vite toute inclusion inutile dans le [&#8230;]<\/p>\n","protected":false},"author":3,"featured_media":0,"parent":0,"menu_order":129,"comment_status":"closed","ping_status":"closed","template":"","meta":{"_acf_changed":false,"_trash_the_other_posts":false,"editor_notices":[],"footnotes":""},"class_list":["post-2494","page","type-page","status-publish","hentry"],"acf":[],"yoast_head":"<!-- This site is optimized with the Yoast SEO plugin v26.6 - https:\/\/yoast.com\/wordpress\/plugins\/seo\/ -->\n<title>Collaboration avec Envida - Poste d&#039;urgence g\u00e9n\u00e9raliste Maastricht<\/title>\n<meta name=\"robots\" content=\"index, follow, max-snippet:-1, max-image-preview:large, max-video-preview:-1\" \/>\n<link rel=\"canonical\" href=\"https:\/\/hapmaastricht.nl\/fr\/cooperation-envida\/\" \/>\n<meta property=\"og:locale\" content=\"fr_FR\" \/>\n<meta property=\"og:type\" content=\"article\" \/>\n<meta property=\"og:title\" content=\"Collaboration avec Envida - Poste d&#039;urgence g\u00e9n\u00e9raliste Maastricht\" \/>\n<meta property=\"og:description\" content=\"Depuis le d\u00e9but du mois de juin 2019, les employ\u00e9s d&#039;Envida Wijkzorg, responsables des soins nocturnes aigus pour les personnes \u00e2g\u00e9es, sont stationn\u00e9s dans notre poste d&#039;urgence pour m\u00e9decins g\u00e9n\u00e9ralistes. En r\u00e9unissant les services des deux prestataires de soins sous un m\u00eame toit pendant la nuit, une coordination mutuelle rapide est possible et les personnes \u00e2g\u00e9es les plus vuln\u00e9rables recevront les soins appropri\u00e9s au bon endroit. Le centre d&#039;appels du General Practice Emergency Post re\u00e7oit les demandes d&#039;aide des deux prestataires de soins de sant\u00e9. Si n\u00e9cessaire, les employ\u00e9s d&#039;Envida et du General Practice Emergency Post se consulteront sur l&#039;approche et le traitement de la demande d&#039;aide. Cette m\u00e9thode garantit une approche de soins plus efficace, \u00e9vite toute inclusion inutile dans le [...]\" \/>\n<meta property=\"og:url\" content=\"https:\/\/hapmaastricht.nl\/fr\/cooperation-envida\/\" \/>\n<meta property=\"og:site_name\" content=\"Poste d&#039;urgence g\u00e9n\u00e9raliste Maastricht\" \/>\n<meta property=\"article:modified_time\" content=\"2025-07-10T07:54:08+00:00\" \/>\n<meta name=\"twitter:card\" content=\"summary_large_image\" \/>\n<meta name=\"twitter:label1\" content=\"Dur\u00e9e de lecture estim\u00e9e\" \/>\n\t<meta name=\"twitter:data1\" content=\"1 minute\" \/>\n<script type=\"application\/ld+json\" class=\"yoast-schema-graph\">{\"@context\":\"https:\/\/schema.org\",\"@graph\":[{\"@type\":\"WebPage\",\"@id\":\"https:\/\/hapmaastricht.nl\/fr\/cooperation-envida\/\",\"url\":\"https:\/\/hapmaastricht.nl\/fr\/cooperation-envida\/\",\"name\":\"Collaboration avec Envida - Poste d&#039;urgence g\u00e9n\u00e9raliste Maastricht\",\"isPartOf\":{\"@id\":\"https:\/\/hapmaastricht.nl\/fr\/#website\"},\"datePublished\":\"2023-05-23T12:46:33+00:00\",\"dateModified\":\"2025-07-10T07:54:08+00:00\",\"breadcrumb\":{\"@id\":\"https:\/\/hapmaastricht.nl\/fr\/cooperation-envida\/#breadcrumb\"},\"inLanguage\":\"fr-FR\",\"potentialAction\":[{\"@type\":\"ReadAction\",\"target\":[\"https:\/\/hapmaastricht.nl\/fr\/cooperation-envida\/\"]}]},{\"@type\":\"BreadcrumbList\",\"@id\":\"https:\/\/hapmaastricht.nl\/fr\/cooperation-envida\/#breadcrumb\",\"itemListElement\":[{\"@type\":\"ListItem\",\"position\":1,\"name\":\"Home\",\"item\":\"https:\/\/hapmaastricht.nl\/fr\/\"},{\"@type\":\"ListItem\",\"position\":2,\"name\":\"Envoyer une collaboration\"}]},{\"@type\":\"WebSite\",\"@id\":\"https:\/\/hapmaastricht.nl\/fr\/#website\",\"url\":\"https:\/\/hapmaastricht.nl\/fr\/\",\"name\":\"Poste d&#039;urgence g\u00e9n\u00e9raliste Maastricht\",\"description\":\"\",\"potentialAction\":[{\"@type\":\"SearchAction\",\"target\":{\"@type\":\"EntryPoint\",\"urlTemplate\":\"https:\/\/hapmaastricht.nl\/fr\/?s={search_term_string}\"},\"query-input\":{\"@type\":\"PropertyValueSpecification\",\"valueRequired\":true,\"valueName\":\"search_term_string\"}}],\"inLanguage\":\"fr-FR\"}]}<\/script>\n<!-- \/ Yoast SEO plugin. -->","yoast_head_json":{"title":"Collaboration avec Envida - Poste d&#039;urgence g\u00e9n\u00e9raliste Maastricht","robots":{"index":"index","follow":"follow","max-snippet":"max-snippet:-1","max-image-preview":"max-image-preview:large","max-video-preview":"max-video-preview:-1"},"canonical":"https:\/\/hapmaastricht.nl\/fr\/cooperation-envida\/","og_locale":"fr_FR","og_type":"article","og_title":"Collaboration avec Envida - Poste d&#039;urgence g\u00e9n\u00e9raliste Maastricht","og_description":"Depuis le d\u00e9but du mois de juin 2019, les employ\u00e9s d'Envida Wijkzorg, responsables des soins nocturnes aigus pour les personnes \u00e2g\u00e9es, sont stationn\u00e9s dans notre poste d'urgence pour m\u00e9decins g\u00e9n\u00e9ralistes. En r\u00e9unissant les services des deux prestataires de soins sous un m\u00eame toit pendant la nuit, une coordination mutuelle rapide est possible et les personnes \u00e2g\u00e9es les plus vuln\u00e9rables recevront les soins appropri\u00e9s au bon endroit. Le centre d'appels du General Practice Emergency Post re\u00e7oit les demandes d'aide des deux prestataires de soins de sant\u00e9. Si n\u00e9cessaire, les employ\u00e9s d'Envida et du General Practice Emergency Post se consulteront sur l'approche et le traitement de la demande d'aide. Cette m\u00e9thode garantit une approche de soins plus efficace, \u00e9vite toute inclusion inutile dans le [...]","og_url":"https:\/\/hapmaastricht.nl\/fr\/cooperation-envida\/","og_site_name":"Poste d&#039;urgence g\u00e9n\u00e9raliste Maastricht","article_modified_time":"2025-07-10T07:54:08+00:00","twitter_card":"summary_large_image","twitter_misc":{"Dur\u00e9e de lecture estim\u00e9e":"1 minute"},"schema":{"@context":"https:\/\/schema.org","@graph":[{"@type":"WebPage","@id":"https:\/\/hapmaastricht.nl\/fr\/cooperation-envida\/","url":"https:\/\/hapmaastricht.nl\/fr\/cooperation-envida\/","name":"Collaboration avec Envida - Poste d&#039;urgence g\u00e9n\u00e9raliste Maastricht","isPartOf":{"@id":"https:\/\/hapmaastricht.nl\/fr\/#website"},"datePublished":"2023-05-23T12:46:33+00:00","dateModified":"2025-07-10T07:54:08+00:00","breadcrumb":{"@id":"https:\/\/hapmaastricht.nl\/fr\/cooperation-envida\/#breadcrumb"},"inLanguage":"fr-FR","potentialAction":[{"@type":"ReadAction","target":["https:\/\/hapmaastricht.nl\/fr\/cooperation-envida\/"]}]},{"@type":"BreadcrumbList","@id":"https:\/\/hapmaastricht.nl\/fr\/cooperation-envida\/#breadcrumb","itemListElement":[{"@type":"ListItem","position":1,"name":"Home","item":"https:\/\/hapmaastricht.nl\/fr\/"},{"@type":"ListItem","position":2,"name":"Envoyer une collaboration"}]},{"@type":"WebSite","@id":"https:\/\/hapmaastricht.nl\/fr\/#website","url":"https:\/\/hapmaastricht.nl\/fr\/","name":"Poste d&#039;urgence g\u00e9n\u00e9raliste Maastricht","description":"","potentialAction":[{"@type":"SearchAction","target":{"@type":"EntryPoint","urlTemplate":"https:\/\/hapmaastricht.nl\/fr\/?s={search_term_string}"},"query-input":{"@type":"PropertyValueSpecification","valueRequired":true,"valueName":"search_term_string"}}],"inLanguage":"fr-FR"}]}},"_links":{"self":[{"href":"https:\/\/hapmaastricht.nl\/fr\/wp-json\/wp\/v2\/pages\/2494","targetHints":{"allow":["GET"]}}],"collection":[{"href":"https:\/\/hapmaastricht.nl\/fr\/wp-json\/wp\/v2\/pages"}],"about":[{"href":"https:\/\/hapmaastricht.nl\/fr\/wp-json\/wp\/v2\/types\/page"}],"author":[{"embeddable":true,"href":"https:\/\/hapmaastricht.nl\/fr\/wp-json\/wp\/v2\/users\/3"}],"replies":[{"embeddable":true,"href":"https:\/\/hapmaastricht.nl\/fr\/wp-json\/wp\/v2\/comments?post=2494"}],"version-history":[{"count":1,"href":"https:\/\/hapmaastricht.nl\/fr\/wp-json\/wp\/v2\/pages\/2494\/revisions"}],"predecessor-version":[{"id":9197,"href":"https:\/\/hapmaastricht.nl\/fr\/wp-json\/wp\/v2\/pages\/2494\/revisions\/9197"}],"wp:attachment":[{"href":"https:\/\/hapmaastricht.nl\/fr\/wp-json\/wp\/v2\/media?parent=2494"}],"curies":[{"name":"wp","href":"https:\/\/api.w.org\/{rel}","templated":true}]}}