{"id":2566,"date":"2023-05-31T16:50:19","date_gmt":"2023-05-31T14:50:19","guid":{"rendered":"https:\/\/multisite.mindd.dev\/hap-maastricht\/?page_id=2566"},"modified":"2025-07-10T09:54:05","modified_gmt":"2025-07-10T07:54:05","slug":"vision-ambition","status":"publish","type":"page","link":"https:\/\/hapmaastricht.nl\/fr\/vision-ambition\/","title":{"rendered":"Vision et ambition"},"content":{"rendered":"\n\n\n<h2 class=\"wp-block-heading\">Vision<\/h2>\n\n\n\n<p>La Fondation HMH veut fournir de bons soins aux patients de la r\u00e9gion et facilite donc les m\u00e9decins g\u00e9n\u00e9ralistes de mani\u00e8re \u00e0 ce que des soins d\u2019urgence de haute qualit\u00e9, efficaces et s\u00fbrs soient fournis par le GP Emergency Post. Une bonne gestion et une bonne supervision sont des conditions importantes pour de bons soins. Par cons\u00e9quent, le conseil de surveillance et la direction travaillent selon les principes du code de gouvernance des soins de sant\u00e9 \u00e9tabli au niveau national. La SHMH met en \u0153uvre sa politique \u00e0 partir de la motivation intrins\u00e8que du professionnel. En collaboration avec les partenaires de la cha\u00eene, elle veille \u00e0 ce que les soins aux patients aient lieu en toute s\u00e9curit\u00e9, au bon endroit et au bon moment et par le bon prestataire de soins de sant\u00e9.<\/p>\n\n\n\n<h2 class=\"wp-block-heading\">Ambition<\/h2>\n\n\n\n<p>Il y a des goulets d\u2019\u00e9tranglement dans le secteur de la sant\u00e9 sur plusieurs fronts et c\u2019est inqui\u00e9tant. Dans le domaine des soins aigus, la sonnette d\u2019alarme retentit depuis un certain temps et les goulets d\u2019\u00e9tranglement deviennent visibles. La soci\u00e9t\u00e9 prend de plus en plus soin (attentivement) et les parties prenantes, tant \u00e0 l\u2019int\u00e9rieur qu\u2019\u00e0 l\u2019ext\u00e9rieur de l\u2019organisation, s\u2019agitent chacune \u00e0 leur mani\u00e8re. Cela conduit \u00e0 la vuln\u00e9rabilit\u00e9 de l\u2019organisation de sant\u00e9 avec toutes ses cons\u00e9quences. C\u2019est tout un d\u00e9fi de r\u00e9pondre ad\u00e9quatement \u00e0 cette situation.<\/p>\n\n\n\n<p>La collaboration au sein des r\u00e9seaux de soins actifs est n\u00e9cessaire pour continuer \u00e0 offrir et \u00e0 maintenir des soins de qualit\u00e9, efficients et efficaces dans la r\u00e9gion. Prendre soin ensemble est n\u00e9cessaire pour faire face au rythme effr\u00e9n\u00e9 de la vie quotidienne. Pensez \u00e0 la forte pression de travail, \u00e0 l\u2019augmentation des probl\u00e8mes complexes chez les personnes vuln\u00e9rables, \u00e0 l\u2019\u00e9volution de la r\u00e9glementation et \u00e0 la limitation des ressources et de la main-d\u2019\u0153uvre. En particulier, le recrutement et la r\u00e9tention de personnel de sant\u00e9 motiv\u00e9 dans la r\u00e9gion n\u00e9cessitent un travail d\u2019\u00e9quipe ; La concurrence y est pr\u00e9judiciable.<\/p>\n\n\n\n<p>Notre ambition est de continuer \u00e0 fournir des soins de qualit\u00e9 et de r\u00e9pondre de mani\u00e8re ad\u00e9quate aux d\u00e9veloppements qui affectent les soins aigus des m\u00e9decins g\u00e9n\u00e9ralistes.<\/p>\n\n\n\n<p>Notre ambition est de maintenir et de renforcer la confiance des utilisateurs, des patients, dans le poste d\u2019urgence g\u00e9n\u00e9raliste de Maastricht et du Heuvelland.<\/p>\n\n\n\n<p>Notre ambition est de maintenir et de renforcer l\u2019enthousiasme et la passion des professionnels (de la sant\u00e9) impliqu\u00e9s.<\/p>\n\n\n\n<p>Notre ambition est de faire de la station d\u2019urgence GP un \u00e9l\u00e9ment reconnaissable des soins r\u00e9gionaux des m\u00e9decins g\u00e9n\u00e9ralistes et du r\u00e9seau r\u00e9gional de prestataires de soins de sant\u00e9.<\/p>\n\n\n\n<p>C\u2019est avec le slogan \u00ab <em>Prendre soin d\u2019ensemble est notre ADN \u00bb<\/em> pour indiquer notre direction. La question \u00ab Pourquoi ? \u00bb devra \u00eatre pos\u00e9e de plus en plus souvent. Pourquoi proc\u00e9dons-nous de cette fa\u00e7on, pourquoi pas diff\u00e9remment, pourquoi pas ensemble ? Nous devrions \u00e9galement nous poser plus souvent la question \u00ab\u00a0En quoi croyons-nous &#8211; ensemble. Ce n\u2019est qu\u2019alors que nous pourrons ensemble veiller \u00e0 ce que les soins les plus optimaux soient dispens\u00e9s aux patients de notre r\u00e9gion, au bon endroit, au bon moment et par le bon prestataire de soins de sant\u00e9.<\/p>\n","protected":false},"excerpt":{"rendered":"<p>Vision La Fondation HMH souhaite fournir des soins de qualit\u00e9 aux patients de la r\u00e9gion et soutient ainsi les m\u00e9decins g\u00e9n\u00e9ralistes de mani\u00e8re \u00e0 ce que des soins g\u00e9n\u00e9raux d&rsquo;urgence de haute qualit\u00e9, efficaces et s\u00fbrs soient fournis par le General Practitioner Emergency Post. Une bonne administration et une bonne supervision sont des conditions pr\u00e9alables importantes \u00e0 la qualit\u00e9 des soins. C&rsquo;est pourquoi le Conseil de surveillance et le Conseil d&rsquo;administration travaillent conform\u00e9ment aux principes du Code de gouvernance des soins de sant\u00e9 \u00e9tabli au niveau national. La SHMH met en \u0153uvre sa politique en fonction de la motivation intrins\u00e8que du professionnel. En collaboration avec les partenaires de la cha\u00eene, elle veille \u00e0 ce que les soins aux patients soient dispens\u00e9s en toute s\u00e9curit\u00e9, au bon endroit, au bon moment et par le bon fournisseur de soins de sant\u00e9. Ambition Sur diff\u00e9rents fronts [&#8230;]<\/p>\n","protected":false},"author":3,"featured_media":0,"parent":0,"menu_order":186,"comment_status":"closed","ping_status":"closed","template":"","meta":{"_acf_changed":false,"_trash_the_other_posts":false,"editor_notices":[],"footnotes":""},"class_list":["post-2566","page","type-page","status-publish","hentry"],"acf":[],"yoast_head":"<!-- This site is optimized with the Yoast SEO plugin v26.6 - https:\/\/yoast.com\/wordpress\/plugins\/seo\/ -->\n<title>Vision et ambition - Poste d&#039;urgence g\u00e9n\u00e9raliste Maastricht<\/title>\n<meta name=\"robots\" content=\"index, follow, max-snippet:-1, max-image-preview:large, max-video-preview:-1\" \/>\n<link rel=\"canonical\" href=\"https:\/\/hapmaastricht.nl\/fr\/vision-ambition\/\" \/>\n<meta property=\"og:locale\" content=\"fr_FR\" \/>\n<meta property=\"og:type\" content=\"article\" \/>\n<meta property=\"og:title\" content=\"Vision et ambition - Poste d&#039;urgence g\u00e9n\u00e9raliste Maastricht\" \/>\n<meta property=\"og:description\" content=\"Vision La Fondation HMH souhaite fournir des soins de qualit\u00e9 aux patients de la r\u00e9gion et soutient ainsi les m\u00e9decins g\u00e9n\u00e9ralistes de mani\u00e8re \u00e0 ce que des soins g\u00e9n\u00e9raux d&#039;urgence de haute qualit\u00e9, efficaces et s\u00fbrs soient fournis par le General Practitioner Emergency Post. Une bonne administration et une bonne supervision sont des conditions pr\u00e9alables importantes \u00e0 la qualit\u00e9 des soins. C&#039;est pourquoi le Conseil de surveillance et le Conseil d&#039;administration travaillent conform\u00e9ment aux principes du Code de gouvernance des soins de sant\u00e9 \u00e9tabli au niveau national. La SHMH met en \u0153uvre sa politique en fonction de la motivation intrins\u00e8que du professionnel. En collaboration avec les partenaires de la cha\u00eene, elle veille \u00e0 ce que les soins aux patients soient dispens\u00e9s en toute s\u00e9curit\u00e9, au bon endroit, au bon moment et par le bon fournisseur de soins de sant\u00e9. Ambition Sur diff\u00e9rents fronts [...]\" \/>\n<meta property=\"og:url\" content=\"https:\/\/hapmaastricht.nl\/fr\/vision-ambition\/\" \/>\n<meta property=\"og:site_name\" content=\"Poste d&#039;urgence g\u00e9n\u00e9raliste Maastricht\" \/>\n<meta property=\"article:modified_time\" content=\"2025-07-10T07:54:05+00:00\" \/>\n<meta name=\"twitter:card\" content=\"summary_large_image\" \/>\n<meta name=\"twitter:label1\" content=\"Dur\u00e9e de lecture estim\u00e9e\" \/>\n\t<meta name=\"twitter:data1\" content=\"3 minutes\" \/>\n<script type=\"application\/ld+json\" class=\"yoast-schema-graph\">{\"@context\":\"https:\/\/schema.org\",\"@graph\":[{\"@type\":\"WebPage\",\"@id\":\"https:\/\/hapmaastricht.nl\/fr\/vision-ambition\/\",\"url\":\"https:\/\/hapmaastricht.nl\/fr\/vision-ambition\/\",\"name\":\"Vision et ambition - Poste d&#039;urgence g\u00e9n\u00e9raliste Maastricht\",\"isPartOf\":{\"@id\":\"https:\/\/hapmaastricht.nl\/fr\/#website\"},\"datePublished\":\"2023-05-31T14:50:19+00:00\",\"dateModified\":\"2025-07-10T07:54:05+00:00\",\"breadcrumb\":{\"@id\":\"https:\/\/hapmaastricht.nl\/fr\/vision-ambition\/#breadcrumb\"},\"inLanguage\":\"fr-FR\",\"potentialAction\":[{\"@type\":\"ReadAction\",\"target\":[\"https:\/\/hapmaastricht.nl\/fr\/vision-ambition\/\"]}]},{\"@type\":\"BreadcrumbList\",\"@id\":\"https:\/\/hapmaastricht.nl\/fr\/vision-ambition\/#breadcrumb\",\"itemListElement\":[{\"@type\":\"ListItem\",\"position\":1,\"name\":\"Home\",\"item\":\"https:\/\/hapmaastricht.nl\/fr\/\"},{\"@type\":\"ListItem\",\"position\":2,\"name\":\"Vision et ambition\"}]},{\"@type\":\"WebSite\",\"@id\":\"https:\/\/hapmaastricht.nl\/fr\/#website\",\"url\":\"https:\/\/hapmaastricht.nl\/fr\/\",\"name\":\"Poste d&#039;urgence g\u00e9n\u00e9raliste Maastricht\",\"description\":\"\",\"potentialAction\":[{\"@type\":\"SearchAction\",\"target\":{\"@type\":\"EntryPoint\",\"urlTemplate\":\"https:\/\/hapmaastricht.nl\/fr\/?s={search_term_string}\"},\"query-input\":{\"@type\":\"PropertyValueSpecification\",\"valueRequired\":true,\"valueName\":\"search_term_string\"}}],\"inLanguage\":\"fr-FR\"}]}<\/script>\n<!-- \/ Yoast SEO plugin. -->","yoast_head_json":{"title":"Vision et ambition - Poste d&#039;urgence g\u00e9n\u00e9raliste Maastricht","robots":{"index":"index","follow":"follow","max-snippet":"max-snippet:-1","max-image-preview":"max-image-preview:large","max-video-preview":"max-video-preview:-1"},"canonical":"https:\/\/hapmaastricht.nl\/fr\/vision-ambition\/","og_locale":"fr_FR","og_type":"article","og_title":"Vision et ambition - Poste d&#039;urgence g\u00e9n\u00e9raliste Maastricht","og_description":"Vision La Fondation HMH souhaite fournir des soins de qualit\u00e9 aux patients de la r\u00e9gion et soutient ainsi les m\u00e9decins g\u00e9n\u00e9ralistes de mani\u00e8re \u00e0 ce que des soins g\u00e9n\u00e9raux d'urgence de haute qualit\u00e9, efficaces et s\u00fbrs soient fournis par le General Practitioner Emergency Post. Une bonne administration et une bonne supervision sont des conditions pr\u00e9alables importantes \u00e0 la qualit\u00e9 des soins. C'est pourquoi le Conseil de surveillance et le Conseil d'administration travaillent conform\u00e9ment aux principes du Code de gouvernance des soins de sant\u00e9 \u00e9tabli au niveau national. La SHMH met en \u0153uvre sa politique en fonction de la motivation intrins\u00e8que du professionnel. En collaboration avec les partenaires de la cha\u00eene, elle veille \u00e0 ce que les soins aux patients soient dispens\u00e9s en toute s\u00e9curit\u00e9, au bon endroit, au bon moment et par le bon fournisseur de soins de sant\u00e9. Ambition Sur diff\u00e9rents fronts [...]","og_url":"https:\/\/hapmaastricht.nl\/fr\/vision-ambition\/","og_site_name":"Poste d&#039;urgence g\u00e9n\u00e9raliste Maastricht","article_modified_time":"2025-07-10T07:54:05+00:00","twitter_card":"summary_large_image","twitter_misc":{"Dur\u00e9e de lecture estim\u00e9e":"3 minutes"},"schema":{"@context":"https:\/\/schema.org","@graph":[{"@type":"WebPage","@id":"https:\/\/hapmaastricht.nl\/fr\/vision-ambition\/","url":"https:\/\/hapmaastricht.nl\/fr\/vision-ambition\/","name":"Vision et ambition - Poste d&#039;urgence g\u00e9n\u00e9raliste Maastricht","isPartOf":{"@id":"https:\/\/hapmaastricht.nl\/fr\/#website"},"datePublished":"2023-05-31T14:50:19+00:00","dateModified":"2025-07-10T07:54:05+00:00","breadcrumb":{"@id":"https:\/\/hapmaastricht.nl\/fr\/vision-ambition\/#breadcrumb"},"inLanguage":"fr-FR","potentialAction":[{"@type":"ReadAction","target":["https:\/\/hapmaastricht.nl\/fr\/vision-ambition\/"]}]},{"@type":"BreadcrumbList","@id":"https:\/\/hapmaastricht.nl\/fr\/vision-ambition\/#breadcrumb","itemListElement":[{"@type":"ListItem","position":1,"name":"Home","item":"https:\/\/hapmaastricht.nl\/fr\/"},{"@type":"ListItem","position":2,"name":"Vision et ambition"}]},{"@type":"WebSite","@id":"https:\/\/hapmaastricht.nl\/fr\/#website","url":"https:\/\/hapmaastricht.nl\/fr\/","name":"Poste d&#039;urgence g\u00e9n\u00e9raliste Maastricht","description":"","potentialAction":[{"@type":"SearchAction","target":{"@type":"EntryPoint","urlTemplate":"https:\/\/hapmaastricht.nl\/fr\/?s={search_term_string}"},"query-input":{"@type":"PropertyValueSpecification","valueRequired":true,"valueName":"search_term_string"}}],"inLanguage":"fr-FR"}]}},"_links":{"self":[{"href":"https:\/\/hapmaastricht.nl\/fr\/wp-json\/wp\/v2\/pages\/2566","targetHints":{"allow":["GET"]}}],"collection":[{"href":"https:\/\/hapmaastricht.nl\/fr\/wp-json\/wp\/v2\/pages"}],"about":[{"href":"https:\/\/hapmaastricht.nl\/fr\/wp-json\/wp\/v2\/types\/page"}],"author":[{"embeddable":true,"href":"https:\/\/hapmaastricht.nl\/fr\/wp-json\/wp\/v2\/users\/3"}],"replies":[{"embeddable":true,"href":"https:\/\/hapmaastricht.nl\/fr\/wp-json\/wp\/v2\/comments?post=2566"}],"version-history":[{"count":1,"href":"https:\/\/hapmaastricht.nl\/fr\/wp-json\/wp\/v2\/pages\/2566\/revisions"}],"predecessor-version":[{"id":9196,"href":"https:\/\/hapmaastricht.nl\/fr\/wp-json\/wp\/v2\/pages\/2566\/revisions\/9196"}],"wp:attachment":[{"href":"https:\/\/hapmaastricht.nl\/fr\/wp-json\/wp\/v2\/media?parent=2566"}],"curies":[{"name":"wp","href":"https:\/\/api.w.org\/{rel}","templated":true}]}}