{"id":2572,"date":"2023-05-31T16:56:36","date_gmt":"2023-05-31T14:56:36","guid":{"rendered":"https:\/\/multisite.mindd.dev\/hap-maastricht\/?page_id=2572"},"modified":"2025-07-10T09:54:01","modified_gmt":"2025-07-10T07:54:01","slug":"conseil-de-surveillance","status":"publish","type":"page","link":"https:\/\/hapmaastricht.nl\/fr\/conseil-de-surveillance\/","title":{"rendered":"Conseil de surveillance"},"content":{"rendered":"\n\n\n<p>Le conseil de surveillance de la station d\u2019urgence des m\u00e9decins g\u00e9n\u00e9ralistes de Maastricht et Heuvelland est compos\u00e9 de trois membres et est charg\u00e9 de superviser et de conseiller dans l\u2019ex\u00e9cution des t\u00e2ches de l\u2019organisation. Les membres sont nomm\u00e9s pour une p\u00e9riode de quatre ans. A l\u2019heure actuelle, les membres du Conseil de Surveillance sont :<\/p>\n\n\n\n<h2 class=\"wp-block-heading h4\"><\/h2>\n\n\n\n<p>Maarten Klomp <\/p>\n\n\n\n<p>Yvonne Custers-Slots <\/p>\n\n\n\n<p>Guido Kerckhoffs<\/p>\n\n\n\n<p><\/p>\n\n\n\n<p><\/p>\n\n\n\n<p><\/p>\n\n\n\n<h2 class=\"wp-block-heading h4\"><\/h2>\n\n\n\n<p><\/p>\n\n\n\n<h2 class=\"wp-block-heading h4\"><\/h2>\n\n\n\n<p><\/p>\n","protected":false},"excerpt":{"rendered":"<p>Le conseil de surveillance de ZIO et de la Fondation Huisartsenpost en Heuvelland est compos\u00e9 de trois membres et est charg\u00e9 de superviser et de conseiller les performances des deux organisations. Les membres sont nomm\u00e9s pour une dur\u00e9e de quatre ans. Arno Timmermans, pr\u00e9sident (au 1er janvier 2022) a exerc\u00e9 la profession de m\u00e9decin g\u00e9n\u00e9raliste \u00e0 Almere jusqu&rsquo;en 2012. Directeur de NHG de 2000 \u00e0 2004 et pr\u00e9sident du conseil d&rsquo;administration de NHG de 2004 \u00e0 2012. Pr\u00e9sident du conseil d&rsquo;administration du Westfriesgasthuis depuis 2012. Le Westfriesgasthuis a fusionn\u00e9 avec l&rsquo;h\u00f4pital Waterland, actuellement connu sous le nom d&rsquo;h\u00f4pital Dijklander, en 2017. Actuellement pr\u00e9sident du conseil de surveillance de la SBOH et [&#8230;]<\/p>\n","protected":false},"author":3,"featured_media":0,"parent":0,"menu_order":125,"comment_status":"closed","ping_status":"closed","template":"","meta":{"_acf_changed":false,"_trash_the_other_posts":false,"editor_notices":[],"footnotes":""},"class_list":["post-2572","page","type-page","status-publish","hentry"],"acf":[],"yoast_head":"<!-- This site is optimized with the Yoast SEO plugin v26.6 - https:\/\/yoast.com\/wordpress\/plugins\/seo\/ -->\n<title>Conseil de surveillance - Poste d&#039;urgence g\u00e9n\u00e9raliste Maastricht<\/title>\n<meta name=\"robots\" content=\"index, follow, max-snippet:-1, max-image-preview:large, max-video-preview:-1\" \/>\n<link rel=\"canonical\" href=\"https:\/\/hapmaastricht.nl\/fr\/conseil-de-surveillance\/\" \/>\n<meta property=\"og:locale\" content=\"fr_FR\" \/>\n<meta property=\"og:type\" content=\"article\" \/>\n<meta property=\"og:title\" content=\"Conseil de surveillance - Poste d&#039;urgence g\u00e9n\u00e9raliste Maastricht\" \/>\n<meta property=\"og:description\" content=\"Le conseil de surveillance de ZIO et de la Fondation Huisartsenpost en Heuvelland est compos\u00e9 de trois membres et est charg\u00e9 de superviser et de conseiller les performances des deux organisations. Les membres sont nomm\u00e9s pour une dur\u00e9e de quatre ans. Arno Timmermans, pr\u00e9sident (au 1er janvier 2022) a exerc\u00e9 la profession de m\u00e9decin g\u00e9n\u00e9raliste \u00e0 Almere jusqu&#039;en 2012. Directeur de NHG de 2000 \u00e0 2004 et pr\u00e9sident du conseil d&#039;administration de NHG de 2004 \u00e0 2012. Pr\u00e9sident du conseil d&#039;administration du Westfriesgasthuis depuis 2012. Le Westfriesgasthuis a fusionn\u00e9 avec l&#039;h\u00f4pital Waterland, actuellement connu sous le nom d&#039;h\u00f4pital Dijklander, en 2017. Actuellement pr\u00e9sident du conseil de surveillance de la SBOH et [...]\" \/>\n<meta property=\"og:url\" content=\"https:\/\/hapmaastricht.nl\/fr\/conseil-de-surveillance\/\" \/>\n<meta property=\"og:site_name\" content=\"Poste d&#039;urgence g\u00e9n\u00e9raliste Maastricht\" \/>\n<meta property=\"article:modified_time\" content=\"2025-07-10T07:54:01+00:00\" \/>\n<meta name=\"twitter:card\" content=\"summary_large_image\" \/>\n<meta name=\"twitter:label1\" content=\"Dur\u00e9e de lecture estim\u00e9e\" \/>\n\t<meta name=\"twitter:data1\" content=\"1 minute\" \/>\n<script type=\"application\/ld+json\" class=\"yoast-schema-graph\">{\"@context\":\"https:\/\/schema.org\",\"@graph\":[{\"@type\":\"WebPage\",\"@id\":\"https:\/\/hapmaastricht.nl\/fr\/conseil-de-surveillance\/\",\"url\":\"https:\/\/hapmaastricht.nl\/fr\/conseil-de-surveillance\/\",\"name\":\"Conseil de surveillance - Poste d&#039;urgence g\u00e9n\u00e9raliste Maastricht\",\"isPartOf\":{\"@id\":\"https:\/\/hapmaastricht.nl\/fr\/#website\"},\"datePublished\":\"2023-05-31T14:56:36+00:00\",\"dateModified\":\"2025-07-10T07:54:01+00:00\",\"breadcrumb\":{\"@id\":\"https:\/\/hapmaastricht.nl\/fr\/conseil-de-surveillance\/#breadcrumb\"},\"inLanguage\":\"fr-FR\",\"potentialAction\":[{\"@type\":\"ReadAction\",\"target\":[\"https:\/\/hapmaastricht.nl\/fr\/conseil-de-surveillance\/\"]}]},{\"@type\":\"BreadcrumbList\",\"@id\":\"https:\/\/hapmaastricht.nl\/fr\/conseil-de-surveillance\/#breadcrumb\",\"itemListElement\":[{\"@type\":\"ListItem\",\"position\":1,\"name\":\"Home\",\"item\":\"https:\/\/hapmaastricht.nl\/fr\/\"},{\"@type\":\"ListItem\",\"position\":2,\"name\":\"Conseil de surveillance\"}]},{\"@type\":\"WebSite\",\"@id\":\"https:\/\/hapmaastricht.nl\/fr\/#website\",\"url\":\"https:\/\/hapmaastricht.nl\/fr\/\",\"name\":\"Poste d&#039;urgence g\u00e9n\u00e9raliste Maastricht\",\"description\":\"\",\"potentialAction\":[{\"@type\":\"SearchAction\",\"target\":{\"@type\":\"EntryPoint\",\"urlTemplate\":\"https:\/\/hapmaastricht.nl\/fr\/?s={search_term_string}\"},\"query-input\":{\"@type\":\"PropertyValueSpecification\",\"valueRequired\":true,\"valueName\":\"search_term_string\"}}],\"inLanguage\":\"fr-FR\"}]}<\/script>\n<!-- \/ Yoast SEO plugin. -->","yoast_head_json":{"title":"Conseil de surveillance - Poste d&#039;urgence g\u00e9n\u00e9raliste Maastricht","robots":{"index":"index","follow":"follow","max-snippet":"max-snippet:-1","max-image-preview":"max-image-preview:large","max-video-preview":"max-video-preview:-1"},"canonical":"https:\/\/hapmaastricht.nl\/fr\/conseil-de-surveillance\/","og_locale":"fr_FR","og_type":"article","og_title":"Conseil de surveillance - Poste d&#039;urgence g\u00e9n\u00e9raliste Maastricht","og_description":"Le conseil de surveillance de ZIO et de la Fondation Huisartsenpost en Heuvelland est compos\u00e9 de trois membres et est charg\u00e9 de superviser et de conseiller les performances des deux organisations. Les membres sont nomm\u00e9s pour une dur\u00e9e de quatre ans. Arno Timmermans, pr\u00e9sident (au 1er janvier 2022) a exerc\u00e9 la profession de m\u00e9decin g\u00e9n\u00e9raliste \u00e0 Almere jusqu'en 2012. Directeur de NHG de 2000 \u00e0 2004 et pr\u00e9sident du conseil d'administration de NHG de 2004 \u00e0 2012. Pr\u00e9sident du conseil d'administration du Westfriesgasthuis depuis 2012. Le Westfriesgasthuis a fusionn\u00e9 avec l'h\u00f4pital Waterland, actuellement connu sous le nom d'h\u00f4pital Dijklander, en 2017. Actuellement pr\u00e9sident du conseil de surveillance de la SBOH et [...]","og_url":"https:\/\/hapmaastricht.nl\/fr\/conseil-de-surveillance\/","og_site_name":"Poste d&#039;urgence g\u00e9n\u00e9raliste Maastricht","article_modified_time":"2025-07-10T07:54:01+00:00","twitter_card":"summary_large_image","twitter_misc":{"Dur\u00e9e de lecture estim\u00e9e":"1 minute"},"schema":{"@context":"https:\/\/schema.org","@graph":[{"@type":"WebPage","@id":"https:\/\/hapmaastricht.nl\/fr\/conseil-de-surveillance\/","url":"https:\/\/hapmaastricht.nl\/fr\/conseil-de-surveillance\/","name":"Conseil de surveillance - Poste d&#039;urgence g\u00e9n\u00e9raliste Maastricht","isPartOf":{"@id":"https:\/\/hapmaastricht.nl\/fr\/#website"},"datePublished":"2023-05-31T14:56:36+00:00","dateModified":"2025-07-10T07:54:01+00:00","breadcrumb":{"@id":"https:\/\/hapmaastricht.nl\/fr\/conseil-de-surveillance\/#breadcrumb"},"inLanguage":"fr-FR","potentialAction":[{"@type":"ReadAction","target":["https:\/\/hapmaastricht.nl\/fr\/conseil-de-surveillance\/"]}]},{"@type":"BreadcrumbList","@id":"https:\/\/hapmaastricht.nl\/fr\/conseil-de-surveillance\/#breadcrumb","itemListElement":[{"@type":"ListItem","position":1,"name":"Home","item":"https:\/\/hapmaastricht.nl\/fr\/"},{"@type":"ListItem","position":2,"name":"Conseil de surveillance"}]},{"@type":"WebSite","@id":"https:\/\/hapmaastricht.nl\/fr\/#website","url":"https:\/\/hapmaastricht.nl\/fr\/","name":"Poste d&#039;urgence g\u00e9n\u00e9raliste Maastricht","description":"","potentialAction":[{"@type":"SearchAction","target":{"@type":"EntryPoint","urlTemplate":"https:\/\/hapmaastricht.nl\/fr\/?s={search_term_string}"},"query-input":{"@type":"PropertyValueSpecification","valueRequired":true,"valueName":"search_term_string"}}],"inLanguage":"fr-FR"}]}},"_links":{"self":[{"href":"https:\/\/hapmaastricht.nl\/fr\/wp-json\/wp\/v2\/pages\/2572","targetHints":{"allow":["GET"]}}],"collection":[{"href":"https:\/\/hapmaastricht.nl\/fr\/wp-json\/wp\/v2\/pages"}],"about":[{"href":"https:\/\/hapmaastricht.nl\/fr\/wp-json\/wp\/v2\/types\/page"}],"author":[{"embeddable":true,"href":"https:\/\/hapmaastricht.nl\/fr\/wp-json\/wp\/v2\/users\/3"}],"replies":[{"embeddable":true,"href":"https:\/\/hapmaastricht.nl\/fr\/wp-json\/wp\/v2\/comments?post=2572"}],"version-history":[{"count":4,"href":"https:\/\/hapmaastricht.nl\/fr\/wp-json\/wp\/v2\/pages\/2572\/revisions"}],"predecessor-version":[{"id":9195,"href":"https:\/\/hapmaastricht.nl\/fr\/wp-json\/wp\/v2\/pages\/2572\/revisions\/9195"}],"wp:attachment":[{"href":"https:\/\/hapmaastricht.nl\/fr\/wp-json\/wp\/v2\/media?parent=2572"}],"curies":[{"name":"wp","href":"https:\/\/api.w.org\/{rel}","templated":true}]}}