{"id":2579,"date":"2023-05-31T17:08:15","date_gmt":"2023-05-31T15:08:15","guid":{"rendered":"https:\/\/multisite.mindd.dev\/hap-maastricht\/?page_id=2579"},"modified":"2025-07-10T09:53:57","modified_gmt":"2025-07-10T07:53:57","slug":"organigramme","status":"publish","type":"page","link":"https:\/\/hapmaastricht.nl\/fr\/organigramme\/","title":{"rendered":"Gestion et supervision"},"content":{"rendered":"\n<figure class=\"wp-block-image size-full\"><img decoding=\"async\" width=\"760\" height=\"937\" src=\"https:\/\/hapmaastricht.nl\/content\/uploads\/2023\/08\/HAP-organogram-2023.jpg\" alt=\"\" class=\"wp-image-7412\" srcset=\"https:\/\/hapmaastricht.nl\/fr\/wp-content\/uploads\/sites\/56\/2023\/08\/HAP-organogram-2023.jpg 760w, https:\/\/hapmaastricht.nl\/fr\/wp-content\/uploads\/sites\/56\/2023\/08\/HAP-organogram-2023-243x300.jpg 243w\" sizes=\"(max-width: 760px) 100vw, 760px\" \/><\/figure>\n\n\n\n<p><span style=\"text-decoration: underline\">Explication<\/span><br>Le directeur g\u00e9n\u00e9ral est employ\u00e9 par la Fondation HMH. Pour les autres personnels, la Fondation a un contrat de prestations avec le MUMC+.<br>Les m\u00e9decins g\u00e9n\u00e9ralistes de Maastricht et de la r\u00e9gion du Heuvelland sont affili\u00e9s \u00e0 la Fondation HMH sur la base d\u2019un accord d\u2019affiliation. Pour le transport du m\u00e9decin de garde, la fondation fait appel \u00e0 des chauffeurs d\u2019une entreprise de transport sp\u00e9cialis\u00e9e dans le domaine m\u00e9dical.<\/p>\n\n\n\n<p>Le conseil de surveillance de la station d\u2019urgence des m\u00e9decins g\u00e9n\u00e9ralistes de Maastricht et Heuvelland est compos\u00e9 de trois membres et est charg\u00e9 de superviser et de conseiller dans l\u2019ex\u00e9cution des t\u00e2ches de l\u2019organisation. Les membres sont nomm\u00e9s pour une p\u00e9riode de quatre ans. A l\u2019heure actuelle, les membres du Conseil de Surveillance sont :<\/p>\n\n\n\n<p><\/p>\n\n\n\n<ul class=\"wp-block-list\">\n<li>Maarten Klomp<\/li>\n\n\n\n<li>Yvonne Custers-Slots<\/li>\n\n\n\n<li>Guido Kerckhoffs<\/li>\n<\/ul>\n\n\n\n<p><\/p>\n","protected":false},"excerpt":{"rendered":"<p>Explication\u00a0: Le directeur et le directeur sont employ\u00e9s par la Fondation HMH. Pour les autres membres du personnel, la Fondation a conclu un accord d&rsquo;affectation avec le MUMC+. Les m\u00e9decins g\u00e9n\u00e9ralistes de Maastricht et de la r\u00e9gion du Heuvelland sont affili\u00e9s \u00e0 la Fondation HMH sur la base d&rsquo;un accord d&rsquo;affiliation. Pour transporter le m\u00e9decin de garde, la fondation fait appel \u00e0 des chauffeurs d&rsquo;une entreprise de transport m\u00e9dical sp\u00e9cialis\u00e9e dans le domaine m\u00e9dical.<\/p>\n","protected":false},"author":3,"featured_media":0,"parent":0,"menu_order":106,"comment_status":"closed","ping_status":"closed","template":"","meta":{"_acf_changed":false,"_trash_the_other_posts":false,"editor_notices":["un\u00a0:0\u00a0:{}"],"footnotes":""},"class_list":["post-2579","page","type-page","status-publish","hentry"],"acf":[],"yoast_head":"<!-- This site is optimized with the Yoast SEO plugin v26.6 - https:\/\/yoast.com\/wordpress\/plugins\/seo\/ -->\n<title>Gestion et supervision - Poste d&#039;urgence g\u00e9n\u00e9raliste Maastricht<\/title>\n<meta name=\"robots\" content=\"index, follow, max-snippet:-1, max-image-preview:large, max-video-preview:-1\" \/>\n<link rel=\"canonical\" href=\"https:\/\/hapmaastricht.nl\/fr\/organigramme\/\" \/>\n<meta property=\"og:locale\" content=\"fr_FR\" \/>\n<meta property=\"og:type\" content=\"article\" \/>\n<meta property=\"og:title\" content=\"Gestion et supervision - Poste d&#039;urgence g\u00e9n\u00e9raliste Maastricht\" \/>\n<meta property=\"og:description\" content=\"Explication\u00a0: Le directeur et le directeur sont employ\u00e9s par la Fondation HMH. Pour les autres membres du personnel, la Fondation a conclu un accord d&#039;affectation avec le MUMC+. Les m\u00e9decins g\u00e9n\u00e9ralistes de Maastricht et de la r\u00e9gion du Heuvelland sont affili\u00e9s \u00e0 la Fondation HMH sur la base d&#039;un accord d&#039;affiliation. Pour transporter le m\u00e9decin de garde, la fondation fait appel \u00e0 des chauffeurs d&#039;une entreprise de transport m\u00e9dical sp\u00e9cialis\u00e9e dans le domaine m\u00e9dical.\" \/>\n<meta property=\"og:url\" content=\"https:\/\/hapmaastricht.nl\/fr\/organigramme\/\" \/>\n<meta property=\"og:site_name\" content=\"Poste d&#039;urgence g\u00e9n\u00e9raliste Maastricht\" \/>\n<meta property=\"article:modified_time\" content=\"2025-07-10T07:53:57+00:00\" \/>\n<meta property=\"og:image\" content=\"https:\/\/hapmaastricht.nl\/content\/uploads\/2023\/08\/HAP-organogram-2023.jpg\" \/>\n<meta name=\"twitter:card\" content=\"summary_large_image\" \/>\n<meta name=\"twitter:label1\" content=\"Dur\u00e9e de lecture estim\u00e9e\" \/>\n\t<meta name=\"twitter:data1\" content=\"1 minute\" \/>\n<script type=\"application\/ld+json\" class=\"yoast-schema-graph\">{\"@context\":\"https:\/\/schema.org\",\"@graph\":[{\"@type\":\"WebPage\",\"@id\":\"https:\/\/hapmaastricht.nl\/fr\/organigramme\/\",\"url\":\"https:\/\/hapmaastricht.nl\/fr\/organigramme\/\",\"name\":\"Gestion et supervision - Poste d&#039;urgence g\u00e9n\u00e9raliste Maastricht\",\"isPartOf\":{\"@id\":\"https:\/\/hapmaastricht.nl\/fr\/#website\"},\"primaryImageOfPage\":{\"@id\":\"https:\/\/hapmaastricht.nl\/fr\/organigramme\/#primaryimage\"},\"image\":{\"@id\":\"https:\/\/hapmaastricht.nl\/fr\/organigramme\/#primaryimage\"},\"thumbnailUrl\":\"https:\/\/hapmaastricht.nl\/content\/uploads\/2023\/08\/HAP-organogram-2023.jpg\",\"datePublished\":\"2023-05-31T15:08:15+00:00\",\"dateModified\":\"2025-07-10T07:53:57+00:00\",\"breadcrumb\":{\"@id\":\"https:\/\/hapmaastricht.nl\/fr\/organigramme\/#breadcrumb\"},\"inLanguage\":\"fr-FR\",\"potentialAction\":[{\"@type\":\"ReadAction\",\"target\":[\"https:\/\/hapmaastricht.nl\/fr\/organigramme\/\"]}]},{\"@type\":\"ImageObject\",\"inLanguage\":\"fr-FR\",\"@id\":\"https:\/\/hapmaastricht.nl\/fr\/organigramme\/#primaryimage\",\"url\":\"https:\/\/hapmaastricht.nl\/content\/uploads\/2023\/08\/HAP-organogram-2023.jpg\",\"contentUrl\":\"https:\/\/hapmaastricht.nl\/content\/uploads\/2023\/08\/HAP-organogram-2023.jpg\"},{\"@type\":\"BreadcrumbList\",\"@id\":\"https:\/\/hapmaastricht.nl\/fr\/organigramme\/#breadcrumb\",\"itemListElement\":[{\"@type\":\"ListItem\",\"position\":1,\"name\":\"Home\",\"item\":\"https:\/\/hapmaastricht.nl\/fr\/\"},{\"@type\":\"ListItem\",\"position\":2,\"name\":\"Organigramme\"}]},{\"@type\":\"WebSite\",\"@id\":\"https:\/\/hapmaastricht.nl\/fr\/#website\",\"url\":\"https:\/\/hapmaastricht.nl\/fr\/\",\"name\":\"Poste d&#039;urgence g\u00e9n\u00e9raliste Maastricht\",\"description\":\"\",\"potentialAction\":[{\"@type\":\"SearchAction\",\"target\":{\"@type\":\"EntryPoint\",\"urlTemplate\":\"https:\/\/hapmaastricht.nl\/fr\/?s={search_term_string}\"},\"query-input\":{\"@type\":\"PropertyValueSpecification\",\"valueRequired\":true,\"valueName\":\"search_term_string\"}}],\"inLanguage\":\"fr-FR\"}]}<\/script>\n<!-- \/ Yoast SEO plugin. -->","yoast_head_json":{"title":"Gestion et supervision - Poste d&#039;urgence g\u00e9n\u00e9raliste Maastricht","robots":{"index":"index","follow":"follow","max-snippet":"max-snippet:-1","max-image-preview":"max-image-preview:large","max-video-preview":"max-video-preview:-1"},"canonical":"https:\/\/hapmaastricht.nl\/fr\/organigramme\/","og_locale":"fr_FR","og_type":"article","og_title":"Gestion et supervision - Poste d&#039;urgence g\u00e9n\u00e9raliste Maastricht","og_description":"Explication\u00a0: Le directeur et le directeur sont employ\u00e9s par la Fondation HMH. Pour les autres membres du personnel, la Fondation a conclu un accord d'affectation avec le MUMC+. Les m\u00e9decins g\u00e9n\u00e9ralistes de Maastricht et de la r\u00e9gion du Heuvelland sont affili\u00e9s \u00e0 la Fondation HMH sur la base d'un accord d'affiliation. Pour transporter le m\u00e9decin de garde, la fondation fait appel \u00e0 des chauffeurs d'une entreprise de transport m\u00e9dical sp\u00e9cialis\u00e9e dans le domaine m\u00e9dical.","og_url":"https:\/\/hapmaastricht.nl\/fr\/organigramme\/","og_site_name":"Poste d&#039;urgence g\u00e9n\u00e9raliste Maastricht","article_modified_time":"2025-07-10T07:53:57+00:00","og_image":[{"url":"https:\/\/hapmaastricht.nl\/content\/uploads\/2023\/08\/HAP-organogram-2023.jpg","type":"","width":"","height":""}],"twitter_card":"summary_large_image","twitter_misc":{"Dur\u00e9e de lecture estim\u00e9e":"1 minute"},"schema":{"@context":"https:\/\/schema.org","@graph":[{"@type":"WebPage","@id":"https:\/\/hapmaastricht.nl\/fr\/organigramme\/","url":"https:\/\/hapmaastricht.nl\/fr\/organigramme\/","name":"Gestion et supervision - Poste d&#039;urgence g\u00e9n\u00e9raliste Maastricht","isPartOf":{"@id":"https:\/\/hapmaastricht.nl\/fr\/#website"},"primaryImageOfPage":{"@id":"https:\/\/hapmaastricht.nl\/fr\/organigramme\/#primaryimage"},"image":{"@id":"https:\/\/hapmaastricht.nl\/fr\/organigramme\/#primaryimage"},"thumbnailUrl":"https:\/\/hapmaastricht.nl\/content\/uploads\/2023\/08\/HAP-organogram-2023.jpg","datePublished":"2023-05-31T15:08:15+00:00","dateModified":"2025-07-10T07:53:57+00:00","breadcrumb":{"@id":"https:\/\/hapmaastricht.nl\/fr\/organigramme\/#breadcrumb"},"inLanguage":"fr-FR","potentialAction":[{"@type":"ReadAction","target":["https:\/\/hapmaastricht.nl\/fr\/organigramme\/"]}]},{"@type":"ImageObject","inLanguage":"fr-FR","@id":"https:\/\/hapmaastricht.nl\/fr\/organigramme\/#primaryimage","url":"https:\/\/hapmaastricht.nl\/content\/uploads\/2023\/08\/HAP-organogram-2023.jpg","contentUrl":"https:\/\/hapmaastricht.nl\/content\/uploads\/2023\/08\/HAP-organogram-2023.jpg"},{"@type":"BreadcrumbList","@id":"https:\/\/hapmaastricht.nl\/fr\/organigramme\/#breadcrumb","itemListElement":[{"@type":"ListItem","position":1,"name":"Home","item":"https:\/\/hapmaastricht.nl\/fr\/"},{"@type":"ListItem","position":2,"name":"Organigramme"}]},{"@type":"WebSite","@id":"https:\/\/hapmaastricht.nl\/fr\/#website","url":"https:\/\/hapmaastricht.nl\/fr\/","name":"Poste d&#039;urgence g\u00e9n\u00e9raliste Maastricht","description":"","potentialAction":[{"@type":"SearchAction","target":{"@type":"EntryPoint","urlTemplate":"https:\/\/hapmaastricht.nl\/fr\/?s={search_term_string}"},"query-input":{"@type":"PropertyValueSpecification","valueRequired":true,"valueName":"search_term_string"}}],"inLanguage":"fr-FR"}]}},"_links":{"self":[{"href":"https:\/\/hapmaastricht.nl\/fr\/wp-json\/wp\/v2\/pages\/2579","targetHints":{"allow":["GET"]}}],"collection":[{"href":"https:\/\/hapmaastricht.nl\/fr\/wp-json\/wp\/v2\/pages"}],"about":[{"href":"https:\/\/hapmaastricht.nl\/fr\/wp-json\/wp\/v2\/types\/page"}],"author":[{"embeddable":true,"href":"https:\/\/hapmaastricht.nl\/fr\/wp-json\/wp\/v2\/users\/3"}],"replies":[{"embeddable":true,"href":"https:\/\/hapmaastricht.nl\/fr\/wp-json\/wp\/v2\/comments?post=2579"}],"version-history":[{"count":13,"href":"https:\/\/hapmaastricht.nl\/fr\/wp-json\/wp\/v2\/pages\/2579\/revisions"}],"predecessor-version":[{"id":9194,"href":"https:\/\/hapmaastricht.nl\/fr\/wp-json\/wp\/v2\/pages\/2579\/revisions\/9194"}],"wp:attachment":[{"href":"https:\/\/hapmaastricht.nl\/fr\/wp-json\/wp\/v2\/media?parent=2579"}],"curies":[{"name":"wp","href":"https:\/\/api.w.org\/{rel}","templated":true}]}}