{"id":3528,"date":"2023-06-03T14:42:07","date_gmt":"2023-06-03T12:42:07","guid":{"rendered":"https:\/\/multisite.mindd.dev\/hap-maastricht\/?page_id=3528"},"modified":"2025-07-10T09:53:52","modified_gmt":"2025-07-10T07:53:52","slug":"prendre-soin-ensemble-est-dans-notre-adn","status":"publish","type":"page","link":"https:\/\/hapmaastricht.nl\/fr\/prendre-soin-ensemble-est-dans-notre-adn\/","title":{"rendered":"Prendre soin ensemble est dans notre ADN"},"content":{"rendered":"\n\n\n<p>Les <a href=\"\/wp-content\/uploads\/sites\/30\/2023\/06\/QUOTES-JAARVERSLAG-2016-def.pdf\" target=\"_blank\" rel=\"noreferrer noopener\">douze d\u00e9clarations<\/a> qui ornaient l\u2019un de nos rapports annuels il y a quelques ann\u00e9es sont toujours d\u2019actualit\u00e9 et s\u2019inscrivent dans la mani\u00e8re dont la Fondation HMH fa\u00e7onne sa vision. Comme m\u00e9taphore de notre politique, nous utilisons la structure de l\u2019ADN avec le slogan : \u00ab Prendre soin ensemble fait partie de notre ADN \u00bb. La Fondation HMH veut montrer que la motivation intrins\u00e8que des personnes en tant que professionnels (des soins), avec leur enthousiasme et leur passion, est n\u00e9cessaire \u00e0 l\u2019optimisation des soins. Ce sont ces personnes qui veillent \u00e0 ce que les meilleurs soins possibles soient prodigu\u00e9s chaque jour aux patients de notre r\u00e9gion.<\/p>\n\n\n\n<figure class=\"wp-block-image size-large\"><img decoding=\"async\" width=\"442\" height=\"1024\" src=\"https:\/\/hapmaastricht.nl\/content\/uploads\/2023\/06\/digitale-poster-442x1024.jpg\" alt=\"\" class=\"wp-image-3705\" srcset=\"https:\/\/hapmaastricht.nl\/fr\/wp-content\/uploads\/sites\/56\/2023\/06\/digitale-poster-442x1024.jpg 442w, https:\/\/hapmaastricht.nl\/fr\/wp-content\/uploads\/sites\/56\/2023\/06\/digitale-poster-130x300.jpg 130w, https:\/\/hapmaastricht.nl\/fr\/wp-content\/uploads\/sites\/56\/2023\/06\/digitale-poster-768x1779.jpg 768w, https:\/\/hapmaastricht.nl\/fr\/wp-content\/uploads\/sites\/56\/2023\/06\/digitale-poster-663x1536.jpg 663w, https:\/\/hapmaastricht.nl\/fr\/wp-content\/uploads\/sites\/56\/2023\/06\/digitale-poster-884x2048.jpg 884w, https:\/\/hapmaastricht.nl\/fr\/wp-content\/uploads\/sites\/56\/2023\/06\/digitale-poster-scaled.jpg 1105w\" sizes=\"(max-width: 442px) 100vw, 442px\" \/><\/figure>\n","protected":false},"excerpt":{"rendered":"<p>Les douze d\u00e9clarations qui ornaient l&rsquo;un de nos rapports annuels il y a quelques ann\u00e9es sont toujours d&rsquo;actualit\u00e9 et correspondent \u00e0 la mani\u00e8re dont la Fondation HMH fa\u00e7onne sa vision. Comme m\u00e9taphore de notre politique, nous utilisons la structure de l&rsquo;ADN avec le slogan\u00a0: \u00ab\u00a0Taking care together is in our DNA\u00a0\u00bb. La Fondation HMH souhaite ainsi montrer que pour optimiser les soins, la motivation intrins\u00e8que des personnes en tant que professionnel (des soins), avec son enthousiasme et sa passion, est n\u00e9cessaire. Ce sont ces personnes qui, jour apr\u00e8s jour, veillent \u00e0 ce que les patients de notre r\u00e9gion re\u00e7oivent les meilleurs soins possibles [&#8230;]<\/p>\n","protected":false},"author":3,"featured_media":0,"parent":0,"menu_order":128,"comment_status":"closed","ping_status":"closed","template":"","meta":{"_acf_changed":false,"_trash_the_other_posts":false,"editor_notices":[],"footnotes":""},"class_list":["post-3528","page","type-page","status-publish","hentry"],"acf":[],"yoast_head":"<!-- This site is optimized with the Yoast SEO plugin v26.6 - https:\/\/yoast.com\/wordpress\/plugins\/seo\/ -->\n<title>Prendre soin ensemble est dans notre ADN - Poste d&#039;urgence g\u00e9n\u00e9raliste Maastricht<\/title>\n<meta name=\"robots\" content=\"index, follow, max-snippet:-1, max-image-preview:large, max-video-preview:-1\" \/>\n<link rel=\"canonical\" href=\"https:\/\/hapmaastricht.nl\/fr\/prendre-soin-de-soi-fait-partie-de-notre-adn\/\" \/>\n<meta property=\"og:locale\" content=\"fr_FR\" \/>\n<meta property=\"og:type\" content=\"article\" \/>\n<meta property=\"og:title\" content=\"Prendre soin ensemble est dans notre ADN - Poste d&#039;urgence g\u00e9n\u00e9raliste Maastricht\" \/>\n<meta property=\"og:description\" content=\"Les douze d\u00e9clarations qui ornaient l&#039;un de nos rapports annuels il y a quelques ann\u00e9es sont toujours d&#039;actualit\u00e9 et correspondent \u00e0 la mani\u00e8re dont la Fondation HMH fa\u00e7onne sa vision. Comme m\u00e9taphore de notre politique, nous utilisons la structure de l&#039;ADN avec le slogan\u00a0: \u00ab\u00a0Taking care together is in our DNA\u00a0\u00bb. La Fondation HMH souhaite ainsi montrer que pour optimiser les soins, la motivation intrins\u00e8que des personnes en tant que professionnel (des soins), avec son enthousiasme et sa passion, est n\u00e9cessaire. Ce sont ces personnes qui, jour apr\u00e8s jour, veillent \u00e0 ce que les patients de notre r\u00e9gion re\u00e7oivent les meilleurs soins possibles [...]\" \/>\n<meta property=\"og:url\" content=\"https:\/\/hapmaastricht.nl\/fr\/prendre-soin-de-soi-fait-partie-de-notre-adn\/\" \/>\n<meta property=\"og:site_name\" content=\"Poste d&#039;urgence g\u00e9n\u00e9raliste Maastricht\" \/>\n<meta property=\"article:modified_time\" content=\"2025-07-10T07:53:52+00:00\" \/>\n<meta property=\"og:image\" content=\"https:\/\/hapmaastricht.nl\/content\/uploads\/2023\/06\/digitale-poster-442x1024.jpg\" \/>\n<meta name=\"twitter:card\" content=\"summary_large_image\" \/>\n<meta name=\"twitter:label1\" content=\"Dur\u00e9e de lecture estim\u00e9e\" \/>\n\t<meta name=\"twitter:data1\" content=\"1 minute\" \/>\n<script type=\"application\/ld+json\" class=\"yoast-schema-graph\">{\"@context\":\"https:\/\/schema.org\",\"@graph\":[{\"@type\":\"WebPage\",\"@id\":\"https:\/\/hapmaastricht.nl\/fr\/prendre-soin-de-soi-fait-partie-de-notre-adn\/\",\"url\":\"https:\/\/hapmaastricht.nl\/fr\/prendre-soin-de-soi-fait-partie-de-notre-adn\/\",\"name\":\"Prendre soin ensemble est dans notre ADN - Poste d&#039;urgence g\u00e9n\u00e9raliste Maastricht\",\"isPartOf\":{\"@id\":\"https:\/\/hapmaastricht.nl\/fr\/#website\"},\"primaryImageOfPage\":{\"@id\":\"https:\/\/hapmaastricht.nl\/fr\/prendre-soin-de-soi-fait-partie-de-notre-adn\/#primaryimage\"},\"image\":{\"@id\":\"https:\/\/hapmaastricht.nl\/fr\/prendre-soin-de-soi-fait-partie-de-notre-adn\/#primaryimage\"},\"thumbnailUrl\":\"https:\/\/hapmaastricht.nl\/content\/uploads\/2023\/06\/digitale-poster-442x1024.jpg\",\"datePublished\":\"2023-06-03T12:42:07+00:00\",\"dateModified\":\"2025-07-10T07:53:52+00:00\",\"breadcrumb\":{\"@id\":\"https:\/\/hapmaastricht.nl\/fr\/prendre-soin-de-soi-fait-partie-de-notre-adn\/#breadcrumb\"},\"inLanguage\":\"fr-FR\",\"potentialAction\":[{\"@type\":\"ReadAction\",\"target\":[\"https:\/\/hapmaastricht.nl\/fr\/prendre-soin-de-soi-fait-partie-de-notre-adn\/\"]}]},{\"@type\":\"ImageObject\",\"inLanguage\":\"fr-FR\",\"@id\":\"https:\/\/hapmaastricht.nl\/fr\/prendre-soin-de-soi-fait-partie-de-notre-adn\/#primaryimage\",\"url\":\"https:\/\/hapmaastricht.nl\/content\/uploads\/2023\/06\/digitale-poster-442x1024.jpg\",\"contentUrl\":\"https:\/\/hapmaastricht.nl\/content\/uploads\/2023\/06\/digitale-poster-442x1024.jpg\"},{\"@type\":\"BreadcrumbList\",\"@id\":\"https:\/\/hapmaastricht.nl\/fr\/prendre-soin-de-soi-fait-partie-de-notre-adn\/#breadcrumb\",\"itemListElement\":[{\"@type\":\"ListItem\",\"position\":1,\"name\":\"Home\",\"item\":\"https:\/\/hapmaastricht.nl\/fr\/\"},{\"@type\":\"ListItem\",\"position\":2,\"name\":\"Prendre soin de soi fait partie de notre ADN\"}]},{\"@type\":\"WebSite\",\"@id\":\"https:\/\/hapmaastricht.nl\/fr\/#website\",\"url\":\"https:\/\/hapmaastricht.nl\/fr\/\",\"name\":\"Poste d&#039;urgence g\u00e9n\u00e9raliste Maastricht\",\"description\":\"\",\"potentialAction\":[{\"@type\":\"SearchAction\",\"target\":{\"@type\":\"EntryPoint\",\"urlTemplate\":\"https:\/\/hapmaastricht.nl\/fr\/?s={search_term_string}\"},\"query-input\":{\"@type\":\"PropertyValueSpecification\",\"valueRequired\":true,\"valueName\":\"search_term_string\"}}],\"inLanguage\":\"fr-FR\"}]}<\/script>\n<!-- \/ Yoast SEO plugin. -->","yoast_head_json":{"title":"Prendre soin ensemble est dans notre ADN - Poste d&#039;urgence g\u00e9n\u00e9raliste Maastricht","robots":{"index":"index","follow":"follow","max-snippet":"max-snippet:-1","max-image-preview":"max-image-preview:large","max-video-preview":"max-video-preview:-1"},"canonical":"https:\/\/hapmaastricht.nl\/fr\/prendre-soin-de-soi-fait-partie-de-notre-adn\/","og_locale":"fr_FR","og_type":"article","og_title":"Prendre soin ensemble est dans notre ADN - Poste d&#039;urgence g\u00e9n\u00e9raliste Maastricht","og_description":"Les douze d\u00e9clarations qui ornaient l'un de nos rapports annuels il y a quelques ann\u00e9es sont toujours d'actualit\u00e9 et correspondent \u00e0 la mani\u00e8re dont la Fondation HMH fa\u00e7onne sa vision. Comme m\u00e9taphore de notre politique, nous utilisons la structure de l'ADN avec le slogan\u00a0: \u00ab\u00a0Taking care together is in our DNA\u00a0\u00bb. La Fondation HMH souhaite ainsi montrer que pour optimiser les soins, la motivation intrins\u00e8que des personnes en tant que professionnel (des soins), avec son enthousiasme et sa passion, est n\u00e9cessaire. Ce sont ces personnes qui, jour apr\u00e8s jour, veillent \u00e0 ce que les patients de notre r\u00e9gion re\u00e7oivent les meilleurs soins possibles [...]","og_url":"https:\/\/hapmaastricht.nl\/fr\/prendre-soin-de-soi-fait-partie-de-notre-adn\/","og_site_name":"Poste d&#039;urgence g\u00e9n\u00e9raliste Maastricht","article_modified_time":"2025-07-10T07:53:52+00:00","og_image":[{"url":"https:\/\/hapmaastricht.nl\/content\/uploads\/2023\/06\/digitale-poster-442x1024.jpg","type":"","width":"","height":""}],"twitter_card":"summary_large_image","twitter_misc":{"Dur\u00e9e de lecture estim\u00e9e":"1 minute"},"schema":{"@context":"https:\/\/schema.org","@graph":[{"@type":"WebPage","@id":"https:\/\/hapmaastricht.nl\/fr\/prendre-soin-de-soi-fait-partie-de-notre-adn\/","url":"https:\/\/hapmaastricht.nl\/fr\/prendre-soin-de-soi-fait-partie-de-notre-adn\/","name":"Prendre soin ensemble est dans notre ADN - Poste d&#039;urgence g\u00e9n\u00e9raliste Maastricht","isPartOf":{"@id":"https:\/\/hapmaastricht.nl\/fr\/#website"},"primaryImageOfPage":{"@id":"https:\/\/hapmaastricht.nl\/fr\/prendre-soin-de-soi-fait-partie-de-notre-adn\/#primaryimage"},"image":{"@id":"https:\/\/hapmaastricht.nl\/fr\/prendre-soin-de-soi-fait-partie-de-notre-adn\/#primaryimage"},"thumbnailUrl":"https:\/\/hapmaastricht.nl\/content\/uploads\/2023\/06\/digitale-poster-442x1024.jpg","datePublished":"2023-06-03T12:42:07+00:00","dateModified":"2025-07-10T07:53:52+00:00","breadcrumb":{"@id":"https:\/\/hapmaastricht.nl\/fr\/prendre-soin-de-soi-fait-partie-de-notre-adn\/#breadcrumb"},"inLanguage":"fr-FR","potentialAction":[{"@type":"ReadAction","target":["https:\/\/hapmaastricht.nl\/fr\/prendre-soin-de-soi-fait-partie-de-notre-adn\/"]}]},{"@type":"ImageObject","inLanguage":"fr-FR","@id":"https:\/\/hapmaastricht.nl\/fr\/prendre-soin-de-soi-fait-partie-de-notre-adn\/#primaryimage","url":"https:\/\/hapmaastricht.nl\/content\/uploads\/2023\/06\/digitale-poster-442x1024.jpg","contentUrl":"https:\/\/hapmaastricht.nl\/content\/uploads\/2023\/06\/digitale-poster-442x1024.jpg"},{"@type":"BreadcrumbList","@id":"https:\/\/hapmaastricht.nl\/fr\/prendre-soin-de-soi-fait-partie-de-notre-adn\/#breadcrumb","itemListElement":[{"@type":"ListItem","position":1,"name":"Home","item":"https:\/\/hapmaastricht.nl\/fr\/"},{"@type":"ListItem","position":2,"name":"Prendre soin de soi fait partie de notre ADN"}]},{"@type":"WebSite","@id":"https:\/\/hapmaastricht.nl\/fr\/#website","url":"https:\/\/hapmaastricht.nl\/fr\/","name":"Poste d&#039;urgence g\u00e9n\u00e9raliste Maastricht","description":"","potentialAction":[{"@type":"SearchAction","target":{"@type":"EntryPoint","urlTemplate":"https:\/\/hapmaastricht.nl\/fr\/?s={search_term_string}"},"query-input":{"@type":"PropertyValueSpecification","valueRequired":true,"valueName":"search_term_string"}}],"inLanguage":"fr-FR"}]}},"_links":{"self":[{"href":"https:\/\/hapmaastricht.nl\/fr\/wp-json\/wp\/v2\/pages\/3528","targetHints":{"allow":["GET"]}}],"collection":[{"href":"https:\/\/hapmaastricht.nl\/fr\/wp-json\/wp\/v2\/pages"}],"about":[{"href":"https:\/\/hapmaastricht.nl\/fr\/wp-json\/wp\/v2\/types\/page"}],"author":[{"embeddable":true,"href":"https:\/\/hapmaastricht.nl\/fr\/wp-json\/wp\/v2\/users\/3"}],"replies":[{"embeddable":true,"href":"https:\/\/hapmaastricht.nl\/fr\/wp-json\/wp\/v2\/comments?post=3528"}],"version-history":[{"count":1,"href":"https:\/\/hapmaastricht.nl\/fr\/wp-json\/wp\/v2\/pages\/3528\/revisions"}],"predecessor-version":[{"id":9192,"href":"https:\/\/hapmaastricht.nl\/fr\/wp-json\/wp\/v2\/pages\/3528\/revisions\/9192"}],"wp:attachment":[{"href":"https:\/\/hapmaastricht.nl\/fr\/wp-json\/wp\/v2\/media?parent=3528"}],"curies":[{"name":"wp","href":"https:\/\/api.w.org\/{rel}","templated":true}]}}