{"id":6,"date":"2022-08-09T13:57:18","date_gmt":"2022-08-09T11:57:18","guid":{"rendered":"https:\/\/huisartsenspoedpost-zeist.mindd.dev\/?page_id=6"},"modified":"2025-07-10T14:20:06","modified_gmt":"2025-07-10T12:20:06","slug":"domicile","status":"publish","type":"page","link":"https:\/\/hapmaastricht.nl\/fr\/","title":{"rendered":"Domicile"},"content":{"rendered":"","protected":false},"excerpt":{"rendered":"","protected":false},"author":3,"featured_media":0,"parent":0,"menu_order":72,"comment_status":"closed","ping_status":"closed","template":"","meta":{"_acf_changed":false,"_trash_the_other_posts":false,"editor_notices":["un\u00a0:0\u00a0:{}"],"footnotes":""},"class_list":["post-6","page","type-page","status-publish","hentry"],"acf":[],"yoast_head":"<!-- This site is optimized with the Yoast SEO plugin v26.6 - https:\/\/yoast.com\/wordpress\/plugins\/seo\/ -->\n<title>Poste d&#039;urgence g\u00e9n\u00e9raliste Maastricht<\/title>\n<meta name=\"description\" content=\"Vous avez un probl\u00e8me de sant\u00e9 qui ne peut pas attendre le jour ouvrable suivant\u00a0? Contactez ensuite le bureau du m\u00e9decin g\u00e9n\u00e9raliste de Maastricht.\" \/>\n<meta name=\"robots\" content=\"index, follow, max-snippet:-1, max-image-preview:large, max-video-preview:-1\" \/>\n<link rel=\"canonical\" href=\"https:\/\/hapmaastricht.nl\/fr\/\" \/>\n<meta property=\"og:locale\" content=\"fr_FR\" \/>\n<meta property=\"og:type\" content=\"article\" \/>\n<meta property=\"og:description\" content=\"Vous avez un probl\u00e8me de sant\u00e9 qui ne peut pas attendre le jour ouvrable suivant\u00a0? Contactez ensuite le bureau du m\u00e9decin g\u00e9n\u00e9raliste de Maastricht.\" \/>\n<meta property=\"og:url\" content=\"https:\/\/hapmaastricht.nl\/fr\/\" \/>\n<meta property=\"og:site_name\" content=\"Poste d&#039;urgence g\u00e9n\u00e9raliste Maastricht\" \/>\n<meta property=\"article:modified_time\" content=\"2025-07-10T12:20:06+00:00\" \/>\n<meta name=\"twitter:card\" content=\"summary_large_image\" \/>\n<script type=\"application\/ld+json\" class=\"yoast-schema-graph\">{\"@context\":\"https:\/\/schema.org\",\"@graph\":[{\"@type\":\"WebPage\",\"@id\":\"https:\/\/hapmaastricht.nl\/fr\/\",\"url\":\"https:\/\/hapmaastricht.nl\/fr\/\",\"name\":\"\",\"isPartOf\":{\"@id\":\"https:\/\/hapmaastricht.nl\/fr\/#website\"},\"datePublished\":\"2022-08-09T11:57:18+00:00\",\"dateModified\":\"2025-07-10T12:20:06+00:00\",\"description\":\"Vous avez un probl\u00e8me de sant\u00e9 qui ne peut pas attendre le jour ouvrable suivant\u00a0? Contactez ensuite le bureau du m\u00e9decin g\u00e9n\u00e9raliste de Maastricht.\",\"breadcrumb\":{\"@id\":\"https:\/\/hapmaastricht.nl\/fr\/#breadcrumb\"},\"inLanguage\":\"fr-FR\",\"potentialAction\":[{\"@type\":\"ReadAction\",\"target\":[\"https:\/\/hapmaastricht.nl\/fr\/\"]}]},{\"@type\":\"BreadcrumbList\",\"@id\":\"https:\/\/hapmaastricht.nl\/fr\/#breadcrumb\",\"itemListElement\":[{\"@type\":\"ListItem\",\"position\":1,\"name\":\"Home\",\"item\":\"https:\/\/hapmaastricht.nl\/fr\/\"},{\"@type\":\"ListItem\",\"position\":2,\"name\":\"Accueil\"}]},{\"@type\":\"WebSite\",\"@id\":\"https:\/\/hapmaastricht.nl\/fr\/#website\",\"url\":\"https:\/\/hapmaastricht.nl\/fr\/\",\"name\":\"Poste d&#039;urgence g\u00e9n\u00e9raliste Maastricht\",\"description\":\"\",\"potentialAction\":[{\"@type\":\"SearchAction\",\"target\":{\"@type\":\"EntryPoint\",\"urlTemplate\":\"https:\/\/hapmaastricht.nl\/fr\/?s={search_term_string}\"},\"query-input\":{\"@type\":\"PropertyValueSpecification\",\"valueRequired\":true,\"valueName\":\"search_term_string\"}}],\"inLanguage\":\"fr-FR\"}]}<\/script>\n<!-- \/ Yoast SEO plugin. -->","yoast_head_json":{"title":"Poste d&#039;urgence g\u00e9n\u00e9raliste Maastricht","description":"Vous avez un probl\u00e8me de sant\u00e9 qui ne peut pas attendre le jour ouvrable suivant\u00a0? Contactez ensuite le bureau du m\u00e9decin g\u00e9n\u00e9raliste de Maastricht.","robots":{"index":"index","follow":"follow","max-snippet":"max-snippet:-1","max-image-preview":"max-image-preview:large","max-video-preview":"max-video-preview:-1"},"canonical":"https:\/\/hapmaastricht.nl\/fr\/","og_locale":"fr_FR","og_type":"article","og_description":"Vous avez un probl\u00e8me de sant\u00e9 qui ne peut pas attendre le jour ouvrable suivant\u00a0? Contactez ensuite le bureau du m\u00e9decin g\u00e9n\u00e9raliste de Maastricht.","og_url":"https:\/\/hapmaastricht.nl\/fr\/","og_site_name":"Poste d&#039;urgence g\u00e9n\u00e9raliste Maastricht","article_modified_time":"2025-07-10T12:20:06+00:00","twitter_card":"summary_large_image","schema":{"@context":"https:\/\/schema.org","@graph":[{"@type":"WebPage","@id":"https:\/\/hapmaastricht.nl\/fr\/","url":"https:\/\/hapmaastricht.nl\/fr\/","name":"","isPartOf":{"@id":"https:\/\/hapmaastricht.nl\/fr\/#website"},"datePublished":"2022-08-09T11:57:18+00:00","dateModified":"2025-07-10T12:20:06+00:00","description":"Vous avez un probl\u00e8me de sant\u00e9 qui ne peut pas attendre le jour ouvrable suivant\u00a0? Contactez ensuite le bureau du m\u00e9decin g\u00e9n\u00e9raliste de Maastricht.","breadcrumb":{"@id":"https:\/\/hapmaastricht.nl\/fr\/#breadcrumb"},"inLanguage":"fr-FR","potentialAction":[{"@type":"ReadAction","target":["https:\/\/hapmaastricht.nl\/fr\/"]}]},{"@type":"BreadcrumbList","@id":"https:\/\/hapmaastricht.nl\/fr\/#breadcrumb","itemListElement":[{"@type":"ListItem","position":1,"name":"Home","item":"https:\/\/hapmaastricht.nl\/fr\/"},{"@type":"ListItem","position":2,"name":"Accueil"}]},{"@type":"WebSite","@id":"https:\/\/hapmaastricht.nl\/fr\/#website","url":"https:\/\/hapmaastricht.nl\/fr\/","name":"Poste d&#039;urgence g\u00e9n\u00e9raliste Maastricht","description":"","potentialAction":[{"@type":"SearchAction","target":{"@type":"EntryPoint","urlTemplate":"https:\/\/hapmaastricht.nl\/fr\/?s={search_term_string}"},"query-input":{"@type":"PropertyValueSpecification","valueRequired":true,"valueName":"search_term_string"}}],"inLanguage":"fr-FR"}]}},"_links":{"self":[{"href":"https:\/\/hapmaastricht.nl\/fr\/wp-json\/wp\/v2\/pages\/6","targetHints":{"allow":["GET"]}}],"collection":[{"href":"https:\/\/hapmaastricht.nl\/fr\/wp-json\/wp\/v2\/pages"}],"about":[{"href":"https:\/\/hapmaastricht.nl\/fr\/wp-json\/wp\/v2\/types\/page"}],"author":[{"embeddable":true,"href":"https:\/\/hapmaastricht.nl\/fr\/wp-json\/wp\/v2\/users\/3"}],"replies":[{"embeddable":true,"href":"https:\/\/hapmaastricht.nl\/fr\/wp-json\/wp\/v2\/comments?post=6"}],"version-history":[{"count":2,"href":"https:\/\/hapmaastricht.nl\/fr\/wp-json\/wp\/v2\/pages\/6\/revisions"}],"predecessor-version":[{"id":9243,"href":"https:\/\/hapmaastricht.nl\/fr\/wp-json\/wp\/v2\/pages\/6\/revisions\/9243"}],"wp:attachment":[{"href":"https:\/\/hapmaastricht.nl\/fr\/wp-json\/wp\/v2\/media?parent=6"}],"curies":[{"name":"wp","href":"https:\/\/api.w.org\/{rel}","templated":true}]}}