{"id":9274,"date":"2026-02-18T10:19:05","date_gmt":"2026-02-18T09:19:05","guid":{"rendered":"https:\/\/hapmaastricht.nl\/fr\/?page_id=9274"},"modified":"2026-02-19T09:29:08","modified_gmt":"2026-02-19T08:29:08","slug":"lien-de-paiement","status":"publish","type":"page","link":"https:\/\/hapmaastricht.nl\/fr\/lien-de-paiement\/","title":{"rendered":"Lien de paiement via SMS"},"content":{"rendered":"\n<p>Si nous ne pouvons pas r\u00e9clamer les frais de votre contact directement aupr\u00e8s de votre assureur au poste d\u2019urgence du m\u00e9decin g\u00e9n\u00e9raliste, nous vous enverrons une demande de paiement par SMS. Ce SMS contient un lien vers un environnement de paiement de confiance de Sendi. Cela rend le paiement facile et s\u00e9curis\u00e9 via votre t\u00e9l\u00e9phone portable.<\/p>\n\n\n\n<figure class=\"wp-block-image size-large is-resized\"><img decoding=\"async\" src=\"https:\/\/hapmaastricht.nl\/wp-content\/uploads\/sites\/30\/2026\/02\/NL-Screenshot-1024x576.png\" alt=\"\" class=\"wp-image-9877\" style=\"width:1333px;height:auto\" \/><\/figure>\n","protected":false},"excerpt":{"rendered":"<p>Si nous ne pouvons pas r\u00e9clamer les frais de votre contact directement aupr\u00e8s de votre assureur au poste d\u2019urgence du m\u00e9decin g\u00e9n\u00e9raliste, nous vous enverrons une demande de paiement par SMS. Ce SMS contient un lien vers un environnement de paiement de confiance de Sendi. Cela rend le paiement facile et s\u00e9curis\u00e9 via votre t\u00e9l\u00e9phone [&hellip;]<\/p>\n","protected":false},"author":3,"featured_media":0,"parent":0,"menu_order":1,"comment_status":"closed","ping_status":"closed","template":"page-full-width.php","meta":{"_acf_changed":false,"_trash_the_other_posts":false,"editor_notices":[],"footnotes":""},"class_list":["post-9274","page","type-page","status-publish","hentry"],"acf":[],"yoast_head":"<!-- This site is optimized with the Yoast SEO plugin v26.6 - https:\/\/yoast.com\/wordpress\/plugins\/seo\/ -->\n<title>Lien de paiement via SMS - Poste d&#039;urgence g\u00e9n\u00e9raliste Maastricht<\/title>\n<meta name=\"robots\" content=\"index, follow, max-snippet:-1, max-image-preview:large, max-video-preview:-1\" \/>\n<link rel=\"canonical\" href=\"https:\/\/hapmaastricht.nl\/fr\/lien-de-paiement\/\" \/>\n<meta property=\"og:locale\" content=\"fr_FR\" \/>\n<meta property=\"og:type\" content=\"article\" \/>\n<meta property=\"og:title\" content=\"Lien de paiement via SMS - Poste d&#039;urgence g\u00e9n\u00e9raliste Maastricht\" \/>\n<meta property=\"og:description\" content=\"Si nous ne pouvons pas r\u00e9clamer les frais de votre contact directement aupr\u00e8s de votre assureur au poste d\u2019urgence du m\u00e9decin g\u00e9n\u00e9raliste, nous vous enverrons une demande de paiement par SMS. Ce SMS contient un lien vers un environnement de paiement de confiance de Sendi. Cela rend le paiement facile et s\u00e9curis\u00e9 via votre t\u00e9l\u00e9phone [&hellip;]\" \/>\n<meta property=\"og:url\" content=\"https:\/\/hapmaastricht.nl\/fr\/lien-de-paiement\/\" \/>\n<meta property=\"og:site_name\" content=\"Poste d&#039;urgence g\u00e9n\u00e9raliste Maastricht\" \/>\n<meta property=\"article:modified_time\" content=\"2026-02-19T08:29:08+00:00\" \/>\n<meta property=\"og:image\" content=\"https:\/\/hapmaastricht.nl\/fr\/wp-content\/uploads\/sites\/56\/2026\/02\/FR-Screenshot-1.png\" \/>\n\t<meta property=\"og:image:width\" content=\"1366\" \/>\n\t<meta property=\"og:image:height\" content=\"768\" \/>\n\t<meta property=\"og:image:type\" content=\"image\/png\" \/>\n<meta name=\"twitter:card\" content=\"summary_large_image\" \/>\n<meta name=\"twitter:label1\" content=\"Dur\u00e9e de lecture estim\u00e9e\" \/>\n\t<meta name=\"twitter:data1\" content=\"1 minute\" \/>\n<script type=\"application\/ld+json\" class=\"yoast-schema-graph\">{\"@context\":\"https:\/\/schema.org\",\"@graph\":[{\"@type\":\"WebPage\",\"@id\":\"https:\/\/hapmaastricht.nl\/fr\/lien-de-paiement\/\",\"url\":\"https:\/\/hapmaastricht.nl\/fr\/lien-de-paiement\/\",\"name\":\"Lien de paiement via SMS - Poste d&#039;urgence g\u00e9n\u00e9raliste Maastricht\",\"isPartOf\":{\"@id\":\"https:\/\/hapmaastricht.nl\/fr\/#website\"},\"primaryImageOfPage\":{\"@id\":\"https:\/\/hapmaastricht.nl\/fr\/lien-de-paiement\/#primaryimage\"},\"image\":{\"@id\":\"https:\/\/hapmaastricht.nl\/fr\/lien-de-paiement\/#primaryimage\"},\"thumbnailUrl\":\"https:\/\/hapmaastricht.nl\/wp-content\/uploads\/sites\/30\/2026\/02\/NL-Screenshot-1024x576.png\",\"datePublished\":\"2026-02-18T09:19:05+00:00\",\"dateModified\":\"2026-02-19T08:29:08+00:00\",\"breadcrumb\":{\"@id\":\"https:\/\/hapmaastricht.nl\/fr\/lien-de-paiement\/#breadcrumb\"},\"inLanguage\":\"fr-FR\",\"potentialAction\":[{\"@type\":\"ReadAction\",\"target\":[\"https:\/\/hapmaastricht.nl\/fr\/lien-de-paiement\/\"]}]},{\"@type\":\"ImageObject\",\"inLanguage\":\"fr-FR\",\"@id\":\"https:\/\/hapmaastricht.nl\/fr\/lien-de-paiement\/#primaryimage\",\"url\":\"https:\/\/hapmaastricht.nl\/wp-content\/uploads\/sites\/30\/2026\/02\/NL-Screenshot-1024x576.png\",\"contentUrl\":\"https:\/\/hapmaastricht.nl\/wp-content\/uploads\/sites\/30\/2026\/02\/NL-Screenshot-1024x576.png\"},{\"@type\":\"BreadcrumbList\",\"@id\":\"https:\/\/hapmaastricht.nl\/fr\/lien-de-paiement\/#breadcrumb\",\"itemListElement\":[{\"@type\":\"ListItem\",\"position\":1,\"name\":\"Home\",\"item\":\"https:\/\/hapmaastricht.nl\/fr\/\"},{\"@type\":\"ListItem\",\"position\":2,\"name\":\"Lien de paiement via SMS\"}]},{\"@type\":\"WebSite\",\"@id\":\"https:\/\/hapmaastricht.nl\/fr\/#website\",\"url\":\"https:\/\/hapmaastricht.nl\/fr\/\",\"name\":\"Poste d&#039;urgence g\u00e9n\u00e9raliste Maastricht\",\"description\":\"\",\"potentialAction\":[{\"@type\":\"SearchAction\",\"target\":{\"@type\":\"EntryPoint\",\"urlTemplate\":\"https:\/\/hapmaastricht.nl\/fr\/?s={search_term_string}\"},\"query-input\":{\"@type\":\"PropertyValueSpecification\",\"valueRequired\":true,\"valueName\":\"search_term_string\"}}],\"inLanguage\":\"fr-FR\"}]}<\/script>\n<!-- \/ Yoast SEO plugin. -->","yoast_head_json":{"title":"Lien de paiement via SMS - Poste d&#039;urgence g\u00e9n\u00e9raliste Maastricht","robots":{"index":"index","follow":"follow","max-snippet":"max-snippet:-1","max-image-preview":"max-image-preview:large","max-video-preview":"max-video-preview:-1"},"canonical":"https:\/\/hapmaastricht.nl\/fr\/lien-de-paiement\/","og_locale":"fr_FR","og_type":"article","og_title":"Lien de paiement via SMS - Poste d&#039;urgence g\u00e9n\u00e9raliste Maastricht","og_description":"Si nous ne pouvons pas r\u00e9clamer les frais de votre contact directement aupr\u00e8s de votre assureur au poste d\u2019urgence du m\u00e9decin g\u00e9n\u00e9raliste, nous vous enverrons une demande de paiement par SMS. Ce SMS contient un lien vers un environnement de paiement de confiance de Sendi. Cela rend le paiement facile et s\u00e9curis\u00e9 via votre t\u00e9l\u00e9phone [&hellip;]","og_url":"https:\/\/hapmaastricht.nl\/fr\/lien-de-paiement\/","og_site_name":"Poste d&#039;urgence g\u00e9n\u00e9raliste Maastricht","article_modified_time":"2026-02-19T08:29:08+00:00","og_image":[{"width":1366,"height":768,"url":"https:\/\/hapmaastricht.nl\/fr\/wp-content\/uploads\/sites\/56\/2026\/02\/FR-Screenshot-1.png","type":"image\/png"}],"twitter_card":"summary_large_image","twitter_misc":{"Dur\u00e9e de lecture estim\u00e9e":"1 minute"},"schema":{"@context":"https:\/\/schema.org","@graph":[{"@type":"WebPage","@id":"https:\/\/hapmaastricht.nl\/fr\/lien-de-paiement\/","url":"https:\/\/hapmaastricht.nl\/fr\/lien-de-paiement\/","name":"Lien de paiement via SMS - Poste d&#039;urgence g\u00e9n\u00e9raliste Maastricht","isPartOf":{"@id":"https:\/\/hapmaastricht.nl\/fr\/#website"},"primaryImageOfPage":{"@id":"https:\/\/hapmaastricht.nl\/fr\/lien-de-paiement\/#primaryimage"},"image":{"@id":"https:\/\/hapmaastricht.nl\/fr\/lien-de-paiement\/#primaryimage"},"thumbnailUrl":"https:\/\/hapmaastricht.nl\/wp-content\/uploads\/sites\/30\/2026\/02\/NL-Screenshot-1024x576.png","datePublished":"2026-02-18T09:19:05+00:00","dateModified":"2026-02-19T08:29:08+00:00","breadcrumb":{"@id":"https:\/\/hapmaastricht.nl\/fr\/lien-de-paiement\/#breadcrumb"},"inLanguage":"fr-FR","potentialAction":[{"@type":"ReadAction","target":["https:\/\/hapmaastricht.nl\/fr\/lien-de-paiement\/"]}]},{"@type":"ImageObject","inLanguage":"fr-FR","@id":"https:\/\/hapmaastricht.nl\/fr\/lien-de-paiement\/#primaryimage","url":"https:\/\/hapmaastricht.nl\/wp-content\/uploads\/sites\/30\/2026\/02\/NL-Screenshot-1024x576.png","contentUrl":"https:\/\/hapmaastricht.nl\/wp-content\/uploads\/sites\/30\/2026\/02\/NL-Screenshot-1024x576.png"},{"@type":"BreadcrumbList","@id":"https:\/\/hapmaastricht.nl\/fr\/lien-de-paiement\/#breadcrumb","itemListElement":[{"@type":"ListItem","position":1,"name":"Home","item":"https:\/\/hapmaastricht.nl\/fr\/"},{"@type":"ListItem","position":2,"name":"Lien de paiement via SMS"}]},{"@type":"WebSite","@id":"https:\/\/hapmaastricht.nl\/fr\/#website","url":"https:\/\/hapmaastricht.nl\/fr\/","name":"Poste d&#039;urgence g\u00e9n\u00e9raliste Maastricht","description":"","potentialAction":[{"@type":"SearchAction","target":{"@type":"EntryPoint","urlTemplate":"https:\/\/hapmaastricht.nl\/fr\/?s={search_term_string}"},"query-input":{"@type":"PropertyValueSpecification","valueRequired":true,"valueName":"search_term_string"}}],"inLanguage":"fr-FR"}]}},"_links":{"self":[{"href":"https:\/\/hapmaastricht.nl\/fr\/wp-json\/wp\/v2\/pages\/9274","targetHints":{"allow":["GET"]}}],"collection":[{"href":"https:\/\/hapmaastricht.nl\/fr\/wp-json\/wp\/v2\/pages"}],"about":[{"href":"https:\/\/hapmaastricht.nl\/fr\/wp-json\/wp\/v2\/types\/page"}],"author":[{"embeddable":true,"href":"https:\/\/hapmaastricht.nl\/fr\/wp-json\/wp\/v2\/users\/3"}],"replies":[{"embeddable":true,"href":"https:\/\/hapmaastricht.nl\/fr\/wp-json\/wp\/v2\/comments?post=9274"}],"version-history":[{"count":9,"href":"https:\/\/hapmaastricht.nl\/fr\/wp-json\/wp\/v2\/pages\/9274\/revisions"}],"predecessor-version":[{"id":9285,"href":"https:\/\/hapmaastricht.nl\/fr\/wp-json\/wp\/v2\/pages\/9274\/revisions\/9285"}],"wp:attachment":[{"href":"https:\/\/hapmaastricht.nl\/fr\/wp-json\/wp\/v2\/media?parent=9274"}],"curies":[{"name":"wp","href":"https:\/\/api.w.org\/{rel}","templated":true}]}}