{"id":2011,"date":"2023-04-28T09:18:09","date_gmt":"2023-04-28T07:18:09","guid":{"rendered":"https:\/\/multisite.mindd.dev\/hap-maastricht\/?page_id=2011"},"modified":"2025-07-10T09:57:12","modified_gmt":"2025-07-10T07:57:12","slug":"procedimento","status":"publish","type":"page","link":"https:\/\/hapmaastricht.nl\/it\/procedimento\/","title":{"rendered":"Procedimento"},"content":{"rendered":"\n\n\n<h2 class=\"wp-block-heading\"><strong>Per prima cosa scopri se devi andare immediatamente dal medico con il tuo reclamo<\/strong><\/h2>\n\n\n\n<p>\u00c8 importante che tu ci chiami solo se il tuo reclamo \u00e8 urgente. Per scoprirlo, ti consigliamo di compilare il questionario &#8220;Devo andare dal medico&#8221; sulla <a href=\"\/\">nostra homepage<\/a> . Entro 1 minuto puoi giudicare da solo se il tuo reclamo \u00e8 urgente. \u00c8 possibile che il tuo reclamo non sia urgente e che ti consigliamo di chiamare il tuo medico di famiglia durante l&#8217;orario d&#8217;ufficio. In alcuni casi, riceverai consigli su cosa puoi fare da solo per ridurre i sintomi.<\/p>\n\n\n\n<p><strong>CAUTELA!<\/strong> Quando contatti la stazione di emergenza del medico di base, conserva il tuo documento d&#8217;identit\u00e0 con il tuo BSN, la tua tessera assicurativa e una panoramica aggiornata dei farmaci che usi.<\/p>\n\n\n\n<h2 class=\"wp-block-heading\">Al telefono<\/h2>\n\n\n\n<p>Il triagista, un assistente medico appositamente formato, ti chieder\u00e0 informazioni su questi dati personali e sulla natura dei tuoi disturbi. Questo si chiama triage. Sulla base di questa conversazione, il triagista determina se:<\/p>\n\n\n\n<ul class=\"wp-block-list\">\n<li>ricevi consigli per la cura di te stesso,<\/li>\n\n\n\n<li>hai una consulenza telefonica,<\/li>\n\n\n\n<li>devi&nbsp;venire alla stazione di emergenza del medico di famiglia per un appuntamento,<\/li>\n\n\n\n<li>un medico di base viene a casa tua,<\/li>\n\n\n\n<li>Verrai indirizzato a un altro fornitore di cure acute, come un dentista o uno specialista in ospedale.<\/li>\n<\/ul>\n\n\n\n<p>\u00c8 possibile che tu riceva prima un&#8217;infermiera pre-triage al telefono. Questo dipendente effettua una rapida valutazione della seriet\u00e0 della tua richiesta di assistenza. Se hai bisogno di aiuto rapidamente, verrai richiamato immediatamente da un triagista. Se l&#8217;aiuto non \u00e8 necessario immediatamente, verrai richiamato in un secondo momento. In questo modo, il Posto di Emergenza del Medico di Base rimane facilmente accessibile e tutti i pazienti hanno un contatto rapido con un fornitore di cure.<\/p>\n\n\n\n<h2 class=\"wp-block-heading\">Consultazione telefonica<\/h2>\n\n\n\n<p>In alcuni casi, possiamo fornire assistenza a distanza con l&#8217;intervento di un medico di medicina generale. Ci\u00f2 avviene per telefono. La digitalizzazione dell&#8217;assistenza lo rende possibile. Pensa al paziente che inoltra una foto, la valuta dal medico di base e poi ottiene consigli sul trattamento. \u00c8 anche possibile che tu abbia un contatto tramite videochiamata. Non sempre ci deve essere un contatto fisico con il medico di base. Per questa &#8220;consultazione a distanza&#8221; viene addebitata la stessa <a href=\"\/tarieven\">tariffa<\/a> di una consultazione presso la stazione di emergenza del medico di base.<\/p>\n\n\n\n<h2 class=\"wp-block-heading\">Consultazione presso la stazione di emergenza del medico di base<\/h2>\n\n\n\n<p>Se hai un appuntamento per venire al Pronto Soccorso, ti&nbsp;chiediamo di essere presente all&#8217;orario concordato. Sarai aiutato in una sala di trattamento o in una sala di consultazione. Dipende dal tipo di richiesta di aiuto che hai. Entrambe le camere hanno orari di consultazione separati. Pu\u00f2 darsi che un paziente che \u00e8 arrivato pi\u00f9 tardi venga trattato prima e tu debba aspettare.<\/p>\n\n\n\n<p>Il medico di base di turno vi visiter\u00e0 e vi dar\u00e0 consigli medici e\/o vi curer\u00e0 e\/o vi indirizzer\u00e0 per ulteriori esami. In questo caso, ti verr\u00e0 chiesto di attendere i risultati degli esami. Sulla base dei risultati, il medico determiner\u00e0 quali ulteriori trattamenti sono necessari.<\/p>\n\n\n\n<p>Se ti viene prescritto un farmaco, puoi ritirarlo in farmacia di turno (vedi anche <a href=\"\/apotheken\/apotheek-maastricht-umc\/\">alla voce Farmacia<\/a>).<\/p>\n\n\n\n<h2 class=\"wp-block-heading\">Il medico di base verr\u00e0 a casa tua per una visita<\/h2>\n\n\n\n<p>Per informare il medico di famiglia nel miglior modo possibile durante una visita, \u00e8 importante che sia pronta una panoramica aggiornata dei farmaci.<\/p>\n\n\n\n<h2 class=\"wp-block-heading\">Dopo il contatto con la stazione di emergenza GP<\/h2>\n\n\n\n<p>Un riepilogo del contatto o della visita verr\u00e0 inviato al proprio medico di base. In questo modo il tuo medico di famiglia sa esattamente con quale richiesta di aiuto sei stato in contatto con il Posto di Emergenza del Medico di Base e cosa \u00e8 stato fatto in risposta a ci\u00f2. Ulteriori informazioni al riguardo sono disponibili nella <a href=\"\/privacy\">sezione Informativa sulla privacy<\/a>.<\/p>\n","protected":false},"excerpt":{"rendered":"<p>Innanzitutto, scopri se devi andare immediatamente dal medico con il tuo reclamo. \u00c8 importante che ci chiami solo se il tuo reclamo \u00e8 urgente. Per scoprirlo, ti consigliamo di compilare il questionario \u00abDevo andare dal medico\u00bb sulla nostra homepage. Entro 1 minuto, puoi valutare tu stesso se il tuo reclamo \u00e8 urgente. \u00c8 possibile che il reclamo non sia urgente e che si consiglia di chiamare il proprio medico durante l&#8217;orario d&#8217;ufficio. In alcuni casi, riceverai consigli su cosa puoi fare da solo per ridurre i sintomi. [&#8230;]<\/p>\n","protected":false},"author":3,"featured_media":0,"parent":0,"menu_order":187,"comment_status":"closed","ping_status":"closed","template":"","meta":{"_acf_changed":false,"_trash_the_other_posts":false,"editor_notices":[],"footnotes":""},"class_list":["post-2011","page","type-page","status-publish","hentry"],"acf":[],"yoast_head":"<!-- This site is optimized with the Yoast SEO plugin v26.6 - https:\/\/yoast.com\/wordpress\/plugins\/seo\/ -->\n<title>Procedimento - Posto di emergenza GP Maastricht<\/title>\n<meta name=\"robots\" content=\"index, follow, max-snippet:-1, max-image-preview:large, max-video-preview:-1\" \/>\n<link rel=\"canonical\" href=\"https:\/\/hapmaastricht.nl\/it\/processo\/\" \/>\n<meta property=\"og:locale\" content=\"it_IT\" \/>\n<meta property=\"og:type\" content=\"article\" \/>\n<meta property=\"og:title\" content=\"Procedimento - Posto di emergenza GP Maastricht\" \/>\n<meta property=\"og:description\" content=\"Innanzitutto, scopri se devi andare immediatamente dal medico con il tuo reclamo. \u00c8 importante che ci chiami solo se il tuo reclamo \u00e8 urgente. Per scoprirlo, ti consigliamo di compilare il questionario \u00abDevo andare dal medico\u00bb sulla nostra homepage. Entro 1 minuto, puoi valutare tu stesso se il tuo reclamo \u00e8 urgente. \u00c8 possibile che il reclamo non sia urgente e che si consiglia di chiamare il proprio medico durante l&#039;orario d&#039;ufficio. In alcuni casi, riceverai consigli su cosa puoi fare da solo per ridurre i sintomi. [...]\" \/>\n<meta property=\"og:url\" content=\"https:\/\/hapmaastricht.nl\/it\/processo\/\" \/>\n<meta property=\"og:site_name\" content=\"Posto di emergenza GP Maastricht\" \/>\n<meta property=\"article:modified_time\" content=\"2025-07-10T07:57:12+00:00\" \/>\n<meta name=\"twitter:card\" content=\"summary_large_image\" \/>\n<meta name=\"twitter:label1\" content=\"Tempo di lettura stimato\" \/>\n\t<meta name=\"twitter:data1\" content=\"3 minuti\" \/>\n<script type=\"application\/ld+json\" class=\"yoast-schema-graph\">{\"@context\":\"https:\/\/schema.org\",\"@graph\":[{\"@type\":\"WebPage\",\"@id\":\"https:\/\/hapmaastricht.nl\/it\/processo\/\",\"url\":\"https:\/\/hapmaastricht.nl\/it\/processo\/\",\"name\":\"Procedimento - Posto di emergenza GP Maastricht\",\"isPartOf\":{\"@id\":\"https:\/\/hapmaastricht.nl\/it\/#website\"},\"datePublished\":\"2023-04-28T07:18:09+00:00\",\"dateModified\":\"2025-07-10T07:57:12+00:00\",\"breadcrumb\":{\"@id\":\"https:\/\/hapmaastricht.nl\/it\/processo\/#breadcrumb\"},\"inLanguage\":\"it-IT\",\"potentialAction\":[{\"@type\":\"ReadAction\",\"target\":[\"https:\/\/hapmaastricht.nl\/it\/processo\/\"]}]},{\"@type\":\"BreadcrumbList\",\"@id\":\"https:\/\/hapmaastricht.nl\/it\/processo\/#breadcrumb\",\"itemListElement\":[{\"@type\":\"ListItem\",\"position\":1,\"name\":\"Home\",\"item\":\"https:\/\/hapmaastricht.nl\/it\/\"},{\"@type\":\"ListItem\",\"position\":2,\"name\":\"Metodo di lavoro\"}]},{\"@type\":\"WebSite\",\"@id\":\"https:\/\/hapmaastricht.nl\/it\/#website\",\"url\":\"https:\/\/hapmaastricht.nl\/it\/\",\"name\":\"Posto di emergenza GP Maastricht\",\"description\":\"\",\"potentialAction\":[{\"@type\":\"SearchAction\",\"target\":{\"@type\":\"EntryPoint\",\"urlTemplate\":\"https:\/\/hapmaastricht.nl\/it\/?s={search_term_string}\"},\"query-input\":{\"@type\":\"PropertyValueSpecification\",\"valueRequired\":true,\"valueName\":\"search_term_string\"}}],\"inLanguage\":\"it-IT\"}]}<\/script>\n<!-- \/ Yoast SEO plugin. -->","yoast_head_json":{"title":"Procedimento - Posto di emergenza GP Maastricht","robots":{"index":"index","follow":"follow","max-snippet":"max-snippet:-1","max-image-preview":"max-image-preview:large","max-video-preview":"max-video-preview:-1"},"canonical":"https:\/\/hapmaastricht.nl\/it\/processo\/","og_locale":"it_IT","og_type":"article","og_title":"Procedimento - Posto di emergenza GP Maastricht","og_description":"Innanzitutto, scopri se devi andare immediatamente dal medico con il tuo reclamo. \u00c8 importante che ci chiami solo se il tuo reclamo \u00e8 urgente. Per scoprirlo, ti consigliamo di compilare il questionario \u00abDevo andare dal medico\u00bb sulla nostra homepage. Entro 1 minuto, puoi valutare tu stesso se il tuo reclamo \u00e8 urgente. \u00c8 possibile che il reclamo non sia urgente e che si consiglia di chiamare il proprio medico durante l'orario d'ufficio. In alcuni casi, riceverai consigli su cosa puoi fare da solo per ridurre i sintomi. [...]","og_url":"https:\/\/hapmaastricht.nl\/it\/processo\/","og_site_name":"Posto di emergenza GP Maastricht","article_modified_time":"2025-07-10T07:57:12+00:00","twitter_card":"summary_large_image","twitter_misc":{"Tempo di lettura stimato":"3 minuti"},"schema":{"@context":"https:\/\/schema.org","@graph":[{"@type":"WebPage","@id":"https:\/\/hapmaastricht.nl\/it\/processo\/","url":"https:\/\/hapmaastricht.nl\/it\/processo\/","name":"Procedimento - Posto di emergenza GP Maastricht","isPartOf":{"@id":"https:\/\/hapmaastricht.nl\/it\/#website"},"datePublished":"2023-04-28T07:18:09+00:00","dateModified":"2025-07-10T07:57:12+00:00","breadcrumb":{"@id":"https:\/\/hapmaastricht.nl\/it\/processo\/#breadcrumb"},"inLanguage":"it-IT","potentialAction":[{"@type":"ReadAction","target":["https:\/\/hapmaastricht.nl\/it\/processo\/"]}]},{"@type":"BreadcrumbList","@id":"https:\/\/hapmaastricht.nl\/it\/processo\/#breadcrumb","itemListElement":[{"@type":"ListItem","position":1,"name":"Home","item":"https:\/\/hapmaastricht.nl\/it\/"},{"@type":"ListItem","position":2,"name":"Metodo di lavoro"}]},{"@type":"WebSite","@id":"https:\/\/hapmaastricht.nl\/it\/#website","url":"https:\/\/hapmaastricht.nl\/it\/","name":"Posto di emergenza GP Maastricht","description":"","potentialAction":[{"@type":"SearchAction","target":{"@type":"EntryPoint","urlTemplate":"https:\/\/hapmaastricht.nl\/it\/?s={search_term_string}"},"query-input":{"@type":"PropertyValueSpecification","valueRequired":true,"valueName":"search_term_string"}}],"inLanguage":"it-IT"}]}},"_links":{"self":[{"href":"https:\/\/hapmaastricht.nl\/it\/wp-json\/wp\/v2\/pages\/2011","targetHints":{"allow":["GET"]}}],"collection":[{"href":"https:\/\/hapmaastricht.nl\/it\/wp-json\/wp\/v2\/pages"}],"about":[{"href":"https:\/\/hapmaastricht.nl\/it\/wp-json\/wp\/v2\/types\/page"}],"author":[{"embeddable":true,"href":"https:\/\/hapmaastricht.nl\/it\/wp-json\/wp\/v2\/users\/3"}],"replies":[{"embeddable":true,"href":"https:\/\/hapmaastricht.nl\/it\/wp-json\/wp\/v2\/comments?post=2011"}],"version-history":[{"count":1,"href":"https:\/\/hapmaastricht.nl\/it\/wp-json\/wp\/v2\/pages\/2011\/revisions"}],"predecessor-version":[{"id":9218,"href":"https:\/\/hapmaastricht.nl\/it\/wp-json\/wp\/v2\/pages\/2011\/revisions\/9218"}],"wp:attachment":[{"href":"https:\/\/hapmaastricht.nl\/it\/wp-json\/wp\/v2\/media?parent=2011"}],"curies":[{"name":"wp","href":"https:\/\/api.w.org\/{rel}","templated":true}]}}