{"id":2029,"date":"2023-04-28T09:42:59","date_gmt":"2023-04-28T07:42:59","guid":{"rendered":"https:\/\/multisite.mindd.dev\/hap-maastricht\/?page_id=2029"},"modified":"2026-02-11T09:58:17","modified_gmt":"2026-02-11T08:58:17","slug":"tariffe","status":"publish","type":"page","link":"https:\/\/hapmaastricht.nl\/it\/tariffe\/","title":{"rendered":"Prezzi"},"content":{"rendered":"\n<p>L&#8217;assistenza del medico di base \u00e8 assicurata tramite l&#8217;assicurazione di base. I costi per l&#8217;assistenza al medico di base non vengono addebitati alla franchigia. \u00c8 possibile che riceva una fattura da noi, perch\u00e9 non possiamo richiedere direttamente dal vostro assicuratore sanitario. Devi quindi pagare i costi a noi e richiedere un rimborso alla tua assicurazione sanitaria. Eventuali ulteriori esami richiesti dal medico di base e i farmaci prescritti sono reclamati da terzi e solitamente coperti dalla franchigia. <\/p>\n\n\n\n<p>Nei periodi di maggiore affluenza, collaboriamo con altre stazioni di emergenza del medico di base del Limburgo. Ecco perch\u00e9 \u00e8 possibile che tu riceva una fattura o una panoramica della dichiarazione da un altro Ufficio di Emergenza del Medico di Base di Limburgo. Per le tariffe di questo post, si prega di consultare il sito web del post in questione.<\/p>\n\n\n\n<h2 class=\"wp-block-heading\">Le nostre tariffe <\/h2>\n\n\n\n<p><em>Determinato dall&#8217;Autorit\u00e0 Sanitaria Olandese in euro:<\/em><\/p>\n\n\n\n<p><\/p>\n\n\n\n<div class=\"wp-block-columns is-layout-flex wp-container-core-columns-is-layout-9d6595d7 wp-block-columns-is-layout-flex\">\n<div class=\"wp-block-column is-layout-flow wp-block-column-is-layout-flow\">\n<h3 class=\"wp-block-heading h4\">Al 1\u00b0 gennaio 2025<\/h3>\n\n\n\n<p class=\"has-text-align-left\">Consulenza: \u20ac 189,21<\/p>\n\n\n\n<p>Visita: \u20ac 283,82<\/p>\n\n\n\n<p>Consulenza sul triage: <br>\u20ac35.00<\/p>\n<\/div>\n\n\n\n<div class=\"wp-block-column is-layout-flow wp-block-column-is-layout-flow\">\n<h3 class=\"wp-block-heading h4\">Al 1\u00b0 novembre 2025<\/h3>\n\n\n\n<p class=\"has-text-align-left\">Consulenza: \u20ac 172,04<\/p>\n\n\n\n<p>Visita: \u20ac 258,05<\/p>\n\n\n\n<p>Consulenza sul triage: <br>\u20ac35.00<\/p>\n<\/div>\n\n\n\n<div class=\"wp-block-column is-layout-flow wp-block-column-is-layout-flow\">\n<h3 class=\"wp-block-heading h4\">Aggiornato al 1\u00b0 gennaio 20256<\/h3>\n\n\n\n<p>Consulenza: \u20ac 183,75<\/p>\n\n\n\n<p>Visita: \u20ac 275,62<\/p>\n\n\n\n<p>Consulenza sul triage: <br>\u20ac35.00<\/p>\n<\/div>\n<\/div>\n\n\n\n<h2 class=\"wp-block-heading\">Paga tramite link di pagamento<\/h2>\n\n\n\n<p>Se non possiamo richiedere direttamente i costi della tua visita al Posto di Emergenza del Medico di Base dal tuo assicuratore, ti invieremo una richiesta di pagamento via SMS tramite Sendi. Questo SMS contiene un collegamento a un ambiente di pagamento affidabile. Questo rende il pagamento facile e sicuro tramite il tuo telefono cellulare.<\/p>\n\n\n\n<p><\/p>\n\n\n\n<h2 class=\"wp-block-heading\">Evita i costi di riscossione<\/h2>\n\n\n\n<p>Evita i costi di riscossione e assicurati di avere a portata di mano il tuo indirizzo e numero di telefono corretti quando contatti il posto del medico di base. Puoi anche inviarci i tuoi dati corretti dell&#8217;indirizzo via e-mail tramite&nbsp;<u><span style=\"text-decoration: underline\"><a href=\"mailto:admin@hapmaastricht.nl\">admin@hapmaastricht.nl<\/a><\/span><\/u>. Hai domande sulla tua fattura? Invia a&nbsp;<u><a href=\"mailto:admin@hapmaastricht.nl\">admin@hapmaastricht.nl<\/a><\/u>&nbsp;e menziona la fattura e il numero del debitore.<\/p>\n\n\n\n<p><strong>Attenzione!<\/strong><\/p>\n\n\n\n<p class=\"has-white-color has-vivid-red-background-color has-text-color has-background\">Se un paziente non si presenta alla visita, verr\u00e0 addebitata una consulenza di triage.<\/p>\n","protected":false},"excerpt":{"rendered":"<p>L&#8217;assistenza generale \u00e8 coperta dall&#8217;assicurazione di base. I costi dell&#8217;assistenza generale non sono a carico della franchigia. \u00c8 possibile che riceviate una fattura da noi perch\u00e9 non siamo in grado di richiederla direttamente alla vostra cassa malati. Dovrete quindi pagare i costi a noi e richiederli al vostro assicuratore sanitario. Eventuali esami supplementari richiesti dal medico e i farmaci prescritti vengono dichiarati da terzi e di solito sono deducibili. Le nostre tariffe stabilite dall&#8217;autorit\u00e0 sanitaria olandese in euro: gennaio 2023 Consultazione: 112,66\u20ac Visita: 168,99\u20ac Consulenza triage: 35,00\u20ac Da febbraio ad aprile 2023 Consulenza: 138,23\u20ac Visita: 207,35\u20ac [&#8230;]<\/p>\n","protected":false},"author":3,"featured_media":0,"parent":0,"menu_order":160,"comment_status":"closed","ping_status":"closed","template":"","meta":{"_acf_changed":false,"_trash_the_other_posts":false,"editor_notices":[],"footnotes":""},"class_list":["post-2029","page","type-page","status-publish","hentry"],"acf":[],"yoast_head":"<!-- This site is optimized with the Yoast SEO plugin v26.6 - https:\/\/yoast.com\/wordpress\/plugins\/seo\/ -->\n<title>Quanto costa una visita al pronto soccorso dei medici generici di Maastricht?<\/title>\n<meta name=\"description\" content=\"L&#039;assistenza generale \u00e8 coperta dall&#039;assicurazione di base. Queste sono le nostre tariffe, stabilite dall&#039;autorit\u00e0 sanitaria olandese.\" \/>\n<meta name=\"robots\" content=\"index, follow, max-snippet:-1, max-image-preview:large, max-video-preview:-1\" \/>\n<link rel=\"canonical\" href=\"https:\/\/hapmaastricht.nl\/it\/tariffe\/\" \/>\n<meta property=\"og:locale\" content=\"it_IT\" \/>\n<meta property=\"og:type\" content=\"article\" \/>\n<meta property=\"og:title\" content=\"Quanto costa una visita al pronto soccorso dei medici generici di Maastricht?\" \/>\n<meta property=\"og:description\" content=\"L&#039;assistenza generale \u00e8 coperta dall&#039;assicurazione di base. Queste sono le nostre tariffe, stabilite dall&#039;autorit\u00e0 sanitaria olandese.\" \/>\n<meta property=\"og:url\" content=\"https:\/\/hapmaastricht.nl\/it\/tariffe\/\" \/>\n<meta property=\"og:site_name\" content=\"Posto di emergenza GP Maastricht\" \/>\n<meta property=\"article:modified_time\" content=\"2026-02-11T08:58:17+00:00\" \/>\n<meta name=\"twitter:card\" content=\"summary_large_image\" \/>\n<meta name=\"twitter:label1\" content=\"Tempo di lettura stimato\" \/>\n\t<meta name=\"twitter:data1\" content=\"1 minuto\" \/>\n<script type=\"application\/ld+json\" class=\"yoast-schema-graph\">{\"@context\":\"https:\/\/schema.org\",\"@graph\":[{\"@type\":\"WebPage\",\"@id\":\"https:\/\/hapmaastricht.nl\/it\/tariffe\/\",\"url\":\"https:\/\/hapmaastricht.nl\/it\/tariffe\/\",\"name\":\"Quanto costa una visita al pronto soccorso dei medici generici di Maastricht?\",\"isPartOf\":{\"@id\":\"https:\/\/hapmaastricht.nl\/it\/#website\"},\"datePublished\":\"2023-04-28T07:42:59+00:00\",\"dateModified\":\"2026-02-11T08:58:17+00:00\",\"description\":\"L'assistenza generale \u00e8 coperta dall'assicurazione di base. Queste sono le nostre tariffe, stabilite dall'autorit\u00e0 sanitaria olandese.\",\"breadcrumb\":{\"@id\":\"https:\/\/hapmaastricht.nl\/it\/tariffe\/#breadcrumb\"},\"inLanguage\":\"it-IT\",\"potentialAction\":[{\"@type\":\"ReadAction\",\"target\":[\"https:\/\/hapmaastricht.nl\/it\/tariffe\/\"]}]},{\"@type\":\"BreadcrumbList\",\"@id\":\"https:\/\/hapmaastricht.nl\/it\/tariffe\/#breadcrumb\",\"itemListElement\":[{\"@type\":\"ListItem\",\"position\":1,\"name\":\"Home\",\"item\":\"https:\/\/hapmaastricht.nl\/it\/\"},{\"@type\":\"ListItem\",\"position\":2,\"name\":\"Tariffe\"}]},{\"@type\":\"WebSite\",\"@id\":\"https:\/\/hapmaastricht.nl\/it\/#website\",\"url\":\"https:\/\/hapmaastricht.nl\/it\/\",\"name\":\"Posto di emergenza GP Maastricht\",\"description\":\"\",\"potentialAction\":[{\"@type\":\"SearchAction\",\"target\":{\"@type\":\"EntryPoint\",\"urlTemplate\":\"https:\/\/hapmaastricht.nl\/it\/?s={search_term_string}\"},\"query-input\":{\"@type\":\"PropertyValueSpecification\",\"valueRequired\":true,\"valueName\":\"search_term_string\"}}],\"inLanguage\":\"it-IT\"}]}<\/script>\n<!-- \/ Yoast SEO plugin. -->","yoast_head_json":{"title":"Quanto costa una visita al pronto soccorso dei medici generici di Maastricht?","description":"L'assistenza generale \u00e8 coperta dall'assicurazione di base. Queste sono le nostre tariffe, stabilite dall'autorit\u00e0 sanitaria olandese.","robots":{"index":"index","follow":"follow","max-snippet":"max-snippet:-1","max-image-preview":"max-image-preview:large","max-video-preview":"max-video-preview:-1"},"canonical":"https:\/\/hapmaastricht.nl\/it\/tariffe\/","og_locale":"it_IT","og_type":"article","og_title":"Quanto costa una visita al pronto soccorso dei medici generici di Maastricht?","og_description":"L'assistenza generale \u00e8 coperta dall'assicurazione di base. Queste sono le nostre tariffe, stabilite dall'autorit\u00e0 sanitaria olandese.","og_url":"https:\/\/hapmaastricht.nl\/it\/tariffe\/","og_site_name":"Posto di emergenza GP Maastricht","article_modified_time":"2026-02-11T08:58:17+00:00","twitter_card":"summary_large_image","twitter_misc":{"Tempo di lettura stimato":"1 minuto"},"schema":{"@context":"https:\/\/schema.org","@graph":[{"@type":"WebPage","@id":"https:\/\/hapmaastricht.nl\/it\/tariffe\/","url":"https:\/\/hapmaastricht.nl\/it\/tariffe\/","name":"Quanto costa una visita al pronto soccorso dei medici generici di Maastricht?","isPartOf":{"@id":"https:\/\/hapmaastricht.nl\/it\/#website"},"datePublished":"2023-04-28T07:42:59+00:00","dateModified":"2026-02-11T08:58:17+00:00","description":"L'assistenza generale \u00e8 coperta dall'assicurazione di base. Queste sono le nostre tariffe, stabilite dall'autorit\u00e0 sanitaria olandese.","breadcrumb":{"@id":"https:\/\/hapmaastricht.nl\/it\/tariffe\/#breadcrumb"},"inLanguage":"it-IT","potentialAction":[{"@type":"ReadAction","target":["https:\/\/hapmaastricht.nl\/it\/tariffe\/"]}]},{"@type":"BreadcrumbList","@id":"https:\/\/hapmaastricht.nl\/it\/tariffe\/#breadcrumb","itemListElement":[{"@type":"ListItem","position":1,"name":"Home","item":"https:\/\/hapmaastricht.nl\/it\/"},{"@type":"ListItem","position":2,"name":"Tariffe"}]},{"@type":"WebSite","@id":"https:\/\/hapmaastricht.nl\/it\/#website","url":"https:\/\/hapmaastricht.nl\/it\/","name":"Posto di emergenza GP Maastricht","description":"","potentialAction":[{"@type":"SearchAction","target":{"@type":"EntryPoint","urlTemplate":"https:\/\/hapmaastricht.nl\/it\/?s={search_term_string}"},"query-input":{"@type":"PropertyValueSpecification","valueRequired":true,"valueName":"search_term_string"}}],"inLanguage":"it-IT"}]}},"_links":{"self":[{"href":"https:\/\/hapmaastricht.nl\/it\/wp-json\/wp\/v2\/pages\/2029","targetHints":{"allow":["GET"]}}],"collection":[{"href":"https:\/\/hapmaastricht.nl\/it\/wp-json\/wp\/v2\/pages"}],"about":[{"href":"https:\/\/hapmaastricht.nl\/it\/wp-json\/wp\/v2\/types\/page"}],"author":[{"embeddable":true,"href":"https:\/\/hapmaastricht.nl\/it\/wp-json\/wp\/v2\/users\/3"}],"replies":[{"embeddable":true,"href":"https:\/\/hapmaastricht.nl\/it\/wp-json\/wp\/v2\/comments?post=2029"}],"version-history":[{"count":9,"href":"https:\/\/hapmaastricht.nl\/it\/wp-json\/wp\/v2\/pages\/2029\/revisions"}],"predecessor-version":[{"id":9261,"href":"https:\/\/hapmaastricht.nl\/it\/wp-json\/wp\/v2\/pages\/2029\/revisions\/9261"}],"wp:attachment":[{"href":"https:\/\/hapmaastricht.nl\/it\/wp-json\/wp\/v2\/media?parent=2029"}],"curies":[{"name":"wp","href":"https:\/\/api.w.org\/{rel}","templated":true}]}}