{"id":2566,"date":"2023-05-31T16:50:19","date_gmt":"2023-05-31T14:50:19","guid":{"rendered":"https:\/\/multisite.mindd.dev\/hap-maastricht\/?page_id=2566"},"modified":"2025-07-10T09:54:05","modified_gmt":"2025-07-10T07:54:05","slug":"ambizione-di-visione","status":"publish","type":"page","link":"https:\/\/hapmaastricht.nl\/it\/ambizione-di-visione\/","title":{"rendered":"Visione e ambizione"},"content":{"rendered":"\n\n\n<h2 class=\"wp-block-heading\">Visione<\/h2>\n\n\n\n<p>La HMH Foundation vuole fornire una buona assistenza ai pazienti della regione e quindi facilita i medici di base in modo tale che l&#8217;Emergency Post fornisca cure di emergenza di alta qualit\u00e0, efficienti e sicure. Una buona gestione e supervisione sono condizioni importanti per una buona cura. Pertanto, l&#8217;Organismo di Vigilanza e il management operano secondo i principi del Codice di Autodisciplina della Sanit\u00e0 istituito a livello nazionale. L&#8217;SHMH attua la sua politica a partire dalla motivazione intrinseca del professionista. Insieme ai partner della catena, garantisce che l&#8217;assistenza ai pazienti avvenga in modo sicuro nel posto giusto, al momento giusto e dal giusto operatore sanitario.<\/p>\n\n\n\n<h2 class=\"wp-block-heading\">Ambizione<\/h2>\n\n\n\n<p>Ci sono colli di bottiglia nel settore sanitario su vari fronti e questo \u00e8 preoccupante. Nell&#8217;ambito della terapia intensiva, i campanelli d&#8217;allarme suonano da tempo e i colli di bottiglia stanno diventando visibili. La societ\u00e0 si sta occupando sempre pi\u00f9 di una cura (acuta) e gli stakeholder, sia all&#8217;interno che all&#8217;esterno dell&#8217;organizzazione, si stanno muovendo a modo loro. Questo porta alla vulnerabilit\u00e0 dell&#8217;organizzazione sanitaria con tutte le sue conseguenze. E&#8217; una vera sfida rispondere adeguatamente a questa situazione.<\/p>\n\n\n\n<p>La collaborazione nelle reti di assistenza per acuti \u00e8 necessaria per continuare a raggiungere e mantenere un&#8217;assistenza buona, efficiente ed efficace nella regione. Prendersi cura insieme \u00e8 necessario per far fronte ai ritmi frenetici della vita quotidiana. Si pensi all&#8217;elevata pressione del lavoro, all&#8217;aumento dei problemi complessi tra le persone vulnerabili, ai cambiamenti normativi e alla limitazione delle risorse e della manodopera. In particolare, il reclutamento e il mantenimento di personale sanitario motivato nella regione richiede un lavoro di squadra; La concorrenza \u00e8 dannosa per questo.<\/p>\n\n\n\n<p>La nostra ambizione \u00e8 continuare a fornire una buona assistenza e rispondere adeguatamente agli sviluppi che interessano l&#8217;assistenza ai medici di base acuti.<\/p>\n\n\n\n<p>La nostra ambizione \u00e8 quella di mantenere e rafforzare la fiducia degli utenti, dei pazienti, nella stazione di emergenza GP di Maastricht e Heuvelland.<\/p>\n\n\n\n<p>La nostra ambizione \u00e8 quella di mantenere e rafforzare l&#8217;entusiasmo e la passione dei professionisti (sanitari) coinvolti.<\/p>\n\n\n\n<p>La nostra ambizione \u00e8 quella di rendere la stazione di emergenza del medico di base una parte riconoscibile dell&#8217;assistenza sanitaria regionale e della rete regionale di fornitori di assistenza sanitaria.<\/p>\n\n\n\n<p>Usiamo lo slogan &#8220;<em>Prendersi cura insieme \u00e8 il nostro DNA&#8221;<\/em> per indicare la nostra direzione. La domanda &#8220;Perch\u00e9?&#8221; dovr\u00e0 essere posta sempre pi\u00f9 spesso. Perch\u00e9 lo facciamo in questo modo, perch\u00e9 non in modo diverso, perch\u00e9 non insieme? Dovremmo anche chiederci: &#8220;In cosa crediamo &#8211; insieme &#8211; pi\u00f9 spesso. Solo cos\u00ec potremo garantire insieme che ai pazienti della nostra regione venga fornita l&#8217;assistenza pi\u00f9 ottimale nel posto giusto, al momento giusto e dal giusto operatore sanitario.<\/p>\n","protected":false},"excerpt":{"rendered":"<p>Vision La Fondazione HMH vuole fornire una buona assistenza ai pazienti della regione e quindi agevola i medici di base in modo tale che l&#8217;assistenza generale di emergenza di alta qualit\u00e0, efficiente e sicura sia fornita dal General Practitioner Emergency Post. Una buona amministrazione e supervisione sono prerequisiti importanti per una buona assistenza. Ecco perch\u00e9 il Consiglio di Sorveglianza e il Consiglio di Amministrazione operano in conformit\u00e0 con i principi del Codice di governance sanitaria istituito a livello nazionale. L&#8217;SHMH attua la sua politica sulla base della motivazione intrinseca del professionista. Insieme ai partner della catena, garantisce che l&#8217;assistenza ai pazienti avvenga in sicurezza nel posto giusto, al momento giusto e dal giusto fornitore di assistenza sanitaria. Ambizione Su vari fronti [&#8230;]<\/p>\n","protected":false},"author":3,"featured_media":0,"parent":0,"menu_order":186,"comment_status":"closed","ping_status":"closed","template":"","meta":{"_acf_changed":false,"_trash_the_other_posts":false,"editor_notices":[],"footnotes":""},"class_list":["post-2566","page","type-page","status-publish","hentry"],"acf":[],"yoast_head":"<!-- This site is optimized with the Yoast SEO plugin v26.6 - https:\/\/yoast.com\/wordpress\/plugins\/seo\/ -->\n<title>Visione e ambizione - Posto di emergenza GP Maastricht<\/title>\n<meta name=\"robots\" content=\"index, follow, max-snippet:-1, max-image-preview:large, max-video-preview:-1\" \/>\n<link rel=\"canonical\" href=\"https:\/\/hapmaastricht.nl\/it\/visione-ambizione\/\" \/>\n<meta property=\"og:locale\" content=\"it_IT\" \/>\n<meta property=\"og:type\" content=\"article\" \/>\n<meta property=\"og:title\" content=\"Visione e ambizione - Posto di emergenza GP Maastricht\" \/>\n<meta property=\"og:description\" content=\"Vision La Fondazione HMH vuole fornire una buona assistenza ai pazienti della regione e quindi agevola i medici di base in modo tale che l&#039;assistenza generale di emergenza di alta qualit\u00e0, efficiente e sicura sia fornita dal General Practitioner Emergency Post. Una buona amministrazione e supervisione sono prerequisiti importanti per una buona assistenza. Ecco perch\u00e9 il Consiglio di Sorveglianza e il Consiglio di Amministrazione operano in conformit\u00e0 con i principi del Codice di governance sanitaria istituito a livello nazionale. L&#039;SHMH attua la sua politica sulla base della motivazione intrinseca del professionista. Insieme ai partner della catena, garantisce che l&#039;assistenza ai pazienti avvenga in sicurezza nel posto giusto, al momento giusto e dal giusto fornitore di assistenza sanitaria. Ambizione Su vari fronti [...]\" \/>\n<meta property=\"og:url\" content=\"https:\/\/hapmaastricht.nl\/it\/visione-ambizione\/\" \/>\n<meta property=\"og:site_name\" content=\"Posto di emergenza GP Maastricht\" \/>\n<meta property=\"article:modified_time\" content=\"2025-07-10T07:54:05+00:00\" \/>\n<meta name=\"twitter:card\" content=\"summary_large_image\" \/>\n<meta name=\"twitter:label1\" content=\"Tempo di lettura stimato\" \/>\n\t<meta name=\"twitter:data1\" content=\"3 minuti\" \/>\n<script type=\"application\/ld+json\" class=\"yoast-schema-graph\">{\"@context\":\"https:\/\/schema.org\",\"@graph\":[{\"@type\":\"WebPage\",\"@id\":\"https:\/\/hapmaastricht.nl\/it\/visione-ambizione\/\",\"url\":\"https:\/\/hapmaastricht.nl\/it\/visione-ambizione\/\",\"name\":\"Visione e ambizione - Posto di emergenza GP Maastricht\",\"isPartOf\":{\"@id\":\"https:\/\/hapmaastricht.nl\/it\/#website\"},\"datePublished\":\"2023-05-31T14:50:19+00:00\",\"dateModified\":\"2025-07-10T07:54:05+00:00\",\"breadcrumb\":{\"@id\":\"https:\/\/hapmaastricht.nl\/it\/visione-ambizione\/#breadcrumb\"},\"inLanguage\":\"it-IT\",\"potentialAction\":[{\"@type\":\"ReadAction\",\"target\":[\"https:\/\/hapmaastricht.nl\/it\/visione-ambizione\/\"]}]},{\"@type\":\"BreadcrumbList\",\"@id\":\"https:\/\/hapmaastricht.nl\/it\/visione-ambizione\/#breadcrumb\",\"itemListElement\":[{\"@type\":\"ListItem\",\"position\":1,\"name\":\"Home\",\"item\":\"https:\/\/hapmaastricht.nl\/it\/\"},{\"@type\":\"ListItem\",\"position\":2,\"name\":\"Visione e ambizione\"}]},{\"@type\":\"WebSite\",\"@id\":\"https:\/\/hapmaastricht.nl\/it\/#website\",\"url\":\"https:\/\/hapmaastricht.nl\/it\/\",\"name\":\"Posto di emergenza GP Maastricht\",\"description\":\"\",\"potentialAction\":[{\"@type\":\"SearchAction\",\"target\":{\"@type\":\"EntryPoint\",\"urlTemplate\":\"https:\/\/hapmaastricht.nl\/it\/?s={search_term_string}\"},\"query-input\":{\"@type\":\"PropertyValueSpecification\",\"valueRequired\":true,\"valueName\":\"search_term_string\"}}],\"inLanguage\":\"it-IT\"}]}<\/script>\n<!-- \/ Yoast SEO plugin. -->","yoast_head_json":{"title":"Visione e ambizione - Posto di emergenza GP Maastricht","robots":{"index":"index","follow":"follow","max-snippet":"max-snippet:-1","max-image-preview":"max-image-preview:large","max-video-preview":"max-video-preview:-1"},"canonical":"https:\/\/hapmaastricht.nl\/it\/visione-ambizione\/","og_locale":"it_IT","og_type":"article","og_title":"Visione e ambizione - Posto di emergenza GP Maastricht","og_description":"Vision La Fondazione HMH vuole fornire una buona assistenza ai pazienti della regione e quindi agevola i medici di base in modo tale che l'assistenza generale di emergenza di alta qualit\u00e0, efficiente e sicura sia fornita dal General Practitioner Emergency Post. Una buona amministrazione e supervisione sono prerequisiti importanti per una buona assistenza. Ecco perch\u00e9 il Consiglio di Sorveglianza e il Consiglio di Amministrazione operano in conformit\u00e0 con i principi del Codice di governance sanitaria istituito a livello nazionale. L'SHMH attua la sua politica sulla base della motivazione intrinseca del professionista. Insieme ai partner della catena, garantisce che l'assistenza ai pazienti avvenga in sicurezza nel posto giusto, al momento giusto e dal giusto fornitore di assistenza sanitaria. Ambizione Su vari fronti [...]","og_url":"https:\/\/hapmaastricht.nl\/it\/visione-ambizione\/","og_site_name":"Posto di emergenza GP Maastricht","article_modified_time":"2025-07-10T07:54:05+00:00","twitter_card":"summary_large_image","twitter_misc":{"Tempo di lettura stimato":"3 minuti"},"schema":{"@context":"https:\/\/schema.org","@graph":[{"@type":"WebPage","@id":"https:\/\/hapmaastricht.nl\/it\/visione-ambizione\/","url":"https:\/\/hapmaastricht.nl\/it\/visione-ambizione\/","name":"Visione e ambizione - Posto di emergenza GP Maastricht","isPartOf":{"@id":"https:\/\/hapmaastricht.nl\/it\/#website"},"datePublished":"2023-05-31T14:50:19+00:00","dateModified":"2025-07-10T07:54:05+00:00","breadcrumb":{"@id":"https:\/\/hapmaastricht.nl\/it\/visione-ambizione\/#breadcrumb"},"inLanguage":"it-IT","potentialAction":[{"@type":"ReadAction","target":["https:\/\/hapmaastricht.nl\/it\/visione-ambizione\/"]}]},{"@type":"BreadcrumbList","@id":"https:\/\/hapmaastricht.nl\/it\/visione-ambizione\/#breadcrumb","itemListElement":[{"@type":"ListItem","position":1,"name":"Home","item":"https:\/\/hapmaastricht.nl\/it\/"},{"@type":"ListItem","position":2,"name":"Visione e ambizione"}]},{"@type":"WebSite","@id":"https:\/\/hapmaastricht.nl\/it\/#website","url":"https:\/\/hapmaastricht.nl\/it\/","name":"Posto di emergenza GP Maastricht","description":"","potentialAction":[{"@type":"SearchAction","target":{"@type":"EntryPoint","urlTemplate":"https:\/\/hapmaastricht.nl\/it\/?s={search_term_string}"},"query-input":{"@type":"PropertyValueSpecification","valueRequired":true,"valueName":"search_term_string"}}],"inLanguage":"it-IT"}]}},"_links":{"self":[{"href":"https:\/\/hapmaastricht.nl\/it\/wp-json\/wp\/v2\/pages\/2566","targetHints":{"allow":["GET"]}}],"collection":[{"href":"https:\/\/hapmaastricht.nl\/it\/wp-json\/wp\/v2\/pages"}],"about":[{"href":"https:\/\/hapmaastricht.nl\/it\/wp-json\/wp\/v2\/types\/page"}],"author":[{"embeddable":true,"href":"https:\/\/hapmaastricht.nl\/it\/wp-json\/wp\/v2\/users\/3"}],"replies":[{"embeddable":true,"href":"https:\/\/hapmaastricht.nl\/it\/wp-json\/wp\/v2\/comments?post=2566"}],"version-history":[{"count":1,"href":"https:\/\/hapmaastricht.nl\/it\/wp-json\/wp\/v2\/pages\/2566\/revisions"}],"predecessor-version":[{"id":9184,"href":"https:\/\/hapmaastricht.nl\/it\/wp-json\/wp\/v2\/pages\/2566\/revisions\/9184"}],"wp:attachment":[{"href":"https:\/\/hapmaastricht.nl\/it\/wp-json\/wp\/v2\/media?parent=2566"}],"curies":[{"name":"wp","href":"https:\/\/api.w.org\/{rel}","templated":true}]}}