{"id":2570,"date":"2023-05-31T16:53:17","date_gmt":"2023-05-31T14:53:17","guid":{"rendered":"https:\/\/multisite.mindd.dev\/hap-maastricht\/?page_id=2570"},"modified":"2025-08-06T10:25:23","modified_gmt":"2025-08-06T08:25:23","slug":"posto-vacante","status":"publish","type":"page","link":"https:\/\/hapmaastricht.nl\/it\/posto-vacante\/","title":{"rendered":"Posti vacanti"},"content":{"rendered":"\n<p>Il Medico di Medicina Generale Emergency \u00e8 un&#8217;organizzazione qualificata NPA. Ci\u00f2 significa che formiamo noi stessi gli assistenti medici a diventare triagisti. Inoltre, siamo una societ\u00e0 di formazione riconosciuta per gli studenti che si stanno formando per diventare assistenti medici.<\/p>\n\n\n\n<p>Vogliamo rafforzare il team di assistenti medici\/infermieri di triage, sei interessato? Allora invia il tuo CV e la tua motivazione a&nbsp;<a href=\"mailto:info@hapmaastricht.nl\">info@hapmaastricht.nl<\/a>&nbsp;. Puoi anche venire a dare un&#8217;occhiata prima di candidarti, sei il benvenuto! <\/p>\n\n\n\n<p>Oppure guarda i video qui sotto, che ti daranno una buona impressione del lavoro dell&#8217;infermiere di triage presso la stazione di emergenza del medico di base<\/p>\n\n\n\n<h4 class=\"wp-block-heading\"><em>Cosa comporta lavorare alla Centrale di Emergenza GP?<\/em><\/h4>\n\n\n\n<h4 class=\"wp-block-heading\"><\/h4>\n\n\n\n<figure class=\"wp-block-embed is-type-video is-provider-youtube wp-block-embed-youtube wp-embed-aspect-16-9 wp-has-aspect-ratio\"><div class=\"wp-block-embed__wrapper\">https:\/\/youtu.be\/cLs787y_GSE<\/div><\/figure>\n\n\n\n<h4 class=\"wp-block-heading\"><\/h4>\n\n\n\n<figure class=\"wp-block-embed is-type-video is-provider-youtube wp-block-embed-youtube wp-embed-aspect-16-9 wp-has-aspect-ratio\"><div class=\"wp-block-embed__wrapper\">https:\/\/youtu.be\/9Qor6O31w68<\/div><\/figure>\n\n\n\n<p><\/p>\n\n\n\n<h4 class=\"wp-block-heading\"><\/h4>\n\n\n\n<figure class=\"wp-block-embed is-type-video is-provider-youtube wp-block-embed-youtube wp-embed-aspect-16-9 wp-has-aspect-ratio\"><div class=\"wp-block-embed__wrapper\">https:\/\/youtu.be\/0a7HLQlSS98<\/div><\/figure>\n\n\n\n<figure class=\"wp-block-embed is-type-video is-provider-youtube wp-block-embed-youtube wp-embed-aspect-16-9 wp-has-aspect-ratio\"><div class=\"wp-block-embed__wrapper\">https:\/\/youtu.be\/jpeoLKnBw98<\/div><\/figure>\n\n\n\n<h4 class=\"wp-block-heading\"><\/h4>\n\n\n\n<figure class=\"wp-block-embed is-type-video is-provider-youtube wp-block-embed-youtube wp-embed-aspect-16-9 wp-has-aspect-ratio\"><div class=\"wp-block-embed__wrapper\">https:\/\/youtu.be\/vzxKMLOOzfk<\/div><\/figure>\n\n\n\n<figure class=\"wp-block-embed is-type-video is-provider-youtube wp-block-embed-youtube wp-embed-aspect-16-9 wp-has-aspect-ratio\"><div class=\"wp-block-embed__wrapper\">https:\/\/youtu.be\/vBU7JtWwEsw<\/div><\/figure>\n","protected":false},"excerpt":{"rendered":"<p>Vogliamo rafforzare il team di assistenti\/triagisti medici, se sei interessato, invia il tuo curriculum e la tua motivazione a info@hapmaastricht.nl. Puoi anche venire a dare un&#8217;occhiata prima di candidarti, sei pi\u00f9 che benvenuto!<\/p>\n","protected":false},"author":3,"featured_media":0,"parent":0,"menu_order":167,"comment_status":"closed","ping_status":"closed","template":"page-full-width.php","meta":{"_acf_changed":false,"_trash_the_other_posts":false,"editor_notices":[],"footnotes":""},"class_list":["post-2570","page","type-page","status-publish","hentry"],"acf":[],"yoast_head":"<!-- This site is optimized with the Yoast SEO plugin v26.6 - https:\/\/yoast.com\/wordpress\/plugins\/seo\/ -->\n<title>Posti vacanti - Posto di emergenza GP Maastricht<\/title>\n<meta name=\"robots\" content=\"index, follow, max-snippet:-1, max-image-preview:large, max-video-preview:-1\" \/>\n<link rel=\"canonical\" href=\"https:\/\/hapmaastricht.nl\/it\/posto-vacante\/\" \/>\n<meta property=\"og:locale\" content=\"it_IT\" \/>\n<meta property=\"og:type\" content=\"article\" \/>\n<meta property=\"og:title\" content=\"Posti vacanti - Posto di emergenza GP Maastricht\" \/>\n<meta property=\"og:description\" content=\"Vogliamo rafforzare il team di assistenti\/triagisti medici, se sei interessato, invia il tuo curriculum e la tua motivazione a info@hapmaastricht.nl. Puoi anche venire a dare un&#039;occhiata prima di candidarti, sei pi\u00f9 che benvenuto!\" \/>\n<meta property=\"og:url\" content=\"https:\/\/hapmaastricht.nl\/it\/posto-vacante\/\" \/>\n<meta property=\"og:site_name\" content=\"Posto di emergenza GP Maastricht\" \/>\n<meta property=\"article:modified_time\" content=\"2025-08-06T08:25:23+00:00\" \/>\n<meta name=\"twitter:card\" content=\"summary_large_image\" \/>\n<meta name=\"twitter:label1\" content=\"Tempo di lettura stimato\" \/>\n\t<meta name=\"twitter:data1\" content=\"1 minuto\" \/>\n<script type=\"application\/ld+json\" class=\"yoast-schema-graph\">{\"@context\":\"https:\/\/schema.org\",\"@graph\":[{\"@type\":\"WebPage\",\"@id\":\"https:\/\/hapmaastricht.nl\/it\/posto-vacante\/\",\"url\":\"https:\/\/hapmaastricht.nl\/it\/posto-vacante\/\",\"name\":\"Posti vacanti - Posto di emergenza GP Maastricht\",\"isPartOf\":{\"@id\":\"https:\/\/hapmaastricht.nl\/it\/#website\"},\"datePublished\":\"2023-05-31T14:53:17+00:00\",\"dateModified\":\"2025-08-06T08:25:23+00:00\",\"breadcrumb\":{\"@id\":\"https:\/\/hapmaastricht.nl\/it\/posto-vacante\/#breadcrumb\"},\"inLanguage\":\"it-IT\",\"potentialAction\":[{\"@type\":\"ReadAction\",\"target\":[\"https:\/\/hapmaastricht.nl\/it\/posto-vacante\/\"]}]},{\"@type\":\"BreadcrumbList\",\"@id\":\"https:\/\/hapmaastricht.nl\/it\/posto-vacante\/#breadcrumb\",\"itemListElement\":[{\"@type\":\"ListItem\",\"position\":1,\"name\":\"Home\",\"item\":\"https:\/\/hapmaastricht.nl\/it\/\"},{\"@type\":\"ListItem\",\"position\":2,\"name\":\"Posti vacanti\"}]},{\"@type\":\"WebSite\",\"@id\":\"https:\/\/hapmaastricht.nl\/it\/#website\",\"url\":\"https:\/\/hapmaastricht.nl\/it\/\",\"name\":\"Posto di emergenza GP Maastricht\",\"description\":\"\",\"potentialAction\":[{\"@type\":\"SearchAction\",\"target\":{\"@type\":\"EntryPoint\",\"urlTemplate\":\"https:\/\/hapmaastricht.nl\/it\/?s={search_term_string}\"},\"query-input\":{\"@type\":\"PropertyValueSpecification\",\"valueRequired\":true,\"valueName\":\"search_term_string\"}}],\"inLanguage\":\"it-IT\"}]}<\/script>\n<!-- \/ Yoast SEO plugin. -->","yoast_head_json":{"title":"Posti vacanti - Posto di emergenza GP Maastricht","robots":{"index":"index","follow":"follow","max-snippet":"max-snippet:-1","max-image-preview":"max-image-preview:large","max-video-preview":"max-video-preview:-1"},"canonical":"https:\/\/hapmaastricht.nl\/it\/posto-vacante\/","og_locale":"it_IT","og_type":"article","og_title":"Posti vacanti - Posto di emergenza GP Maastricht","og_description":"Vogliamo rafforzare il team di assistenti\/triagisti medici, se sei interessato, invia il tuo curriculum e la tua motivazione a info@hapmaastricht.nl. Puoi anche venire a dare un'occhiata prima di candidarti, sei pi\u00f9 che benvenuto!","og_url":"https:\/\/hapmaastricht.nl\/it\/posto-vacante\/","og_site_name":"Posto di emergenza GP Maastricht","article_modified_time":"2025-08-06T08:25:23+00:00","twitter_card":"summary_large_image","twitter_misc":{"Tempo di lettura stimato":"1 minuto"},"schema":{"@context":"https:\/\/schema.org","@graph":[{"@type":"WebPage","@id":"https:\/\/hapmaastricht.nl\/it\/posto-vacante\/","url":"https:\/\/hapmaastricht.nl\/it\/posto-vacante\/","name":"Posti vacanti - Posto di emergenza GP Maastricht","isPartOf":{"@id":"https:\/\/hapmaastricht.nl\/it\/#website"},"datePublished":"2023-05-31T14:53:17+00:00","dateModified":"2025-08-06T08:25:23+00:00","breadcrumb":{"@id":"https:\/\/hapmaastricht.nl\/it\/posto-vacante\/#breadcrumb"},"inLanguage":"it-IT","potentialAction":[{"@type":"ReadAction","target":["https:\/\/hapmaastricht.nl\/it\/posto-vacante\/"]}]},{"@type":"BreadcrumbList","@id":"https:\/\/hapmaastricht.nl\/it\/posto-vacante\/#breadcrumb","itemListElement":[{"@type":"ListItem","position":1,"name":"Home","item":"https:\/\/hapmaastricht.nl\/it\/"},{"@type":"ListItem","position":2,"name":"Posti vacanti"}]},{"@type":"WebSite","@id":"https:\/\/hapmaastricht.nl\/it\/#website","url":"https:\/\/hapmaastricht.nl\/it\/","name":"Posto di emergenza GP Maastricht","description":"","potentialAction":[{"@type":"SearchAction","target":{"@type":"EntryPoint","urlTemplate":"https:\/\/hapmaastricht.nl\/it\/?s={search_term_string}"},"query-input":{"@type":"PropertyValueSpecification","valueRequired":true,"valueName":"search_term_string"}}],"inLanguage":"it-IT"}]}},"_links":{"self":[{"href":"https:\/\/hapmaastricht.nl\/it\/wp-json\/wp\/v2\/pages\/2570","targetHints":{"allow":["GET"]}}],"collection":[{"href":"https:\/\/hapmaastricht.nl\/it\/wp-json\/wp\/v2\/pages"}],"about":[{"href":"https:\/\/hapmaastricht.nl\/it\/wp-json\/wp\/v2\/types\/page"}],"author":[{"embeddable":true,"href":"https:\/\/hapmaastricht.nl\/it\/wp-json\/wp\/v2\/users\/3"}],"replies":[{"embeddable":true,"href":"https:\/\/hapmaastricht.nl\/it\/wp-json\/wp\/v2\/comments?post=2570"}],"version-history":[{"count":13,"href":"https:\/\/hapmaastricht.nl\/it\/wp-json\/wp\/v2\/pages\/2570\/revisions"}],"predecessor-version":[{"id":9237,"href":"https:\/\/hapmaastricht.nl\/it\/wp-json\/wp\/v2\/pages\/2570\/revisions\/9237"}],"wp:attachment":[{"href":"https:\/\/hapmaastricht.nl\/it\/wp-json\/wp\/v2\/media?parent=2570"}],"curies":[{"name":"wp","href":"https:\/\/api.w.org\/{rel}","templated":true}]}}