{"id":7026,"date":"2023-05-19T09:34:08","date_gmt":"2023-05-19T07:34:08","guid":{"rendered":"https:\/\/multisite.mindd.dev\/hap-maastricht\/studenten-en-expats\/"},"modified":"2025-07-10T09:55:48","modified_gmt":"2025-07-10T07:55:48","slug":"studenti-ed-espatriati","status":"publish","type":"page","link":"https:\/\/hapmaastricht.nl\/it\/studenti-ed-espatriati\/","title":{"rendered":"Studente o espatriato a Maastricht o nei dintorni?"},"content":{"rendered":"\n\n\n<h2 class=\"wp-block-heading\"><strong>Trova un medico vicino a te<\/strong><\/h2>\n\n\n\n<p>Se vieni a vivere\/studiare a Maastricht o nell&#8217;area circostante, registrati con un medico di base nella tua zona. Il medico di base ha tutti i tuoi dati medici.  Questo \u00e8 molto importante quando si valuta la richiesta di aiuto quando si contatta il nostro servizio medico di emergenza. La stazione di emergenza GP di Maastricht e Heuvelland \u00e8 disponibile solo per le emergenze al di fuori degli orari di apertura del medico di base.<\/p>\n\n\n\n<p>Cerca <a href=\"\/praktijken\">in questa pagina<\/a> un medico di base nella tua zona.<\/p>\n\n\n\n<h2 class=\"wp-block-heading\"><strong>Come funziona l&#8217;assistenza sanitaria nei Paesi Bassi?<\/strong><\/h2>\n\n\n\n<p>Il medico di base fa parte dell&#8217;assistenza sanitaria di base, motivo per cui devi registrarti con un medico di base nella tua zona. Per tutti i tuoi problemi di salute, sia fisici che psicologici, prima vai dal medico. Lui\/lei pu\u00f2 trattare la maggior parte dei problemi di salute. Se necessario, il medico di famiglia vi indirizzer\u00e0 a uno specialista dell&#8217;ospedale. Nei Paesi Bassi non \u00e8 consentito recarsi direttamente in ospedale (a meno che non si tratti di un&#8217;emergenza). Se \u00e8 necessario un trattamento da parte di uno specialista, \u00e8 necessario consultare prima un medico di base, che ti invier\u00e0 una lettera di rinvio. Non dimenticare di fare una fotocopia della lettera di rinvio per la tua compagnia di assicurazione sanitaria. Il medico di famiglia non sempre prescrive automaticamente i farmaci. In alcuni casi, il medico di famiglia effettua una visita a domicilio, ma queste consultazioni sono pi\u00f9 costose.<\/p>\n\n\n\n<p><\/p>\n\n\n\n<figure class=\"wp-block-embed is-type-video is-provider-youtube wp-block-embed-youtube wp-embed-aspect-16-9 wp-has-aspect-ratio\"><div class=\"wp-block-embed__wrapper\">https:\/\/www.youtube.com\/watch?v=Lz_mEKb3_as<\/div><\/figure>\n\n\n\n<p><\/p>\n\n\n\n<h2 class=\"wp-block-heading\">Se hai bisogno di assistenza medica urgente dopo l&#8217;orario di ufficio dal tuo medico di famiglia<\/h2>\n\n\n\n<p>I medici generici di Maastricht e dintorni si dividono i compiti dopo l&#8217;orario di lavoro. Se hai urgente bisogno dell&#8217;aiuto di un medico di base di notte, nei fine settimana o nei giorni festivi, puoi contattare la stazione di emergenza GP di Maastricht e Heuvelland. Per assicurarti che il tuo reclamo sia davvero urgente, controlla prima <a href=\"\/\">lo strumento di auto-triage<\/a>.<\/p>\n\n\n\n<p>Se ti viene consigliato di contattarci, chiama il numero +31 43 7500 123 e tieni a portata di mano i tuoi dati personali durante la chiamata. L&#8217;assistente del medico chieder\u00e0 le seguenti informazioni:<\/p>\n\n\n\n<ul class=\"wp-block-list\">\n<li>il tuo nome, indirizzo, data di nascita e un numero di telefono dove puoi essere contattato,<\/li>\n\n\n\n<li>informazioni sulla vostra assicurazione sanitaria,<\/li>\n\n\n\n<li>identificazione personale,<\/li>\n\n\n\n<li>I nomi di tutti i farmaci che usi.<\/li>\n<\/ul>\n\n\n\n<h3 class=\"wp-block-heading h2\">Porta a un appuntamento presso il Posto di Emergenza GP:<\/h3>\n\n\n\n<ul class=\"wp-block-list\">\n<li>identificazione personale,<\/li>\n\n\n\n<li>dettagli sulla vostra assicurazione sanitaria,<\/li>\n\n\n\n<li>pagamento (contanti, carta di credito o bancomat). Se paghi in contanti, riceverai una ricevuta.<\/li>\n<\/ul>\n\n\n\n<h2 class=\"wp-block-heading\"><strong>Assicurazione malattia<\/strong><\/h2>\n\n\n\n<p>Non dimenticare di portare con te i documenti dell&#8217;assicurazione quando visiti la nostra stazione di emergenza GP. Se non si dispone di un&#8217;assicurazione sanitaria olandese, \u00e8 necessario pagare in contanti allo sportello. Se paghi in contanti, riceverai una ricevuta. Questi costi possono essere richiesti alla propria assicurazione sanitaria.<\/p>\n","protected":false},"excerpt":{"rendered":"<p>Trova un medico vicino a te Se vieni a vivere\/studiare a Maastricht o nei dintorni, iscriviti con un medico vicino a te. Il medico dispone di tutte le tue informazioni mediche. Questo \u00e8 molto importante per valutare la tua richiesta di aiuto quando contatti il nostro servizio di assistenza medica. Il posto di emergenza dei medici generici di Maastricht e Heuvelland \u00e8 disponibile solo per le emergenze al di fuori degli orari di apertura del medico di base. Trova il medico pi\u00f9 vicino a te in questa pagina. Come funziona l&#8217;assistenza sanitaria nei Paesi Bassi? Il medico \u00e8 un fornitore di assistenza sanitaria di base, motivo per cui \u00e8 necessario registrarsi presso un [&#8230;]<\/p>\n","protected":false},"author":3,"featured_media":0,"parent":0,"menu_order":145,"comment_status":"closed","ping_status":"closed","template":"","meta":{"_acf_changed":false,"_trash_the_other_posts":false,"editor_notices":[],"footnotes":""},"class_list":["post-7026","page","type-page","status-publish","hentry"],"acf":[],"yoast_head":"<!-- This site is optimized with the Yoast SEO plugin v26.6 - https:\/\/yoast.com\/wordpress\/plugins\/seo\/ -->\n<title>Studente o espatriato a Maastricht o nei dintorni? - Posto di emergenza GP Maastricht<\/title>\n<meta name=\"robots\" content=\"index, follow, max-snippet:-1, max-image-preview:large, max-video-preview:-1\" \/>\n<link rel=\"canonical\" href=\"https:\/\/hapmaastricht.nl\/it\/studenti-ed-espatriati\/\" \/>\n<meta property=\"og:locale\" content=\"it_IT\" \/>\n<meta property=\"og:type\" content=\"article\" \/>\n<meta property=\"og:title\" content=\"Studente o espatriato a Maastricht o nei dintorni? - Posto di emergenza GP Maastricht\" \/>\n<meta property=\"og:description\" content=\"Trova un medico vicino a te Se vieni a vivere\/studiare a Maastricht o nei dintorni, iscriviti con un medico vicino a te. Il medico dispone di tutte le tue informazioni mediche. Questo \u00e8 molto importante per valutare la tua richiesta di aiuto quando contatti il nostro servizio di assistenza medica. Il posto di emergenza dei medici generici di Maastricht e Heuvelland \u00e8 disponibile solo per le emergenze al di fuori degli orari di apertura del medico di base. Trova il medico pi\u00f9 vicino a te in questa pagina. Come funziona l&#039;assistenza sanitaria nei Paesi Bassi? Il medico \u00e8 un fornitore di assistenza sanitaria di base, motivo per cui \u00e8 necessario registrarsi presso un [...]\" \/>\n<meta property=\"og:url\" content=\"https:\/\/hapmaastricht.nl\/it\/studenti-ed-espatriati\/\" \/>\n<meta property=\"og:site_name\" content=\"Posto di emergenza GP Maastricht\" \/>\n<meta property=\"article:modified_time\" content=\"2025-07-10T07:55:48+00:00\" \/>\n<meta name=\"twitter:card\" content=\"summary_large_image\" \/>\n<meta name=\"twitter:label1\" content=\"Tempo di lettura stimato\" \/>\n\t<meta name=\"twitter:data1\" content=\"3 minuti\" \/>\n<script type=\"application\/ld+json\" class=\"yoast-schema-graph\">{\"@context\":\"https:\/\/schema.org\",\"@graph\":[{\"@type\":\"WebPage\",\"@id\":\"https:\/\/hapmaastricht.nl\/it\/studenti-ed-espatriati\/\",\"url\":\"https:\/\/hapmaastricht.nl\/it\/studenti-ed-espatriati\/\",\"name\":\"Studente o espatriato a Maastricht o nei dintorni? - Posto di emergenza GP Maastricht\",\"isPartOf\":{\"@id\":\"https:\/\/hapmaastricht.nl\/it\/#website\"},\"datePublished\":\"2023-05-19T07:34:08+00:00\",\"dateModified\":\"2025-07-10T07:55:48+00:00\",\"breadcrumb\":{\"@id\":\"https:\/\/hapmaastricht.nl\/it\/studenti-ed-espatriati\/#breadcrumb\"},\"inLanguage\":\"it-IT\",\"potentialAction\":[{\"@type\":\"ReadAction\",\"target\":[\"https:\/\/hapmaastricht.nl\/it\/studenti-ed-espatriati\/\"]}]},{\"@type\":\"BreadcrumbList\",\"@id\":\"https:\/\/hapmaastricht.nl\/it\/studenti-ed-espatriati\/#breadcrumb\",\"itemListElement\":[{\"@type\":\"ListItem\",\"position\":1,\"name\":\"Home\",\"item\":\"https:\/\/hapmaastricht.nl\/it\/\"},{\"@type\":\"ListItem\",\"position\":2,\"name\":\"Studente o espatriato a Maastricht o nei dintorni?\"}]},{\"@type\":\"WebSite\",\"@id\":\"https:\/\/hapmaastricht.nl\/it\/#website\",\"url\":\"https:\/\/hapmaastricht.nl\/it\/\",\"name\":\"Posto di emergenza GP Maastricht\",\"description\":\"\",\"potentialAction\":[{\"@type\":\"SearchAction\",\"target\":{\"@type\":\"EntryPoint\",\"urlTemplate\":\"https:\/\/hapmaastricht.nl\/it\/?s={search_term_string}\"},\"query-input\":{\"@type\":\"PropertyValueSpecification\",\"valueRequired\":true,\"valueName\":\"search_term_string\"}}],\"inLanguage\":\"it-IT\"}]}<\/script>\n<!-- \/ Yoast SEO plugin. -->","yoast_head_json":{"title":"Studente o espatriato a Maastricht o nei dintorni? - Posto di emergenza GP Maastricht","robots":{"index":"index","follow":"follow","max-snippet":"max-snippet:-1","max-image-preview":"max-image-preview:large","max-video-preview":"max-video-preview:-1"},"canonical":"https:\/\/hapmaastricht.nl\/it\/studenti-ed-espatriati\/","og_locale":"it_IT","og_type":"article","og_title":"Studente o espatriato a Maastricht o nei dintorni? - Posto di emergenza GP Maastricht","og_description":"Trova un medico vicino a te Se vieni a vivere\/studiare a Maastricht o nei dintorni, iscriviti con un medico vicino a te. Il medico dispone di tutte le tue informazioni mediche. Questo \u00e8 molto importante per valutare la tua richiesta di aiuto quando contatti il nostro servizio di assistenza medica. Il posto di emergenza dei medici generici di Maastricht e Heuvelland \u00e8 disponibile solo per le emergenze al di fuori degli orari di apertura del medico di base. Trova il medico pi\u00f9 vicino a te in questa pagina. Come funziona l'assistenza sanitaria nei Paesi Bassi? Il medico \u00e8 un fornitore di assistenza sanitaria di base, motivo per cui \u00e8 necessario registrarsi presso un [...]","og_url":"https:\/\/hapmaastricht.nl\/it\/studenti-ed-espatriati\/","og_site_name":"Posto di emergenza GP Maastricht","article_modified_time":"2025-07-10T07:55:48+00:00","twitter_card":"summary_large_image","twitter_misc":{"Tempo di lettura stimato":"3 minuti"},"schema":{"@context":"https:\/\/schema.org","@graph":[{"@type":"WebPage","@id":"https:\/\/hapmaastricht.nl\/it\/studenti-ed-espatriati\/","url":"https:\/\/hapmaastricht.nl\/it\/studenti-ed-espatriati\/","name":"Studente o espatriato a Maastricht o nei dintorni? - Posto di emergenza GP Maastricht","isPartOf":{"@id":"https:\/\/hapmaastricht.nl\/it\/#website"},"datePublished":"2023-05-19T07:34:08+00:00","dateModified":"2025-07-10T07:55:48+00:00","breadcrumb":{"@id":"https:\/\/hapmaastricht.nl\/it\/studenti-ed-espatriati\/#breadcrumb"},"inLanguage":"it-IT","potentialAction":[{"@type":"ReadAction","target":["https:\/\/hapmaastricht.nl\/it\/studenti-ed-espatriati\/"]}]},{"@type":"BreadcrumbList","@id":"https:\/\/hapmaastricht.nl\/it\/studenti-ed-espatriati\/#breadcrumb","itemListElement":[{"@type":"ListItem","position":1,"name":"Home","item":"https:\/\/hapmaastricht.nl\/it\/"},{"@type":"ListItem","position":2,"name":"Studente o espatriato a Maastricht o nei dintorni?"}]},{"@type":"WebSite","@id":"https:\/\/hapmaastricht.nl\/it\/#website","url":"https:\/\/hapmaastricht.nl\/it\/","name":"Posto di emergenza GP Maastricht","description":"","potentialAction":[{"@type":"SearchAction","target":{"@type":"EntryPoint","urlTemplate":"https:\/\/hapmaastricht.nl\/it\/?s={search_term_string}"},"query-input":{"@type":"PropertyValueSpecification","valueRequired":true,"valueName":"search_term_string"}}],"inLanguage":"it-IT"}]}},"_links":{"self":[{"href":"https:\/\/hapmaastricht.nl\/it\/wp-json\/wp\/v2\/pages\/7026","targetHints":{"allow":["GET"]}}],"collection":[{"href":"https:\/\/hapmaastricht.nl\/it\/wp-json\/wp\/v2\/pages"}],"about":[{"href":"https:\/\/hapmaastricht.nl\/it\/wp-json\/wp\/v2\/types\/page"}],"author":[{"embeddable":true,"href":"https:\/\/hapmaastricht.nl\/it\/wp-json\/wp\/v2\/users\/3"}],"replies":[{"embeddable":true,"href":"https:\/\/hapmaastricht.nl\/it\/wp-json\/wp\/v2\/comments?post=7026"}],"version-history":[{"count":2,"href":"https:\/\/hapmaastricht.nl\/it\/wp-json\/wp\/v2\/pages\/7026\/revisions"}],"predecessor-version":[{"id":9244,"href":"https:\/\/hapmaastricht.nl\/it\/wp-json\/wp\/v2\/pages\/7026\/revisions\/9244"}],"wp:attachment":[{"href":"https:\/\/hapmaastricht.nl\/it\/wp-json\/wp\/v2\/media?parent=7026"}],"curies":[{"name":"wp","href":"https:\/\/api.w.org\/{rel}","templated":true}]}}