{"id":2011,"date":"2023-04-28T09:18:09","date_gmt":"2023-04-28T07:18:09","guid":{"rendered":"https:\/\/multisite.mindd.dev\/hap-maastricht\/?page_id=2011"},"modified":"2025-07-10T09:57:12","modified_gmt":"2025-07-10T07:57:12","slug":"procedura","status":"publish","type":"page","link":"https:\/\/hapmaastricht.nl\/pl\/procedura\/","title":{"rendered":"Procedura"},"content":{"rendered":"\n\n\n<h2 class=\"wp-block-heading\"><strong>Najpierw dowiedz si\u0119, czy musisz natychmiast uda\u0107 si\u0119 do lekarza ze swoj\u0105 dolegliwo\u015bci\u0105<\/strong><\/h2>\n\n\n\n<p>Wa\u017cne jest, aby dzwoni\u0107 do nas tylko wtedy, gdy skarga jest pilna. Aby si\u0119 tego dowiedzie\u0107, radzimy wype\u0142ni\u0107 kwestionariusz &#8222;Czy musz\u0119 i\u015b\u0107 do lekarza?&#8221; na <a href=\"\/\">naszej stronie g\u0142\u00f3wnej<\/a> . W ci\u0105gu 1 minuty mo\u017cesz sam oceni\u0107, czy Twoja skarga jest pilna. Mo\u017ce si\u0119 zdarzy\u0107, \u017ce Twoja skarga nie jest pilna i zaleca si\u0119 skontaktowanie si\u0119 z lekarzem rodzinnym w godzinach pracy. W niekt\u00f3rych przypadkach otrzymasz porad\u0119, co mo\u017cesz zrobi\u0107 sam, aby zmniejszy\u0107 objawy.<\/p>\n\n\n\n<p><strong>OSTRO\u017bNO\u015a\u0106!<\/strong> Kontaktuj\u0105c si\u0119 ze stacj\u0105 pogotowia ratunkowego lekarza rodzinnego, nale\u017cy zachowa\u0107 dow\u00f3d to\u017csamo\u015bci z numerem BSN, kart\u0119 ubezpieczeniow\u0105 oraz aktualny przegl\u0105d stosowanych lek\u00f3w.<\/p>\n\n\n\n<h2 class=\"wp-block-heading\">Przez telefon<\/h2>\n\n\n\n<p>Triagista, czyli specjalnie przeszkolony asystent lekarza, zapyta Ci\u0119 o te dane osobowe i charakter Twoich skarg. Nazywa si\u0119 to klasyfikacj\u0105. Na podstawie tej rozmowy triagista (triagi\u015bci) okre\u015bla, czy:<\/p>\n\n\n\n<ul class=\"wp-block-list\">\n<li>otrzymujesz porady dotycz\u0105ce samoopieki,<\/li>\n\n\n\n<li>masz um\u00f3wion\u0105 konsultacj\u0119 telefoniczn\u0105,<\/li>\n\n\n\n<li>musisz&nbsp;przyj\u015b\u0107 do Stacji Ratunkowej Lekarza Rodzinnego w celu um\u00f3wienia si\u0119 na wizyt\u0119,<\/li>\n\n\n\n<li>do Twojego domu przyje\u017cd\u017ca lekarz pierwszego kontaktu,<\/li>\n\n\n\n<li>Zostaniesz skierowany do innego lekarza \u015bwiadcz\u0105cego opiek\u0119 dora\u017an\u0105, takiego jak dentysta lub specjalista w szpitalu.<\/li>\n<\/ul>\n\n\n\n<p>Mo\u017cliwe, \u017ce najpierw skontaktujesz si\u0119 telefonicznie z piel\u0119gniark\u0105 przed tria\u017cem. Pracownik ten szybko ocenia powag\u0119 Twojego wniosku o opiek\u0119. Je\u015bli szybko potrzebujesz pomocy, natychmiast oddzwoni do Ciebie triagin. Je\u015bli pomoc nie b\u0119dzie potrzebna natychmiast, zostaniesz wezwany z powrotem w p\u00f3\u017aniejszym czasie. W ten spos\u00f3b punkt ratunkowy lekarza rodzinnego pozostaje \u0142atwo dost\u0119pny, a wszyscy pacjenci maj\u0105 szybki kontakt z opiekunem.<\/p>\n\n\n\n<h2 class=\"wp-block-heading\">Konsultacja telefoniczna<\/h2>\n\n\n\n<p>W niekt\u00f3rych przypadkach mo\u017cemy zapewni\u0107 opiek\u0119 na odleg\u0142o\u015b\u0107 z interwencj\u0105 lekarza pierwszego kontaktu. Odbywa si\u0119 to telefonicznie. Jest to mo\u017cliwe dzi\u0119ki cyfryzacji opieki. Pomy\u015bl o pacjencie, kt\u00f3ry przesy\u0142a zdj\u0119cie, ocenia je przez lekarza rodzinnego, a nast\u0119pnie uzyskuje porad\u0119 dotycz\u0105c\u0105 leczenia. Mo\u017cliwe jest r\u00f3wnie\u017c, \u017ce masz kontakt za po\u015brednictwem wideorozmowy. Nie zawsze musi by\u0107 fizyczny kontakt z lekarzem pierwszego kontaktu. Za t\u0119 &#8222;konsultacj\u0119 zdaln\u0105&#8221; pobierana jest taka sama <a href=\"\/tarieven\">stawka<\/a> , jak za konsultacj\u0119 w Stacji Ratunkowej Lekarza Rodzinnego.<\/p>\n\n\n\n<h2 class=\"wp-block-heading\">Konsultacja w Stacji Ratunkowej Lekarza Rodzinnego<\/h2>\n\n\n\n<p>Je\u015bli masz um\u00f3wiony termin przyjazdu do Stacji Ratunkowej Lekarza Pierwszego Kontaktu, prosimy o&nbsp;stawienie si\u0119 o um\u00f3wionej godzinie. Otrzymasz pomoc w gabinecie zabiegowym lub w gabinecie lekarskim. Zale\u017cy to od rodzaju pro\u015bby o pomoc, z kt\u00f3rej korzystasz. Obie izby maj\u0105 odr\u0119bne godziny konsultacji. Mo\u017ce si\u0119 zdarzy\u0107, \u017ce pacjent, kt\u00f3ry przyszed\u0142 p\u00f3\u017aniej, jest leczony wcze\u015bniej i trzeba b\u0119dzie czeka\u0107.<\/p>\n\n\n\n<p>Lekarz rodzinny pe\u0142ni\u0105cy dy\u017cur zbada Ci\u0119 i udzieli Ci porady medycznej i\/lub wyleczy i\/lub skieruje Ci\u0119 na dalsze badania. W takim przypadku zostaniesz poproszony o oczekiwanie na wyniki bada\u0144. Na podstawie wynik\u00f3w lekarz okre\u015bli, jakie dalsze leczenie jest potrzebne.<\/p>\n\n\n\n<p>Je\u015bli leki zosta\u0142y przepisane, mo\u017cna je odebra\u0107 w dy\u017curnej aptece (patrz r\u00f3wnie\u017c w sekcji <a href=\"\/apotheken\/apotheek-maastricht-umc\/\">Apteka<\/a>).<\/p>\n\n\n\n<h2 class=\"wp-block-heading\">Lekarz rodzinny przyjedzie do Twojego domu na wizyt\u0119<\/h2>\n\n\n\n<p>Aby jak najlepiej poinformowa\u0107 lekarza rodzinnego podczas wizyty, wa\u017cne jest, aby gotowy by\u0142 aktualny przegl\u0105d przyjmowanych lek\u00f3w.<\/p>\n\n\n\n<h2 class=\"wp-block-heading\">Po kontakcie ze Stacj\u0105 Pogotowia Ratunkowego Lekarza Rodzinnego<\/h2>\n\n\n\n<p>Podsumowanie kontaktu lub wizyty zostanie wys\u0142ane do Twojego lekarza rodzinnego. W ten spos\u00f3b Tw\u00f3j lekarz rodzinny dok\u0142adnie wie, z jak\u0105 pro\u015bb\u0105 o pomoc kontaktowa\u0142e\u015b si\u0119 z punktem ratunkowym lekarza rodzinnego i co zosta\u0142o zrobione w odpowiedzi na to. Wi\u0119cej informacji na ten temat mo\u017cna znale\u017a\u0107 w <a href=\"\/privacy\">polityce prywatno\u015bci<\/a>.<\/p>\n","protected":false},"excerpt":{"rendered":"<p>Najpierw dowiedz si\u0119, czy musisz natychmiast uda\u0107 si\u0119 do lekarza ze skarg\u0105. Wa\u017cne jest, aby\u015b do nas zadzwoni\u0142 tylko wtedy, gdy Twoja skarga jest pilna. Aby si\u0119 tego dowiedzie\u0107, zalecamy wype\u0142nienie kwestionariusza \u201eCzy powinienem i\u015b\u0107 do lekarza\u201d na naszej stronie g\u0142\u00f3wnej. W ci\u0105gu 1 minuty mo\u017cesz sam oceni\u0107, czy Twoja skarga jest pilna. Mo\u017cliwe, \u017ce Twoja skarga nie jest pilna i zaleca si\u0119 wezwanie w\u0142asnego lekarza w godzinach pracy. W niekt\u00f3rych przypadkach otrzymasz porady, co mo\u017cesz zrobi\u0107 samodzielnie, aby zmniejszy\u0107 objawy. [&#8230;]<\/p>\n","protected":false},"author":3,"featured_media":0,"parent":0,"menu_order":187,"comment_status":"closed","ping_status":"closed","template":"","meta":{"_acf_changed":false,"_trash_the_other_posts":false,"editor_notices":[],"footnotes":""},"class_list":["post-2011","page","type-page","status-publish","hentry"],"acf":[],"yoast_head":"<!-- This site is optimized with the Yoast SEO plugin v26.6 - https:\/\/yoast.com\/wordpress\/plugins\/seo\/ -->\n<title>Procedura - Poczta ratunkowa lekarza rodzinnego Maastricht<\/title>\n<meta name=\"robots\" content=\"index, follow, max-snippet:-1, max-image-preview:large, max-video-preview:-1\" \/>\n<link rel=\"canonical\" href=\"https:\/\/hapmaastricht.nl\/pl\/proces\/\" \/>\n<meta property=\"og:locale\" content=\"pl_PL\" \/>\n<meta property=\"og:type\" content=\"article\" \/>\n<meta property=\"og:title\" content=\"Procedura - Poczta ratunkowa lekarza rodzinnego Maastricht\" \/>\n<meta property=\"og:description\" content=\"Najpierw dowiedz si\u0119, czy musisz natychmiast uda\u0107 si\u0119 do lekarza ze skarg\u0105. Wa\u017cne jest, aby\u015b do nas zadzwoni\u0142 tylko wtedy, gdy Twoja skarga jest pilna. Aby si\u0119 tego dowiedzie\u0107, zalecamy wype\u0142nienie kwestionariusza \u201eCzy powinienem i\u015b\u0107 do lekarza\u201d na naszej stronie g\u0142\u00f3wnej. W ci\u0105gu 1 minuty mo\u017cesz sam oceni\u0107, czy Twoja skarga jest pilna. Mo\u017cliwe, \u017ce Twoja skarga nie jest pilna i zaleca si\u0119 wezwanie w\u0142asnego lekarza w godzinach pracy. W niekt\u00f3rych przypadkach otrzymasz porady, co mo\u017cesz zrobi\u0107 samodzielnie, aby zmniejszy\u0107 objawy. [...]\" \/>\n<meta property=\"og:url\" content=\"https:\/\/hapmaastricht.nl\/pl\/proces\/\" \/>\n<meta property=\"og:site_name\" content=\"Poczta ratunkowa lekarza rodzinnego Maastricht\" \/>\n<meta property=\"article:modified_time\" content=\"2025-07-10T07:57:12+00:00\" \/>\n<meta name=\"twitter:card\" content=\"summary_large_image\" \/>\n<meta name=\"twitter:label1\" content=\"Szacowany czas czytania\" \/>\n\t<meta name=\"twitter:data1\" content=\"3 minuty\" \/>\n<script type=\"application\/ld+json\" class=\"yoast-schema-graph\">{\"@context\":\"https:\/\/schema.org\",\"@graph\":[{\"@type\":\"WebPage\",\"@id\":\"https:\/\/hapmaastricht.nl\/pl\/proces\/\",\"url\":\"https:\/\/hapmaastricht.nl\/pl\/proces\/\",\"name\":\"Procedura - Poczta ratunkowa lekarza rodzinnego Maastricht\",\"isPartOf\":{\"@id\":\"https:\/\/hapmaastricht.nl\/pl\/#website\"},\"datePublished\":\"2023-04-28T07:18:09+00:00\",\"dateModified\":\"2025-07-10T07:57:12+00:00\",\"breadcrumb\":{\"@id\":\"https:\/\/hapmaastricht.nl\/pl\/proces\/#breadcrumb\"},\"inLanguage\":\"pl-PL\",\"potentialAction\":[{\"@type\":\"ReadAction\",\"target\":[\"https:\/\/hapmaastricht.nl\/pl\/proces\/\"]}]},{\"@type\":\"BreadcrumbList\",\"@id\":\"https:\/\/hapmaastricht.nl\/pl\/proces\/#breadcrumb\",\"itemListElement\":[{\"@type\":\"ListItem\",\"position\":1,\"name\":\"Home\",\"item\":\"https:\/\/hapmaastricht.nl\/pl\/\"},{\"@type\":\"ListItem\",\"position\":2,\"name\":\"Metoda pracy\"}]},{\"@type\":\"WebSite\",\"@id\":\"https:\/\/hapmaastricht.nl\/pl\/#website\",\"url\":\"https:\/\/hapmaastricht.nl\/pl\/\",\"name\":\"Poczta ratunkowa lekarza rodzinnego Maastricht\",\"description\":\"\",\"potentialAction\":[{\"@type\":\"SearchAction\",\"target\":{\"@type\":\"EntryPoint\",\"urlTemplate\":\"https:\/\/hapmaastricht.nl\/pl\/?s={search_term_string}\"},\"query-input\":{\"@type\":\"PropertyValueSpecification\",\"valueRequired\":true,\"valueName\":\"search_term_string\"}}],\"inLanguage\":\"pl-PL\"}]}<\/script>\n<!-- \/ Yoast SEO plugin. -->","yoast_head_json":{"title":"Procedura - Poczta ratunkowa lekarza rodzinnego Maastricht","robots":{"index":"index","follow":"follow","max-snippet":"max-snippet:-1","max-image-preview":"max-image-preview:large","max-video-preview":"max-video-preview:-1"},"canonical":"https:\/\/hapmaastricht.nl\/pl\/proces\/","og_locale":"pl_PL","og_type":"article","og_title":"Procedura - Poczta ratunkowa lekarza rodzinnego Maastricht","og_description":"Najpierw dowiedz si\u0119, czy musisz natychmiast uda\u0107 si\u0119 do lekarza ze skarg\u0105. Wa\u017cne jest, aby\u015b do nas zadzwoni\u0142 tylko wtedy, gdy Twoja skarga jest pilna. Aby si\u0119 tego dowiedzie\u0107, zalecamy wype\u0142nienie kwestionariusza \u201eCzy powinienem i\u015b\u0107 do lekarza\u201d na naszej stronie g\u0142\u00f3wnej. W ci\u0105gu 1 minuty mo\u017cesz sam oceni\u0107, czy Twoja skarga jest pilna. Mo\u017cliwe, \u017ce Twoja skarga nie jest pilna i zaleca si\u0119 wezwanie w\u0142asnego lekarza w godzinach pracy. W niekt\u00f3rych przypadkach otrzymasz porady, co mo\u017cesz zrobi\u0107 samodzielnie, aby zmniejszy\u0107 objawy. [...]","og_url":"https:\/\/hapmaastricht.nl\/pl\/proces\/","og_site_name":"Poczta ratunkowa lekarza rodzinnego Maastricht","article_modified_time":"2025-07-10T07:57:12+00:00","twitter_card":"summary_large_image","twitter_misc":{"Szacowany czas czytania":"3 minuty"},"schema":{"@context":"https:\/\/schema.org","@graph":[{"@type":"WebPage","@id":"https:\/\/hapmaastricht.nl\/pl\/proces\/","url":"https:\/\/hapmaastricht.nl\/pl\/proces\/","name":"Procedura - Poczta ratunkowa lekarza rodzinnego Maastricht","isPartOf":{"@id":"https:\/\/hapmaastricht.nl\/pl\/#website"},"datePublished":"2023-04-28T07:18:09+00:00","dateModified":"2025-07-10T07:57:12+00:00","breadcrumb":{"@id":"https:\/\/hapmaastricht.nl\/pl\/proces\/#breadcrumb"},"inLanguage":"pl-PL","potentialAction":[{"@type":"ReadAction","target":["https:\/\/hapmaastricht.nl\/pl\/proces\/"]}]},{"@type":"BreadcrumbList","@id":"https:\/\/hapmaastricht.nl\/pl\/proces\/#breadcrumb","itemListElement":[{"@type":"ListItem","position":1,"name":"Home","item":"https:\/\/hapmaastricht.nl\/pl\/"},{"@type":"ListItem","position":2,"name":"Metoda pracy"}]},{"@type":"WebSite","@id":"https:\/\/hapmaastricht.nl\/pl\/#website","url":"https:\/\/hapmaastricht.nl\/pl\/","name":"Poczta ratunkowa lekarza rodzinnego Maastricht","description":"","potentialAction":[{"@type":"SearchAction","target":{"@type":"EntryPoint","urlTemplate":"https:\/\/hapmaastricht.nl\/pl\/?s={search_term_string}"},"query-input":{"@type":"PropertyValueSpecification","valueRequired":true,"valueName":"search_term_string"}}],"inLanguage":"pl-PL"}]}},"_links":{"self":[{"href":"https:\/\/hapmaastricht.nl\/pl\/wp-json\/wp\/v2\/pages\/2011","targetHints":{"allow":["GET"]}}],"collection":[{"href":"https:\/\/hapmaastricht.nl\/pl\/wp-json\/wp\/v2\/pages"}],"about":[{"href":"https:\/\/hapmaastricht.nl\/pl\/wp-json\/wp\/v2\/types\/page"}],"author":[{"embeddable":true,"href":"https:\/\/hapmaastricht.nl\/pl\/wp-json\/wp\/v2\/users\/3"}],"replies":[{"embeddable":true,"href":"https:\/\/hapmaastricht.nl\/pl\/wp-json\/wp\/v2\/comments?post=2011"}],"version-history":[{"count":1,"href":"https:\/\/hapmaastricht.nl\/pl\/wp-json\/wp\/v2\/pages\/2011\/revisions"}],"predecessor-version":[{"id":9230,"href":"https:\/\/hapmaastricht.nl\/pl\/wp-json\/wp\/v2\/pages\/2011\/revisions\/9230"}],"wp:attachment":[{"href":"https:\/\/hapmaastricht.nl\/pl\/wp-json\/wp\/v2\/media?parent=2011"}],"curies":[{"name":"wp","href":"https:\/\/api.w.org\/{rel}","templated":true}]}}