{"id":2029,"date":"2023-04-28T09:42:59","date_gmt":"2023-04-28T07:42:59","guid":{"rendered":"https:\/\/multisite.mindd.dev\/hap-maastricht\/?page_id=2029"},"modified":"2026-02-11T09:58:17","modified_gmt":"2026-02-11T08:58:17","slug":"stawki","status":"publish","type":"page","link":"https:\/\/hapmaastricht.nl\/pl\/stawki\/","title":{"rendered":"Ceny"},"content":{"rendered":"\n<p>Opieka lekarza rodzinnego jest ubezpieczona przez podstawowe ubezpieczenie. Koszty opieki u lekarza rodzinnego nie s\u0105 odliczane od udzia\u0142u w\u0142asnego. Mo\u017cliwe, \u017ce otrzymasz od nas faktur\u0119, poniewa\u017c nie mo\u017cemy zg\u0142osi\u0107 roszczenia bezpo\u015brednio od Twojego ubezpieczyciela zdrowotnego. Nast\u0119pnie musisz nam pokry\u0107 koszty i poprosi\u0107 o zwrot pieni\u0119dzy od swojego ubezpieczyciela zdrowotnego. Wszelkie dodatkowe badania zlecone przez lekarza rodzinnego oraz przepisane leki s\u0105 zg\u0142aszane przez osoby trzecie i zazwyczaj pokrywane s\u0105 z udzia\u0142u w\u0142asnego. <\/p>\n\n\n\n<p>W okresach wzmo\u017conych pracujemy razem z innymi punktami ratunkowymi lekarzy rodzinnych w Limburgii. Dlatego mo\u017cliwe jest, \u017ce otrzymasz faktur\u0119 lub przegl\u0105d deklaracji od innego punktu ratunkowego lekarza rodzinnego w Limburgii. Ceny tego wpisu mo\u017cna znale\u017a\u0107 na stronie internetowej danego wpisu.<\/p>\n\n\n\n<h2 class=\"wp-block-heading\">Nasze stawki <\/h2>\n\n\n\n<p><em>Ustalane przez Holenderski Urz\u0105d Opieki Zdrowotnej w euro:<\/em><\/p>\n\n\n\n<p><\/p>\n\n\n\n<div class=\"wp-block-columns is-layout-flex wp-container-core-columns-is-layout-9d6595d7 wp-block-columns-is-layout-flex\">\n<div class=\"wp-block-column is-layout-flow wp-block-column-is-layout-flow\">\n<h3 class=\"wp-block-heading h4\">Stan na 1 stycznia 2025<\/h3>\n\n\n\n<p class=\"has-text-align-left\">Konsultacje: \u20ac 189,21<\/p>\n\n\n\n<p>Wizyta: \u20ac 283,82<\/p>\n\n\n\n<p>Konsultacje triage: <br>35,00 \u20ac<\/p>\n<\/div>\n\n\n\n<div class=\"wp-block-column is-layout-flow wp-block-column-is-layout-flow\">\n<h3 class=\"wp-block-heading h4\">Stan na 1 listopada 2025<\/h3>\n\n\n\n<p class=\"has-text-align-left\">Konsultacje: \u20ac 172,04<\/p>\n\n\n\n<p>Wizyta: \u20ac 258,05<\/p>\n\n\n\n<p>Konsultacje triage: <br>35,00 \u20ac<\/p>\n<\/div>\n\n\n\n<div class=\"wp-block-column is-layout-flow wp-block-column-is-layout-flow\">\n<h3 class=\"wp-block-heading h4\">Stan na 1 stycznia 20256<\/h3>\n\n\n\n<p>Konsultacja: \u20ac 183,75<\/p>\n\n\n\n<p>Wizyta: \u20ac 275,62<\/p>\n\n\n\n<p>Konsultacje triage: <br>35,00 \u20ac<\/p>\n<\/div>\n<\/div>\n\n\n\n<h2 class=\"wp-block-heading\">P\u0142a\u0107 przez link p\u0142atniczy<\/h2>\n\n\n\n<p>Je\u015bli nie mo\u017cemy bezpo\u015brednio zg\u0142osi\u0107 koszt\u00f3w wizyty w Punkcie Ratunkowym od Twojego ubezpieczyciela, wy\u015blemy Ci pro\u015bb\u0119 o p\u0142atno\u015b\u0107 SMS-em za po\u015brednictwem Sendi. Ten SMS zawiera link do zaufanego \u015brodowiska p\u0142atno\u015bci. Dzi\u0119ki temu p\u0142atno\u015b\u0107 jest \u0142atwa i bezpieczna za pomoc\u0105 telefonu kom\u00f3rkowego.<\/p>\n\n\n\n<p><\/p>\n\n\n\n<h2 class=\"wp-block-heading\">Uniknij koszt\u00f3w windykacji<\/h2>\n\n\n\n<p>Unikaj koszt\u00f3w windykacji i upewnij si\u0119, \u017ce masz pod r\u0119k\u0105 prawid\u0142owy adres oraz numer telefonu, gdy kontaktujesz si\u0119 z przychodni\u0105 rodzinn\u0105. Mo\u017cesz tak\u017ce przes\u0142a\u0107 nam swoje poprawne dane adresowe e-mailem przez&nbsp;<u><span style=\"text-decoration: underline\"><a href=\"mailto:admin@hapmaastricht.nl\">admin@hapmaastricht.nl<\/a><\/span><\/u>. Masz pytania dotycz\u0105ce faktury? Wy\u015blij do <u><a href=\"mailto:admin@hapmaastricht.nl\">admin@hapmaastricht.nl<\/a><\/u>&nbsp;i&nbsp;podaj faktur\u0119 oraz numer d\u0142u\u017cnika.<\/p>\n\n\n\n<p><strong>Prosz\u0119 zauwa\u017cy\u0107!<\/strong><\/p>\n\n\n\n<p class=\"has-white-color has-vivid-red-background-color has-text-color has-background\">Je\u015bli pacjent nie pojawi si\u0119 na konsultacji, zostanie naliczona konsultacja triage.<\/p>\n","protected":false},"excerpt":{"rendered":"<p>Opieka og\u00f3lna jest obj\u0119ta podstawowym ubezpieczeniem. Og\u00f3lne koszty opieki nie s\u0105 ponoszone przez osob\u0119 podlegaj\u0105c\u0105 odliczeniu. Mo\u017cliwe, \u017ce otrzymasz od nas faktur\u0119, poniewa\u017c nie jeste\u015bmy w stanie z\u0142o\u017cy\u0107 roszcze\u0144 bezpo\u015brednio od Twojego ubezpieczyciela zdrowotnego. Nast\u0119pnie musisz zap\u0142aci\u0107 nam koszty i zwr\u00f3ci\u0107 je do swojego ubezpieczyciela zdrowotnego. Wszelkie dodatkowe badania wymagane przez lekarza i przepisane leki s\u0105 deklarowane przez osoby trzecie i zwykle podlegaj\u0105 odliczeniu. Nasze stawki Ustalone przez Holenderski Urz\u0105d Zdrowia w euro: stycze\u0144 2023 Konsultacja: 112,66\u20ac Wizyta: 168,99\u20ac Konsultacja dotycz\u0105ca triage: 35,00\u20ac Od lutego do kwietnia 2023 Konsultacja: 138,23\u20ac Wizyta: 207,35\u20ac [&#8230;]<\/p>\n","protected":false},"author":3,"featured_media":0,"parent":0,"menu_order":160,"comment_status":"closed","ping_status":"closed","template":"","meta":{"_acf_changed":false,"_trash_the_other_posts":false,"editor_notices":[],"footnotes":""},"class_list":["post-2029","page","type-page","status-publish","hentry"],"acf":[],"yoast_head":"<!-- This site is optimized with the Yoast SEO plugin v26.6 - https:\/\/yoast.com\/wordpress\/plugins\/seo\/ -->\n<title>Ile kosztuje wizyta w Poczcie Ratunkowym Lekarzy Og\u00f3lnych w Maastricht?<\/title>\n<meta name=\"description\" content=\"Opieka og\u00f3lna jest obj\u0119ta podstawowym ubezpieczeniem. To s\u0105 nasze stawki, ustalone przez Holenderski Urz\u0105d Zdrowia.\" \/>\n<meta name=\"robots\" content=\"index, follow, max-snippet:-1, max-image-preview:large, max-video-preview:-1\" \/>\n<link rel=\"canonical\" href=\"https:\/\/hapmaastricht.nl\/pl\/taryf\/\" \/>\n<meta property=\"og:locale\" content=\"pl_PL\" \/>\n<meta property=\"og:type\" content=\"article\" \/>\n<meta property=\"og:title\" content=\"Ile kosztuje wizyta w Poczcie Ratunkowym Lekarzy Og\u00f3lnych w Maastricht?\" \/>\n<meta property=\"og:description\" content=\"Opieka og\u00f3lna jest obj\u0119ta podstawowym ubezpieczeniem. To s\u0105 nasze stawki, ustalone przez Holenderski Urz\u0105d Zdrowia.\" \/>\n<meta property=\"og:url\" content=\"https:\/\/hapmaastricht.nl\/pl\/taryf\/\" \/>\n<meta property=\"og:site_name\" content=\"Poczta ratunkowa lekarza rodzinnego Maastricht\" \/>\n<meta property=\"article:modified_time\" content=\"2026-02-11T08:58:17+00:00\" \/>\n<meta name=\"twitter:card\" content=\"summary_large_image\" \/>\n<meta name=\"twitter:label1\" content=\"Szacowany czas czytania\" \/>\n\t<meta name=\"twitter:data1\" content=\"1 minuta\" \/>\n<script type=\"application\/ld+json\" class=\"yoast-schema-graph\">{\"@context\":\"https:\/\/schema.org\",\"@graph\":[{\"@type\":\"WebPage\",\"@id\":\"https:\/\/hapmaastricht.nl\/pl\/taryf\/\",\"url\":\"https:\/\/hapmaastricht.nl\/pl\/taryf\/\",\"name\":\"Ile kosztuje wizyta w Poczcie Ratunkowym Lekarzy Og\u00f3lnych w Maastricht?\",\"isPartOf\":{\"@id\":\"https:\/\/hapmaastricht.nl\/pl\/#website\"},\"datePublished\":\"2023-04-28T07:42:59+00:00\",\"dateModified\":\"2026-02-11T08:58:17+00:00\",\"description\":\"Opieka og\u00f3lna jest obj\u0119ta podstawowym ubezpieczeniem. To s\u0105 nasze stawki, ustalone przez Holenderski Urz\u0105d Zdrowia.\",\"breadcrumb\":{\"@id\":\"https:\/\/hapmaastricht.nl\/pl\/taryf\/#breadcrumb\"},\"inLanguage\":\"pl-PL\",\"potentialAction\":[{\"@type\":\"ReadAction\",\"target\":[\"https:\/\/hapmaastricht.nl\/pl\/taryf\/\"]}]},{\"@type\":\"BreadcrumbList\",\"@id\":\"https:\/\/hapmaastricht.nl\/pl\/taryf\/#breadcrumb\",\"itemListElement\":[{\"@type\":\"ListItem\",\"position\":1,\"name\":\"Home\",\"item\":\"https:\/\/hapmaastricht.nl\/pl\/\"},{\"@type\":\"ListItem\",\"position\":2,\"name\":\"Stawki\"}]},{\"@type\":\"WebSite\",\"@id\":\"https:\/\/hapmaastricht.nl\/pl\/#website\",\"url\":\"https:\/\/hapmaastricht.nl\/pl\/\",\"name\":\"Poczta ratunkowa lekarza rodzinnego Maastricht\",\"description\":\"\",\"potentialAction\":[{\"@type\":\"SearchAction\",\"target\":{\"@type\":\"EntryPoint\",\"urlTemplate\":\"https:\/\/hapmaastricht.nl\/pl\/?s={search_term_string}\"},\"query-input\":{\"@type\":\"PropertyValueSpecification\",\"valueRequired\":true,\"valueName\":\"search_term_string\"}}],\"inLanguage\":\"pl-PL\"}]}<\/script>\n<!-- \/ Yoast SEO plugin. -->","yoast_head_json":{"title":"Ile kosztuje wizyta w Poczcie Ratunkowym Lekarzy Og\u00f3lnych w Maastricht?","description":"Opieka og\u00f3lna jest obj\u0119ta podstawowym ubezpieczeniem. To s\u0105 nasze stawki, ustalone przez Holenderski Urz\u0105d Zdrowia.","robots":{"index":"index","follow":"follow","max-snippet":"max-snippet:-1","max-image-preview":"max-image-preview:large","max-video-preview":"max-video-preview:-1"},"canonical":"https:\/\/hapmaastricht.nl\/pl\/taryf\/","og_locale":"pl_PL","og_type":"article","og_title":"Ile kosztuje wizyta w Poczcie Ratunkowym Lekarzy Og\u00f3lnych w Maastricht?","og_description":"Opieka og\u00f3lna jest obj\u0119ta podstawowym ubezpieczeniem. To s\u0105 nasze stawki, ustalone przez Holenderski Urz\u0105d Zdrowia.","og_url":"https:\/\/hapmaastricht.nl\/pl\/taryf\/","og_site_name":"Poczta ratunkowa lekarza rodzinnego Maastricht","article_modified_time":"2026-02-11T08:58:17+00:00","twitter_card":"summary_large_image","twitter_misc":{"Szacowany czas czytania":"1 minuta"},"schema":{"@context":"https:\/\/schema.org","@graph":[{"@type":"WebPage","@id":"https:\/\/hapmaastricht.nl\/pl\/taryf\/","url":"https:\/\/hapmaastricht.nl\/pl\/taryf\/","name":"Ile kosztuje wizyta w Poczcie Ratunkowym Lekarzy Og\u00f3lnych w Maastricht?","isPartOf":{"@id":"https:\/\/hapmaastricht.nl\/pl\/#website"},"datePublished":"2023-04-28T07:42:59+00:00","dateModified":"2026-02-11T08:58:17+00:00","description":"Opieka og\u00f3lna jest obj\u0119ta podstawowym ubezpieczeniem. To s\u0105 nasze stawki, ustalone przez Holenderski Urz\u0105d Zdrowia.","breadcrumb":{"@id":"https:\/\/hapmaastricht.nl\/pl\/taryf\/#breadcrumb"},"inLanguage":"pl-PL","potentialAction":[{"@type":"ReadAction","target":["https:\/\/hapmaastricht.nl\/pl\/taryf\/"]}]},{"@type":"BreadcrumbList","@id":"https:\/\/hapmaastricht.nl\/pl\/taryf\/#breadcrumb","itemListElement":[{"@type":"ListItem","position":1,"name":"Home","item":"https:\/\/hapmaastricht.nl\/pl\/"},{"@type":"ListItem","position":2,"name":"Stawki"}]},{"@type":"WebSite","@id":"https:\/\/hapmaastricht.nl\/pl\/#website","url":"https:\/\/hapmaastricht.nl\/pl\/","name":"Poczta ratunkowa lekarza rodzinnego Maastricht","description":"","potentialAction":[{"@type":"SearchAction","target":{"@type":"EntryPoint","urlTemplate":"https:\/\/hapmaastricht.nl\/pl\/?s={search_term_string}"},"query-input":{"@type":"PropertyValueSpecification","valueRequired":true,"valueName":"search_term_string"}}],"inLanguage":"pl-PL"}]}},"_links":{"self":[{"href":"https:\/\/hapmaastricht.nl\/pl\/wp-json\/wp\/v2\/pages\/2029","targetHints":{"allow":["GET"]}}],"collection":[{"href":"https:\/\/hapmaastricht.nl\/pl\/wp-json\/wp\/v2\/pages"}],"about":[{"href":"https:\/\/hapmaastricht.nl\/pl\/wp-json\/wp\/v2\/types\/page"}],"author":[{"embeddable":true,"href":"https:\/\/hapmaastricht.nl\/pl\/wp-json\/wp\/v2\/users\/3"}],"replies":[{"embeddable":true,"href":"https:\/\/hapmaastricht.nl\/pl\/wp-json\/wp\/v2\/comments?post=2029"}],"version-history":[{"count":9,"href":"https:\/\/hapmaastricht.nl\/pl\/wp-json\/wp\/v2\/pages\/2029\/revisions"}],"predecessor-version":[{"id":9273,"href":"https:\/\/hapmaastricht.nl\/pl\/wp-json\/wp\/v2\/pages\/2029\/revisions\/9273"}],"wp:attachment":[{"href":"https:\/\/hapmaastricht.nl\/pl\/wp-json\/wp\/v2\/media?parent=2029"}],"curies":[{"name":"wp","href":"https:\/\/api.w.org\/{rel}","templated":true}]}}