{"id":2143,"date":"2023-05-19T09:33:10","date_gmt":"2023-05-19T07:33:10","guid":{"rendered":"https:\/\/multisite.mindd.dev\/hap-maastricht\/?page_id=2143"},"modified":"2026-03-19T11:04:29","modified_gmt":"2026-03-19T10:04:29","slug":"rada-klienta","status":"publish","type":"page","link":"https:\/\/hapmaastricht.nl\/pl\/rada-klienta\/","title":{"rendered":"Rada klienta"},"content":{"rendered":"\n\n\n<p>Rada Oddzia\u0142u Ratunkowego lekarza rodzinnego przywi\u0105zuje du\u017c\u0105 wag\u0119 do zaanga\u017cowania i mo\u017cliwo\u015bci udzia\u0142u pacjent\u00f3w, aby poprawi\u0107 jako\u015b\u0107 opieki. Ustawa o udziale klient\u00f3w w instytucjach opieki zdrowotnej (WMCZ) doskonale wpisuje si\u0119 w t\u0119 zasad\u0119, zapewniaj\u0105c wszystkim instytucjom podstaw\u0119 prawn\u0105 do utworzenia Rady Klienta. Dlatego w 2022 roku podj\u0119to decyzj\u0119 o utworzeniu takiej rady dla Oddzia\u0142u Lekarzy Og\u00f3lnych w Maastricht i Heuvelland.<\/p>\n\n\n\n<h2 class=\"wp-block-heading\">Cel<\/h2>\n\n\n\n<p>Celem Rady Klienta jest reprezentowanie wsp\u00f3lnych interes\u00f3w klient\u00f3w. Patrzymy oczami wszystkich mieszka\u0144c\u00f3w regionu na spos\u00f3b, w jaki Oddzia\u0142 Ratunkowy Lekarzy Og\u00f3lnych wykonuje swoje zadania. W ko\u0144cu ka\u017cdy rezydent mo\u017ce w pewnym momencie by\u0107 pacjentem Oddzia\u0142u Ratunkowego lekarza rodzinnego. Rada Klienta ma uprawnienia prawne do udzielania Zarz\u0105dowi Wykonawczemu zar\u00f3wno zam\u00f3wionych, jak i niezam\u00f3wionych porad w sprawach istotnych dla klient\u00f3w. Przyk\u0142adami s\u0105 informacje o pacjencie, ochrona prywatno\u015bci oraz procedura sk\u0142adania skarg. Rada Punktu Ratunkowego GP oraz Rada Klienta regularnie si\u0119 na to spotykaj\u0105.<\/p>\n\n\n\n<h2 class=\"wp-block-heading\">Zadania<\/h2>\n\n\n\n<p>Rada Klienta koncentruje si\u0119 na og\u00f3lnym interesie pacjent\u00f3w korzystaj\u0105cych z opieki \u015bwiadczonej pod odpowiedzialno\u015bci\u0105 Klinik Ratunkowych w Maastricht i Heuvelland. Rada ma okazj\u0119 wsp\u00f3lnie my\u015ble\u0107 i dyskutowa\u0107 na szeroki zakres temat\u00f3w. Je\u015bli masz sugestie dotycz\u0105ce poprawy jako\u015bci opieki i komunikacji na ten temat, serdecznie zapraszamy do kontaktu z Rad\u0105 Klienta.<\/p>\n\n\n\n<h2 class=\"wp-block-heading\">Sk\u0142ad<\/h2>\n\n\n\n<p>Rada Klienta obecnie sk\u0142ada si\u0119 z pi\u0119ciu cz\u0142onk\u00f3w. Cz\u0142onkowie ci reprezentuj\u0105 klient\u00f3w z ca\u0142ego obszaru obejmu Punktu Ratunkowego Maastricht i Heuvelland GP i nie maj\u0105 \u017cadnych istotnych ani finansowych powi\u0105za\u0144 z Punktem Ratunkowym GP.<\/p>\n\n\n\n<h2 class=\"wp-block-heading\">Cz\u0142onkowie<\/h2>\n\n\n\n<p>John Wintjens, przewodnicz\u0105cy<br>Koos Munnecom, sekretarz<br>Trudy Dolmans<br>Annemiek Wijnheijmer<br>Janny de Vries<br>Obozy Toine<br><\/p>\n\n\n\n<p><\/p>\n\n\n\n<h2 class=\"wp-block-heading\">Wolne miejsca<\/h2>\n\n\n\n<p>Obecnie nie ma wolnych miejsc.<\/p>\n\n\n\n<h2 class=\"wp-block-heading\">Raport roczny<\/h2>\n\n\n\n<p>Pobierz raport roczny za 2025 <a href=\"https:\/\/hapmaastricht.nl\/wp-content\/uploads\/sites\/30\/2026\/03\/JAARVERSLAG-Clientenraad-HAP-2025.pdf\" target=\"_blank\" rel=\"noreferrer noopener\">rok tutaj<\/a> .<\/p>\n\n\n\n<p>Mo\u017cesz skontaktowa\u0107 si\u0119 z Rad\u0105 Klienta, wype\u0142niaj\u0105c poni\u017cszy formularz. Twoje pytanie\/komentarz zostanie om\u00f3wiony na nast\u0119pnym posiedzeniu rady. Nast\u0119pnie otrzymasz od nas merytoryczn\u0105 odpowied\u017a.<\/p>\n\n\n\n<p>Uwaga: Rada Klient\u00f3w nie rozpatruje skarg dotycz\u0105cych lekarzy rodzinnych na s\u0142u\u017cbie ani innych pracownik\u00f3w Oddzia\u0142u Ratunkowego Lekarza Rodzinnego. Wi\u0119cej informacji o tym, jak z\u0142o\u017cy\u0107 skarg\u0119, mo\u017cna znale\u017a\u0107 <a href=\"https:\/\/hapmaastricht.nl\/veelgestelde-vragen\/klachten-complimenten\/\">tutaj<\/a>.<\/p>\n\n\n\n<h2 class=\"wp-block-heading\">Kontakt<\/h2>\n\n\n<script>\nvar gform;gform||(document.addEventListener(\"gform_main_scripts_loaded\",function(){gform.scriptsLoaded=!0}),document.addEventListener(\"gform\/theme\/scripts_loaded\",function(){gform.themeScriptsLoaded=!0}),window.addEventListener(\"DOMContentLoaded\",function(){gform.domLoaded=!0}),gform={domLoaded:!1,scriptsLoaded:!1,themeScriptsLoaded:!1,isFormEditor:()=>\"function\"==typeof InitializeEditor,callIfLoaded:function(o){return!(!gform.domLoaded||!gform.scriptsLoaded||!gform.themeScriptsLoaded&&!gform.isFormEditor()||(gform.isFormEditor()&&console.warn(\"The use of gform.initializeOnLoaded() is deprecated in the form editor context and will be removed in Gravity Forms 3.1.\"),o(),0))},initializeOnLoaded:function(o){gform.callIfLoaded(o)||(document.addEventListener(\"gform_main_scripts_loaded\",()=>{gform.scriptsLoaded=!0,gform.callIfLoaded(o)}),document.addEventListener(\"gform\/theme\/scripts_loaded\",()=>{gform.themeScriptsLoaded=!0,gform.callIfLoaded(o)}),window.addEventListener(\"DOMContentLoaded\",()=>{gform.domLoaded=!0,gform.callIfLoaded(o)}))},hooks:{action:{},filter:{}},addAction:function(o,r,e,t){gform.addHook(\"action\",o,r,e,t)},addFilter:function(o,r,e,t){gform.addHook(\"filter\",o,r,e,t)},doAction:function(o){gform.doHook(\"action\",o,arguments)},applyFilters:function(o){return gform.doHook(\"filter\",o,arguments)},removeAction:function(o,r){gform.removeHook(\"action\",o,r)},removeFilter:function(o,r,e){gform.removeHook(\"filter\",o,r,e)},addHook:function(o,r,e,t,n){null==gform.hooks[o][r]&&(gform.hooks[o][r]=[]);var d=gform.hooks[o][r];null==n&&(n=r+\"_\"+d.length),gform.hooks[o][r].push({tag:n,callable:e,priority:t=null==t?10:t})},doHook:function(r,o,e){var t;if(e=Array.prototype.slice.call(e,1),null!=gform.hooks[r][o]&&((o=gform.hooks[r][o]).sort(function(o,r){return o.priority-r.priority}),o.forEach(function(o){\"function\"!=typeof(t=o.callable)&&(t=window[t]),\"action\"==r?t.apply(null,e):e[0]=t.apply(null,e)})),\"filter\"==r)return e[0]},removeHook:function(o,r,t,n){var e;null!=gform.hooks[o][r]&&(e=(e=gform.hooks[o][r]).filter(function(o,r,e){return!!(null!=n&&n!=o.tag||null!=t&&t!=o.priority)}),gform.hooks[o][r]=e)}});\n<\/script>\n\n                <div class='gf_browser_gecko gform_wrapper gravity-theme gform-theme--no-framework' data-form-theme='gravity-theme' data-form-index='0' id='gform_wrapper_8' >\n                        <div class='gform_heading'>\n                            <h2 class=\"gform_title\">Cli\u00ebntenraad<\/h2>\n                            <p class='gform_description'><\/p>\n                        <\/div><form method='post' enctype='multipart\/form-data'  id='gform_8'  action='\/pl\/wp-json\/wp\/v2\/pages\/2143' data-formid='8' novalidate>\n                        <div class='gform-body gform_body'><div id='gform_fields_8' class='gform_fields top_label form_sublabel_below description_below validation_below'><div id=\"field_8_1\" class=\"gfield gfield--type-text gfield_contains_required field_sublabel_below gfield--no-description field_description_below field_validation_below gfield_visibility_visible\"  ><label class='gfield_label gform-field-label' for='input_8_1'>Naam<span class=\"gfield_required\"><span class=\"gfield_required gfield_required_text\">(wymagane)<\/span><\/span><\/label><div class='ginput_container ginput_container_text'><input name='input_1' id='input_8_1' type='text' value='' class='large'     aria-required=\"true\" aria-invalid=\"false\"   \/><\/div><\/div><div id=\"field_8_2\" class=\"gfield gfield--type-text gfield--width-full gfield_contains_required field_sublabel_below gfield--no-description field_description_below field_validation_below gfield_visibility_visible\"  ><label class='gfield_label gform-field-label' for='input_8_2'>Straat + huisnummer<span class=\"gfield_required\"><span class=\"gfield_required gfield_required_text\">(wymagane)<\/span><\/span><\/label><div class='ginput_container ginput_container_text'><input name='input_2' id='input_8_2' type='text' value='' class='large'     aria-required=\"true\" aria-invalid=\"false\"   \/><\/div><\/div><div id=\"field_8_3\" class=\"gfield gfield--type-text gfield--width-half gfield_contains_required field_sublabel_below gfield--no-description field_description_below field_validation_below gfield_visibility_visible\"  ><label class='gfield_label gform-field-label' for='input_8_3'>Postcode<span class=\"gfield_required\"><span class=\"gfield_required gfield_required_text\">(wymagane)<\/span><\/span><\/label><div class='ginput_container ginput_container_text'><input name='input_3' id='input_8_3' type='text' value='' class='large'     aria-required=\"true\" aria-invalid=\"false\"   \/><\/div><\/div><div id=\"field_8_4\" class=\"gfield gfield--type-text gfield--width-half gfield_contains_required field_sublabel_below gfield--no-description field_description_below field_validation_below gfield_visibility_visible\"  ><label class='gfield_label gform-field-label' for='input_8_4'>Woonplaats<span class=\"gfield_required\"><span class=\"gfield_required gfield_required_text\">(wymagane)<\/span><\/span><\/label><div class='ginput_container ginput_container_text'><input name='input_4' id='input_8_4' type='text' value='' class='large'     aria-required=\"true\" aria-invalid=\"false\"   \/><\/div><\/div><div id=\"field_8_5\" class=\"gfield gfield--type-text gfield--width-full field_sublabel_below gfield--no-description field_description_below field_validation_below gfield_visibility_visible\"  ><label class='gfield_label gform-field-label' for='input_8_5'>Telefoonnummer<\/label><div class='ginput_container ginput_container_text'><input name='input_5' id='input_8_5' type='text' value='' class='large'      aria-invalid=\"false\"   \/><\/div><\/div><div id=\"field_8_7\" class=\"gfield gfield--type-email gfield--width-full gfield_contains_required field_sublabel_below gfield--no-description field_description_below field_validation_below gfield_visibility_visible\"  ><label class='gfield_label gform-field-label' for='input_8_7'>E-mailadres<span class=\"gfield_required\"><span class=\"gfield_required gfield_required_text\">(wymagane)<\/span><\/span><\/label><div class='ginput_container ginput_container_email'>\n                            <input name='input_7' id='input_8_7' type='email' value='' class='large'    aria-required=\"true\" aria-invalid=\"false\"  \/>\n                        <\/div><\/div><div id=\"field_8_8\" class=\"gfield gfield--type-textarea gfield--width-full field_sublabel_below gfield--no-description field_description_below field_validation_below gfield_visibility_visible\"  ><label class='gfield_label gform-field-label' for='input_8_8'>Mijn vraag\/opmerking<\/label><div class='ginput_container ginput_container_textarea'><textarea name='input_8' id='input_8_8' class='textarea large'      aria-invalid=\"false\"   rows='10' cols='50'><\/textarea><\/div><\/div><div id=\"field_8_9\" class=\"gfield gfield--type-captcha gfield--width-full field_sublabel_below gfield--no-description field_description_below field_validation_below gfield_visibility_visible\"  ><label class='gfield_label gform-field-label' for='input_8_9'>CAPTCHA<\/label><div id='input_8_9' class='ginput_container ginput_recaptcha' data-sitekey='6LcBpHwmAAAAAPDSV-A853yyIoTBUbSo4szxA4le'  data-theme='light' data-tabindex='0'  data-badge=''><\/div><\/div><\/div><\/div>\n        <div class='gform-footer gform_footer top_label'> <input type='submit' id='gform_submit_button_8' class='gform_button button' onclick='gform.submission.handleButtonClick(this);' data-submission-type='submit' value='Zatwierd\u017a'  \/> \n            <input type='hidden' class='gform_hidden' name='gform_submission_method' data-js='gform_submission_method_8' value='postback' \/>\n            <input type='hidden' class='gform_hidden' name='gform_theme' data-js='gform_theme_8' id='gform_theme_8' value='gravity-theme' \/>\n            <input type='hidden' class='gform_hidden' name='gform_style_settings' data-js='gform_style_settings_8' id='gform_style_settings_8' value='{&quot;inputPrimaryColor&quot;:&quot;#204ce5&quot;}' \/>\n            <input type='hidden' class='gform_hidden' name='is_submit_8' value='1' \/>\n            <input type='hidden' class='gform_hidden' name='gform_submit' value='8' \/>\n            \n            <input type='hidden' class='gform_hidden' name='gform_unique_id' value='' \/>\n            <input type='hidden' class='gform_hidden' name='state_8' value='WyJbXSIsImJlYmM0NzQxNGFjMWJhMGI2MzU2OGIyMTgzM2FhOWJkIl0=' \/>\n            <input type='hidden' autocomplete='off' class='gform_hidden' name='gform_target_page_number_8' id='gform_target_page_number_8' value='0' \/>\n            <input type='hidden' autocomplete='off' class='gform_hidden' name='gform_source_page_number_8' id='gform_source_page_number_8' value='1' \/>\n            <input type='hidden' name='gform_field_values' value='' \/>\n            \n        <\/div>\n                        <\/form>\n                        <\/div><script>\ngform.initializeOnLoaded( function() {gformInitSpinner( 8, 'https:\/\/hapmaastricht.nl\/pl\/wp-content\/plugins\/gravityforms\/images\/spinner.svg', true );jQuery('#gform_ajax_frame_8').on('load',function(){var contents = jQuery(this).contents().find('*').html();var is_postback = contents.indexOf('GF_AJAX_POSTBACK') >= 0;if(!is_postback){return;}var form_content = jQuery(this).contents().find('#gform_wrapper_8');var is_confirmation = jQuery(this).contents().find('#gform_confirmation_wrapper_8').length > 0;var is_redirect = contents.indexOf('gformRedirect(){') >= 0;var is_form = form_content.length > 0 && ! is_redirect && ! is_confirmation;var mt = parseInt(jQuery('html').css('margin-top'), 10) + parseInt(jQuery('body').css('margin-top'), 10) + 100;if(is_form){jQuery('#gform_wrapper_8').html(form_content.html());if(form_content.hasClass('gform_validation_error')){jQuery('#gform_wrapper_8').addClass('gform_validation_error');} else {jQuery('#gform_wrapper_8').removeClass('gform_validation_error');}setTimeout( function() { \/* delay the scroll by 50 milliseconds to fix a bug in chrome *\/  }, 50 );if(window['gformInitDatepicker']) {gformInitDatepicker();}if(window['gformInitPriceFields']) {gformInitPriceFields();}var current_page = jQuery('#gform_source_page_number_8').val();gformInitSpinner( 8, 'https:\/\/hapmaastricht.nl\/pl\/wp-content\/plugins\/gravityforms\/images\/spinner.svg', true );jQuery(document).trigger('gform_page_loaded', [8, current_page]);window['gf_submitting_8'] = false;}else if(!is_redirect){var confirmation_content = jQuery(this).contents().find('.GF_AJAX_POSTBACK').html();if(!confirmation_content){confirmation_content = contents;}jQuery('#gform_wrapper_8').replaceWith(confirmation_content);jQuery(document).trigger('gform_confirmation_loaded', [8]);window['gf_submitting_8'] = false;wp.a11y.speak(jQuery('#gform_confirmation_message_8').text());}else{jQuery('#gform_8').append(contents);if(window['gformRedirect']) {gformRedirect();}}jQuery(document).trigger(\"gform_pre_post_render\", [{ formId: \"8\", currentPage: \"current_page\", abort: function() { this.preventDefault(); } }]);        if (event && event.defaultPrevented) {                return;        }        const gformWrapperDiv = document.getElementById( \"gform_wrapper_8\" );        if ( gformWrapperDiv ) {            const visibilitySpan = document.createElement( \"span\" );            visibilitySpan.id = \"gform_visibility_test_8\";            gformWrapperDiv.insertAdjacentElement( \"afterend\", visibilitySpan );        }        const visibilityTestDiv = document.getElementById( \"gform_visibility_test_8\" );        let postRenderFired = false;        function triggerPostRender() {            if ( postRenderFired ) {                return;            }            postRenderFired = true;            gform.core.triggerPostRenderEvents( 8, current_page );            if ( visibilityTestDiv ) {                visibilityTestDiv.parentNode.removeChild( visibilityTestDiv );            }        }        function debounce( func, wait, immediate ) {            var timeout;            return function() {                var context = this, args = arguments;                var later = function() {                    timeout = null;                    if ( !immediate ) func.apply( context, args );                };                var callNow = immediate && !timeout;                clearTimeout( timeout );                timeout = setTimeout( later, wait );                if ( callNow ) func.apply( context, args );            };        }        const debouncedTriggerPostRender = debounce( function() {            triggerPostRender();        }, 200 );        if ( visibilityTestDiv && visibilityTestDiv.offsetParent === null ) {            const observer = new MutationObserver( ( mutations ) => {                mutations.forEach( ( mutation ) => {                    if ( mutation.type === 'attributes' && visibilityTestDiv.offsetParent !== null ) {                        debouncedTriggerPostRender();                        observer.disconnect();                    }                });            });            observer.observe( document.body, {                attributes: true,                childList: false,                subtree: true,                attributeFilter: [ 'style', 'class' ],            });        } else {            triggerPostRender();        }    } );} );\n<\/script>\n","protected":false},"excerpt":{"rendered":"<p>Zarz\u0105d Posterunku Ratunkowego Praktyki Og\u00f3lnej przywi\u0105zuje du\u017c\u0105 wag\u0119 do zaanga\u017cowania i udzia\u0142u pacjent\u00f3w w celu poprawy jako\u015bci opieki. Ustawa o uczestnictwie klient\u00f3w instytucji opieki zdrowotnej (WMCZ) bezproblemowo wpisuje si\u0119 w to i daje wszystkim instytucjom podstaw\u0119 prawn\u0105 do ustanowienia Rady Klient\u00f3w. Dlatego w 2022 roku postanowiono utworzy\u0107 tak\u0105 rad\u0119 dla Pocztu Ratunkowego Lekarzy Og\u00f3lnych w Maastricht i Heuvelland. Cel Rada Klient\u00f3w ma na celu reprezentowanie wsp\u00f3lnych interes\u00f3w klient\u00f3w. Oczami wszystkich mieszka\u0144c\u00f3w regionu patrzymy na to, jak posterunek ratunkowy praktyki og\u00f3lnej wykonuje swoje zadania.<\/p>\n","protected":false},"author":3,"featured_media":0,"parent":0,"menu_order":42,"comment_status":"closed","ping_status":"closed","template":"","meta":{"_acf_changed":false,"_trash_the_other_posts":false,"editor_notices":[],"footnotes":""},"class_list":["post-2143","page","type-page","status-publish","hentry"],"acf":[],"yoast_head":"<!-- This site is optimized with the Yoast SEO plugin v26.6 - https:\/\/yoast.com\/wordpress\/plugins\/seo\/ -->\n<title>Rada klienta - Poczta ratunkowa lekarza rodzinnego Maastricht<\/title>\n<meta name=\"robots\" content=\"index, follow, max-snippet:-1, max-image-preview:large, max-video-preview:-1\" \/>\n<link rel=\"canonical\" href=\"https:\/\/hapmaastricht.nl\/pl\/rada-klientow\/\" \/>\n<meta property=\"og:locale\" content=\"pl_PL\" \/>\n<meta property=\"og:type\" content=\"article\" \/>\n<meta property=\"og:title\" content=\"Rada klienta - Poczta ratunkowa lekarza rodzinnego Maastricht\" \/>\n<meta property=\"og:description\" content=\"Zarz\u0105d Posterunku Ratunkowego Praktyki Og\u00f3lnej przywi\u0105zuje du\u017c\u0105 wag\u0119 do zaanga\u017cowania i udzia\u0142u pacjent\u00f3w w celu poprawy jako\u015bci opieki. Ustawa o uczestnictwie klient\u00f3w instytucji opieki zdrowotnej (WMCZ) bezproblemowo wpisuje si\u0119 w to i daje wszystkim instytucjom podstaw\u0119 prawn\u0105 do ustanowienia Rady Klient\u00f3w. Dlatego w 2022 roku postanowiono utworzy\u0107 tak\u0105 rad\u0119 dla Pocztu Ratunkowego Lekarzy Og\u00f3lnych w Maastricht i Heuvelland. Cel Rada Klient\u00f3w ma na celu reprezentowanie wsp\u00f3lnych interes\u00f3w klient\u00f3w. Oczami wszystkich mieszka\u0144c\u00f3w regionu patrzymy na to, jak posterunek ratunkowy praktyki og\u00f3lnej wykonuje swoje zadania.\" \/>\n<meta property=\"og:url\" content=\"https:\/\/hapmaastricht.nl\/pl\/rada-klientow\/\" \/>\n<meta property=\"og:site_name\" content=\"Poczta ratunkowa lekarza rodzinnego Maastricht\" \/>\n<meta property=\"article:modified_time\" content=\"2026-03-19T10:04:29+00:00\" \/>\n<meta name=\"twitter:card\" content=\"summary_large_image\" \/>\n<meta name=\"twitter:label1\" content=\"Szacowany czas czytania\" \/>\n\t<meta name=\"twitter:data1\" content=\"2 minuty\" \/>\n<script type=\"application\/ld+json\" class=\"yoast-schema-graph\">{\"@context\":\"https:\/\/schema.org\",\"@graph\":[{\"@type\":\"WebPage\",\"@id\":\"https:\/\/hapmaastricht.nl\/pl\/rada-klientow\/\",\"url\":\"https:\/\/hapmaastricht.nl\/pl\/rada-klientow\/\",\"name\":\"Rada klienta - Poczta ratunkowa lekarza rodzinnego Maastricht\",\"isPartOf\":{\"@id\":\"https:\/\/hapmaastricht.nl\/pl\/#website\"},\"datePublished\":\"2023-05-19T07:33:10+00:00\",\"dateModified\":\"2026-03-19T10:04:29+00:00\",\"breadcrumb\":{\"@id\":\"https:\/\/hapmaastricht.nl\/pl\/rada-klientow\/#breadcrumb\"},\"inLanguage\":\"pl-PL\",\"potentialAction\":[{\"@type\":\"ReadAction\",\"target\":[\"https:\/\/hapmaastricht.nl\/pl\/rada-klientow\/\"]}]},{\"@type\":\"BreadcrumbList\",\"@id\":\"https:\/\/hapmaastricht.nl\/pl\/rada-klientow\/#breadcrumb\",\"itemListElement\":[{\"@type\":\"ListItem\",\"position\":1,\"name\":\"Home\",\"item\":\"https:\/\/hapmaastricht.nl\/pl\/\"},{\"@type\":\"ListItem\",\"position\":2,\"name\":\"Rada Klient\u00f3w\"}]},{\"@type\":\"WebSite\",\"@id\":\"https:\/\/hapmaastricht.nl\/pl\/#website\",\"url\":\"https:\/\/hapmaastricht.nl\/pl\/\",\"name\":\"Poczta ratunkowa lekarza rodzinnego Maastricht\",\"description\":\"\",\"potentialAction\":[{\"@type\":\"SearchAction\",\"target\":{\"@type\":\"EntryPoint\",\"urlTemplate\":\"https:\/\/hapmaastricht.nl\/pl\/?s={search_term_string}\"},\"query-input\":{\"@type\":\"PropertyValueSpecification\",\"valueRequired\":true,\"valueName\":\"search_term_string\"}}],\"inLanguage\":\"pl-PL\"}]}<\/script>\n<!-- \/ Yoast SEO plugin. -->","yoast_head_json":{"title":"Rada klienta - Poczta ratunkowa lekarza rodzinnego Maastricht","robots":{"index":"index","follow":"follow","max-snippet":"max-snippet:-1","max-image-preview":"max-image-preview:large","max-video-preview":"max-video-preview:-1"},"canonical":"https:\/\/hapmaastricht.nl\/pl\/rada-klientow\/","og_locale":"pl_PL","og_type":"article","og_title":"Rada klienta - Poczta ratunkowa lekarza rodzinnego Maastricht","og_description":"Zarz\u0105d Posterunku Ratunkowego Praktyki Og\u00f3lnej przywi\u0105zuje du\u017c\u0105 wag\u0119 do zaanga\u017cowania i udzia\u0142u pacjent\u00f3w w celu poprawy jako\u015bci opieki. Ustawa o uczestnictwie klient\u00f3w instytucji opieki zdrowotnej (WMCZ) bezproblemowo wpisuje si\u0119 w to i daje wszystkim instytucjom podstaw\u0119 prawn\u0105 do ustanowienia Rady Klient\u00f3w. Dlatego w 2022 roku postanowiono utworzy\u0107 tak\u0105 rad\u0119 dla Pocztu Ratunkowego Lekarzy Og\u00f3lnych w Maastricht i Heuvelland. Cel Rada Klient\u00f3w ma na celu reprezentowanie wsp\u00f3lnych interes\u00f3w klient\u00f3w. Oczami wszystkich mieszka\u0144c\u00f3w regionu patrzymy na to, jak posterunek ratunkowy praktyki og\u00f3lnej wykonuje swoje zadania.","og_url":"https:\/\/hapmaastricht.nl\/pl\/rada-klientow\/","og_site_name":"Poczta ratunkowa lekarza rodzinnego Maastricht","article_modified_time":"2026-03-19T10:04:29+00:00","twitter_card":"summary_large_image","twitter_misc":{"Szacowany czas czytania":"2 minuty"},"schema":{"@context":"https:\/\/schema.org","@graph":[{"@type":"WebPage","@id":"https:\/\/hapmaastricht.nl\/pl\/rada-klientow\/","url":"https:\/\/hapmaastricht.nl\/pl\/rada-klientow\/","name":"Rada klienta - Poczta ratunkowa lekarza rodzinnego Maastricht","isPartOf":{"@id":"https:\/\/hapmaastricht.nl\/pl\/#website"},"datePublished":"2023-05-19T07:33:10+00:00","dateModified":"2026-03-19T10:04:29+00:00","breadcrumb":{"@id":"https:\/\/hapmaastricht.nl\/pl\/rada-klientow\/#breadcrumb"},"inLanguage":"pl-PL","potentialAction":[{"@type":"ReadAction","target":["https:\/\/hapmaastricht.nl\/pl\/rada-klientow\/"]}]},{"@type":"BreadcrumbList","@id":"https:\/\/hapmaastricht.nl\/pl\/rada-klientow\/#breadcrumb","itemListElement":[{"@type":"ListItem","position":1,"name":"Home","item":"https:\/\/hapmaastricht.nl\/pl\/"},{"@type":"ListItem","position":2,"name":"Rada Klient\u00f3w"}]},{"@type":"WebSite","@id":"https:\/\/hapmaastricht.nl\/pl\/#website","url":"https:\/\/hapmaastricht.nl\/pl\/","name":"Poczta ratunkowa lekarza rodzinnego Maastricht","description":"","potentialAction":[{"@type":"SearchAction","target":{"@type":"EntryPoint","urlTemplate":"https:\/\/hapmaastricht.nl\/pl\/?s={search_term_string}"},"query-input":{"@type":"PropertyValueSpecification","valueRequired":true,"valueName":"search_term_string"}}],"inLanguage":"pl-PL"}]}},"_links":{"self":[{"href":"https:\/\/hapmaastricht.nl\/pl\/wp-json\/wp\/v2\/pages\/2143","targetHints":{"allow":["GET"]}}],"collection":[{"href":"https:\/\/hapmaastricht.nl\/pl\/wp-json\/wp\/v2\/pages"}],"about":[{"href":"https:\/\/hapmaastricht.nl\/pl\/wp-json\/wp\/v2\/types\/page"}],"author":[{"embeddable":true,"href":"https:\/\/hapmaastricht.nl\/pl\/wp-json\/wp\/v2\/users\/3"}],"replies":[{"embeddable":true,"href":"https:\/\/hapmaastricht.nl\/pl\/wp-json\/wp\/v2\/comments?post=2143"}],"version-history":[{"count":6,"href":"https:\/\/hapmaastricht.nl\/pl\/wp-json\/wp\/v2\/pages\/2143\/revisions"}],"predecessor-version":[{"id":9276,"href":"https:\/\/hapmaastricht.nl\/pl\/wp-json\/wp\/v2\/pages\/2143\/revisions\/9276"}],"wp:attachment":[{"href":"https:\/\/hapmaastricht.nl\/pl\/wp-json\/wp\/v2\/media?parent=2143"}],"curies":[{"name":"wp","href":"https:\/\/api.w.org\/{rel}","templated":true}]}}