{"id":2494,"date":"2023-05-23T14:46:33","date_gmt":"2023-05-23T12:46:33","guid":{"rendered":"https:\/\/multisite.mindd.dev\/hap-maastricht\/?page_id=2494"},"modified":"2025-07-10T09:54:09","modified_gmt":"2025-07-10T07:54:09","slug":"wspolpraca-envida","status":"publish","type":"page","link":"https:\/\/hapmaastricht.nl\/pl\/wspolpraca-envida\/","title":{"rendered":"Wsp\u00f3\u0142praca z Envida"},"content":{"rendered":"\n\n\n<p>Od pocz\u0105tku czerwca 2019 r. w naszej Stacji Ratunkowej Lekarzy Rodzinnych stacjonuj\u0105 pracownicy firmy Envida Wijkzorg, odpowiedzialni za nocn\u0105 opiek\u0119 nad osobami starszymi. Dzi\u0119ki po\u0142\u0105czeniu us\u0142ug obu podmiot\u00f3w \u015bwiadcz\u0105cych us\u0142ugi opieku\u0144cze pod jednym dachem w nocy, mo\u017cliwa jest szybka koordynacja, a osoby starsze znajduj\u0105ce si\u0119 w trudnej sytuacji otrzymaj\u0105 odpowiedni\u0105 opiek\u0119 we w\u0142a\u015bciwym miejscu.<\/p>\n\n\n\n<p>Centrum telefoniczne Punktu Ratunkowego Lekarzy Rodzinnych otrzymuje pro\u015bby o pomoc dla obu \u015bwiadczeniodawc\u00f3w. W razie potrzeby pracownicy firmy Envida i Stacji Ratunkowej Lekarza Rodzinnego konsultuj\u0105 si\u0119 ze sob\u0105 w sprawie podej\u015bcia i post\u0119powania z pro\u015bb\u0105 o pomoc. Metoda ta zapewnia bardziej efektywne podej\u015bcie do opieki, zapobiega niepotrzebnemu przyjmowaniu do szpitala oraz umo\u017cliwia wymian\u0119 wiedzy i umiej\u0119tno\u015bci mi\u0119dzy obiema stronami. Je\u015bli sytuacja tego wymaga, pomoc mo\u017ce zosta\u0107 zwi\u0119kszona, a pacjent mo\u017ce zosta\u0107 skierowany do szpitala.<\/p>\n","protected":false},"excerpt":{"rendered":"<p>Od pocz\u0105tku czerwca 2019 r. pracownicy Envida Wijkzorg, odpowiedzialni za ostr\u0105 opiek\u0119 nocn\u0105 dla os\u00f3b starszych, stacjonuj\u0105 w naszym Poczcie Pogotowo\u015bci Og\u00f3lnej Praktyki Og\u00f3lnej. Dzi\u0119ki po\u0142\u0105czeniu us\u0142ug obu opiekun\u00f3w pod jednym dachem w nocy mo\u017cliwa jest szybka, wzajemna koordynacja, a osoby starsze w trudnej sytuacji otrzymaj\u0105 odpowiedni\u0105 opiek\u0119 we w\u0142a\u015bciwym miejscu. Centrum telefoniczne Posterunku Ratunkowego Og\u00f3lnej Praktyki otrzymuje pro\u015bby o pomoc dla obu pracownik\u00f3w s\u0142u\u017cby zdrowia. W razie potrzeby pracownicy Envida i Posterunku Ratunkowego Praktyki Og\u00f3lnej skonsultuj\u0105 si\u0119 nawzajem w sprawie podej\u015bcia i rozpatrzenia wniosku o pomoc. Ta metoda zapewnia bardziej efektywne podej\u015bcie do opieki, zapobiega niepotrzebnemu w\u0142\u0105czeniu do [&#8230;]<\/p>\n","protected":false},"author":3,"featured_media":0,"parent":0,"menu_order":129,"comment_status":"closed","ping_status":"closed","template":"","meta":{"_acf_changed":false,"_trash_the_other_posts":false,"editor_notices":[],"footnotes":""},"class_list":["post-2494","page","type-page","status-publish","hentry"],"acf":[],"yoast_head":"<!-- This site is optimized with the Yoast SEO plugin v26.6 - https:\/\/yoast.com\/wordpress\/plugins\/seo\/ -->\n<title>Wsp\u00f3\u0142praca z Envida - Poczta ratunkowa lekarza rodzinnego Maastricht<\/title>\n<meta name=\"robots\" content=\"index, follow, max-snippet:-1, max-image-preview:large, max-video-preview:-1\" \/>\n<link rel=\"canonical\" href=\"https:\/\/hapmaastricht.nl\/pl\/cooperation-wspolpraca\/\" \/>\n<meta property=\"og:locale\" content=\"pl_PL\" \/>\n<meta property=\"og:type\" content=\"article\" \/>\n<meta property=\"og:title\" content=\"Wsp\u00f3\u0142praca z Envida - Poczta ratunkowa lekarza rodzinnego Maastricht\" \/>\n<meta property=\"og:description\" content=\"Od pocz\u0105tku czerwca 2019 r. pracownicy Envida Wijkzorg, odpowiedzialni za ostr\u0105 opiek\u0119 nocn\u0105 dla os\u00f3b starszych, stacjonuj\u0105 w naszym Poczcie Pogotowo\u015bci Og\u00f3lnej Praktyki Og\u00f3lnej. Dzi\u0119ki po\u0142\u0105czeniu us\u0142ug obu opiekun\u00f3w pod jednym dachem w nocy mo\u017cliwa jest szybka, wzajemna koordynacja, a osoby starsze w trudnej sytuacji otrzymaj\u0105 odpowiedni\u0105 opiek\u0119 we w\u0142a\u015bciwym miejscu. Centrum telefoniczne Posterunku Ratunkowego Og\u00f3lnej Praktyki otrzymuje pro\u015bby o pomoc dla obu pracownik\u00f3w s\u0142u\u017cby zdrowia. W razie potrzeby pracownicy Envida i Posterunku Ratunkowego Praktyki Og\u00f3lnej skonsultuj\u0105 si\u0119 nawzajem w sprawie podej\u015bcia i rozpatrzenia wniosku o pomoc. Ta metoda zapewnia bardziej efektywne podej\u015bcie do opieki, zapobiega niepotrzebnemu w\u0142\u0105czeniu do [...]\" \/>\n<meta property=\"og:url\" content=\"https:\/\/hapmaastricht.nl\/pl\/cooperation-wspolpraca\/\" \/>\n<meta property=\"og:site_name\" content=\"Poczta ratunkowa lekarza rodzinnego Maastricht\" \/>\n<meta property=\"article:modified_time\" content=\"2025-07-10T07:54:09+00:00\" \/>\n<meta name=\"twitter:card\" content=\"summary_large_image\" \/>\n<meta name=\"twitter:label1\" content=\"Szacowany czas czytania\" \/>\n\t<meta name=\"twitter:data1\" content=\"1 minuta\" \/>\n<script type=\"application\/ld+json\" class=\"yoast-schema-graph\">{\"@context\":\"https:\/\/schema.org\",\"@graph\":[{\"@type\":\"WebPage\",\"@id\":\"https:\/\/hapmaastricht.nl\/pl\/cooperation-wspolpraca\/\",\"url\":\"https:\/\/hapmaastricht.nl\/pl\/cooperation-wspolpraca\/\",\"name\":\"Wsp\u00f3\u0142praca z Envida - Poczta ratunkowa lekarza rodzinnego Maastricht\",\"isPartOf\":{\"@id\":\"https:\/\/hapmaastricht.nl\/pl\/#website\"},\"datePublished\":\"2023-05-23T12:46:33+00:00\",\"dateModified\":\"2025-07-10T07:54:09+00:00\",\"breadcrumb\":{\"@id\":\"https:\/\/hapmaastricht.nl\/pl\/cooperation-wspolpraca\/#breadcrumb\"},\"inLanguage\":\"pl-PL\",\"potentialAction\":[{\"@type\":\"ReadAction\",\"target\":[\"https:\/\/hapmaastricht.nl\/pl\/cooperation-wspolpraca\/\"]}]},{\"@type\":\"BreadcrumbList\",\"@id\":\"https:\/\/hapmaastricht.nl\/pl\/cooperation-wspolpraca\/#breadcrumb\",\"itemListElement\":[{\"@type\":\"ListItem\",\"position\":1,\"name\":\"Home\",\"item\":\"https:\/\/hapmaastricht.nl\/pl\/\"},{\"@type\":\"ListItem\",\"position\":2,\"name\":\"Wsp\u00f3\u0142praca Envida\"}]},{\"@type\":\"WebSite\",\"@id\":\"https:\/\/hapmaastricht.nl\/pl\/#website\",\"url\":\"https:\/\/hapmaastricht.nl\/pl\/\",\"name\":\"Poczta ratunkowa lekarza rodzinnego Maastricht\",\"description\":\"\",\"potentialAction\":[{\"@type\":\"SearchAction\",\"target\":{\"@type\":\"EntryPoint\",\"urlTemplate\":\"https:\/\/hapmaastricht.nl\/pl\/?s={search_term_string}\"},\"query-input\":{\"@type\":\"PropertyValueSpecification\",\"valueRequired\":true,\"valueName\":\"search_term_string\"}}],\"inLanguage\":\"pl-PL\"}]}<\/script>\n<!-- \/ Yoast SEO plugin. -->","yoast_head_json":{"title":"Wsp\u00f3\u0142praca z Envida - Poczta ratunkowa lekarza rodzinnego Maastricht","robots":{"index":"index","follow":"follow","max-snippet":"max-snippet:-1","max-image-preview":"max-image-preview:large","max-video-preview":"max-video-preview:-1"},"canonical":"https:\/\/hapmaastricht.nl\/pl\/cooperation-wspolpraca\/","og_locale":"pl_PL","og_type":"article","og_title":"Wsp\u00f3\u0142praca z Envida - Poczta ratunkowa lekarza rodzinnego Maastricht","og_description":"Od pocz\u0105tku czerwca 2019 r. pracownicy Envida Wijkzorg, odpowiedzialni za ostr\u0105 opiek\u0119 nocn\u0105 dla os\u00f3b starszych, stacjonuj\u0105 w naszym Poczcie Pogotowo\u015bci Og\u00f3lnej Praktyki Og\u00f3lnej. Dzi\u0119ki po\u0142\u0105czeniu us\u0142ug obu opiekun\u00f3w pod jednym dachem w nocy mo\u017cliwa jest szybka, wzajemna koordynacja, a osoby starsze w trudnej sytuacji otrzymaj\u0105 odpowiedni\u0105 opiek\u0119 we w\u0142a\u015bciwym miejscu. Centrum telefoniczne Posterunku Ratunkowego Og\u00f3lnej Praktyki otrzymuje pro\u015bby o pomoc dla obu pracownik\u00f3w s\u0142u\u017cby zdrowia. W razie potrzeby pracownicy Envida i Posterunku Ratunkowego Praktyki Og\u00f3lnej skonsultuj\u0105 si\u0119 nawzajem w sprawie podej\u015bcia i rozpatrzenia wniosku o pomoc. Ta metoda zapewnia bardziej efektywne podej\u015bcie do opieki, zapobiega niepotrzebnemu w\u0142\u0105czeniu do [...]","og_url":"https:\/\/hapmaastricht.nl\/pl\/cooperation-wspolpraca\/","og_site_name":"Poczta ratunkowa lekarza rodzinnego Maastricht","article_modified_time":"2025-07-10T07:54:09+00:00","twitter_card":"summary_large_image","twitter_misc":{"Szacowany czas czytania":"1 minuta"},"schema":{"@context":"https:\/\/schema.org","@graph":[{"@type":"WebPage","@id":"https:\/\/hapmaastricht.nl\/pl\/cooperation-wspolpraca\/","url":"https:\/\/hapmaastricht.nl\/pl\/cooperation-wspolpraca\/","name":"Wsp\u00f3\u0142praca z Envida - Poczta ratunkowa lekarza rodzinnego Maastricht","isPartOf":{"@id":"https:\/\/hapmaastricht.nl\/pl\/#website"},"datePublished":"2023-05-23T12:46:33+00:00","dateModified":"2025-07-10T07:54:09+00:00","breadcrumb":{"@id":"https:\/\/hapmaastricht.nl\/pl\/cooperation-wspolpraca\/#breadcrumb"},"inLanguage":"pl-PL","potentialAction":[{"@type":"ReadAction","target":["https:\/\/hapmaastricht.nl\/pl\/cooperation-wspolpraca\/"]}]},{"@type":"BreadcrumbList","@id":"https:\/\/hapmaastricht.nl\/pl\/cooperation-wspolpraca\/#breadcrumb","itemListElement":[{"@type":"ListItem","position":1,"name":"Home","item":"https:\/\/hapmaastricht.nl\/pl\/"},{"@type":"ListItem","position":2,"name":"Wsp\u00f3\u0142praca Envida"}]},{"@type":"WebSite","@id":"https:\/\/hapmaastricht.nl\/pl\/#website","url":"https:\/\/hapmaastricht.nl\/pl\/","name":"Poczta ratunkowa lekarza rodzinnego Maastricht","description":"","potentialAction":[{"@type":"SearchAction","target":{"@type":"EntryPoint","urlTemplate":"https:\/\/hapmaastricht.nl\/pl\/?s={search_term_string}"},"query-input":{"@type":"PropertyValueSpecification","valueRequired":true,"valueName":"search_term_string"}}],"inLanguage":"pl-PL"}]}},"_links":{"self":[{"href":"https:\/\/hapmaastricht.nl\/pl\/wp-json\/wp\/v2\/pages\/2494","targetHints":{"allow":["GET"]}}],"collection":[{"href":"https:\/\/hapmaastricht.nl\/pl\/wp-json\/wp\/v2\/pages"}],"about":[{"href":"https:\/\/hapmaastricht.nl\/pl\/wp-json\/wp\/v2\/types\/page"}],"author":[{"embeddable":true,"href":"https:\/\/hapmaastricht.nl\/pl\/wp-json\/wp\/v2\/users\/3"}],"replies":[{"embeddable":true,"href":"https:\/\/hapmaastricht.nl\/pl\/wp-json\/wp\/v2\/comments?post=2494"}],"version-history":[{"count":1,"href":"https:\/\/hapmaastricht.nl\/pl\/wp-json\/wp\/v2\/pages\/2494\/revisions"}],"predecessor-version":[{"id":9197,"href":"https:\/\/hapmaastricht.nl\/pl\/wp-json\/wp\/v2\/pages\/2494\/revisions\/9197"}],"wp:attachment":[{"href":"https:\/\/hapmaastricht.nl\/pl\/wp-json\/wp\/v2\/media?parent=2494"}],"curies":[{"name":"wp","href":"https:\/\/api.w.org\/{rel}","templated":true}]}}