{"id":2566,"date":"2023-05-31T16:50:19","date_gmt":"2023-05-31T14:50:19","guid":{"rendered":"https:\/\/multisite.mindd.dev\/hap-maastricht\/?page_id=2566"},"modified":"2025-07-10T09:54:06","modified_gmt":"2025-07-10T07:54:06","slug":"wizja-ambicja","status":"publish","type":"page","link":"https:\/\/hapmaastricht.nl\/pl\/wizja-ambicja\/","title":{"rendered":"Wizja i ambicja"},"content":{"rendered":"\n\n\n<h2 class=\"wp-block-heading\">Widzenie<\/h2>\n\n\n\n<p>Fundacja HMH pragnie zapewni\u0107 dobr\u0105 opiek\u0119 pacjentom w regionie i dlatego u\u0142atwia prac\u0119 lekarzy rodzinnych w taki spos\u00f3b, aby wysokiej jako\u015bci, skuteczna i bezpieczna opieka lekarza rodzinnego w nag\u0142ych wypadkach by\u0142a \u015bwiadczona przez Punkt Ratunkowy Lekarzy Rodzinnych. Dobre zarz\u0105dzanie i nadz\u00f3r s\u0105 wa\u017cnymi warunkami dobrej opieki. W zwi\u0105zku z tym Rada Nadzorcza i kadra zarz\u0105dzaj\u0105ca pracuj\u0105 zgodnie z zasadami ustanowionego w kraju Kodeksu Zarz\u0105dzania Ochron\u0105 Zdrowia. SHMH realizuje swoj\u0105 polityk\u0119 w oparciu o wewn\u0119trzn\u0105 motywacj\u0119 profesjonalisty. Wraz z partnerami \u0142a\u0144cuchowymi dba o to, aby opieka nad pacjentem odbywa\u0142a si\u0119 bezpiecznie we w\u0142a\u015bciwym miejscu, we w\u0142a\u015bciwym czasie i przez w\u0142a\u015bciwego dostawc\u0119 opieki zdrowotnej.<\/p>\n\n\n\n<h2 class=\"wp-block-heading\">Ambicja<\/h2>\n\n\n\n<p>W opiece zdrowotnej wyst\u0119puj\u0105 w\u0105skie gard\u0142a na r\u00f3\u017cnych frontach i to jest niepokoj\u0105ce. W intensywnej terapii od jakiego\u015b czasu bij\u0105 dzwonki alarmowe i widoczne staj\u0105 si\u0119 w\u0105skie gard\u0142a. Spo\u0142ecze\u0144stwo w coraz wi\u0119kszym stopniu podejmuje (dotkliw\u0105) opiek\u0119, a interesariusze, zar\u00f3wno wewn\u0105trz, jak i na zewn\u0105trz organizacji, poruszaj\u0105 si\u0119 na sw\u00f3j spos\u00f3b. Prowadzi to do podatno\u015bci organizacji opieki zdrowotnej na zagro\u017cenia ze wszystkimi tego konsekwencjami. Odpowiednie zareagowanie na to jest nie lada wyzwaniem.<\/p>\n\n\n\n<p>Wsp\u00f3\u0142praca w ramach sieci intensywnej terapii jest niezb\u0119dna, aby nadal zapewnia\u0107 i utrzymywa\u0107 dobr\u0105, wydajn\u0105 i skuteczn\u0105 opiek\u0119 w regionie. Wsp\u00f3lna opieka jest niezb\u0119dna, aby poradzi\u0107 sobie z gor\u0105czkowym tempem codziennego \u017cycia. Pomy\u015bl o du\u017cej presji w pracy, wzro\u015bcie z\u0142o\u017conych problem\u00f3w w\u015br\u00f3d os\u00f3b podatnych na zagro\u017cenia, zmienionych przepisach oraz ograniczeniach zasob\u00f3w i si\u0142y roboczej. W szczeg\u00f3lno\u015bci rekrutacja i utrzymanie zmotywowanego personelu medycznego w regionie wymaga pracy zespo\u0142owej; Konkurencja jest przy tym szkodliwa.<\/p>\n\n\n\n<p>Nasz\u0105 ambicj\u0105 jest dalsze zapewnianie dobrej opieki i odpowiednie reagowanie na zmiany, kt\u00f3re maj\u0105 wp\u0142yw na opiek\u0119 lekarzy rodzinnych w nag\u0142ych przypadkach.<\/p>\n\n\n\n<p>Nasz\u0105 ambicj\u0105 jest utrzymanie i wzmocnienie zaufania u\u017cytkownik\u00f3w i pacjent\u00f3w do Stacji Ratunkowej Lekarzy Rodzinnych w Maastricht i Heuvelland.<\/p>\n\n\n\n<p>Nasz\u0105 ambicj\u0105 jest utrzymanie i wzmocnienie entuzjazmu i pasji zaanga\u017cowanych pracownik\u00f3w s\u0142u\u017cby zdrowia.<\/p>\n\n\n\n<p>Nasz\u0105 ambicj\u0105 jest, aby Stacja Pomocy Lekarskiej sta\u0142a si\u0119 rozpoznawaln\u0105 cz\u0119\u015bci\u0105 regionalnej opieki lekarza rodzinnego i regionalnej sieci \u015bwiadczeniodawc\u00f3w.<\/p>\n\n\n\n<p>Pos\u0142ugujemy si\u0119 has\u0142em &#8222;<em>Troska razem to nasze DNA&#8221;<\/em>, aby wskaza\u0107 nasz kierunek. Pytanie &#8222;Dlaczego?&#8221; b\u0119dzie musia\u0142o by\u0107 zadawane coraz cz\u0119\u015bciej. Dlaczego robimy to w ten spos\u00f3b, dlaczego nie inaczej, dlaczego nie razem? Powinni\u015bmy te\u017c cz\u0119\u015bciej zadawa\u0107 sobie pytanie: &#8222;W co wierzymy \u2013 razem. Tylko w ten spos\u00f3b mo\u017cemy wsp\u00f3lnie zapewni\u0107, \u017ce pacjentom w naszym regionie zostanie zapewniona najbardziej optymalna opieka we w\u0142a\u015bciwym miejscu, we w\u0142a\u015bciwym czasie i przez w\u0142a\u015bciwego \u015bwiadczeniodawc\u0119.<\/p>\n","protected":false},"excerpt":{"rendered":"<p>Wizja Fundacja HMH chce zapewni\u0107 dobr\u0105 opiek\u0119 pacjentom w regionie, a zatem u\u0142atwia lekarzom rodzinnym w taki spos\u00f3b, aby wysokiej jako\u015bci, wydajna i bezpieczna opieka og\u00f3lna by\u0142a \u015bwiadczona przez Punkt Ratunkowy Lekarza Og\u00f3lnego. Dobra administracja i nadz\u00f3r s\u0105 wa\u017cnymi warunkami dobrej opieki. Dlatego Rada Nadzorcza i Rada Dyrektor\u00f3w dzia\u0142aj\u0105 zgodnie z zasadami ustanowionego w kraju Kodeksu Zarz\u0105dzania Opiek\u0105 Zdrowia. SHMH realizuje swoj\u0105 polityk\u0119 w oparciu o wewn\u0119trzn\u0105 motywacj\u0119 profesjonalisty. Wraz z partnerami sieci zapewnia, \u017ce opieka nad pacjentem odbywa si\u0119 bezpiecznie we w\u0142a\u015bciwym miejscu, we w\u0142a\u015bciwym czasie i przez odpowiedniego lekarza. Ambicja na r\u00f3\u017cnych frontach [&#8230;]<\/p>\n","protected":false},"author":3,"featured_media":0,"parent":0,"menu_order":186,"comment_status":"closed","ping_status":"closed","template":"","meta":{"_acf_changed":false,"_trash_the_other_posts":false,"editor_notices":[],"footnotes":""},"class_list":["post-2566","page","type-page","status-publish","hentry"],"acf":[],"yoast_head":"<!-- This site is optimized with the Yoast SEO plugin v26.6 - https:\/\/yoast.com\/wordpress\/plugins\/seo\/ -->\n<title>Wizja i ambicja - Poczta ratunkowa lekarza rodzinnego Maastricht<\/title>\n<meta name=\"robots\" content=\"index, follow, max-snippet:-1, max-image-preview:large, max-video-preview:-1\" \/>\n<link rel=\"canonical\" href=\"https:\/\/hapmaastricht.nl\/pl\/ambicja-wizji\/\" \/>\n<meta property=\"og:locale\" content=\"pl_PL\" \/>\n<meta property=\"og:type\" content=\"article\" \/>\n<meta property=\"og:title\" content=\"Wizja i ambicja - Poczta ratunkowa lekarza rodzinnego Maastricht\" \/>\n<meta property=\"og:description\" content=\"Wizja Fundacja HMH chce zapewni\u0107 dobr\u0105 opiek\u0119 pacjentom w regionie, a zatem u\u0142atwia lekarzom rodzinnym w taki spos\u00f3b, aby wysokiej jako\u015bci, wydajna i bezpieczna opieka og\u00f3lna by\u0142a \u015bwiadczona przez Punkt Ratunkowy Lekarza Og\u00f3lnego. Dobra administracja i nadz\u00f3r s\u0105 wa\u017cnymi warunkami dobrej opieki. Dlatego Rada Nadzorcza i Rada Dyrektor\u00f3w dzia\u0142aj\u0105 zgodnie z zasadami ustanowionego w kraju Kodeksu Zarz\u0105dzania Opiek\u0105 Zdrowia. SHMH realizuje swoj\u0105 polityk\u0119 w oparciu o wewn\u0119trzn\u0105 motywacj\u0119 profesjonalisty. Wraz z partnerami sieci zapewnia, \u017ce opieka nad pacjentem odbywa si\u0119 bezpiecznie we w\u0142a\u015bciwym miejscu, we w\u0142a\u015bciwym czasie i przez odpowiedniego lekarza. Ambicja na r\u00f3\u017cnych frontach [...]\" \/>\n<meta property=\"og:url\" content=\"https:\/\/hapmaastricht.nl\/pl\/ambicja-wizji\/\" \/>\n<meta property=\"og:site_name\" content=\"Poczta ratunkowa lekarza rodzinnego Maastricht\" \/>\n<meta property=\"article:modified_time\" content=\"2025-07-10T07:54:06+00:00\" \/>\n<meta name=\"twitter:card\" content=\"summary_large_image\" \/>\n<meta name=\"twitter:label1\" content=\"Szacowany czas czytania\" \/>\n\t<meta name=\"twitter:data1\" content=\"3 minuty\" \/>\n<script type=\"application\/ld+json\" class=\"yoast-schema-graph\">{\"@context\":\"https:\/\/schema.org\",\"@graph\":[{\"@type\":\"WebPage\",\"@id\":\"https:\/\/hapmaastricht.nl\/pl\/ambicja-wizji\/\",\"url\":\"https:\/\/hapmaastricht.nl\/pl\/ambicja-wizji\/\",\"name\":\"Wizja i ambicja - Poczta ratunkowa lekarza rodzinnego Maastricht\",\"isPartOf\":{\"@id\":\"https:\/\/hapmaastricht.nl\/pl\/#website\"},\"datePublished\":\"2023-05-31T14:50:19+00:00\",\"dateModified\":\"2025-07-10T07:54:06+00:00\",\"breadcrumb\":{\"@id\":\"https:\/\/hapmaastricht.nl\/pl\/ambicja-wizji\/#breadcrumb\"},\"inLanguage\":\"pl-PL\",\"potentialAction\":[{\"@type\":\"ReadAction\",\"target\":[\"https:\/\/hapmaastricht.nl\/pl\/ambicja-wizji\/\"]}]},{\"@type\":\"BreadcrumbList\",\"@id\":\"https:\/\/hapmaastricht.nl\/pl\/ambicja-wizji\/#breadcrumb\",\"itemListElement\":[{\"@type\":\"ListItem\",\"position\":1,\"name\":\"Home\",\"item\":\"https:\/\/hapmaastricht.nl\/pl\/\"},{\"@type\":\"ListItem\",\"position\":2,\"name\":\"Wizja i ambicja\"}]},{\"@type\":\"WebSite\",\"@id\":\"https:\/\/hapmaastricht.nl\/pl\/#website\",\"url\":\"https:\/\/hapmaastricht.nl\/pl\/\",\"name\":\"Poczta ratunkowa lekarza rodzinnego Maastricht\",\"description\":\"\",\"potentialAction\":[{\"@type\":\"SearchAction\",\"target\":{\"@type\":\"EntryPoint\",\"urlTemplate\":\"https:\/\/hapmaastricht.nl\/pl\/?s={search_term_string}\"},\"query-input\":{\"@type\":\"PropertyValueSpecification\",\"valueRequired\":true,\"valueName\":\"search_term_string\"}}],\"inLanguage\":\"pl-PL\"}]}<\/script>\n<!-- \/ Yoast SEO plugin. -->","yoast_head_json":{"title":"Wizja i ambicja - Poczta ratunkowa lekarza rodzinnego Maastricht","robots":{"index":"index","follow":"follow","max-snippet":"max-snippet:-1","max-image-preview":"max-image-preview:large","max-video-preview":"max-video-preview:-1"},"canonical":"https:\/\/hapmaastricht.nl\/pl\/ambicja-wizji\/","og_locale":"pl_PL","og_type":"article","og_title":"Wizja i ambicja - Poczta ratunkowa lekarza rodzinnego Maastricht","og_description":"Wizja Fundacja HMH chce zapewni\u0107 dobr\u0105 opiek\u0119 pacjentom w regionie, a zatem u\u0142atwia lekarzom rodzinnym w taki spos\u00f3b, aby wysokiej jako\u015bci, wydajna i bezpieczna opieka og\u00f3lna by\u0142a \u015bwiadczona przez Punkt Ratunkowy Lekarza Og\u00f3lnego. Dobra administracja i nadz\u00f3r s\u0105 wa\u017cnymi warunkami dobrej opieki. Dlatego Rada Nadzorcza i Rada Dyrektor\u00f3w dzia\u0142aj\u0105 zgodnie z zasadami ustanowionego w kraju Kodeksu Zarz\u0105dzania Opiek\u0105 Zdrowia. SHMH realizuje swoj\u0105 polityk\u0119 w oparciu o wewn\u0119trzn\u0105 motywacj\u0119 profesjonalisty. Wraz z partnerami sieci zapewnia, \u017ce opieka nad pacjentem odbywa si\u0119 bezpiecznie we w\u0142a\u015bciwym miejscu, we w\u0142a\u015bciwym czasie i przez odpowiedniego lekarza. Ambicja na r\u00f3\u017cnych frontach [...]","og_url":"https:\/\/hapmaastricht.nl\/pl\/ambicja-wizji\/","og_site_name":"Poczta ratunkowa lekarza rodzinnego Maastricht","article_modified_time":"2025-07-10T07:54:06+00:00","twitter_card":"summary_large_image","twitter_misc":{"Szacowany czas czytania":"3 minuty"},"schema":{"@context":"https:\/\/schema.org","@graph":[{"@type":"WebPage","@id":"https:\/\/hapmaastricht.nl\/pl\/ambicja-wizji\/","url":"https:\/\/hapmaastricht.nl\/pl\/ambicja-wizji\/","name":"Wizja i ambicja - Poczta ratunkowa lekarza rodzinnego Maastricht","isPartOf":{"@id":"https:\/\/hapmaastricht.nl\/pl\/#website"},"datePublished":"2023-05-31T14:50:19+00:00","dateModified":"2025-07-10T07:54:06+00:00","breadcrumb":{"@id":"https:\/\/hapmaastricht.nl\/pl\/ambicja-wizji\/#breadcrumb"},"inLanguage":"pl-PL","potentialAction":[{"@type":"ReadAction","target":["https:\/\/hapmaastricht.nl\/pl\/ambicja-wizji\/"]}]},{"@type":"BreadcrumbList","@id":"https:\/\/hapmaastricht.nl\/pl\/ambicja-wizji\/#breadcrumb","itemListElement":[{"@type":"ListItem","position":1,"name":"Home","item":"https:\/\/hapmaastricht.nl\/pl\/"},{"@type":"ListItem","position":2,"name":"Wizja i ambicja"}]},{"@type":"WebSite","@id":"https:\/\/hapmaastricht.nl\/pl\/#website","url":"https:\/\/hapmaastricht.nl\/pl\/","name":"Poczta ratunkowa lekarza rodzinnego Maastricht","description":"","potentialAction":[{"@type":"SearchAction","target":{"@type":"EntryPoint","urlTemplate":"https:\/\/hapmaastricht.nl\/pl\/?s={search_term_string}"},"query-input":{"@type":"PropertyValueSpecification","valueRequired":true,"valueName":"search_term_string"}}],"inLanguage":"pl-PL"}]}},"_links":{"self":[{"href":"https:\/\/hapmaastricht.nl\/pl\/wp-json\/wp\/v2\/pages\/2566","targetHints":{"allow":["GET"]}}],"collection":[{"href":"https:\/\/hapmaastricht.nl\/pl\/wp-json\/wp\/v2\/pages"}],"about":[{"href":"https:\/\/hapmaastricht.nl\/pl\/wp-json\/wp\/v2\/types\/page"}],"author":[{"embeddable":true,"href":"https:\/\/hapmaastricht.nl\/pl\/wp-json\/wp\/v2\/users\/3"}],"replies":[{"embeddable":true,"href":"https:\/\/hapmaastricht.nl\/pl\/wp-json\/wp\/v2\/comments?post=2566"}],"version-history":[{"count":1,"href":"https:\/\/hapmaastricht.nl\/pl\/wp-json\/wp\/v2\/pages\/2566\/revisions"}],"predecessor-version":[{"id":9196,"href":"https:\/\/hapmaastricht.nl\/pl\/wp-json\/wp\/v2\/pages\/2566\/revisions\/9196"}],"wp:attachment":[{"href":"https:\/\/hapmaastricht.nl\/pl\/wp-json\/wp\/v2\/media?parent=2566"}],"curies":[{"name":"wp","href":"https:\/\/api.w.org\/{rel}","templated":true}]}}